{"id":14690,"date":"2023-06-10T14:51:05","date_gmt":"2023-06-10T11:51:05","guid":{"rendered":"https:\/\/fluterm.eu\/prod\/colector-de-calefaccion-por-suelo-radiante-con-paquete-de-bomba-y-valvulas-bomba-ibo-amg-a-7-circuitos\/"},"modified":"2023-06-10T14:51:05","modified_gmt":"2023-06-10T11:51:05","slug":"calefaccion-por-suelo-radiante-manifold-con-bomba-valvulas-ibo-amg-a-bomba-7-puertos","status":"publish","type":"product","link":"https:\/\/fluterm.eu\/es\/prod\/calefaccion-por-suelo-radiante-manifold-con-bomba-valvulas-ibo-amg-a-bomba-7-puertos\/","title":{"rendered":"Colector de calefacci\u00f3n por suelo radiante con paquete de bomba y v\u00e1lvulas &#8211; Bomba ibo amg A &#8211; 7 circuitos"},"content":{"rendered":"<h1>Colector de calefacci\u00f3n por suelo radiante con paquete de bomba y v\u00e1lvulas &#8211; bomba bio amg A Rated -7 puertos<\/h1>\n<p><strong>\u00bfQu\u00e9 incluyen nuestros paquetes de bomba y colector?<\/strong><\/p>\n<p>Colectores de calefacci\u00f3n por suelo radiante viene con:<\/p>\n<p>\u00abA\u00bb Paquete de bomba ibo nominal.<\/p>\n<p>Art\u00edculos incluidos:<\/p>\n<p>1 x colector premontado con caudal\u00edmetros<\/p>\n<p>1 x respiradero final<\/p>\n<p>1 man\u00f3metro<\/p>\n<p>2 v\u00e1lvulas de bola<\/p>\n<p>2 x man\u00f3metros (instalados en v\u00e1lvulas de bola)<\/p>\n<p>1 x caja met\u00e1lica<\/p>\n<p>Eurocones 16\/17 14 piezas<\/p>\n<p>Estaci\u00f3n de bombeo (v\u00e1lvula de mezcla)<\/p>\n<p>Se suministra en un soporte premontado.<\/p>\n<p>CMax presi\u00f3n de trabajo 3 bar presi\u00f3n m\u00e1xima de prueba 10 bar.<\/p>\n<p>Rango de temperatura: 35C &#8211; 65CMPresi\u00f3n m\u00e1xima de trabajo:<\/p>\n<p>Nuestros colectores son para uso en sistemas de calefacci\u00f3n por suelo radiante de agua.<\/p>\n<p>Constan de dos barras colectoras, una para la ida y otra para el retorno, con v\u00e1lvulas de bola, v\u00e1lvulas de vaciado\/llenado y purgador de aire. En la barra de caudal, cada puerto dispone de un indicador de caudal de alto rendimiento, con aislador que incluye un vidrio indicador de f\u00e1cil lectura.<\/p>\n<p>Cada puerto de la barra de retorno est\u00e1 equipado con una v\u00e1lvula de control integral y una tapa de protecci\u00f3n que permite al usuario ajustar el volumen de agua o puede retirarse para aceptar un cabezal termoel\u00e9ctrico m\u00faltiple.<\/p>\n<p>&nbsp;<\/p>\n<p><strong>Dimensiones del colector:<\/strong><\/p>\n<p>A\u00f1ada 150 mm a la longitud cuando la bomba y el mezclador est\u00e9n instalados.<\/p>\n<p>Consulte la imagen 12 para ver la clave.<\/p>\n<p>A B C D E<\/p>\n<p>Kit de colector UFH de 2 circuitos 320 mm 210 mm 50 mm 276 mm 90 mm<\/p>\n<p>Kit de colector UFH de 3 circuitos 320mm 210mm 50mm 326mm 90mm<\/p>\n<p>Kit de colector UFH de 4 circuitos 320mm 210mm 50mm 376mm 90mm<\/p>\n<p>Kit de colector UFH de 5 circuitos 320 mm 210 mm 50 mm 426 mm 90 mm<\/p>\n<p>Kit de colector UFH de 6 circuitos 320 mm 210 mm 50 mm 476 mm 90 mm<\/p>\n<p>Kit de colector UFH de 7 circuitos 320 mm 210 mm 50 mm 526 mm 90 mm<\/p>\n<p>Kit de colector UFH de 8 circuitos 320mm 210mm 50mm 576mm 90mm<\/p>\n<p>Kit de colector UFH de 9 circuitos 320mm 210mm 50mm 626mm 90mm<\/p>\n<p>Kit de colector UFH de 10 circuitos 320 mm 210 mm 50 mm 676 mm 90 mm<\/p>\n<p>Kit de colector UFH de 11 circuitos 320 mm 210 mm 50 mm 726 mm 90 mm<\/p>\n<p>Kit de colector UFH de 12 circuitos 320 mm 210 mm 50 mm 776 mm 90 mm<\/p>\n<p>&nbsp;<\/p>\n<p><strong>Calefacci\u00f3n por suelo radiante:<\/strong><\/p>\n<p>El sitio de calefacci\u00f3n por suelo radiante es uno de los principales proveedores de calefacci\u00f3n por suelo radiante del Reino Unido, respaldado por proveedores l\u00edderes de la industria con a\u00f1os de conocimiento en la industria de la calefacci\u00f3n por suelo radiante. Nos dedicamos a suministrar productos de calefacci\u00f3n por suelo radiante de la mejor calidad a precios asequibles, respaldados por un servicio de atenci\u00f3n al cliente y asesoramiento de primera clase. Tanto si s\u00f3lo est\u00e1 alicatando un peque\u00f1o cuarto de ba\u00f1o como si busca un sistema completo de calefacci\u00f3n dom\u00e9stica, estamos seguros de que tenemos el sistema adecuado para usted.<\/p>\n<p>Nuestra gama incluye kits de calefacci\u00f3n por suelo radiante de agua o simplemente el colector de calefacci\u00f3n por suelo radiante, tuber\u00eda de calefacci\u00f3n por suelo radiante, alfombra de suelo radiante, cable libre, aislamiento, almohadillas antivaho espejo, adem\u00e1s de muchos productos.<\/p>\n","protected":false},"excerpt":{"rendered":"<p>Colector de calefacci\u00f3n por suelo radiante con paquete de bomba y v\u00e1lvulas &#8211; bomba bio amg A Rated -7 puertos \u00bfQu\u00e9 incluyen nuestros paquetes de bomba y colector? Colectores de calefacci\u00f3n por suelo radiante viene con: \u00abA\u00bb Paquete de bomba ibo nominal. Art\u00edculos incluidos: 1 x colector premontado con caudal\u00edmetros 1 x respiradero final 1&hellip;<\/p>\n","protected":false},"featured_media":3148,"comment_status":"open","ping_status":"closed","template":"","meta":[],"product_cat":[813],"product_tag":[],"class_list":{"0":"post-14690","1":"product","2":"type-product","3":"status-publish","4":"has-post-thumbnail","6":"product_cat-distribuidores-de-calefaccion-por-suelo-radiante","8":"first","9":"instock","10":"taxable","11":"shipping-taxable","12":"purchasable","13":"product-type-simple","14":"col-xs-6 col-sm-4","15":"col-md-4 col-lg-4","16":"un-3-cols"},"acf":[],"yoast_head":"<!-- This site is optimized with the Yoast SEO plugin v21.2 - https:\/\/yoast.com\/wordpress\/plugins\/seo\/ -->\n<title>Colector de calefacci\u00f3n por suelo radiante con paquete de bomba y v\u00e1lvulas - Bomba ibo amg A - 7 circuitos<\/title>\n<meta name=\"description\" content=\"Order Colector de calefacci\u00f3n por suelo radiante con paquete de bomba y v\u00e1lvulas - Bomba ibo amg A - 7 circuitos at a best price.\" \/>\n<meta name=\"robots\" content=\"index, follow, max-snippet:-1, max-image-preview:large, max-video-preview:-1\" \/>\n<link rel=\"canonical\" href=\"https:\/\/fluterm.eu\/es\/prod\/colector-de-calefaccion-por-suelo-radiante-con-paquete-de-bomba-y-valvulas-bomba-ibo-amg-a-7-circuitos\/\" \/>\n<meta property=\"og:locale\" content=\"es_ES\" \/>\n<meta property=\"og:type\" content=\"article\" \/>\n<meta property=\"og:title\" content=\"Colector de calefacci\u00f3n por suelo radiante con paquete de bomba y v\u00e1lvulas - Bomba ibo amg A - 7 circuitos\" \/>\n<meta property=\"og:description\" content=\"Order Colector de calefacci\u00f3n por suelo radiante con paquete de bomba y v\u00e1lvulas - Bomba ibo amg A - 7 circuitos at a best price.\" \/>\n<meta property=\"og:url\" content=\"https:\/\/fluterm.eu\/es\/prod\/colector-de-calefaccion-por-suelo-radiante-con-paquete-de-bomba-y-valvulas-bomba-ibo-amg-a-7-circuitos\/\" \/>\n<meta property=\"og:site_name\" content=\"fluterm.eu\" \/>\n<meta property=\"og:image\" content=\"https:\/\/fluterm.eu\/wp-content\/uploads\/2023\/06\/PROD-89.jpeg\" \/>\n\t<meta property=\"og:image:width\" content=\"2000\" \/>\n\t<meta property=\"og:image:height\" content=\"2000\" \/>\n\t<meta property=\"og:image:type\" content=\"image\/jpeg\" \/>\n<meta name=\"twitter:card\" content=\"summary_large_image\" \/>\n<meta name=\"twitter:label1\" content=\"Tiempo de lectura\" \/>\n\t<meta name=\"twitter:data1\" content=\"3 minutos\" \/>\n<script type=\"application\/ld+json\" class=\"yoast-schema-graph\">{\"@context\":\"https:\/\/schema.org\",\"@graph\":[{\"@type\":\"WebPage\",\"@id\":\"https:\/\/fluterm.eu\/es\/prod\/colector-de-calefaccion-por-suelo-radiante-con-paquete-de-bomba-y-valvulas-bomba-ibo-amg-a-7-circuitos\/\",\"url\":\"https:\/\/fluterm.eu\/es\/prod\/colector-de-calefaccion-por-suelo-radiante-con-paquete-de-bomba-y-valvulas-bomba-ibo-amg-a-7-circuitos\/\",\"name\":\"Colector de calefacci\u00f3n por suelo radiante con paquete de bomba y v\u00e1lvulas - Bomba ibo amg A - 7 circuitos\",\"isPartOf\":{\"@id\":\"https:\/\/fluterm.eu\/#website\"},\"datePublished\":\"2023-06-10T11:51:05+00:00\",\"dateModified\":\"2023-06-10T11:51:05+00:00\",\"description\":\"Order Colector de calefacci\u00f3n por suelo radiante con paquete de bomba y v\u00e1lvulas - Bomba ibo amg A - 7 circuitos at a best price.\",\"breadcrumb\":{\"@id\":\"https:\/\/fluterm.eu\/es\/prod\/colector-de-calefaccion-por-suelo-radiante-con-paquete-de-bomba-y-valvulas-bomba-ibo-amg-a-7-circuitos\/#breadcrumb\"},\"inLanguage\":\"es\",\"potentialAction\":[{\"@type\":\"ReadAction\",\"target\":[\"https:\/\/fluterm.eu\/es\/prod\/colector-de-calefaccion-por-suelo-radiante-con-paquete-de-bomba-y-valvulas-bomba-ibo-amg-a-7-circuitos\/\"]}]},{\"@type\":\"BreadcrumbList\",\"@id\":\"https:\/\/fluterm.eu\/es\/prod\/colector-de-calefaccion-por-suelo-radiante-con-paquete-de-bomba-y-valvulas-bomba-ibo-amg-a-7-circuitos\/#breadcrumb\",\"itemListElement\":[{\"@type\":\"ListItem\",\"position\":1,\"name\":\"Home\",\"item\":\"https:\/\/fluterm.eu\/es\/tienda\/\"},{\"@type\":\"ListItem\",\"position\":2,\"name\":\"Tienda\",\"item\":\"https:\/\/fluterm.eu\/es\/tienda\/\"},{\"@type\":\"ListItem\",\"position\":3,\"name\":\"Colector de calefacci\u00f3n por suelo radiante con paquete de bomba y v\u00e1lvulas &#8211; Bomba ibo amg A &#8211; 7 circuitos\"}]},{\"@type\":\"WebSite\",\"@id\":\"https:\/\/fluterm.eu\/#website\",\"url\":\"https:\/\/fluterm.eu\/\",\"name\":\"fluterm.eu\",\"description\":\"\",\"potentialAction\":[{\"@type\":\"SearchAction\",\"target\":{\"@type\":\"EntryPoint\",\"urlTemplate\":\"https:\/\/fluterm.eu\/?s={search_term_string}\"},\"query-input\":\"required name=search_term_string\"}],\"inLanguage\":\"es\"}]}<\/script>\n<!-- \/ Yoast SEO plugin. -->","yoast_head_json":{"title":"Colector de calefacci\u00f3n por suelo radiante con paquete de bomba y v\u00e1lvulas - Bomba ibo amg A - 7 circuitos","description":"Order Colector de calefacci\u00f3n por suelo radiante con paquete de bomba y v\u00e1lvulas - Bomba ibo amg A - 7 circuitos at a best price.","robots":{"index":"index","follow":"follow","max-snippet":"max-snippet:-1","max-image-preview":"max-image-preview:large","max-video-preview":"max-video-preview:-1"},"canonical":"https:\/\/fluterm.eu\/es\/prod\/colector-de-calefaccion-por-suelo-radiante-con-paquete-de-bomba-y-valvulas-bomba-ibo-amg-a-7-circuitos\/","og_locale":"es_ES","og_type":"article","og_title":"Colector de calefacci\u00f3n por suelo radiante con paquete de bomba y v\u00e1lvulas - Bomba ibo amg A - 7 circuitos","og_description":"Order Colector de calefacci\u00f3n por suelo radiante con paquete de bomba y v\u00e1lvulas - Bomba ibo amg A - 7 circuitos at a best price.","og_url":"https:\/\/fluterm.eu\/es\/prod\/colector-de-calefaccion-por-suelo-radiante-con-paquete-de-bomba-y-valvulas-bomba-ibo-amg-a-7-circuitos\/","og_site_name":"fluterm.eu","og_image":[{"width":2000,"height":2000,"url":"https:\/\/fluterm.eu\/wp-content\/uploads\/2023\/06\/PROD-89.jpeg","type":"image\/jpeg"}],"twitter_card":"summary_large_image","twitter_misc":{"Tiempo de lectura":"3 minutos"},"schema":{"@context":"https:\/\/schema.org","@graph":[{"@type":"WebPage","@id":"https:\/\/fluterm.eu\/es\/prod\/colector-de-calefaccion-por-suelo-radiante-con-paquete-de-bomba-y-valvulas-bomba-ibo-amg-a-7-circuitos\/","url":"https:\/\/fluterm.eu\/es\/prod\/colector-de-calefaccion-por-suelo-radiante-con-paquete-de-bomba-y-valvulas-bomba-ibo-amg-a-7-circuitos\/","name":"Colector de calefacci\u00f3n por suelo radiante con paquete de bomba y v\u00e1lvulas - Bomba ibo amg A - 7 circuitos","isPartOf":{"@id":"https:\/\/fluterm.eu\/#website"},"datePublished":"2023-06-10T11:51:05+00:00","dateModified":"2023-06-10T11:51:05+00:00","description":"Order Colector de calefacci\u00f3n por suelo radiante con paquete de bomba y v\u00e1lvulas - Bomba ibo amg A - 7 circuitos at a best price.","breadcrumb":{"@id":"https:\/\/fluterm.eu\/es\/prod\/colector-de-calefaccion-por-suelo-radiante-con-paquete-de-bomba-y-valvulas-bomba-ibo-amg-a-7-circuitos\/#breadcrumb"},"inLanguage":"es","potentialAction":[{"@type":"ReadAction","target":["https:\/\/fluterm.eu\/es\/prod\/colector-de-calefaccion-por-suelo-radiante-con-paquete-de-bomba-y-valvulas-bomba-ibo-amg-a-7-circuitos\/"]}]},{"@type":"BreadcrumbList","@id":"https:\/\/fluterm.eu\/es\/prod\/colector-de-calefaccion-por-suelo-radiante-con-paquete-de-bomba-y-valvulas-bomba-ibo-amg-a-7-circuitos\/#breadcrumb","itemListElement":[{"@type":"ListItem","position":1,"name":"Home","item":"https:\/\/fluterm.eu\/es\/tienda\/"},{"@type":"ListItem","position":2,"name":"Tienda","item":"https:\/\/fluterm.eu\/es\/tienda\/"},{"@type":"ListItem","position":3,"name":"Colector de calefacci\u00f3n por suelo radiante con paquete de bomba y v\u00e1lvulas &#8211; Bomba ibo amg A &#8211; 7 circuitos"}]},{"@type":"WebSite","@id":"https:\/\/fluterm.eu\/#website","url":"https:\/\/fluterm.eu\/","name":"fluterm.eu","description":"","potentialAction":[{"@type":"SearchAction","target":{"@type":"EntryPoint","urlTemplate":"https:\/\/fluterm.eu\/?s={search_term_string}"},"query-input":"required name=search_term_string"}],"inLanguage":"es"}]}},"_links":{"self":[{"href":"https:\/\/fluterm.eu\/es\/wp-json\/wp\/v2\/product\/14690","targetHints":{"allow":["GET"]}}],"collection":[{"href":"https:\/\/fluterm.eu\/es\/wp-json\/wp\/v2\/product"}],"about":[{"href":"https:\/\/fluterm.eu\/es\/wp-json\/wp\/v2\/types\/product"}],"replies":[{"embeddable":true,"href":"https:\/\/fluterm.eu\/es\/wp-json\/wp\/v2\/comments?post=14690"}],"version-history":[{"count":0,"href":"https:\/\/fluterm.eu\/es\/wp-json\/wp\/v2\/product\/14690\/revisions"}],"wp:featuredmedia":[{"embeddable":true,"href":"https:\/\/fluterm.eu\/es\/wp-json\/wp\/v2\/media\/3148"}],"wp:attachment":[{"href":"https:\/\/fluterm.eu\/es\/wp-json\/wp\/v2\/media?parent=14690"}],"wp:term":[{"taxonomy":"product_cat","embeddable":true,"href":"https:\/\/fluterm.eu\/es\/wp-json\/wp\/v2\/product_cat?post=14690"},{"taxonomy":"product_tag","embeddable":true,"href":"https:\/\/fluterm.eu\/es\/wp-json\/wp\/v2\/product_tag?post=14690"}],"curies":[{"name":"wp","href":"https:\/\/api.w.org\/{rel}","templated":true}]}}