{"id":14714,"date":"2023-06-10T14:51:05","date_gmt":"2023-06-10T11:51:05","guid":{"rendered":"https:\/\/fluterm.eu\/prod\/kit-de-mezcla-para-calefaccion-por-suelo-radiante-con-bomba-wilo\/"},"modified":"2023-06-10T14:51:05","modified_gmt":"2023-06-10T11:51:05","slug":"kit-de-mezcla-de-calefaccion-por-suelo-radiante-con-bomba-wilo","status":"publish","type":"product","link":"https:\/\/fluterm.eu\/es\/prod\/kit-de-mezcla-de-calefaccion-por-suelo-radiante-con-bomba-wilo\/","title":{"rendered":"Kit de mezcla para calefacci\u00f3n por suelo radiante con bomba Wilo"},"content":{"rendered":"<p>Nuestro controlador mezclador termost\u00e1tico de calefacci\u00f3n por suelo radiante, compacto y ligero, permite la conexi\u00f3n directa a nuestra gama de colectores de calefacci\u00f3n por suelo radiante y se suministra totalmente montado en formato izquierdo con uniones macho giratorias de junta plana G1 de serie.<\/p>\n<p>Su dise\u00f1o vers\u00e1til y sus conexiones con juntas de uni\u00f3n simplifican la instalaci\u00f3n en el colector y, al no requerir soportes adicionales, eliminan la necesidad de taladrar y fijar, lo que lleva mucho tiempo.<\/p>\n<p>La v\u00e1lvula mezcladora permite ajustar la temperatura de impulsi\u00f3n entre 35 y 65 \u00b0C para controlar con precisi\u00f3n la temperatura general del suelo radiante y puede alimentarse de cualquier tipo de fuente de calor, incluidas calderas de gas\u00f3leo y gas, estufas de le\u00f1a y fuentes de energ\u00eda ecol\u00f3gicas como bombas de calor solares, geot\u00e9rmicas y aerot\u00e9rmicas.<\/p>\n<p>Cada paquete de regulador se compone de la v\u00e1lvula mezcladora termost\u00e1tica, la bomba de circulaci\u00f3n de bajo consumo Wilo de clase A, el adaptador del colector y todas las juntas necesarias.<\/p>\n<p><strong>Ajuste del control de mezcla  <\/strong><\/p>\n<p>La v\u00e1lvula mezcladora termost\u00e1tica viene ajustada de f\u00e1brica para suministrar agua mezclada a 45\u00b0C al colector de calefacci\u00f3n por suelo radiante. La temperatura del agua mezclada puede ajustarse entre 35\u00b0C y 65\u00b0C girando el mando de control de la v\u00e1lvula mezcladora en el sentido de las agujas del reloj para aumentar la temperatura y en el sentido contrario para reducirla.<\/p>\n<p>wilo Sonos para 15x6x130<\/p>\n","protected":false},"excerpt":{"rendered":"<p>Nuestro controlador mezclador termost\u00e1tico de calefacci\u00f3n por suelo radiante, compacto y ligero, permite la conexi\u00f3n directa a nuestra gama de colectores de calefacci\u00f3n por suelo radiante y se suministra totalmente montado en formato izquierdo con uniones macho giratorias de junta plana G1 de serie. Su dise\u00f1o vers\u00e1til y sus conexiones con juntas de uni\u00f3n simplifican&hellip;<\/p>\n","protected":false},"featured_media":3127,"comment_status":"closed","ping_status":"closed","template":"","meta":[],"product_cat":[844],"product_tag":[],"class_list":{"0":"post-14714","1":"product","2":"type-product","3":"status-publish","4":"has-post-thumbnail","6":"product_cat-grupos-de-mezcla-de-calefaccion-por-suelo-radiante","8":"first","9":"instock","10":"taxable","11":"shipping-taxable","12":"purchasable","13":"product-type-simple","14":"col-xs-6 col-sm-4","15":"col-md-4 col-lg-4","16":"un-3-cols"},"acf":[],"yoast_head":"<!-- This site is optimized with the Yoast SEO plugin v21.2 - https:\/\/yoast.com\/wordpress\/plugins\/seo\/ -->\n<title>Kit de mezcla para calefacci\u00f3n por suelo radiante con bomba Wilo<\/title>\n<meta name=\"description\" content=\"Order Kit de mezcla para calefacci\u00f3n por suelo radiante con bomba Wilo at a best price.\" \/>\n<meta name=\"robots\" content=\"index, follow, max-snippet:-1, max-image-preview:large, max-video-preview:-1\" \/>\n<link rel=\"canonical\" href=\"https:\/\/fluterm.eu\/es\/prod\/kit-de-mezcla-para-calefaccion-por-suelo-radiante-con-bomba-wilo\/\" \/>\n<meta property=\"og:locale\" content=\"es_ES\" \/>\n<meta property=\"og:type\" content=\"article\" \/>\n<meta property=\"og:title\" content=\"Kit de mezcla para calefacci\u00f3n por suelo radiante con bomba Wilo\" \/>\n<meta property=\"og:description\" content=\"Order Kit de mezcla para calefacci\u00f3n por suelo radiante con bomba Wilo at a best price.\" \/>\n<meta property=\"og:url\" content=\"https:\/\/fluterm.eu\/es\/prod\/kit-de-mezcla-para-calefaccion-por-suelo-radiante-con-bomba-wilo\/\" \/>\n<meta property=\"og:site_name\" content=\"fluterm.eu\" \/>\n<meta property=\"og:image\" content=\"https:\/\/fluterm.eu\/wp-content\/uploads\/2023\/06\/10BE33BF-D06D-41CB-AE24-1597A1282835_4_5005_c.jpeg\" \/>\n\t<meta property=\"og:image:width\" content=\"298\" \/>\n\t<meta property=\"og:image:height\" content=\"263\" \/>\n\t<meta property=\"og:image:type\" content=\"image\/jpeg\" \/>\n<meta name=\"twitter:card\" content=\"summary_large_image\" \/>\n<meta name=\"twitter:label1\" content=\"Tiempo de lectura\" \/>\n\t<meta name=\"twitter:data1\" content=\"1 minuto\" \/>\n<script type=\"application\/ld+json\" class=\"yoast-schema-graph\">{\"@context\":\"https:\/\/schema.org\",\"@graph\":[{\"@type\":\"WebPage\",\"@id\":\"https:\/\/fluterm.eu\/es\/prod\/kit-de-mezcla-para-calefaccion-por-suelo-radiante-con-bomba-wilo\/\",\"url\":\"https:\/\/fluterm.eu\/es\/prod\/kit-de-mezcla-para-calefaccion-por-suelo-radiante-con-bomba-wilo\/\",\"name\":\"Kit de mezcla para calefacci\u00f3n por suelo radiante con bomba Wilo\",\"isPartOf\":{\"@id\":\"https:\/\/fluterm.eu\/#website\"},\"datePublished\":\"2023-06-10T11:51:05+00:00\",\"dateModified\":\"2023-06-10T11:51:05+00:00\",\"description\":\"Order Kit de mezcla para calefacci\u00f3n por suelo radiante con bomba Wilo at a best price.\",\"breadcrumb\":{\"@id\":\"https:\/\/fluterm.eu\/es\/prod\/kit-de-mezcla-para-calefaccion-por-suelo-radiante-con-bomba-wilo\/#breadcrumb\"},\"inLanguage\":\"es\",\"potentialAction\":[{\"@type\":\"ReadAction\",\"target\":[\"https:\/\/fluterm.eu\/es\/prod\/kit-de-mezcla-para-calefaccion-por-suelo-radiante-con-bomba-wilo\/\"]}]},{\"@type\":\"BreadcrumbList\",\"@id\":\"https:\/\/fluterm.eu\/es\/prod\/kit-de-mezcla-para-calefaccion-por-suelo-radiante-con-bomba-wilo\/#breadcrumb\",\"itemListElement\":[{\"@type\":\"ListItem\",\"position\":1,\"name\":\"Home\",\"item\":\"https:\/\/fluterm.eu\/es\/tienda\/\"},{\"@type\":\"ListItem\",\"position\":2,\"name\":\"Tienda\",\"item\":\"https:\/\/fluterm.eu\/es\/tienda\/\"},{\"@type\":\"ListItem\",\"position\":3,\"name\":\"Kit de mezcla para calefacci\u00f3n por suelo radiante con bomba Wilo\"}]},{\"@type\":\"WebSite\",\"@id\":\"https:\/\/fluterm.eu\/#website\",\"url\":\"https:\/\/fluterm.eu\/\",\"name\":\"fluterm.eu\",\"description\":\"\",\"potentialAction\":[{\"@type\":\"SearchAction\",\"target\":{\"@type\":\"EntryPoint\",\"urlTemplate\":\"https:\/\/fluterm.eu\/?s={search_term_string}\"},\"query-input\":\"required name=search_term_string\"}],\"inLanguage\":\"es\"}]}<\/script>\n<!-- \/ Yoast SEO plugin. -->","yoast_head_json":{"title":"Kit de mezcla para calefacci\u00f3n por suelo radiante con bomba Wilo","description":"Order Kit de mezcla para calefacci\u00f3n por suelo radiante con bomba Wilo at a best price.","robots":{"index":"index","follow":"follow","max-snippet":"max-snippet:-1","max-image-preview":"max-image-preview:large","max-video-preview":"max-video-preview:-1"},"canonical":"https:\/\/fluterm.eu\/es\/prod\/kit-de-mezcla-para-calefaccion-por-suelo-radiante-con-bomba-wilo\/","og_locale":"es_ES","og_type":"article","og_title":"Kit de mezcla para calefacci\u00f3n por suelo radiante con bomba Wilo","og_description":"Order Kit de mezcla para calefacci\u00f3n por suelo radiante con bomba Wilo at a best price.","og_url":"https:\/\/fluterm.eu\/es\/prod\/kit-de-mezcla-para-calefaccion-por-suelo-radiante-con-bomba-wilo\/","og_site_name":"fluterm.eu","og_image":[{"width":298,"height":263,"url":"https:\/\/fluterm.eu\/wp-content\/uploads\/2023\/06\/10BE33BF-D06D-41CB-AE24-1597A1282835_4_5005_c.jpeg","type":"image\/jpeg"}],"twitter_card":"summary_large_image","twitter_misc":{"Tiempo de lectura":"1 minuto"},"schema":{"@context":"https:\/\/schema.org","@graph":[{"@type":"WebPage","@id":"https:\/\/fluterm.eu\/es\/prod\/kit-de-mezcla-para-calefaccion-por-suelo-radiante-con-bomba-wilo\/","url":"https:\/\/fluterm.eu\/es\/prod\/kit-de-mezcla-para-calefaccion-por-suelo-radiante-con-bomba-wilo\/","name":"Kit de mezcla para calefacci\u00f3n por suelo radiante con bomba Wilo","isPartOf":{"@id":"https:\/\/fluterm.eu\/#website"},"datePublished":"2023-06-10T11:51:05+00:00","dateModified":"2023-06-10T11:51:05+00:00","description":"Order Kit de mezcla para calefacci\u00f3n por suelo radiante con bomba Wilo at a best price.","breadcrumb":{"@id":"https:\/\/fluterm.eu\/es\/prod\/kit-de-mezcla-para-calefaccion-por-suelo-radiante-con-bomba-wilo\/#breadcrumb"},"inLanguage":"es","potentialAction":[{"@type":"ReadAction","target":["https:\/\/fluterm.eu\/es\/prod\/kit-de-mezcla-para-calefaccion-por-suelo-radiante-con-bomba-wilo\/"]}]},{"@type":"BreadcrumbList","@id":"https:\/\/fluterm.eu\/es\/prod\/kit-de-mezcla-para-calefaccion-por-suelo-radiante-con-bomba-wilo\/#breadcrumb","itemListElement":[{"@type":"ListItem","position":1,"name":"Home","item":"https:\/\/fluterm.eu\/es\/tienda\/"},{"@type":"ListItem","position":2,"name":"Tienda","item":"https:\/\/fluterm.eu\/es\/tienda\/"},{"@type":"ListItem","position":3,"name":"Kit de mezcla para calefacci\u00f3n por suelo radiante con bomba Wilo"}]},{"@type":"WebSite","@id":"https:\/\/fluterm.eu\/#website","url":"https:\/\/fluterm.eu\/","name":"fluterm.eu","description":"","potentialAction":[{"@type":"SearchAction","target":{"@type":"EntryPoint","urlTemplate":"https:\/\/fluterm.eu\/?s={search_term_string}"},"query-input":"required name=search_term_string"}],"inLanguage":"es"}]}},"_links":{"self":[{"href":"https:\/\/fluterm.eu\/es\/wp-json\/wp\/v2\/product\/14714","targetHints":{"allow":["GET"]}}],"collection":[{"href":"https:\/\/fluterm.eu\/es\/wp-json\/wp\/v2\/product"}],"about":[{"href":"https:\/\/fluterm.eu\/es\/wp-json\/wp\/v2\/types\/product"}],"replies":[{"embeddable":true,"href":"https:\/\/fluterm.eu\/es\/wp-json\/wp\/v2\/comments?post=14714"}],"version-history":[{"count":0,"href":"https:\/\/fluterm.eu\/es\/wp-json\/wp\/v2\/product\/14714\/revisions"}],"wp:featuredmedia":[{"embeddable":true,"href":"https:\/\/fluterm.eu\/es\/wp-json\/wp\/v2\/media\/3127"}],"wp:attachment":[{"href":"https:\/\/fluterm.eu\/es\/wp-json\/wp\/v2\/media?parent=14714"}],"wp:term":[{"taxonomy":"product_cat","embeddable":true,"href":"https:\/\/fluterm.eu\/es\/wp-json\/wp\/v2\/product_cat?post=14714"},{"taxonomy":"product_tag","embeddable":true,"href":"https:\/\/fluterm.eu\/es\/wp-json\/wp\/v2\/product_tag?post=14714"}],"curies":[{"name":"wp","href":"https:\/\/api.w.org\/{rel}","templated":true}]}}