{"id":14948,"date":"2023-07-16T17:19:26","date_gmt":"2023-07-16T14:19:26","guid":{"rendered":"https:\/\/fluterm.eu\/prod\/grupo-mezclador-con-bomba-wilo-y-colector-de-suelo-radiante-de-4-circuitos\/"},"modified":"2023-07-16T17:19:26","modified_gmt":"2023-07-16T14:19:26","slug":"unidad-de-mezcla-con-bomba-de-wilo-y-colector-con-calefaccion-por-suelo-radiante-de-4-vias","status":"publish","type":"product","link":"https:\/\/fluterm.eu\/es\/prod\/unidad-de-mezcla-con-bomba-de-wilo-y-colector-con-calefaccion-por-suelo-radiante-de-4-vias\/","title":{"rendered":"Grupo mezclador con bomba Wilo y colector de suelo radiante de 4 circuitos"},"content":{"rendered":"<p><span class=\"Y2IQFc\" lang=\"en\">Descripci\u00f3n Complejo sistema de mezcla del agente t\u00e9rmico necesario para la calefacci\u00f3n por suelo radiante de 4 circuitos, ideal para 70-85 metros cuadrados,  <\/span><\/p>\n<p><span class=\"Y2IQFc\" lang=\"en\">Longitud m\u00e1xima de la tuber\u00eda en el recorrido 90 metros C\u00e1lculo generado en un paso de 10 cm. Que consiste en :  <\/span><\/p>\n<p><span class=\"Y2IQFc\" lang=\"en\">1 x juego distribuidor 4 circuitos con caudal\u00edmetros  <\/span><\/p>\n<p><span class=\"Y2IQFc\" lang=\"en\">1 x conjunto distribuidor 4 circuitos con v\u00e1lvulas (posibilidad de conectar el actuador con el mando al termostato ambiente)  <\/span><\/p>\n<p><span class=\"Y2IQFc\" lang=\"en\">1 x juego de abrazaderas de distribuidor 8 x tuercas eurocono para tubo pex de 16 mm x 2 mm de espesor (pe-xa,pe-xb,pe-xc,pe-rt)  <\/span><\/p>\n<p><span class=\"Y2IQFc\" lang=\"en\">2 x T final del distribuidor con ventilaci\u00f3n y vaciado autom\u00e1ticos  <\/span><\/p>\n<p><span class=\"Y2IQFc\" lang=\"en\">1 x grupo mezclador para calefacci\u00f3n por suelo radiante  <\/span><\/p>\n<p><span class=\"Y2IQFc\" lang=\"en\">1 x bomba Wilo Yonos Para 25\/6 Detalles t\u00e9cnicos: Distribuidor con caudal\u00edmetro 1&#8243;x 8 v\u00edas + tuercas eurocono 16mm + T final del distribuidor con aireador y vaciado autom\u00e1tico  <\/span><\/p>\n<p><span class=\"Y2IQFc\" lang=\"en\">Conjunto distribuidor 1 x 1&#8243; x 4 v\u00edas de acero inoxidable con v\u00e1lvulas termost\u00e1ticas (predisposici\u00f3n para montar un cabezal termoel\u00e9ctrico (actuador) para automatizaci\u00f3n en cada circuito)  <\/span><\/p>\n<p><span class=\"Y2IQFc\" lang=\"en\">Juego distribuidor 1 x 1&#8243; x 4 de acero inoxidable con caudal\u00edmetro (para ajustar el caudal en cada circuito dependiendo de la longitud de la tuber\u00eda utilizada en el circuito)  <\/span><\/p>\n<p><span class=\"Y2IQFc\" lang=\"en\">1 x Set de montaje del distribuidor compuesto por 2 consolas 8 x Tuerca Eurocon 16\u00d73\/4 (para realizar la conexi\u00f3n del distribuidor al pe-xa, pe-xb, pe-xc, pe-rt de 16mm con 2mm de espesor 16\u00d7 2) 2 x T del extremo del distribuidor de 1&#8243; (ventilador de aire autom\u00e1tico para eliminar el aire de los distribuidores, v\u00e1lvula de vaciado)  <\/span><\/p>\n<p><span class=\"Y2IQFc\" lang=\"en\">Presi\u00f3n m\u00e1xima 10 bares Temperatura m\u00e1xima 90 grados C Unidad de calefacci\u00f3n por suelo radiante equipada con bomba Wilo Yonos Para 25\/6  <\/span><\/p>\n<p><span class=\"Y2IQFc\" lang=\"en\">Disponible con ajuste fijo a trav\u00e9s del cabezal termost\u00e1tico con sonda: rango de ajuste 20 &#8211; 60 grados C. La v\u00e1lvula de entrada controlada por el cabezal termost\u00e1tico permite ajustar la temperatura de entrada del agente calefactor suministrado por la caldera para mantener una temperatura constante en el suelo. mezcla entre el agente calefactor suministrado por la caldera y el del retorno al suelo.<\/span><\/p>\n","protected":false},"excerpt":{"rendered":"<p>Descripci\u00f3n Complejo sistema de mezcla del agente t\u00e9rmico necesario para la calefacci\u00f3n por suelo radiante de 4 circuitos, ideal para 70-85 metros cuadrados, Longitud m\u00e1xima de la tuber\u00eda en el recorrido 90 metros C\u00e1lculo generado en un paso de 10 cm. Que consiste en : 1 x juego distribuidor 4 circuitos con caudal\u00edmetros 1 x&hellip;<\/p>\n","protected":false},"featured_media":3988,"comment_status":"open","ping_status":"closed","template":"","meta":[],"product_cat":[813],"product_tag":[],"class_list":{"0":"post-14948","1":"product","2":"type-product","3":"status-publish","4":"has-post-thumbnail","6":"product_cat-distribuidores-de-calefaccion-por-suelo-radiante","8":"first","9":"instock","10":"taxable","11":"shipping-taxable","12":"purchasable","13":"product-type-simple","14":"col-xs-6 col-sm-4","15":"col-md-4 col-lg-4","16":"un-3-cols"},"acf":[],"yoast_head":"<!-- This site is optimized with the Yoast SEO plugin v21.2 - https:\/\/yoast.com\/wordpress\/plugins\/seo\/ -->\n<title>Grupo mezclador con bomba Wilo y colector de suelo radiante de 4 circuitos<\/title>\n<meta name=\"description\" content=\"Order Grupo mezclador con bomba Wilo y colector de suelo radiante de 4 circuitos at a best price.\" \/>\n<meta name=\"robots\" content=\"index, follow, max-snippet:-1, max-image-preview:large, max-video-preview:-1\" \/>\n<link rel=\"canonical\" href=\"https:\/\/fluterm.eu\/es\/prod\/grupo-mezclador-con-bomba-wilo-y-colector-de-suelo-radiante-de-4-circuitos\/\" \/>\n<meta property=\"og:locale\" content=\"es_ES\" \/>\n<meta property=\"og:type\" content=\"article\" \/>\n<meta property=\"og:title\" content=\"Grupo mezclador con bomba Wilo y colector de suelo radiante de 4 circuitos\" \/>\n<meta property=\"og:description\" content=\"Order Grupo mezclador con bomba Wilo y colector de suelo radiante de 4 circuitos at a best price.\" \/>\n<meta property=\"og:url\" content=\"https:\/\/fluterm.eu\/es\/prod\/grupo-mezclador-con-bomba-wilo-y-colector-de-suelo-radiante-de-4-circuitos\/\" \/>\n<meta property=\"og:site_name\" content=\"fluterm.eu\" \/>\n<meta property=\"og:image\" content=\"https:\/\/fluterm.eu\/wp-content\/uploads\/2023\/07\/sistem-complex-de-amestec-a-agentului-termic-neces_4225_1_1615571838.jpeg\" \/>\n\t<meta property=\"og:image:width\" content=\"1500\" \/>\n\t<meta property=\"og:image:height\" content=\"1500\" \/>\n\t<meta property=\"og:image:type\" content=\"image\/jpeg\" \/>\n<meta name=\"twitter:card\" content=\"summary_large_image\" \/>\n<meta name=\"twitter:label1\" content=\"Tiempo de lectura\" \/>\n\t<meta name=\"twitter:data1\" content=\"2 minutos\" \/>\n<script type=\"application\/ld+json\" class=\"yoast-schema-graph\">{\"@context\":\"https:\/\/schema.org\",\"@graph\":[{\"@type\":\"WebPage\",\"@id\":\"https:\/\/fluterm.eu\/es\/prod\/grupo-mezclador-con-bomba-wilo-y-colector-de-suelo-radiante-de-4-circuitos\/\",\"url\":\"https:\/\/fluterm.eu\/es\/prod\/grupo-mezclador-con-bomba-wilo-y-colector-de-suelo-radiante-de-4-circuitos\/\",\"name\":\"Grupo mezclador con bomba Wilo y colector de suelo radiante de 4 circuitos\",\"isPartOf\":{\"@id\":\"https:\/\/fluterm.eu\/#website\"},\"datePublished\":\"2023-07-16T14:19:26+00:00\",\"dateModified\":\"2023-07-16T14:19:26+00:00\",\"description\":\"Order Grupo mezclador con bomba Wilo y colector de suelo radiante de 4 circuitos at a best price.\",\"breadcrumb\":{\"@id\":\"https:\/\/fluterm.eu\/es\/prod\/grupo-mezclador-con-bomba-wilo-y-colector-de-suelo-radiante-de-4-circuitos\/#breadcrumb\"},\"inLanguage\":\"es\",\"potentialAction\":[{\"@type\":\"ReadAction\",\"target\":[\"https:\/\/fluterm.eu\/es\/prod\/grupo-mezclador-con-bomba-wilo-y-colector-de-suelo-radiante-de-4-circuitos\/\"]}]},{\"@type\":\"BreadcrumbList\",\"@id\":\"https:\/\/fluterm.eu\/es\/prod\/grupo-mezclador-con-bomba-wilo-y-colector-de-suelo-radiante-de-4-circuitos\/#breadcrumb\",\"itemListElement\":[{\"@type\":\"ListItem\",\"position\":1,\"name\":\"Home\",\"item\":\"https:\/\/fluterm.eu\/es\/tienda\/\"},{\"@type\":\"ListItem\",\"position\":2,\"name\":\"Tienda\",\"item\":\"https:\/\/fluterm.eu\/es\/tienda\/\"},{\"@type\":\"ListItem\",\"position\":3,\"name\":\"Grupo mezclador con bomba Wilo y colector de suelo radiante de 4 circuitos\"}]},{\"@type\":\"WebSite\",\"@id\":\"https:\/\/fluterm.eu\/#website\",\"url\":\"https:\/\/fluterm.eu\/\",\"name\":\"fluterm.eu\",\"description\":\"\",\"potentialAction\":[{\"@type\":\"SearchAction\",\"target\":{\"@type\":\"EntryPoint\",\"urlTemplate\":\"https:\/\/fluterm.eu\/?s={search_term_string}\"},\"query-input\":\"required name=search_term_string\"}],\"inLanguage\":\"es\"}]}<\/script>\n<!-- \/ Yoast SEO plugin. -->","yoast_head_json":{"title":"Grupo mezclador con bomba Wilo y colector de suelo radiante de 4 circuitos","description":"Order Grupo mezclador con bomba Wilo y colector de suelo radiante de 4 circuitos at a best price.","robots":{"index":"index","follow":"follow","max-snippet":"max-snippet:-1","max-image-preview":"max-image-preview:large","max-video-preview":"max-video-preview:-1"},"canonical":"https:\/\/fluterm.eu\/es\/prod\/grupo-mezclador-con-bomba-wilo-y-colector-de-suelo-radiante-de-4-circuitos\/","og_locale":"es_ES","og_type":"article","og_title":"Grupo mezclador con bomba Wilo y colector de suelo radiante de 4 circuitos","og_description":"Order Grupo mezclador con bomba Wilo y colector de suelo radiante de 4 circuitos at a best price.","og_url":"https:\/\/fluterm.eu\/es\/prod\/grupo-mezclador-con-bomba-wilo-y-colector-de-suelo-radiante-de-4-circuitos\/","og_site_name":"fluterm.eu","og_image":[{"width":1500,"height":1500,"url":"https:\/\/fluterm.eu\/wp-content\/uploads\/2023\/07\/sistem-complex-de-amestec-a-agentului-termic-neces_4225_1_1615571838.jpeg","type":"image\/jpeg"}],"twitter_card":"summary_large_image","twitter_misc":{"Tiempo de lectura":"2 minutos"},"schema":{"@context":"https:\/\/schema.org","@graph":[{"@type":"WebPage","@id":"https:\/\/fluterm.eu\/es\/prod\/grupo-mezclador-con-bomba-wilo-y-colector-de-suelo-radiante-de-4-circuitos\/","url":"https:\/\/fluterm.eu\/es\/prod\/grupo-mezclador-con-bomba-wilo-y-colector-de-suelo-radiante-de-4-circuitos\/","name":"Grupo mezclador con bomba Wilo y colector de suelo radiante de 4 circuitos","isPartOf":{"@id":"https:\/\/fluterm.eu\/#website"},"datePublished":"2023-07-16T14:19:26+00:00","dateModified":"2023-07-16T14:19:26+00:00","description":"Order Grupo mezclador con bomba Wilo y colector de suelo radiante de 4 circuitos at a best price.","breadcrumb":{"@id":"https:\/\/fluterm.eu\/es\/prod\/grupo-mezclador-con-bomba-wilo-y-colector-de-suelo-radiante-de-4-circuitos\/#breadcrumb"},"inLanguage":"es","potentialAction":[{"@type":"ReadAction","target":["https:\/\/fluterm.eu\/es\/prod\/grupo-mezclador-con-bomba-wilo-y-colector-de-suelo-radiante-de-4-circuitos\/"]}]},{"@type":"BreadcrumbList","@id":"https:\/\/fluterm.eu\/es\/prod\/grupo-mezclador-con-bomba-wilo-y-colector-de-suelo-radiante-de-4-circuitos\/#breadcrumb","itemListElement":[{"@type":"ListItem","position":1,"name":"Home","item":"https:\/\/fluterm.eu\/es\/tienda\/"},{"@type":"ListItem","position":2,"name":"Tienda","item":"https:\/\/fluterm.eu\/es\/tienda\/"},{"@type":"ListItem","position":3,"name":"Grupo mezclador con bomba Wilo y colector de suelo radiante de 4 circuitos"}]},{"@type":"WebSite","@id":"https:\/\/fluterm.eu\/#website","url":"https:\/\/fluterm.eu\/","name":"fluterm.eu","description":"","potentialAction":[{"@type":"SearchAction","target":{"@type":"EntryPoint","urlTemplate":"https:\/\/fluterm.eu\/?s={search_term_string}"},"query-input":"required name=search_term_string"}],"inLanguage":"es"}]}},"_links":{"self":[{"href":"https:\/\/fluterm.eu\/es\/wp-json\/wp\/v2\/product\/14948","targetHints":{"allow":["GET"]}}],"collection":[{"href":"https:\/\/fluterm.eu\/es\/wp-json\/wp\/v2\/product"}],"about":[{"href":"https:\/\/fluterm.eu\/es\/wp-json\/wp\/v2\/types\/product"}],"replies":[{"embeddable":true,"href":"https:\/\/fluterm.eu\/es\/wp-json\/wp\/v2\/comments?post=14948"}],"version-history":[{"count":0,"href":"https:\/\/fluterm.eu\/es\/wp-json\/wp\/v2\/product\/14948\/revisions"}],"wp:featuredmedia":[{"embeddable":true,"href":"https:\/\/fluterm.eu\/es\/wp-json\/wp\/v2\/media\/3988"}],"wp:attachment":[{"href":"https:\/\/fluterm.eu\/es\/wp-json\/wp\/v2\/media?parent=14948"}],"wp:term":[{"taxonomy":"product_cat","embeddable":true,"href":"https:\/\/fluterm.eu\/es\/wp-json\/wp\/v2\/product_cat?post=14948"},{"taxonomy":"product_tag","embeddable":true,"href":"https:\/\/fluterm.eu\/es\/wp-json\/wp\/v2\/product_tag?post=14948"}],"curies":[{"name":"wp","href":"https:\/\/api.w.org\/{rel}","templated":true}]}}