{"id":15437,"date":"2023-07-14T22:07:48","date_gmt":"2023-07-14T19:07:48","guid":{"rendered":"https:\/\/fluterm.eu\/prod\/juego-de-colectores-de-laton-10-circuitos-tubo-pexal-16x2-para-radiadores-totalmente-equipados-10\/"},"modified":"2023-07-14T22:07:48","modified_gmt":"2023-07-14T19:07:48","slug":"conjunto-manifold-de-laton-10-circuitos-pexal-tubo-16x2-para-radiadores-completamente-equipado-10","status":"publish","type":"product","link":"https:\/\/fluterm.eu\/es\/prod\/conjunto-manifold-de-laton-10-circuitos-pexal-tubo-16x2-para-radiadores-completamente-equipado-10\/","title":{"rendered":"Juego de colectores de lat\u00f3n 10 circuitos tubo pexal 16\u00d72 para radiadores totalmente equipados 10"},"content":{"rendered":"<ol>\n<li>colector<\/li>\n<li>soportes de pared<\/li>\n<li>kit de terminales con purga de aire autom\u00e1tica<\/li>\n<li>ballvalves<\/li>\n<li>eurocono 16&#215;2<\/li>\n<li>armario metalico<\/li>\n<\/ol>\n","protected":false},"excerpt":{"rendered":"<p>colector soportes de pared kit de terminales con purga de aire autom\u00e1tica ballvalves eurocono 16&#215;2 armario metalico<\/p>\n","protected":false},"featured_media":3631,"comment_status":"open","ping_status":"closed","template":"","meta":[],"product_cat":[1031],"product_tag":[],"class_list":{"0":"post-15437","1":"product","2":"type-product","3":"status-publish","4":"has-post-thumbnail","6":"product_cat-colectores-de-radiadores","8":"first","9":"instock","10":"taxable","11":"shipping-taxable","12":"purchasable","13":"product-type-simple","14":"col-xs-6 col-sm-4","15":"col-md-4 col-lg-4","16":"un-3-cols"},"acf":[],"yoast_head":"<!-- This site is optimized with the Yoast SEO plugin v21.2 - https:\/\/yoast.com\/wordpress\/plugins\/seo\/ -->\n<title>Juego de colectores de lat\u00f3n 10 circuitos tubo pexal 16\u00d72 para radiadores totalmente equipados 10<\/title>\n<meta name=\"description\" content=\"Order Juego de colectores de lat\u00f3n 10 circuitos tubo pexal 16\u00d72 para radiadores totalmente equipados 10 at a best price.\" \/>\n<meta name=\"robots\" content=\"index, follow, max-snippet:-1, max-image-preview:large, max-video-preview:-1\" \/>\n<link rel=\"canonical\" href=\"https:\/\/fluterm.eu\/es\/prod\/juego-de-colectores-de-laton-10-circuitos-tubo-pexal-16x2-para-radiadores-totalmente-equipados-10\/\" \/>\n<meta property=\"og:locale\" content=\"es_ES\" \/>\n<meta property=\"og:type\" content=\"article\" \/>\n<meta property=\"og:title\" content=\"Juego de colectores de lat\u00f3n 10 circuitos tubo pexal 16\u00d72 para radiadores totalmente equipados 10\" \/>\n<meta property=\"og:description\" content=\"Order Juego de colectores de lat\u00f3n 10 circuitos tubo pexal 16\u00d72 para radiadores totalmente equipados 10 at a best price.\" \/>\n<meta property=\"og:url\" content=\"https:\/\/fluterm.eu\/es\/prod\/juego-de-colectores-de-laton-10-circuitos-tubo-pexal-16x2-para-radiadores-totalmente-equipados-10\/\" \/>\n<meta property=\"og:site_name\" content=\"fluterm.eu\" \/>\n<meta property=\"og:image\" content=\"https:\/\/fluterm.eu\/wp-content\/uploads\/2023\/07\/578D2BCB-55DB-4B11-91DB-03EA7B72A016.jpeg\" \/>\n\t<meta property=\"og:image:width\" content=\"2000\" \/>\n\t<meta property=\"og:image:height\" content=\"2000\" \/>\n\t<meta property=\"og:image:type\" content=\"image\/jpeg\" \/>\n<meta name=\"twitter:card\" content=\"summary_large_image\" \/>\n<script type=\"application\/ld+json\" class=\"yoast-schema-graph\">{\"@context\":\"https:\/\/schema.org\",\"@graph\":[{\"@type\":\"WebPage\",\"@id\":\"https:\/\/fluterm.eu\/es\/prod\/juego-de-colectores-de-laton-10-circuitos-tubo-pexal-16x2-para-radiadores-totalmente-equipados-10\/\",\"url\":\"https:\/\/fluterm.eu\/es\/prod\/juego-de-colectores-de-laton-10-circuitos-tubo-pexal-16x2-para-radiadores-totalmente-equipados-10\/\",\"name\":\"Juego de colectores de lat\u00f3n 10 circuitos tubo pexal 16\u00d72 para radiadores totalmente equipados 10\",\"isPartOf\":{\"@id\":\"https:\/\/fluterm.eu\/#website\"},\"datePublished\":\"2023-07-14T19:07:48+00:00\",\"dateModified\":\"2023-07-14T19:07:48+00:00\",\"description\":\"Order Juego de colectores de lat\u00f3n 10 circuitos tubo pexal 16\u00d72 para radiadores totalmente equipados 10 at a best price.\",\"breadcrumb\":{\"@id\":\"https:\/\/fluterm.eu\/es\/prod\/juego-de-colectores-de-laton-10-circuitos-tubo-pexal-16x2-para-radiadores-totalmente-equipados-10\/#breadcrumb\"},\"inLanguage\":\"es\",\"potentialAction\":[{\"@type\":\"ReadAction\",\"target\":[\"https:\/\/fluterm.eu\/es\/prod\/juego-de-colectores-de-laton-10-circuitos-tubo-pexal-16x2-para-radiadores-totalmente-equipados-10\/\"]}]},{\"@type\":\"BreadcrumbList\",\"@id\":\"https:\/\/fluterm.eu\/es\/prod\/juego-de-colectores-de-laton-10-circuitos-tubo-pexal-16x2-para-radiadores-totalmente-equipados-10\/#breadcrumb\",\"itemListElement\":[{\"@type\":\"ListItem\",\"position\":1,\"name\":\"Home\",\"item\":\"https:\/\/fluterm.eu\/es\/tienda\/\"},{\"@type\":\"ListItem\",\"position\":2,\"name\":\"Tienda\",\"item\":\"https:\/\/fluterm.eu\/es\/tienda\/\"},{\"@type\":\"ListItem\",\"position\":3,\"name\":\"Juego de colectores de lat\u00f3n 10 circuitos tubo pexal 16\u00d72 para radiadores totalmente equipados 10\"}]},{\"@type\":\"WebSite\",\"@id\":\"https:\/\/fluterm.eu\/#website\",\"url\":\"https:\/\/fluterm.eu\/\",\"name\":\"fluterm.eu\",\"description\":\"\",\"potentialAction\":[{\"@type\":\"SearchAction\",\"target\":{\"@type\":\"EntryPoint\",\"urlTemplate\":\"https:\/\/fluterm.eu\/?s={search_term_string}\"},\"query-input\":\"required name=search_term_string\"}],\"inLanguage\":\"es\"}]}<\/script>\n<!-- \/ Yoast SEO plugin. -->","yoast_head_json":{"title":"Juego de colectores de lat\u00f3n 10 circuitos tubo pexal 16\u00d72 para radiadores totalmente equipados 10","description":"Order Juego de colectores de lat\u00f3n 10 circuitos tubo pexal 16\u00d72 para radiadores totalmente equipados 10 at a best price.","robots":{"index":"index","follow":"follow","max-snippet":"max-snippet:-1","max-image-preview":"max-image-preview:large","max-video-preview":"max-video-preview:-1"},"canonical":"https:\/\/fluterm.eu\/es\/prod\/juego-de-colectores-de-laton-10-circuitos-tubo-pexal-16x2-para-radiadores-totalmente-equipados-10\/","og_locale":"es_ES","og_type":"article","og_title":"Juego de colectores de lat\u00f3n 10 circuitos tubo pexal 16\u00d72 para radiadores totalmente equipados 10","og_description":"Order Juego de colectores de lat\u00f3n 10 circuitos tubo pexal 16\u00d72 para radiadores totalmente equipados 10 at a best price.","og_url":"https:\/\/fluterm.eu\/es\/prod\/juego-de-colectores-de-laton-10-circuitos-tubo-pexal-16x2-para-radiadores-totalmente-equipados-10\/","og_site_name":"fluterm.eu","og_image":[{"width":2000,"height":2000,"url":"https:\/\/fluterm.eu\/wp-content\/uploads\/2023\/07\/578D2BCB-55DB-4B11-91DB-03EA7B72A016.jpeg","type":"image\/jpeg"}],"twitter_card":"summary_large_image","schema":{"@context":"https:\/\/schema.org","@graph":[{"@type":"WebPage","@id":"https:\/\/fluterm.eu\/es\/prod\/juego-de-colectores-de-laton-10-circuitos-tubo-pexal-16x2-para-radiadores-totalmente-equipados-10\/","url":"https:\/\/fluterm.eu\/es\/prod\/juego-de-colectores-de-laton-10-circuitos-tubo-pexal-16x2-para-radiadores-totalmente-equipados-10\/","name":"Juego de colectores de lat\u00f3n 10 circuitos tubo pexal 16\u00d72 para radiadores totalmente equipados 10","isPartOf":{"@id":"https:\/\/fluterm.eu\/#website"},"datePublished":"2023-07-14T19:07:48+00:00","dateModified":"2023-07-14T19:07:48+00:00","description":"Order Juego de colectores de lat\u00f3n 10 circuitos tubo pexal 16\u00d72 para radiadores totalmente equipados 10 at a best price.","breadcrumb":{"@id":"https:\/\/fluterm.eu\/es\/prod\/juego-de-colectores-de-laton-10-circuitos-tubo-pexal-16x2-para-radiadores-totalmente-equipados-10\/#breadcrumb"},"inLanguage":"es","potentialAction":[{"@type":"ReadAction","target":["https:\/\/fluterm.eu\/es\/prod\/juego-de-colectores-de-laton-10-circuitos-tubo-pexal-16x2-para-radiadores-totalmente-equipados-10\/"]}]},{"@type":"BreadcrumbList","@id":"https:\/\/fluterm.eu\/es\/prod\/juego-de-colectores-de-laton-10-circuitos-tubo-pexal-16x2-para-radiadores-totalmente-equipados-10\/#breadcrumb","itemListElement":[{"@type":"ListItem","position":1,"name":"Home","item":"https:\/\/fluterm.eu\/es\/tienda\/"},{"@type":"ListItem","position":2,"name":"Tienda","item":"https:\/\/fluterm.eu\/es\/tienda\/"},{"@type":"ListItem","position":3,"name":"Juego de colectores de lat\u00f3n 10 circuitos tubo pexal 16\u00d72 para radiadores totalmente equipados 10"}]},{"@type":"WebSite","@id":"https:\/\/fluterm.eu\/#website","url":"https:\/\/fluterm.eu\/","name":"fluterm.eu","description":"","potentialAction":[{"@type":"SearchAction","target":{"@type":"EntryPoint","urlTemplate":"https:\/\/fluterm.eu\/?s={search_term_string}"},"query-input":"required name=search_term_string"}],"inLanguage":"es"}]}},"_links":{"self":[{"href":"https:\/\/fluterm.eu\/es\/wp-json\/wp\/v2\/product\/15437","targetHints":{"allow":["GET"]}}],"collection":[{"href":"https:\/\/fluterm.eu\/es\/wp-json\/wp\/v2\/product"}],"about":[{"href":"https:\/\/fluterm.eu\/es\/wp-json\/wp\/v2\/types\/product"}],"replies":[{"embeddable":true,"href":"https:\/\/fluterm.eu\/es\/wp-json\/wp\/v2\/comments?post=15437"}],"version-history":[{"count":0,"href":"https:\/\/fluterm.eu\/es\/wp-json\/wp\/v2\/product\/15437\/revisions"}],"wp:featuredmedia":[{"embeddable":true,"href":"https:\/\/fluterm.eu\/es\/wp-json\/wp\/v2\/media\/3631"}],"wp:attachment":[{"href":"https:\/\/fluterm.eu\/es\/wp-json\/wp\/v2\/media?parent=15437"}],"wp:term":[{"taxonomy":"product_cat","embeddable":true,"href":"https:\/\/fluterm.eu\/es\/wp-json\/wp\/v2\/product_cat?post=15437"},{"taxonomy":"product_tag","embeddable":true,"href":"https:\/\/fluterm.eu\/es\/wp-json\/wp\/v2\/product_tag?post=15437"}],"curies":[{"name":"wp","href":"https:\/\/api.w.org\/{rel}","templated":true}]}}