{"id":15481,"date":"2023-06-10T14:51:29","date_gmt":"2023-06-10T11:51:29","guid":{"rendered":"https:\/\/fluterm.eu\/prod\/paquete-de-calefaccion-por-suelo-radiante-100m2\/"},"modified":"2023-06-10T14:51:29","modified_gmt":"2023-06-10T11:51:29","slug":"underfloor-heating-package-120-140-m2","status":"publish","type":"product","link":"https:\/\/fluterm.eu\/es\/prod\/underfloor-heating-package-120-140-m2\/","title":{"rendered":"Paquete de calefacci\u00f3n por suelo radiante 100m2"},"content":{"rendered":"<div>Crear el sistema de calefacci\u00f3n por suelo radiante perfecto para su hogar o local comercial est\u00e1 a s\u00f3lo un paso con nuestro completo sistema de calefacci\u00f3n por suelo radiante de agua caliente. Con una longitud de tuber\u00eda suficiente para cubrir 100 m\u00b2, cuenta con todos los productos y piezas de alta calidad que cabr\u00eda esperar.<\/div>\n<div><\/div>\n<p>El sistema de calefacci\u00f3n por suelo radiante Pipe &amp; Clip es f\u00e1cil de instalar: la tuber\u00eda Pex se sujeta a la capa de aislamiento antes de aplicar la solera con llana o de verter la solera l\u00edquida.<\/p>\n<div>Siempre recomendamos que el tubo se corte con precisi\u00f3n y se escari\u00e9 para conseguir una buena conexi\u00f3n con los accesorios y evitar fugas.<\/div>\n<div><\/div>\n<div><b>Kit de calefacci\u00f3n &#8211; 100,0m\u00b2:<\/b><\/div>\n<div><\/div>\n<div>\n<ul>\n<li>800 metros de tubo de 16 mm garant\u00eda de por vida<\/li>\n<li>Bomba bio amg de bajo consumo con clasificaci\u00f3n \u00abA\u00bb y v\u00e1lvula de mezcla autom\u00e1tica thermomix<\/li>\n<li>Colector de 10 puertos &#8211; Lat\u00f3n niquelado de alta calidad con montaje de colector dualmix<\/li>\n<li>2 v\u00e1lvulas de vaciado\/llenado de agua<\/li>\n<li>2 x V\u00e1lvulas de bola termom\u00e9tricas<\/li>\n<li>2 v\u00e1lvulas de purga autom\u00e1ticas<\/li>\n<li>Conectores para tubos de 20 x 16 mm (Eurocono)<\/li>\n<li>Abrazaderas de tubo de alto agarre 3000<\/li>\n<li>750 Aislamiento de bordes<\/li>\n<li>papel de aluminio 100m2<\/li>\n<\/ul>\n<p>Cobertura de suelo: 100,0m\u00b2 &#8211; 120,0m\u00b2<br \/>\n&#8211; 100,0 m\u00b2 a una distancia de 100 mm para zonas con grandes p\u00e9rdidas de calor (invernaderos)<br \/>\n&#8211; 120,0 m\u00b2 a 200 mm de distancia para calefacci\u00f3n primaria (sal\u00f3n, ba\u00f1o, dormitorios)<\/p>\n<\/div>\n","protected":false},"excerpt":{"rendered":"<p>Crear el sistema de calefacci\u00f3n por suelo radiante perfecto para su hogar o local comercial est\u00e1 a s\u00f3lo un paso con nuestro completo sistema de calefacci\u00f3n por suelo radiante de agua caliente. Con una longitud de tuber\u00eda suficiente para cubrir 100 m\u00b2, cuenta con todos los productos y piezas de alta calidad que cabr\u00eda esperar.&hellip;<\/p>\n","protected":false},"featured_media":4345,"comment_status":"open","ping_status":"closed","template":"","meta":[],"product_cat":[887],"product_tag":[],"class_list":{"0":"post-15481","1":"product","2":"type-product","3":"status-publish","4":"has-post-thumbnail","6":"product_cat-paquetes-completos-de-calefaccion-por-suelo-radiante","8":"first","9":"instock","10":"sale","11":"taxable","12":"shipping-taxable","13":"purchasable","14":"product-type-simple","15":"col-xs-6 col-sm-4","16":"col-md-4 col-lg-4","17":"un-3-cols"},"acf":[],"yoast_head":"<!-- This site is optimized with the Yoast SEO plugin v21.2 - https:\/\/yoast.com\/wordpress\/plugins\/seo\/ -->\n<title>Paquete de calefacci\u00f3n por suelo radiante 100m2<\/title>\n<meta name=\"description\" content=\"Order Paquete de calefacci\u00f3n por suelo radiante 100m2 at a best price.\" \/>\n<meta name=\"robots\" content=\"index, follow, max-snippet:-1, max-image-preview:large, max-video-preview:-1\" \/>\n<link rel=\"canonical\" href=\"https:\/\/fluterm.eu\/es\/prod\/paquete-de-calefaccion-por-suelo-radiante-100m2\/\" \/>\n<meta property=\"og:locale\" content=\"es_ES\" \/>\n<meta property=\"og:type\" content=\"article\" \/>\n<meta property=\"og:title\" content=\"Paquete de calefacci\u00f3n por suelo radiante 100m2\" \/>\n<meta property=\"og:description\" content=\"Order Paquete de calefacci\u00f3n por suelo radiante 100m2 at a best price.\" \/>\n<meta property=\"og:url\" content=\"https:\/\/fluterm.eu\/es\/prod\/paquete-de-calefaccion-por-suelo-radiante-100m2\/\" \/>\n<meta property=\"og:site_name\" content=\"fluterm.eu\" \/>\n<meta property=\"og:image\" content=\"https:\/\/fluterm.eu\/wp-content\/uploads\/2023\/06\/61C3F3E1-9C0D-4E2C-947E-EA55D85A60BC-1.jpeg\" \/>\n\t<meta property=\"og:image:width\" content=\"1150\" \/>\n\t<meta property=\"og:image:height\" content=\"2048\" \/>\n\t<meta property=\"og:image:type\" content=\"image\/jpeg\" \/>\n<meta name=\"twitter:card\" content=\"summary_large_image\" \/>\n<meta name=\"twitter:label1\" content=\"Tiempo de lectura\" \/>\n\t<meta name=\"twitter:data1\" content=\"1 minuto\" \/>\n<script type=\"application\/ld+json\" class=\"yoast-schema-graph\">{\"@context\":\"https:\/\/schema.org\",\"@graph\":[{\"@type\":\"WebPage\",\"@id\":\"https:\/\/fluterm.eu\/es\/prod\/paquete-de-calefaccion-por-suelo-radiante-100m2\/\",\"url\":\"https:\/\/fluterm.eu\/es\/prod\/paquete-de-calefaccion-por-suelo-radiante-100m2\/\",\"name\":\"Paquete de calefacci\u00f3n por suelo radiante 100m2\",\"isPartOf\":{\"@id\":\"https:\/\/fluterm.eu\/#website\"},\"datePublished\":\"2023-06-10T11:51:29+00:00\",\"dateModified\":\"2023-06-10T11:51:29+00:00\",\"description\":\"Order Paquete de calefacci\u00f3n por suelo radiante 100m2 at a best price.\",\"breadcrumb\":{\"@id\":\"https:\/\/fluterm.eu\/es\/prod\/paquete-de-calefaccion-por-suelo-radiante-100m2\/#breadcrumb\"},\"inLanguage\":\"es\",\"potentialAction\":[{\"@type\":\"ReadAction\",\"target\":[\"https:\/\/fluterm.eu\/es\/prod\/paquete-de-calefaccion-por-suelo-radiante-100m2\/\"]}]},{\"@type\":\"BreadcrumbList\",\"@id\":\"https:\/\/fluterm.eu\/es\/prod\/paquete-de-calefaccion-por-suelo-radiante-100m2\/#breadcrumb\",\"itemListElement\":[{\"@type\":\"ListItem\",\"position\":1,\"name\":\"Home\",\"item\":\"https:\/\/fluterm.eu\/es\/tienda\/\"},{\"@type\":\"ListItem\",\"position\":2,\"name\":\"Tienda\",\"item\":\"https:\/\/fluterm.eu\/es\/tienda\/\"},{\"@type\":\"ListItem\",\"position\":3,\"name\":\"Paquete de calefacci\u00f3n por suelo radiante 100m2\"}]},{\"@type\":\"WebSite\",\"@id\":\"https:\/\/fluterm.eu\/#website\",\"url\":\"https:\/\/fluterm.eu\/\",\"name\":\"fluterm.eu\",\"description\":\"\",\"potentialAction\":[{\"@type\":\"SearchAction\",\"target\":{\"@type\":\"EntryPoint\",\"urlTemplate\":\"https:\/\/fluterm.eu\/?s={search_term_string}\"},\"query-input\":\"required name=search_term_string\"}],\"inLanguage\":\"es\"}]}<\/script>\n<!-- \/ Yoast SEO plugin. -->","yoast_head_json":{"title":"Paquete de calefacci\u00f3n por suelo radiante 100m2","description":"Order Paquete de calefacci\u00f3n por suelo radiante 100m2 at a best price.","robots":{"index":"index","follow":"follow","max-snippet":"max-snippet:-1","max-image-preview":"max-image-preview:large","max-video-preview":"max-video-preview:-1"},"canonical":"https:\/\/fluterm.eu\/es\/prod\/paquete-de-calefaccion-por-suelo-radiante-100m2\/","og_locale":"es_ES","og_type":"article","og_title":"Paquete de calefacci\u00f3n por suelo radiante 100m2","og_description":"Order Paquete de calefacci\u00f3n por suelo radiante 100m2 at a best price.","og_url":"https:\/\/fluterm.eu\/es\/prod\/paquete-de-calefaccion-por-suelo-radiante-100m2\/","og_site_name":"fluterm.eu","og_image":[{"width":1150,"height":2048,"url":"https:\/\/fluterm.eu\/wp-content\/uploads\/2023\/06\/61C3F3E1-9C0D-4E2C-947E-EA55D85A60BC-1.jpeg","type":"image\/jpeg"}],"twitter_card":"summary_large_image","twitter_misc":{"Tiempo de lectura":"1 minuto"},"schema":{"@context":"https:\/\/schema.org","@graph":[{"@type":"WebPage","@id":"https:\/\/fluterm.eu\/es\/prod\/paquete-de-calefaccion-por-suelo-radiante-100m2\/","url":"https:\/\/fluterm.eu\/es\/prod\/paquete-de-calefaccion-por-suelo-radiante-100m2\/","name":"Paquete de calefacci\u00f3n por suelo radiante 100m2","isPartOf":{"@id":"https:\/\/fluterm.eu\/#website"},"datePublished":"2023-06-10T11:51:29+00:00","dateModified":"2023-06-10T11:51:29+00:00","description":"Order Paquete de calefacci\u00f3n por suelo radiante 100m2 at a best price.","breadcrumb":{"@id":"https:\/\/fluterm.eu\/es\/prod\/paquete-de-calefaccion-por-suelo-radiante-100m2\/#breadcrumb"},"inLanguage":"es","potentialAction":[{"@type":"ReadAction","target":["https:\/\/fluterm.eu\/es\/prod\/paquete-de-calefaccion-por-suelo-radiante-100m2\/"]}]},{"@type":"BreadcrumbList","@id":"https:\/\/fluterm.eu\/es\/prod\/paquete-de-calefaccion-por-suelo-radiante-100m2\/#breadcrumb","itemListElement":[{"@type":"ListItem","position":1,"name":"Home","item":"https:\/\/fluterm.eu\/es\/tienda\/"},{"@type":"ListItem","position":2,"name":"Tienda","item":"https:\/\/fluterm.eu\/es\/tienda\/"},{"@type":"ListItem","position":3,"name":"Paquete de calefacci\u00f3n por suelo radiante 100m2"}]},{"@type":"WebSite","@id":"https:\/\/fluterm.eu\/#website","url":"https:\/\/fluterm.eu\/","name":"fluterm.eu","description":"","potentialAction":[{"@type":"SearchAction","target":{"@type":"EntryPoint","urlTemplate":"https:\/\/fluterm.eu\/?s={search_term_string}"},"query-input":"required name=search_term_string"}],"inLanguage":"es"}]}},"_links":{"self":[{"href":"https:\/\/fluterm.eu\/es\/wp-json\/wp\/v2\/product\/15481","targetHints":{"allow":["GET"]}}],"collection":[{"href":"https:\/\/fluterm.eu\/es\/wp-json\/wp\/v2\/product"}],"about":[{"href":"https:\/\/fluterm.eu\/es\/wp-json\/wp\/v2\/types\/product"}],"replies":[{"embeddable":true,"href":"https:\/\/fluterm.eu\/es\/wp-json\/wp\/v2\/comments?post=15481"}],"version-history":[{"count":0,"href":"https:\/\/fluterm.eu\/es\/wp-json\/wp\/v2\/product\/15481\/revisions"}],"wp:featuredmedia":[{"embeddable":true,"href":"https:\/\/fluterm.eu\/es\/wp-json\/wp\/v2\/media\/4345"}],"wp:attachment":[{"href":"https:\/\/fluterm.eu\/es\/wp-json\/wp\/v2\/media?parent=15481"}],"wp:term":[{"taxonomy":"product_cat","embeddable":true,"href":"https:\/\/fluterm.eu\/es\/wp-json\/wp\/v2\/product_cat?post=15481"},{"taxonomy":"product_tag","embeddable":true,"href":"https:\/\/fluterm.eu\/es\/wp-json\/wp\/v2\/product_tag?post=15481"}],"curies":[{"name":"wp","href":"https:\/\/api.w.org\/{rel}","templated":true}]}}