{"id":15525,"date":"2023-07-02T18:50:13","date_gmt":"2023-07-02T15:50:13","guid":{"rendered":"https:\/\/fluterm.eu\/prod\/tubo-de-calefaccion-por-suelo-radiante-rehau-rautherm-s-17mm\/"},"modified":"2023-07-02T18:50:13","modified_gmt":"2023-07-02T15:50:13","slug":"rehau-rautherm-s-tubo-17mm","status":"publish","type":"product","link":"https:\/\/fluterm.eu\/es\/prod\/rehau-rautherm-s-tubo-17mm\/","title":{"rendered":"Tubo de calefacci\u00f3n por suelo radiante Rehau Rautherm-S 17mm"},"content":{"rendered":"<h2>Tubo Rehau Rautherm-S 17 mm<\/h2>\n<p>El tubo de calefacci\u00f3n RAUTHERM S y la t\u00e9cnica de uni\u00f3n por casquillo corredizo son los componentes centrales de los sistemas de montaje para casi todas las variantes de uso.<\/p>\n<ul>\n<li>Excelente resistencia a altas temperaturas, hasta 110 grados Celsius<\/li>\n<li>No se agrieta bajo carga<\/li>\n<li>Tiene una forma estable<\/li>\n<li>Relaci\u00f3n \u00f3ptima entre flexibilidad y demanda de presi\u00f3n<\/li>\n<li>Excelente resistencia al envejecimiento por calor<\/li>\n<li>Muy buena resistencia por debajo de -50\u00b0C<\/li>\n<li>Muy buena resistencia al desgaste por fricci\u00f3n e impacto mec\u00e1nico<\/li>\n<li>Sin da\u00f1os por flexi\u00f3n del material<\/li>\n<li>El efecto memoria (el tubo tiende a volver a la forma de la secci\u00f3n inicial).<\/li>\n<li>Muy buena resistencia a los agentes qu\u00edmicos<\/li>\n<li>Estrecha a la difusi\u00f3n de ox\u00edgeno debido a la capa protectora de eval<\/li>\n<li>Bajo ruido de drenaje<\/li>\n<li>Reducci\u00f3n de las p\u00e9rdidas de embarazo<\/li>\n<li>No contiene iones de metales pesados<\/li>\n<li>Resistencia a la corrosi\u00f3n<\/li>\n<li>Las incrustaciones no se depositan ni siquiera tras a\u00f1os de explotaci\u00f3n<\/li>\n<\/ul>\n<p>* El precio indicado corresponde a un metro lineal.<\/p>\n<p>Material: polietileno reticulado tipo \u00aba\u00bb con memoria de forma.<\/p>\n<p>Presi\u00f3n de trabajo (m\u00e1x.) 6 bar<\/p>\n<p>Temperatura de trabajo (m\u00e1x): 90 gr.C. La temperatura m\u00e1xima permitida a corto plazo: 115 grd.C<\/p>\n<p>Protecci\u00f3n contra la difusi\u00f3n de ox\u00edgeno<\/p>\n<p>Densidad (cf. DIN 53497): 0,93 g\/cmc<\/p>\n<p>M\u00f3dulo de elasticidad (cf. DIN 53497): aprox. 600 N\/m<\/p>\n<p>Resistencia a +20 grd.C sin romperse. Resistencia hasta -20 grados C sin romperse<\/p>\n<p>Coeficiente de dilataci\u00f3n longitudinal a 20 grd.C: 1,4 x 10-4K-1, Coeficiente de dilataci\u00f3n longitudinal a 100 grd.C: 2,0 x 10-4K-1<\/p>\n<p>Coeficiente de conductividad t\u00e9rmica: 0,35 W\/mK<\/p>\n<p>Permeabilidad al O2 a 40 C: &lt;\/= 0,1 mg\/lxd<\/p>\n<p>Rugosidad del tubo k: 0,007 mm<\/p>\n","protected":false},"excerpt":{"rendered":"<p>Tubo Rehau Rautherm-S 17 mm El tubo de calefacci\u00f3n RAUTHERM S y la t\u00e9cnica de uni\u00f3n por casquillo corredizo son los componentes centrales de los sistemas de montaje para casi todas las variantes de uso. Excelente resistencia a altas temperaturas, hasta 110 grados Celsius No se agrieta bajo carga Tiene una forma estable Relaci\u00f3n \u00f3ptima&hellip;<\/p>\n","protected":false},"featured_media":3337,"comment_status":"open","ping_status":"closed","template":"","meta":[],"product_cat":[868],"product_tag":[],"class_list":{"0":"post-15525","1":"product","2":"type-product","3":"status-publish","4":"has-post-thumbnail","6":"product_cat-tuberia-de-calefaccion-por-suelo-radiante","8":"first","9":"instock","10":"sale","11":"taxable","12":"shipping-taxable","13":"purchasable","14":"product-type-simple","15":"col-xs-6 col-sm-4","16":"col-md-4 col-lg-4","17":"un-3-cols"},"acf":[],"yoast_head":"<!-- This site is optimized with the Yoast SEO plugin v21.2 - https:\/\/yoast.com\/wordpress\/plugins\/seo\/ -->\n<title>Tubo de calefacci\u00f3n por suelo radiante Rehau Rautherm-S 17mm<\/title>\n<meta name=\"description\" content=\"Order Tubo de calefacci\u00f3n por suelo radiante Rehau Rautherm-S 17mm at a best price.\" \/>\n<meta name=\"robots\" content=\"index, follow, max-snippet:-1, max-image-preview:large, max-video-preview:-1\" \/>\n<link rel=\"canonical\" href=\"https:\/\/fluterm.eu\/es\/prod\/tubo-de-calefaccion-por-suelo-radiante-rehau-rautherm-s-17mm\/\" \/>\n<meta property=\"og:locale\" content=\"es_ES\" \/>\n<meta property=\"og:type\" content=\"article\" \/>\n<meta property=\"og:title\" content=\"Tubo de calefacci\u00f3n por suelo radiante Rehau Rautherm-S 17mm\" \/>\n<meta property=\"og:description\" content=\"Order Tubo de calefacci\u00f3n por suelo radiante Rehau Rautherm-S 17mm at a best price.\" \/>\n<meta property=\"og:url\" content=\"https:\/\/fluterm.eu\/es\/prod\/tubo-de-calefaccion-por-suelo-radiante-rehau-rautherm-s-17mm\/\" \/>\n<meta property=\"og:site_name\" content=\"fluterm.eu\" \/>\n<meta property=\"og:image\" content=\"https:\/\/fluterm.eu\/wp-content\/uploads\/2023\/07\/12A5F521-8C25-422C-B15B-8035068EDE3C_4_5005_c.jpeg\" \/>\n\t<meta property=\"og:image:width\" content=\"224\" \/>\n\t<meta property=\"og:image:height\" content=\"224\" \/>\n\t<meta property=\"og:image:type\" content=\"image\/jpeg\" \/>\n<meta name=\"twitter:card\" content=\"summary_large_image\" \/>\n<meta name=\"twitter:label1\" content=\"Tiempo de lectura\" \/>\n\t<meta name=\"twitter:data1\" content=\"1 minuto\" \/>\n<script type=\"application\/ld+json\" class=\"yoast-schema-graph\">{\"@context\":\"https:\/\/schema.org\",\"@graph\":[{\"@type\":\"WebPage\",\"@id\":\"https:\/\/fluterm.eu\/es\/prod\/tubo-de-calefaccion-por-suelo-radiante-rehau-rautherm-s-17mm\/\",\"url\":\"https:\/\/fluterm.eu\/es\/prod\/tubo-de-calefaccion-por-suelo-radiante-rehau-rautherm-s-17mm\/\",\"name\":\"Tubo de calefacci\u00f3n por suelo radiante Rehau Rautherm-S 17mm\",\"isPartOf\":{\"@id\":\"https:\/\/fluterm.eu\/#website\"},\"datePublished\":\"2023-07-02T15:50:13+00:00\",\"dateModified\":\"2023-07-02T15:50:13+00:00\",\"description\":\"Order Tubo de calefacci\u00f3n por suelo radiante Rehau Rautherm-S 17mm at a best price.\",\"breadcrumb\":{\"@id\":\"https:\/\/fluterm.eu\/es\/prod\/tubo-de-calefaccion-por-suelo-radiante-rehau-rautherm-s-17mm\/#breadcrumb\"},\"inLanguage\":\"es\",\"potentialAction\":[{\"@type\":\"ReadAction\",\"target\":[\"https:\/\/fluterm.eu\/es\/prod\/tubo-de-calefaccion-por-suelo-radiante-rehau-rautherm-s-17mm\/\"]}]},{\"@type\":\"BreadcrumbList\",\"@id\":\"https:\/\/fluterm.eu\/es\/prod\/tubo-de-calefaccion-por-suelo-radiante-rehau-rautherm-s-17mm\/#breadcrumb\",\"itemListElement\":[{\"@type\":\"ListItem\",\"position\":1,\"name\":\"Home\",\"item\":\"https:\/\/fluterm.eu\/es\/tienda\/\"},{\"@type\":\"ListItem\",\"position\":2,\"name\":\"Tienda\",\"item\":\"https:\/\/fluterm.eu\/es\/tienda\/\"},{\"@type\":\"ListItem\",\"position\":3,\"name\":\"Tubo de calefacci\u00f3n por suelo radiante Rehau Rautherm-S 17mm\"}]},{\"@type\":\"WebSite\",\"@id\":\"https:\/\/fluterm.eu\/#website\",\"url\":\"https:\/\/fluterm.eu\/\",\"name\":\"fluterm.eu\",\"description\":\"\",\"potentialAction\":[{\"@type\":\"SearchAction\",\"target\":{\"@type\":\"EntryPoint\",\"urlTemplate\":\"https:\/\/fluterm.eu\/?s={search_term_string}\"},\"query-input\":\"required name=search_term_string\"}],\"inLanguage\":\"es\"}]}<\/script>\n<!-- \/ Yoast SEO plugin. -->","yoast_head_json":{"title":"Tubo de calefacci\u00f3n por suelo radiante Rehau Rautherm-S 17mm","description":"Order Tubo de calefacci\u00f3n por suelo radiante Rehau Rautherm-S 17mm at a best price.","robots":{"index":"index","follow":"follow","max-snippet":"max-snippet:-1","max-image-preview":"max-image-preview:large","max-video-preview":"max-video-preview:-1"},"canonical":"https:\/\/fluterm.eu\/es\/prod\/tubo-de-calefaccion-por-suelo-radiante-rehau-rautherm-s-17mm\/","og_locale":"es_ES","og_type":"article","og_title":"Tubo de calefacci\u00f3n por suelo radiante Rehau Rautherm-S 17mm","og_description":"Order Tubo de calefacci\u00f3n por suelo radiante Rehau Rautherm-S 17mm at a best price.","og_url":"https:\/\/fluterm.eu\/es\/prod\/tubo-de-calefaccion-por-suelo-radiante-rehau-rautherm-s-17mm\/","og_site_name":"fluterm.eu","og_image":[{"width":224,"height":224,"url":"https:\/\/fluterm.eu\/wp-content\/uploads\/2023\/07\/12A5F521-8C25-422C-B15B-8035068EDE3C_4_5005_c.jpeg","type":"image\/jpeg"}],"twitter_card":"summary_large_image","twitter_misc":{"Tiempo de lectura":"1 minuto"},"schema":{"@context":"https:\/\/schema.org","@graph":[{"@type":"WebPage","@id":"https:\/\/fluterm.eu\/es\/prod\/tubo-de-calefaccion-por-suelo-radiante-rehau-rautherm-s-17mm\/","url":"https:\/\/fluterm.eu\/es\/prod\/tubo-de-calefaccion-por-suelo-radiante-rehau-rautherm-s-17mm\/","name":"Tubo de calefacci\u00f3n por suelo radiante Rehau Rautherm-S 17mm","isPartOf":{"@id":"https:\/\/fluterm.eu\/#website"},"datePublished":"2023-07-02T15:50:13+00:00","dateModified":"2023-07-02T15:50:13+00:00","description":"Order Tubo de calefacci\u00f3n por suelo radiante Rehau Rautherm-S 17mm at a best price.","breadcrumb":{"@id":"https:\/\/fluterm.eu\/es\/prod\/tubo-de-calefaccion-por-suelo-radiante-rehau-rautherm-s-17mm\/#breadcrumb"},"inLanguage":"es","potentialAction":[{"@type":"ReadAction","target":["https:\/\/fluterm.eu\/es\/prod\/tubo-de-calefaccion-por-suelo-radiante-rehau-rautherm-s-17mm\/"]}]},{"@type":"BreadcrumbList","@id":"https:\/\/fluterm.eu\/es\/prod\/tubo-de-calefaccion-por-suelo-radiante-rehau-rautherm-s-17mm\/#breadcrumb","itemListElement":[{"@type":"ListItem","position":1,"name":"Home","item":"https:\/\/fluterm.eu\/es\/tienda\/"},{"@type":"ListItem","position":2,"name":"Tienda","item":"https:\/\/fluterm.eu\/es\/tienda\/"},{"@type":"ListItem","position":3,"name":"Tubo de calefacci\u00f3n por suelo radiante Rehau Rautherm-S 17mm"}]},{"@type":"WebSite","@id":"https:\/\/fluterm.eu\/#website","url":"https:\/\/fluterm.eu\/","name":"fluterm.eu","description":"","potentialAction":[{"@type":"SearchAction","target":{"@type":"EntryPoint","urlTemplate":"https:\/\/fluterm.eu\/?s={search_term_string}"},"query-input":"required name=search_term_string"}],"inLanguage":"es"}]}},"_links":{"self":[{"href":"https:\/\/fluterm.eu\/es\/wp-json\/wp\/v2\/product\/15525","targetHints":{"allow":["GET"]}}],"collection":[{"href":"https:\/\/fluterm.eu\/es\/wp-json\/wp\/v2\/product"}],"about":[{"href":"https:\/\/fluterm.eu\/es\/wp-json\/wp\/v2\/types\/product"}],"replies":[{"embeddable":true,"href":"https:\/\/fluterm.eu\/es\/wp-json\/wp\/v2\/comments?post=15525"}],"version-history":[{"count":0,"href":"https:\/\/fluterm.eu\/es\/wp-json\/wp\/v2\/product\/15525\/revisions"}],"wp:featuredmedia":[{"embeddable":true,"href":"https:\/\/fluterm.eu\/es\/wp-json\/wp\/v2\/media\/3337"}],"wp:attachment":[{"href":"https:\/\/fluterm.eu\/es\/wp-json\/wp\/v2\/media?parent=15525"}],"wp:term":[{"taxonomy":"product_cat","embeddable":true,"href":"https:\/\/fluterm.eu\/es\/wp-json\/wp\/v2\/product_cat?post=15525"},{"taxonomy":"product_tag","embeddable":true,"href":"https:\/\/fluterm.eu\/es\/wp-json\/wp\/v2\/product_tag?post=15525"}],"curies":[{"name":"wp","href":"https:\/\/api.w.org\/{rel}","templated":true}]}}