{"id":9786,"date":"2023-08-23T10:57:14","date_gmt":"2023-08-23T07:57:14","guid":{"rendered":"https:\/\/fluterm.eu\/prod\/huawei-hybrid-sun2000-3ktl-l1-inversor-3-000w-monofasico\/"},"modified":"2023-09-16T00:56:37","modified_gmt":"2023-09-15T21:56:37","slug":"huawei-hybrid-sun2000-3ktl-l1-invertes-3-000w-monofasico","status":"publish","type":"product","link":"https:\/\/fluterm.eu\/es\/prod\/huawei-hybrid-sun2000-3ktl-l1-invertes-3-000w-monofasico\/","title":{"rendered":"Huawei Hybrid SUN2000-3KTL-L1 Inversor &#8211; 3.000W Monof\u00e1sico"},"content":{"rendered":"<p>El inversor h\u00edbrido <strong>SUN2000L-3KTL-L1<\/strong> de Huawei forma parte de la nueva e innovadora gama de inversores residenciales de Huawei. Este inversor inteligente de Huawei cuenta con protecci\u00f3n activa contra arcos voltaicos, mayor eficiencia con hasta un 30% m\u00e1s de energ\u00eda gracias a los nuevos optimizadores SUN2000-450W-P y adem\u00e1s ofrece la posibilidad de conectar bater\u00edas de acumulaci\u00f3n de litio como la lg 10 charm o la nueva bater\u00eda modular de Huawei LUNA2000-SO.<\/p>\n","protected":false},"excerpt":{"rendered":"<p>El inversor h\u00edbrido SUN2000L-3KTL-L1 de Huawei forma parte de la nueva e innovadora gama de inversores residenciales de Huawei. Este inversor inteligente de Huawei cuenta con protecci\u00f3n activa contra arcos voltaicos, mayor eficiencia con hasta un 30% m\u00e1s de energ\u00eda gracias a los nuevos optimizadores SUN2000-450W-P y adem\u00e1s ofrece la posibilidad de conectar bater\u00edas de&hellip;<\/p>\n","protected":false},"featured_media":9791,"comment_status":"open","ping_status":"closed","template":"","meta":[],"product_cat":[799],"product_tag":[],"class_list":{"0":"post-9786","1":"product","2":"type-product","3":"status-publish","4":"has-post-thumbnail","6":"product_cat-kits-fotovoltaicos-es","8":"first","9":"instock","10":"taxable","11":"shipping-taxable","12":"purchasable","13":"product-type-simple","14":"col-xs-6 col-sm-4","15":"col-md-4 col-lg-4","16":"un-3-cols"},"acf":[],"yoast_head":"<!-- This site is optimized with the Yoast SEO plugin v21.2 - https:\/\/yoast.com\/wordpress\/plugins\/seo\/ -->\n<title>Huawei Hybrid SUN2000-3KTL-L1 Inversor - 3.000W Monof\u00e1sico<\/title>\n<meta name=\"description\" content=\"Order Huawei Hybrid SUN2000-3KTL-L1 Inversor - 3.000W Monof\u00e1sico at a best price.\" \/>\n<meta name=\"robots\" content=\"index, follow, max-snippet:-1, max-image-preview:large, max-video-preview:-1\" \/>\n<link rel=\"canonical\" href=\"https:\/\/fluterm.eu\/es\/prod\/huawei-hybrid-sun2000-3ktl-l1-inversor-3-000w-monofasico\/\" \/>\n<meta property=\"og:locale\" content=\"es_ES\" \/>\n<meta property=\"og:type\" content=\"article\" \/>\n<meta property=\"og:title\" content=\"Huawei Hybrid SUN2000-3KTL-L1 Inversor - 3.000W Monof\u00e1sico\" \/>\n<meta property=\"og:description\" content=\"Order Huawei Hybrid SUN2000-3KTL-L1 Inversor - 3.000W Monof\u00e1sico at a best price.\" \/>\n<meta property=\"og:url\" content=\"https:\/\/fluterm.eu\/es\/prod\/huawei-hybrid-sun2000-3ktl-l1-inversor-3-000w-monofasico\/\" \/>\n<meta property=\"og:site_name\" content=\"fluterm.eu\" \/>\n<meta property=\"article:modified_time\" content=\"2023-09-15T21:56:37+00:00\" \/>\n<meta property=\"og:image\" content=\"https:\/\/fluterm.eu\/wp-content\/uploads\/2023\/08\/35E72A15-B2C9-4988-86E8-3F18C03F1AE3.jpeg\" \/>\n\t<meta property=\"og:image:width\" content=\"432\" \/>\n\t<meta property=\"og:image:height\" content=\"432\" \/>\n\t<meta property=\"og:image:type\" content=\"image\/jpeg\" \/>\n<meta name=\"twitter:card\" content=\"summary_large_image\" \/>\n<script type=\"application\/ld+json\" class=\"yoast-schema-graph\">{\"@context\":\"https:\/\/schema.org\",\"@graph\":[{\"@type\":\"WebPage\",\"@id\":\"https:\/\/fluterm.eu\/es\/prod\/huawei-hybrid-sun2000-3ktl-l1-inversor-3-000w-monofasico\/\",\"url\":\"https:\/\/fluterm.eu\/es\/prod\/huawei-hybrid-sun2000-3ktl-l1-inversor-3-000w-monofasico\/\",\"name\":\"Huawei Hybrid SUN2000-3KTL-L1 Inversor - 3.000W Monof\u00e1sico\",\"isPartOf\":{\"@id\":\"https:\/\/fluterm.eu\/#website\"},\"datePublished\":\"2023-08-23T07:57:14+00:00\",\"dateModified\":\"2023-09-15T21:56:37+00:00\",\"description\":\"Order Huawei Hybrid SUN2000-3KTL-L1 Inversor - 3.000W Monof\u00e1sico at a best price.\",\"breadcrumb\":{\"@id\":\"https:\/\/fluterm.eu\/es\/prod\/huawei-hybrid-sun2000-3ktl-l1-inversor-3-000w-monofasico\/#breadcrumb\"},\"inLanguage\":\"es\",\"potentialAction\":[{\"@type\":\"ReadAction\",\"target\":[\"https:\/\/fluterm.eu\/es\/prod\/huawei-hybrid-sun2000-3ktl-l1-inversor-3-000w-monofasico\/\"]}]},{\"@type\":\"BreadcrumbList\",\"@id\":\"https:\/\/fluterm.eu\/es\/prod\/huawei-hybrid-sun2000-3ktl-l1-inversor-3-000w-monofasico\/#breadcrumb\",\"itemListElement\":[{\"@type\":\"ListItem\",\"position\":1,\"name\":\"Home\",\"item\":\"https:\/\/fluterm.eu\/es\/tienda\/\"},{\"@type\":\"ListItem\",\"position\":2,\"name\":\"Tienda\",\"item\":\"https:\/\/fluterm.eu\/es\/tienda\/\"},{\"@type\":\"ListItem\",\"position\":3,\"name\":\"Huawei Hybrid SUN2000-3KTL-L1 Inversor &#8211; 3.000W Monof\u00e1sico\"}]},{\"@type\":\"WebSite\",\"@id\":\"https:\/\/fluterm.eu\/#website\",\"url\":\"https:\/\/fluterm.eu\/\",\"name\":\"fluterm.eu\",\"description\":\"\",\"potentialAction\":[{\"@type\":\"SearchAction\",\"target\":{\"@type\":\"EntryPoint\",\"urlTemplate\":\"https:\/\/fluterm.eu\/?s={search_term_string}\"},\"query-input\":\"required name=search_term_string\"}],\"inLanguage\":\"es\"}]}<\/script>\n<!-- \/ Yoast SEO plugin. -->","yoast_head_json":{"title":"Huawei Hybrid SUN2000-3KTL-L1 Inversor - 3.000W Monof\u00e1sico","description":"Order Huawei Hybrid SUN2000-3KTL-L1 Inversor - 3.000W Monof\u00e1sico at a best price.","robots":{"index":"index","follow":"follow","max-snippet":"max-snippet:-1","max-image-preview":"max-image-preview:large","max-video-preview":"max-video-preview:-1"},"canonical":"https:\/\/fluterm.eu\/es\/prod\/huawei-hybrid-sun2000-3ktl-l1-inversor-3-000w-monofasico\/","og_locale":"es_ES","og_type":"article","og_title":"Huawei Hybrid SUN2000-3KTL-L1 Inversor - 3.000W Monof\u00e1sico","og_description":"Order Huawei Hybrid SUN2000-3KTL-L1 Inversor - 3.000W Monof\u00e1sico at a best price.","og_url":"https:\/\/fluterm.eu\/es\/prod\/huawei-hybrid-sun2000-3ktl-l1-inversor-3-000w-monofasico\/","og_site_name":"fluterm.eu","article_modified_time":"2023-09-15T21:56:37+00:00","og_image":[{"width":432,"height":432,"url":"https:\/\/fluterm.eu\/wp-content\/uploads\/2023\/08\/35E72A15-B2C9-4988-86E8-3F18C03F1AE3.jpeg","type":"image\/jpeg"}],"twitter_card":"summary_large_image","schema":{"@context":"https:\/\/schema.org","@graph":[{"@type":"WebPage","@id":"https:\/\/fluterm.eu\/es\/prod\/huawei-hybrid-sun2000-3ktl-l1-inversor-3-000w-monofasico\/","url":"https:\/\/fluterm.eu\/es\/prod\/huawei-hybrid-sun2000-3ktl-l1-inversor-3-000w-monofasico\/","name":"Huawei Hybrid SUN2000-3KTL-L1 Inversor - 3.000W Monof\u00e1sico","isPartOf":{"@id":"https:\/\/fluterm.eu\/#website"},"datePublished":"2023-08-23T07:57:14+00:00","dateModified":"2023-09-15T21:56:37+00:00","description":"Order Huawei Hybrid SUN2000-3KTL-L1 Inversor - 3.000W Monof\u00e1sico at a best price.","breadcrumb":{"@id":"https:\/\/fluterm.eu\/es\/prod\/huawei-hybrid-sun2000-3ktl-l1-inversor-3-000w-monofasico\/#breadcrumb"},"inLanguage":"es","potentialAction":[{"@type":"ReadAction","target":["https:\/\/fluterm.eu\/es\/prod\/huawei-hybrid-sun2000-3ktl-l1-inversor-3-000w-monofasico\/"]}]},{"@type":"BreadcrumbList","@id":"https:\/\/fluterm.eu\/es\/prod\/huawei-hybrid-sun2000-3ktl-l1-inversor-3-000w-monofasico\/#breadcrumb","itemListElement":[{"@type":"ListItem","position":1,"name":"Home","item":"https:\/\/fluterm.eu\/es\/tienda\/"},{"@type":"ListItem","position":2,"name":"Tienda","item":"https:\/\/fluterm.eu\/es\/tienda\/"},{"@type":"ListItem","position":3,"name":"Huawei Hybrid SUN2000-3KTL-L1 Inversor &#8211; 3.000W Monof\u00e1sico"}]},{"@type":"WebSite","@id":"https:\/\/fluterm.eu\/#website","url":"https:\/\/fluterm.eu\/","name":"fluterm.eu","description":"","potentialAction":[{"@type":"SearchAction","target":{"@type":"EntryPoint","urlTemplate":"https:\/\/fluterm.eu\/?s={search_term_string}"},"query-input":"required name=search_term_string"}],"inLanguage":"es"}]}},"_links":{"self":[{"href":"https:\/\/fluterm.eu\/es\/wp-json\/wp\/v2\/product\/9786","targetHints":{"allow":["GET"]}}],"collection":[{"href":"https:\/\/fluterm.eu\/es\/wp-json\/wp\/v2\/product"}],"about":[{"href":"https:\/\/fluterm.eu\/es\/wp-json\/wp\/v2\/types\/product"}],"replies":[{"embeddable":true,"href":"https:\/\/fluterm.eu\/es\/wp-json\/wp\/v2\/comments?post=9786"}],"version-history":[{"count":1,"href":"https:\/\/fluterm.eu\/es\/wp-json\/wp\/v2\/product\/9786\/revisions"}],"predecessor-version":[{"id":13878,"href":"https:\/\/fluterm.eu\/es\/wp-json\/wp\/v2\/product\/9786\/revisions\/13878"}],"wp:featuredmedia":[{"embeddable":true,"href":"https:\/\/fluterm.eu\/es\/wp-json\/wp\/v2\/media\/9791"}],"wp:attachment":[{"href":"https:\/\/fluterm.eu\/es\/wp-json\/wp\/v2\/media?parent=9786"}],"wp:term":[{"taxonomy":"product_cat","embeddable":true,"href":"https:\/\/fluterm.eu\/es\/wp-json\/wp\/v2\/product_cat?post=9786"},{"taxonomy":"product_tag","embeddable":true,"href":"https:\/\/fluterm.eu\/es\/wp-json\/wp\/v2\/product_tag?post=9786"}],"curies":[{"name":"wp","href":"https:\/\/api.w.org\/{rel}","templated":true}]}}