{"id":4458,"date":"2022-10-01T08:14:55","date_gmt":"2022-10-01T05:14:55","guid":{"rendered":"https:\/\/fluterm.eu\/palautus-ja-palautusehdot\/"},"modified":"2023-09-04T19:12:04","modified_gmt":"2023-09-04T16:12:04","slug":"palautus-ja-palautusehdot","status":"publish","type":"page","link":"https:\/\/fluterm.eu\/fi\/palautus-ja-palautusehdot\/","title":{"rendered":"Palautus- ja palautusehdot"},"content":{"rendered":"&#13;\n<p>\u00a0<\/p>&#13;\n<h1><strong>Refund and returns policy<\/strong><\/h1>&#13;\n<p><br\/>Vakuutuksemme on voimassa 14 kalenterip\u00e4iv\u00e4n ajan ostop\u00e4iv\u00e4st\u00e4. Jos haluat palauttaa tuotteen hyvityst\u00e4 varten t\u00e4m\u00e4n ajanjakson aikana, voit tehd\u00e4 sen, jos alla olevat ehdot t\u00e4yttyv\u00e4t. Huomaathan, ett\u00e4 jos 14 p\u00e4iv\u00e4n m\u00e4\u00e4r\u00e4aika on umpeutunut, emme valitettavasti voi tarjota sinulle hyvityst\u00e4.<\/p>&#13;\n<p>Palautusvaatimukset<\/p>&#13;\n<p>Palautuksen saamiseksi on t\u00e4ytett\u00e4v\u00e4 seuraavat kriteerit:<\/p>&#13;\n<p>&#8211; Tuote on viallinen<br\/>&#8211; Tuote ei vastaa kuvausta<br\/>&#8211; Tuotteen on oltava avaamaton<br\/>&#8211; Tuotteen on oltava alkuper\u00e4ispakkauksessa<br\/>&#8211; Tuotteen on oltava k\u00e4ytt\u00e4m\u00e4t\u00f6n<br\/>&#8211; Tuote ei saa vahingoittua<\/p>&#13;\n<p>Jotta voidaan varmistaa, ett\u00e4 edell\u00e4 mainitut kriteerit t\u00e4yttyv\u00e4t, kaikki palautukset tarkastetaan. Jos tuote ei t\u00e4yt\u00e4 lueteltuja kriteerej\u00e4, pid\u00e4t\u00e4mme oikeuden olla my\u00f6nt\u00e4m\u00e4tt\u00e4 hyvityst\u00e4.<\/p>&#13;\n<p>Ostotodistus<\/p>&#13;\n<p>Palautuksen suorittamiseksi tarvitsemme kuitin, ostotilauksen tai muun ostotodistuksen. Huomaathan, ett\u00e4 ilman edell\u00e4 mainittua ostotodistusta emme anna hyvityst\u00e4.<\/p>&#13;\n<p>Yhteydenotto meihin<\/p>&#13;\n<p>Jos sinulla on kysymyksi\u00e4, huolenaiheita tai valituksia t\u00e4st\u00e4 palautusk\u00e4yt\u00e4nn\u00f6st\u00e4, kehotamme sinua ottamaan meihin yhteytt\u00e4 alla olevilla tiedoilla:<\/p>&#13;\n<p>Office@fluterm.ro<\/p>&#13;\n<p>T\u00e4m\u00e4 asiakirja on p\u00e4ivitetty viimeksi 26. kes\u00e4kuuta 2023.<\/p>&#13;\n","protected":false},"excerpt":{"rendered":"<p>&#13; \u00a0 &#13; Refund and returns policy &#13; Vakuutuksemme on voimassa 14 kalenterip\u00e4iv\u00e4n ajan ostop\u00e4iv\u00e4st\u00e4. Jos haluat palauttaa tuotteen hyvityst\u00e4 varten t\u00e4m\u00e4n ajanjakson aikana, voit tehd\u00e4 sen, jos alla olevat ehdot t\u00e4yttyv\u00e4t. Huomaathan, ett\u00e4 jos 14 p\u00e4iv\u00e4n m\u00e4\u00e4r\u00e4aika on umpeutunut, emme valitettavasti voi tarjota sinulle hyvityst\u00e4. &#13; Palautusvaatimukset &#13; Palautuksen saamiseksi on t\u00e4ytett\u00e4v\u00e4 seuraavat kriteerit:&hellip;<\/p>\n","protected":false},"author":3,"featured_media":0,"parent":0,"menu_order":0,"comment_status":"closed","ping_status":"closed","template":"","meta":{"footnotes":""},"class_list":["post-4458","page","type-page","status-publish","hentry"],"acf":[],"yoast_head":"<!-- This site is optimized with the Yoast SEO plugin v21.2 - https:\/\/yoast.com\/wordpress\/plugins\/seo\/ -->\n<title>Palautus- ja palautusehdot<\/title>\n<meta name=\"robots\" content=\"index, follow, max-snippet:-1, max-image-preview:large, max-video-preview:-1\" \/>\n<link rel=\"canonical\" href=\"https:\/\/fluterm.eu\/fi\/palautus-ja-palautusehdot\/\" \/>\n<meta property=\"og:locale\" content=\"fi_FI\" \/>\n<meta property=\"og:type\" content=\"article\" \/>\n<meta property=\"og:title\" content=\"Palautus- ja palautusehdot\" \/>\n<meta property=\"og:description\" content=\"&#013; \u00a0 &#013; Refund and returns policy &#013; Vakuutuksemme on voimassa 14 kalenterip\u00e4iv\u00e4n ajan ostop\u00e4iv\u00e4st\u00e4. Jos haluat palauttaa tuotteen hyvityst\u00e4 varten t\u00e4m\u00e4n ajanjakson aikana, voit tehd\u00e4 sen, jos alla olevat ehdot t\u00e4yttyv\u00e4t. Huomaathan, ett\u00e4 jos 14 p\u00e4iv\u00e4n m\u00e4\u00e4r\u00e4aika on umpeutunut, emme valitettavasti voi tarjota sinulle hyvityst\u00e4. &#013; Palautusvaatimukset &#013; Palautuksen saamiseksi on t\u00e4ytett\u00e4v\u00e4 seuraavat kriteerit:&hellip;\" \/>\n<meta property=\"og:url\" content=\"https:\/\/fluterm.eu\/fi\/palautus-ja-palautusehdot\/\" \/>\n<meta property=\"og:site_name\" content=\"fluterm.eu\" \/>\n<meta property=\"article:modified_time\" content=\"2023-09-04T16:12:04+00:00\" \/>\n<meta name=\"twitter:card\" content=\"summary_large_image\" \/>\n<meta name=\"twitter:label1\" content=\"Arvioitu lukuaika\" \/>\n\t<meta name=\"twitter:data1\" content=\"1 minuutti\" \/>\n<script type=\"application\/ld+json\" class=\"yoast-schema-graph\">{\"@context\":\"https:\/\/schema.org\",\"@graph\":[{\"@type\":\"WebPage\",\"@id\":\"https:\/\/fluterm.eu\/fi\/palautus-ja-palautusehdot\/\",\"url\":\"https:\/\/fluterm.eu\/fi\/palautus-ja-palautusehdot\/\",\"name\":\"Palautus- ja palautusehdot\",\"isPartOf\":{\"@id\":\"https:\/\/fluterm.eu\/#website\"},\"datePublished\":\"2022-10-01T05:14:55+00:00\",\"dateModified\":\"2023-09-04T16:12:04+00:00\",\"breadcrumb\":{\"@id\":\"https:\/\/fluterm.eu\/fi\/palautus-ja-palautusehdot\/#breadcrumb\"},\"inLanguage\":\"fi\",\"potentialAction\":[{\"@type\":\"ReadAction\",\"target\":[\"https:\/\/fluterm.eu\/fi\/palautus-ja-palautusehdot\/\"]}]},{\"@type\":\"BreadcrumbList\",\"@id\":\"https:\/\/fluterm.eu\/fi\/palautus-ja-palautusehdot\/#breadcrumb\",\"itemListElement\":[{\"@type\":\"ListItem\",\"position\":1,\"name\":\"Home\",\"item\":\"https:\/\/fluterm.eu\/fi\/kauppa\/\"},{\"@type\":\"ListItem\",\"position\":2,\"name\":\"Palautus- ja palautusehdot\"}]},{\"@type\":\"WebSite\",\"@id\":\"https:\/\/fluterm.eu\/#website\",\"url\":\"https:\/\/fluterm.eu\/\",\"name\":\"fluterm.eu\",\"description\":\"\",\"potentialAction\":[{\"@type\":\"SearchAction\",\"target\":{\"@type\":\"EntryPoint\",\"urlTemplate\":\"https:\/\/fluterm.eu\/?s={search_term_string}\"},\"query-input\":\"required name=search_term_string\"}],\"inLanguage\":\"fi\"}]}<\/script>\n<!-- \/ Yoast SEO plugin. -->","yoast_head_json":{"title":"Palautus- ja palautusehdot","robots":{"index":"index","follow":"follow","max-snippet":"max-snippet:-1","max-image-preview":"max-image-preview:large","max-video-preview":"max-video-preview:-1"},"canonical":"https:\/\/fluterm.eu\/fi\/palautus-ja-palautusehdot\/","og_locale":"fi_FI","og_type":"article","og_title":"Palautus- ja palautusehdot","og_description":"&#13; \u00a0 &#13; Refund and returns policy &#13; Vakuutuksemme on voimassa 14 kalenterip\u00e4iv\u00e4n ajan ostop\u00e4iv\u00e4st\u00e4. Jos haluat palauttaa tuotteen hyvityst\u00e4 varten t\u00e4m\u00e4n ajanjakson aikana, voit tehd\u00e4 sen, jos alla olevat ehdot t\u00e4yttyv\u00e4t. Huomaathan, ett\u00e4 jos 14 p\u00e4iv\u00e4n m\u00e4\u00e4r\u00e4aika on umpeutunut, emme valitettavasti voi tarjota sinulle hyvityst\u00e4. &#13; Palautusvaatimukset &#13; Palautuksen saamiseksi on t\u00e4ytett\u00e4v\u00e4 seuraavat kriteerit:&hellip;","og_url":"https:\/\/fluterm.eu\/fi\/palautus-ja-palautusehdot\/","og_site_name":"fluterm.eu","article_modified_time":"2023-09-04T16:12:04+00:00","twitter_card":"summary_large_image","twitter_misc":{"Arvioitu lukuaika":"1 minuutti"},"schema":{"@context":"https:\/\/schema.org","@graph":[{"@type":"WebPage","@id":"https:\/\/fluterm.eu\/fi\/palautus-ja-palautusehdot\/","url":"https:\/\/fluterm.eu\/fi\/palautus-ja-palautusehdot\/","name":"Palautus- ja palautusehdot","isPartOf":{"@id":"https:\/\/fluterm.eu\/#website"},"datePublished":"2022-10-01T05:14:55+00:00","dateModified":"2023-09-04T16:12:04+00:00","breadcrumb":{"@id":"https:\/\/fluterm.eu\/fi\/palautus-ja-palautusehdot\/#breadcrumb"},"inLanguage":"fi","potentialAction":[{"@type":"ReadAction","target":["https:\/\/fluterm.eu\/fi\/palautus-ja-palautusehdot\/"]}]},{"@type":"BreadcrumbList","@id":"https:\/\/fluterm.eu\/fi\/palautus-ja-palautusehdot\/#breadcrumb","itemListElement":[{"@type":"ListItem","position":1,"name":"Home","item":"https:\/\/fluterm.eu\/fi\/kauppa\/"},{"@type":"ListItem","position":2,"name":"Palautus- ja palautusehdot"}]},{"@type":"WebSite","@id":"https:\/\/fluterm.eu\/#website","url":"https:\/\/fluterm.eu\/","name":"fluterm.eu","description":"","potentialAction":[{"@type":"SearchAction","target":{"@type":"EntryPoint","urlTemplate":"https:\/\/fluterm.eu\/?s={search_term_string}"},"query-input":"required name=search_term_string"}],"inLanguage":"fi"}]}},"_links":{"self":[{"href":"https:\/\/fluterm.eu\/fi\/wp-json\/wp\/v2\/pages\/4458","targetHints":{"allow":["GET"]}}],"collection":[{"href":"https:\/\/fluterm.eu\/fi\/wp-json\/wp\/v2\/pages"}],"about":[{"href":"https:\/\/fluterm.eu\/fi\/wp-json\/wp\/v2\/types\/page"}],"author":[{"embeddable":true,"href":"https:\/\/fluterm.eu\/fi\/wp-json\/wp\/v2\/users\/3"}],"replies":[{"embeddable":true,"href":"https:\/\/fluterm.eu\/fi\/wp-json\/wp\/v2\/comments?post=4458"}],"version-history":[{"count":2,"href":"https:\/\/fluterm.eu\/fi\/wp-json\/wp\/v2\/pages\/4458\/revisions"}],"predecessor-version":[{"id":4462,"href":"https:\/\/fluterm.eu\/fi\/wp-json\/wp\/v2\/pages\/4458\/revisions\/4462"}],"wp:attachment":[{"href":"https:\/\/fluterm.eu\/fi\/wp-json\/wp\/v2\/media?parent=4458"}],"curies":[{"name":"wp","href":"https:\/\/api.w.org\/{rel}","templated":true}]}}