{"id":4668,"date":"2022-10-06T08:38:22","date_gmt":"2022-10-06T05:38:22","guid":{"rendered":"https:\/\/fluterm.eu\/ehdot-ja-edellytykset\/"},"modified":"2023-09-04T19:17:34","modified_gmt":"2023-09-04T16:17:34","slug":"ehdot-ja-edellytykset","status":"publish","type":"page","link":"https:\/\/fluterm.eu\/fi\/ehdot-ja-edellytykset\/","title":{"rendered":"Ehdot ja edellytykset"},"content":{"rendered":"<p>&nbsp;<\/p>\n<h1><strong>Ehdot ja edellytykset<\/strong><\/h1>\n<p>Tervetuloa Fluterm SRL:n, CUI:n k\u00e4ytt\u00f6ehtosivulle: 43398695. K\u00e4ytt\u00e4m\u00e4ll\u00e4 fluterm.eu-sivustoa ja k\u00e4ytt\u00e4m\u00e4ll\u00e4 sit\u00e4 sitoudut noudattamaan n\u00e4it\u00e4 k\u00e4ytt\u00f6ehtoja. Lue ne huolellisesti ennen kuin k\u00e4yt\u00e4t verkkosivustoamme.<\/p>\n<p>T\u00e4m\u00e4n verkkosivuston sivujen sis\u00e4lt\u00f6 on tarkoitettu vain yleiseen tietoon ja k\u00e4ytt\u00f6\u00f6n. Sit\u00e4 voidaan muuttaa ilman ennakkoilmoitusta. Me tai kolmannet osapuolet emme anna mit\u00e4\u00e4n takuuta tai takuuta t\u00e4ll\u00e4 verkkosivustolla olevien tai tarjottujen tietojen ja materiaalien tarkkuudesta, ajantasaisuudesta, suorituskyvyst\u00e4, t\u00e4ydellisyydest\u00e4 tai soveltuvuudesta mihink\u00e4\u00e4n tiettyyn tarkoitukseen. Hyv\u00e4ksyt, ett\u00e4 t\u00e4llaiset tiedot ja materiaalit saattavat sis\u00e4lt\u00e4\u00e4 ep\u00e4tarkkuuksia tai virheit\u00e4, ja suljemme nimenomaisesti pois vastuun t\u00e4llaisista ep\u00e4tarkkuuksista tai virheist\u00e4 lain sallimissa rajoissa.<\/p>\n<p>T\u00e4m\u00e4n verkkosivuston tietojen tai materiaalin k\u00e4ytt\u00f6 tapahtuu t\u00e4ysin omalla vastuullasi, josta emme ole vastuussa. On omalla vastuullasi varmistaa, ett\u00e4 kaikki t\u00e4m\u00e4n verkkosivuston kautta saatavilla olevat tuotteet, palvelut tai tiedot t\u00e4ytt\u00e4v\u00e4t erityisvaatimuksesi.<\/p>\n<p>T\u00e4m\u00e4 verkkosivusto sis\u00e4lt\u00e4\u00e4 materiaalia, joka on meid\u00e4n omistuksessamme tai lisensoitu meille. T\u00e4m\u00e4 materiaali sis\u00e4lt\u00e4\u00e4 muun muassa suunnittelun, ulkoasun, ulkoasun, ulkoasun ja grafiikan. J\u00e4ljent\u00e4minen on kielletty muutoin kuin n\u00e4iden ehtojen osana olevan tekij\u00e4noikeustiedotteen mukaisesti.<\/p>\n<p>T\u00e4m\u00e4n verkkosivuston luvaton k\u00e4ytt\u00f6 voi johtaa vahingonkorvausvaatimuksiin ja\/tai olla rikos.<\/p>\n<p>T\u00e4m\u00e4 verkkosivusto voi ajoittain sis\u00e4lt\u00e4\u00e4 my\u00f6s linkkej\u00e4 muille verkkosivustoille. N\u00e4m\u00e4 linkit ovat lis\u00e4tietoa varten. Ne eiv\u00e4t tarkoita, ett\u00e4 me kannatamme kyseist\u00e4 verkkosivustoa (kyseisi\u00e4 verkkosivustoja). Emme ole vastuussa linkitettyjen verkkosivustojen sis\u00e4ll\u00f6st\u00e4.<\/p>\n<p>Kun teet tilauksen fluterm.eu-sivustolla, sitoudut antamaan tarkat ja t\u00e4ydelliset tiedot itsest\u00e4si ja kaikista tilauksesi vastaanottajista. Sinun on my\u00f6s varmistettava, ett\u00e4 annettu toimitusosoite on tarkka ja ajan tasalla. Tilauksen tekem\u00e4ll\u00e4 vakuutat ja takaat, ett\u00e4 sinulla on laillinen oikeus k\u00e4ytt\u00e4\u00e4 luotto- tai pankkikorttia tai muuta maksutapaa, jonka annat tilauksen yhteydess\u00e4.<\/p>\n<p>Jos luot tilin tilausprosessin aikana, olet vastuussa tilisi ja salasanasi luottamuksellisuuden s\u00e4ilytt\u00e4misest\u00e4 sek\u00e4 tietokoneen ja laitteiden k\u00e4ytt\u00f6oikeuksien rajoittamisesta. Sitoudut ottamaan vastuun kaikista toimista, jotka tapahtuvat tilill\u00e4si tai salasanallasi. Fluterm SRL pid\u00e4tt\u00e4\u00e4 oikeuden kielt\u00e4yty\u00e4 palvelusta, lopettaa tilit, poistaa tai muokata sis\u00e4lt\u00f6\u00e4 tai peruuttaa tilauksia oman harkintansa mukaan.<\/p>\n<p>Huomaa, ett\u00e4 luomalla tilin fluterm.eu-sivustolle hyv\u00e4ksyt, ett\u00e4 saat meilt\u00e4 s\u00e4hk\u00f6ist\u00e4 viestint\u00e4\u00e4, kuten s\u00e4hk\u00f6posteja ja tekstiviestej\u00e4. N\u00e4ihin viesteihin voi sis\u00e4lty\u00e4 mainosmateriaalia, tilausvahvistuksia ja muita ilmoituksia. Voit milloin tahansa kielt\u00e4yty\u00e4 vastaanottamasta mainoss\u00e4hk\u00f6postiviestej\u00e4 noudattamalla s\u00e4hk\u00f6postiviestiss\u00e4 annettuja ohjeita.<\/p>\n<p>Tekem\u00e4ll\u00e4 tilauksen fluterm.eu-sivustolla sitoudut noudattamaan t\u00e4ll\u00e4 sivulla esitettyj\u00e4 ehtoja.<\/p>\n<p>T\u00e4m\u00e4n verkkosivuston k\u00e4ytt\u00f6si ja kaikki verkkosivuston k\u00e4yt\u00f6st\u00e4 johtuvat riidat ovat Romanian lakien alaisia.<\/p>\n<p>Jos sinulla on kysytt\u00e4v\u00e4\u00e4 tai huolenaiheita ehtoihimme liittyen, \u00e4l\u00e4 ep\u00e4r\u00f6i ottaa meihin yhteytt\u00e4 Yhteystiedot-sivun kautta. Kiitos, ett\u00e4 valitsit Fluterm SRL:n!<\/p>\n","protected":false},"excerpt":{"rendered":"<p>&nbsp; Ehdot ja edellytykset Tervetuloa Fluterm SRL:n, CUI:n k\u00e4ytt\u00f6ehtosivulle: 43398695. K\u00e4ytt\u00e4m\u00e4ll\u00e4 fluterm.eu-sivustoa ja k\u00e4ytt\u00e4m\u00e4ll\u00e4 sit\u00e4 sitoudut noudattamaan n\u00e4it\u00e4 k\u00e4ytt\u00f6ehtoja. Lue ne huolellisesti ennen kuin k\u00e4yt\u00e4t verkkosivustoamme. T\u00e4m\u00e4n verkkosivuston sivujen sis\u00e4lt\u00f6 on tarkoitettu vain yleiseen tietoon ja k\u00e4ytt\u00f6\u00f6n. Sit\u00e4 voidaan muuttaa ilman ennakkoilmoitusta. Me tai kolmannet osapuolet emme anna mit\u00e4\u00e4n takuuta tai takuuta t\u00e4ll\u00e4 verkkosivustolla olevien&hellip;<\/p>\n","protected":false},"author":3,"featured_media":0,"parent":0,"menu_order":0,"comment_status":"closed","ping_status":"closed","template":"","meta":{"footnotes":""},"class_list":["post-4668","page","type-page","status-publish","hentry"],"acf":[],"yoast_head":"<!-- This site is optimized with the Yoast SEO plugin v21.2 - https:\/\/yoast.com\/wordpress\/plugins\/seo\/ -->\n<title>Ehdot ja edellytykset<\/title>\n<meta name=\"robots\" content=\"index, follow, max-snippet:-1, max-image-preview:large, max-video-preview:-1\" \/>\n<link rel=\"canonical\" href=\"https:\/\/fluterm.eu\/fi\/ehdot-ja-edellytykset\/\" \/>\n<meta property=\"og:locale\" content=\"fi_FI\" \/>\n<meta property=\"og:type\" content=\"article\" \/>\n<meta property=\"og:title\" content=\"Ehdot ja edellytykset\" \/>\n<meta property=\"og:description\" content=\"&nbsp; Ehdot ja edellytykset Tervetuloa Fluterm SRL:n, CUI:n k\u00e4ytt\u00f6ehtosivulle: 43398695. K\u00e4ytt\u00e4m\u00e4ll\u00e4 fluterm.eu-sivustoa ja k\u00e4ytt\u00e4m\u00e4ll\u00e4 sit\u00e4 sitoudut noudattamaan n\u00e4it\u00e4 k\u00e4ytt\u00f6ehtoja. Lue ne huolellisesti ennen kuin k\u00e4yt\u00e4t verkkosivustoamme. T\u00e4m\u00e4n verkkosivuston sivujen sis\u00e4lt\u00f6 on tarkoitettu vain yleiseen tietoon ja k\u00e4ytt\u00f6\u00f6n. Sit\u00e4 voidaan muuttaa ilman ennakkoilmoitusta. Me tai kolmannet osapuolet emme anna mit\u00e4\u00e4n takuuta tai takuuta t\u00e4ll\u00e4 verkkosivustolla olevien&hellip;\" \/>\n<meta property=\"og:url\" content=\"https:\/\/fluterm.eu\/fi\/ehdot-ja-edellytykset\/\" \/>\n<meta property=\"og:site_name\" content=\"fluterm.eu\" \/>\n<meta property=\"article:modified_time\" content=\"2023-09-04T16:17:34+00:00\" \/>\n<meta name=\"twitter:card\" content=\"summary_large_image\" \/>\n<meta name=\"twitter:label1\" content=\"Arvioitu lukuaika\" \/>\n\t<meta name=\"twitter:data1\" content=\"2 minuuttia\" \/>\n<script type=\"application\/ld+json\" class=\"yoast-schema-graph\">{\"@context\":\"https:\/\/schema.org\",\"@graph\":[{\"@type\":\"WebPage\",\"@id\":\"https:\/\/fluterm.eu\/fi\/ehdot-ja-edellytykset\/\",\"url\":\"https:\/\/fluterm.eu\/fi\/ehdot-ja-edellytykset\/\",\"name\":\"Ehdot ja edellytykset\",\"isPartOf\":{\"@id\":\"https:\/\/fluterm.eu\/#website\"},\"datePublished\":\"2022-10-06T05:38:22+00:00\",\"dateModified\":\"2023-09-04T16:17:34+00:00\",\"breadcrumb\":{\"@id\":\"https:\/\/fluterm.eu\/fi\/ehdot-ja-edellytykset\/#breadcrumb\"},\"inLanguage\":\"fi\",\"potentialAction\":[{\"@type\":\"ReadAction\",\"target\":[\"https:\/\/fluterm.eu\/fi\/ehdot-ja-edellytykset\/\"]}]},{\"@type\":\"BreadcrumbList\",\"@id\":\"https:\/\/fluterm.eu\/fi\/ehdot-ja-edellytykset\/#breadcrumb\",\"itemListElement\":[{\"@type\":\"ListItem\",\"position\":1,\"name\":\"Home\",\"item\":\"https:\/\/fluterm.eu\/fi\/kauppa\/\"},{\"@type\":\"ListItem\",\"position\":2,\"name\":\"Ehdot ja edellytykset\"}]},{\"@type\":\"WebSite\",\"@id\":\"https:\/\/fluterm.eu\/#website\",\"url\":\"https:\/\/fluterm.eu\/\",\"name\":\"fluterm.eu\",\"description\":\"\",\"potentialAction\":[{\"@type\":\"SearchAction\",\"target\":{\"@type\":\"EntryPoint\",\"urlTemplate\":\"https:\/\/fluterm.eu\/?s={search_term_string}\"},\"query-input\":\"required name=search_term_string\"}],\"inLanguage\":\"fi\"}]}<\/script>\n<!-- \/ Yoast SEO plugin. -->","yoast_head_json":{"title":"Ehdot ja edellytykset","robots":{"index":"index","follow":"follow","max-snippet":"max-snippet:-1","max-image-preview":"max-image-preview:large","max-video-preview":"max-video-preview:-1"},"canonical":"https:\/\/fluterm.eu\/fi\/ehdot-ja-edellytykset\/","og_locale":"fi_FI","og_type":"article","og_title":"Ehdot ja edellytykset","og_description":"&nbsp; Ehdot ja edellytykset Tervetuloa Fluterm SRL:n, CUI:n k\u00e4ytt\u00f6ehtosivulle: 43398695. K\u00e4ytt\u00e4m\u00e4ll\u00e4 fluterm.eu-sivustoa ja k\u00e4ytt\u00e4m\u00e4ll\u00e4 sit\u00e4 sitoudut noudattamaan n\u00e4it\u00e4 k\u00e4ytt\u00f6ehtoja. Lue ne huolellisesti ennen kuin k\u00e4yt\u00e4t verkkosivustoamme. T\u00e4m\u00e4n verkkosivuston sivujen sis\u00e4lt\u00f6 on tarkoitettu vain yleiseen tietoon ja k\u00e4ytt\u00f6\u00f6n. Sit\u00e4 voidaan muuttaa ilman ennakkoilmoitusta. Me tai kolmannet osapuolet emme anna mit\u00e4\u00e4n takuuta tai takuuta t\u00e4ll\u00e4 verkkosivustolla olevien&hellip;","og_url":"https:\/\/fluterm.eu\/fi\/ehdot-ja-edellytykset\/","og_site_name":"fluterm.eu","article_modified_time":"2023-09-04T16:17:34+00:00","twitter_card":"summary_large_image","twitter_misc":{"Arvioitu lukuaika":"2 minuuttia"},"schema":{"@context":"https:\/\/schema.org","@graph":[{"@type":"WebPage","@id":"https:\/\/fluterm.eu\/fi\/ehdot-ja-edellytykset\/","url":"https:\/\/fluterm.eu\/fi\/ehdot-ja-edellytykset\/","name":"Ehdot ja edellytykset","isPartOf":{"@id":"https:\/\/fluterm.eu\/#website"},"datePublished":"2022-10-06T05:38:22+00:00","dateModified":"2023-09-04T16:17:34+00:00","breadcrumb":{"@id":"https:\/\/fluterm.eu\/fi\/ehdot-ja-edellytykset\/#breadcrumb"},"inLanguage":"fi","potentialAction":[{"@type":"ReadAction","target":["https:\/\/fluterm.eu\/fi\/ehdot-ja-edellytykset\/"]}]},{"@type":"BreadcrumbList","@id":"https:\/\/fluterm.eu\/fi\/ehdot-ja-edellytykset\/#breadcrumb","itemListElement":[{"@type":"ListItem","position":1,"name":"Home","item":"https:\/\/fluterm.eu\/fi\/kauppa\/"},{"@type":"ListItem","position":2,"name":"Ehdot ja edellytykset"}]},{"@type":"WebSite","@id":"https:\/\/fluterm.eu\/#website","url":"https:\/\/fluterm.eu\/","name":"fluterm.eu","description":"","potentialAction":[{"@type":"SearchAction","target":{"@type":"EntryPoint","urlTemplate":"https:\/\/fluterm.eu\/?s={search_term_string}"},"query-input":"required name=search_term_string"}],"inLanguage":"fi"}]}},"_links":{"self":[{"href":"https:\/\/fluterm.eu\/fi\/wp-json\/wp\/v2\/pages\/4668","targetHints":{"allow":["GET"]}}],"collection":[{"href":"https:\/\/fluterm.eu\/fi\/wp-json\/wp\/v2\/pages"}],"about":[{"href":"https:\/\/fluterm.eu\/fi\/wp-json\/wp\/v2\/types\/page"}],"author":[{"embeddable":true,"href":"https:\/\/fluterm.eu\/fi\/wp-json\/wp\/v2\/users\/3"}],"replies":[{"embeddable":true,"href":"https:\/\/fluterm.eu\/fi\/wp-json\/wp\/v2\/comments?post=4668"}],"version-history":[{"count":1,"href":"https:\/\/fluterm.eu\/fi\/wp-json\/wp\/v2\/pages\/4668\/revisions"}],"predecessor-version":[{"id":4672,"href":"https:\/\/fluterm.eu\/fi\/wp-json\/wp\/v2\/pages\/4668\/revisions\/4672"}],"wp:attachment":[{"href":"https:\/\/fluterm.eu\/fi\/wp-json\/wp\/v2\/media?parent=4668"}],"curies":[{"name":"wp","href":"https:\/\/api.w.org\/{rel}","templated":true}]}}