{"id":10066,"date":"2023-08-26T09:57:24","date_gmt":"2023-08-26T06:57:24","guid":{"rendered":"https:\/\/fluterm.eu\/prod\/huawei-hybrid-sun2000-20ktl-m1-invertoi-20-000w-kolmivaiheinen-20-000w\/"},"modified":"2023-09-06T13:31:44","modified_gmt":"2023-09-06T10:31:44","slug":"huawei-hybrid-sun2000-20ktl-m1-invertoi-20-000w-kolmivaiheinen-20-000w","status":"publish","type":"product","link":"https:\/\/fluterm.eu\/fi\/prod\/huawei-hybrid-sun2000-20ktl-m1-invertoi-20-000w-kolmivaiheinen-20-000w\/","title":{"rendered":"Huawei Hybrid SUN2000-20KTL-M1 Invertoi &#8211; 20.000W kolmivaiheinen 20.000W"},"content":{"rendered":"<p>Huawei <strong>SUN2000L-20KTL-M5<\/strong> -hybridi-invertteri on osa Huawein uutta innovatiivista invertterivalikoimaa. T\u00e4ss\u00e4 Huawein \u00e4lykk\u00e4\u00e4ss\u00e4 invertteriss\u00e4 on aktiivinen suojaus virtakaaria vastaan, korkeampi hy\u00f6tysuhde ja jopa 30 % enemm\u00e4n energiaa uusien SUN2000-450W-P-optimoijien ansiosta, ja se tarjoaa my\u00f6s mahdollisuuden liitt\u00e4\u00e4 litiumakkuja, kuten lg 10 charmia tai Huawein uutta modulaarista akkua LUNA2000-SO.<\/p>\n<h2>Tekniset ominaisuudet<\/h2>\n<table border=\"1\">\n<tbody>\n<tr>\n<td colspan=\"2\">Sis\u00e4\u00e4nk\u00e4ynti<\/td>\n<\/tr>\n<tr>\n<td width=\"50%\">Ehdotettu suurin aurinkos\u00e4hk\u00f6teho<\/td>\n<td width=\"50%\">30,000Wp<\/td>\n<\/tr>\n<tr>\n<td>Suurin tuloj\u00e4nnite<\/td>\n<td>1.100V<\/td>\n<\/tr>\n<tr>\n<td>Max. tulovirta MPPT:t\u00e4 varten<\/td>\n<td>30A (kaksi s\u00e4iett\u00e4) \/ 20A (yksi s\u00e4ie)<\/td>\n<\/tr>\n<tr>\n<td>oikosulkuvirta max<\/td>\n<td>40A<\/td>\n<\/tr>\n<tr>\n<td>K\u00e4ynnistysj\u00e4nnite<\/td>\n<td>200V<\/td>\n<\/tr>\n<tr>\n<td>MPPT:n nimellisj\u00e4nnitealue<\/td>\n<td>200V~1000V<\/td>\n<\/tr>\n<tr>\n<td>Nimellinen tuloj\u00e4nnite<\/td>\n<td>600V<\/td>\n<\/tr>\n<tr>\n<td>MPPT:n tulojen enimm\u00e4ism\u00e4\u00e4r\u00e4<\/td>\n<td>4<\/td>\n<\/tr>\n<tr>\n<td>MPPT:iden lukum\u00e4\u00e4r\u00e4<\/td>\n<td>2<\/td>\n<\/tr>\n<tr>\n<td colspan=\"2\">Poistu<\/td>\n<\/tr>\n<tr>\n<td>Nimellinen l\u00e4ht\u00f6teho<\/td>\n<td>20,000W<\/td>\n<\/tr>\n<tr>\n<td>Max. n\u00e4enn\u00e4isteho<\/td>\n<td>22,000VA<\/td>\n<\/tr>\n<tr>\n<td>Nimellinen l\u00e4ht\u00f6j\u00e4nnite<\/td>\n<td>220Vac \/ 380Vac, 230Vac \/ 400Vac, 239.6Vac \/ 415Vac, 3W + N + PE<\/td>\n<\/tr>\n<tr>\n<td>AC-verkon nimellistaajuus<\/td>\n<td>50Hz \/ 60Hz<\/td>\n<\/tr>\n<tr>\n<td>Suurin l\u00e4ht\u00f6virta<\/td>\n<td>33,6A\/380Vac<br \/>\n31,9A\/400Vac<br \/>\n30,8A\/415Vac<\/td>\n<\/tr>\n<tr>\n<td>S\u00e4\u00e4dett\u00e4v\u00e4 tehokerroin<\/td>\n<td>0,8 kapasiteetti &#8230; 0,8 induktiota<\/td>\n<\/tr>\n<tr>\n<td colspan=\"2\">Toiminnot ja suojaukset<\/td>\n<\/tr>\n<tr>\n<td>Ylij\u00e4nniteluokka<\/td>\n<td>PV \u2161\/AC \u2162<\/td>\n<\/tr>\n<tr>\n<td>Tulopuolen katkaisulaite<\/td>\n<td>Kyll\u00e4<\/td>\n<\/tr>\n<tr>\n<td>Saaristumisen est\u00e4v\u00e4 suojaus<\/td>\n<td>Kyll\u00e4<\/td>\n<\/tr>\n<tr>\n<td>AC ylivirtasuojaus<\/td>\n<td>Kyll\u00e4<\/td>\n<\/tr>\n<tr>\n<td>DC:n k\u00e4\u00e4nteisen napaisuuden suojaus<\/td>\n<td>Kyll\u00e4<\/td>\n<\/tr>\n<tr>\n<td>Merkkijonovian havaitseminen<\/td>\n<td>Kyll\u00e4<\/td>\n<\/tr>\n<tr>\n<td>Integroitu DC-suoja<\/td>\n<td>Tyyppi II<\/td>\n<\/tr>\n<tr>\n<td>Integroitu AC-purkain<\/td>\n<td>LUOKKA II<\/td>\n<\/tr>\n<tr>\n<td colspan=\"2\">Standardien noudattaminen<\/td>\n<\/tr>\n<tr>\n<td>Turvallisuus<\/td>\n<td>EN\/IEC 62109-1, EN\/IEC 62109-2<\/td>\n<\/tr>\n<tr>\n<td>Verkkoyhteysstandardi<\/td>\n<td>G99, EN 50549, CEI 0-21, CEI 0-16, VDE-AR-N-4105, VDE-AR-N-4110, C10\/11, ABNT, VFR 2019, UNE 217001, UNE 217002, RD 244, TOR D4, IEC61727, IEC62116<\/td>\n<\/tr>\n<tr>\n<td colspan=\"2\">Yhteensopiva optimoija<\/td>\n<\/tr>\n<tr>\n<td>DC MBUS -yhteensopiva optimointilaite<\/td>\n<td>SUN2000-450W-P, SUN2000-450W-P2, SUN2000-600W-P, MERC-1300W-P, MERC-1100W-P, MERC-1100W-P<\/td>\n<\/tr>\n<tr>\n<td colspan=\"2\">Yleiset tiedot<\/td>\n<\/tr>\n<tr>\n<td>N\u00e4ytt\u00f6<\/td>\n<td>LED-merkkivalot; Integroitu WLAN + FusionSolar-sovellus<\/td>\n<\/tr>\n<tr>\n<td>Viestint\u00e4<\/td>\n<td>RS485; WLAN\/Ethernet Smart Dongle-WLAN-FE:n kautta (valinnainen) 4G \/ 3G \/ 2G Smart Dongle-4G:n kautta (valinnainen).<\/td>\n<\/tr>\n<tr>\n<td>K\u00e4ytt\u00f6l\u00e4mp\u00f6tila-alue<\/td>\n<td>-25 ~ +60\u00b0C (-13\u00b0F ~ 140\u00b0F)<\/td>\n<\/tr>\n<tr>\n<td>J\u00e4\u00e4hdytys<\/td>\n<td>\u00c4lyk\u00e4s ilmaj\u00e4\u00e4hdytys<\/td>\n<\/tr>\n<tr>\n<td>Suojausaste<\/td>\n<td>IP66<\/td>\n<\/tr>\n<tr>\n<td>Mitat (mukaan lukien asennuskannatin)<\/td>\n<td>546 x 460 x 228mm<\/td>\n<\/tr>\n<tr>\n<td>Paino (mukaan lukien kiinnitysteline)<\/td>\n<td>21kg (46.4lbs)<\/td>\n<\/tr>\n<\/tbody>\n<\/table>\n<div dir=\"ltr\"><\/div>\n","protected":false},"excerpt":{"rendered":"<p>Huawei SUN2000L-20KTL-M5 -hybridi-invertteri on osa Huawein uutta innovatiivista invertterivalikoimaa. T\u00e4ss\u00e4 Huawein \u00e4lykk\u00e4\u00e4ss\u00e4 invertteriss\u00e4 on aktiivinen suojaus virtakaaria vastaan, korkeampi hy\u00f6tysuhde ja jopa 30 % enemm\u00e4n energiaa uusien SUN2000-450W-P-optimoijien ansiosta, ja se tarjoaa my\u00f6s mahdollisuuden liitt\u00e4\u00e4 litiumakkuja, kuten lg 10 charmia tai Huawein uutta modulaarista akkua LUNA2000-SO. Tekniset ominaisuudet Sis\u00e4\u00e4nk\u00e4ynti Ehdotettu suurin aurinkos\u00e4hk\u00f6teho 30,000Wp Suurin tuloj\u00e4nnite&hellip;<\/p>\n","protected":false},"featured_media":10033,"comment_status":"open","ping_status":"closed","template":"","meta":[],"product_cat":[796],"product_tag":[],"class_list":{"0":"post-10066","1":"product","2":"type-product","3":"status-publish","4":"has-post-thumbnail","6":"product_cat-valosahkoiset-sarjat","8":"first","9":"instock","10":"taxable","11":"shipping-taxable","12":"purchasable","13":"product-type-simple","14":"col-xs-6 col-sm-4","15":"col-md-4 col-lg-4","16":"un-3-cols"},"acf":[],"yoast_head":"<!-- This site is optimized with the Yoast SEO plugin v21.2 - https:\/\/yoast.com\/wordpress\/plugins\/seo\/ -->\n<title>Huawei Hybrid SUN2000-20KTL-M1 Invertoi - 20.000W kolmivaiheinen 20.000W<\/title>\n<meta name=\"description\" content=\"Order Huawei Hybrid SUN2000-20KTL-M1 Invertoi - 20.000W kolmivaiheinen 20.000W at a best price.\" \/>\n<meta name=\"robots\" content=\"index, follow, max-snippet:-1, max-image-preview:large, max-video-preview:-1\" \/>\n<link rel=\"canonical\" href=\"https:\/\/fluterm.eu\/fi\/prod\/huawei-hybrid-sun2000-20ktl-m1-invertoi-20-000w-kolmivaiheinen-20-000w\/\" \/>\n<meta property=\"og:locale\" content=\"fi_FI\" \/>\n<meta property=\"og:type\" content=\"article\" \/>\n<meta property=\"og:title\" content=\"Huawei Hybrid SUN2000-20KTL-M1 Invertoi - 20.000W kolmivaiheinen 20.000W\" \/>\n<meta property=\"og:description\" content=\"Order Huawei Hybrid SUN2000-20KTL-M1 Invertoi - 20.000W kolmivaiheinen 20.000W at a best price.\" \/>\n<meta property=\"og:url\" content=\"https:\/\/fluterm.eu\/fi\/prod\/huawei-hybrid-sun2000-20ktl-m1-invertoi-20-000w-kolmivaiheinen-20-000w\/\" \/>\n<meta property=\"og:site_name\" content=\"fluterm.eu\" \/>\n<meta property=\"article:modified_time\" content=\"2023-09-06T10:31:44+00:00\" \/>\n<meta property=\"og:image\" content=\"https:\/\/fluterm.eu\/wp-content\/uploads\/2023\/08\/5DDCA596-E858-4E61-98D9-BF6E2FD8EFD3_4_5005_c.jpeg\" \/>\n\t<meta property=\"og:image:width\" content=\"296\" \/>\n\t<meta property=\"og:image:height\" content=\"296\" \/>\n\t<meta property=\"og:image:type\" content=\"image\/jpeg\" \/>\n<meta name=\"twitter:card\" content=\"summary_large_image\" \/>\n<meta name=\"twitter:label1\" content=\"Arvioitu lukuaika\" \/>\n\t<meta name=\"twitter:data1\" content=\"1 minuutti\" \/>\n<script type=\"application\/ld+json\" class=\"yoast-schema-graph\">{\"@context\":\"https:\/\/schema.org\",\"@graph\":[{\"@type\":\"WebPage\",\"@id\":\"https:\/\/fluterm.eu\/fi\/prod\/huawei-hybrid-sun2000-20ktl-m1-invertoi-20-000w-kolmivaiheinen-20-000w\/\",\"url\":\"https:\/\/fluterm.eu\/fi\/prod\/huawei-hybrid-sun2000-20ktl-m1-invertoi-20-000w-kolmivaiheinen-20-000w\/\",\"name\":\"Huawei Hybrid SUN2000-20KTL-M1 Invertoi - 20.000W kolmivaiheinen 20.000W\",\"isPartOf\":{\"@id\":\"https:\/\/fluterm.eu\/#website\"},\"datePublished\":\"2023-08-26T06:57:24+00:00\",\"dateModified\":\"2023-09-06T10:31:44+00:00\",\"description\":\"Order Huawei Hybrid SUN2000-20KTL-M1 Invertoi - 20.000W kolmivaiheinen 20.000W at a best price.\",\"breadcrumb\":{\"@id\":\"https:\/\/fluterm.eu\/fi\/prod\/huawei-hybrid-sun2000-20ktl-m1-invertoi-20-000w-kolmivaiheinen-20-000w\/#breadcrumb\"},\"inLanguage\":\"fi\",\"potentialAction\":[{\"@type\":\"ReadAction\",\"target\":[\"https:\/\/fluterm.eu\/fi\/prod\/huawei-hybrid-sun2000-20ktl-m1-invertoi-20-000w-kolmivaiheinen-20-000w\/\"]}]},{\"@type\":\"BreadcrumbList\",\"@id\":\"https:\/\/fluterm.eu\/fi\/prod\/huawei-hybrid-sun2000-20ktl-m1-invertoi-20-000w-kolmivaiheinen-20-000w\/#breadcrumb\",\"itemListElement\":[{\"@type\":\"ListItem\",\"position\":1,\"name\":\"Home\",\"item\":\"https:\/\/fluterm.eu\/fi\/kauppa\/\"},{\"@type\":\"ListItem\",\"position\":2,\"name\":\"Kauppa\",\"item\":\"https:\/\/fluterm.eu\/fi\/kauppa\/\"},{\"@type\":\"ListItem\",\"position\":3,\"name\":\"Huawei Hybrid SUN2000-20KTL-M1 Invertoi &#8211; 20.000W kolmivaiheinen 20.000W\"}]},{\"@type\":\"WebSite\",\"@id\":\"https:\/\/fluterm.eu\/#website\",\"url\":\"https:\/\/fluterm.eu\/\",\"name\":\"fluterm.eu\",\"description\":\"\",\"potentialAction\":[{\"@type\":\"SearchAction\",\"target\":{\"@type\":\"EntryPoint\",\"urlTemplate\":\"https:\/\/fluterm.eu\/?s={search_term_string}\"},\"query-input\":\"required name=search_term_string\"}],\"inLanguage\":\"fi\"}]}<\/script>\n<!-- \/ Yoast SEO plugin. -->","yoast_head_json":{"title":"Huawei Hybrid SUN2000-20KTL-M1 Invertoi - 20.000W kolmivaiheinen 20.000W","description":"Order Huawei Hybrid SUN2000-20KTL-M1 Invertoi - 20.000W kolmivaiheinen 20.000W at a best price.","robots":{"index":"index","follow":"follow","max-snippet":"max-snippet:-1","max-image-preview":"max-image-preview:large","max-video-preview":"max-video-preview:-1"},"canonical":"https:\/\/fluterm.eu\/fi\/prod\/huawei-hybrid-sun2000-20ktl-m1-invertoi-20-000w-kolmivaiheinen-20-000w\/","og_locale":"fi_FI","og_type":"article","og_title":"Huawei Hybrid SUN2000-20KTL-M1 Invertoi - 20.000W kolmivaiheinen 20.000W","og_description":"Order Huawei Hybrid SUN2000-20KTL-M1 Invertoi - 20.000W kolmivaiheinen 20.000W at a best price.","og_url":"https:\/\/fluterm.eu\/fi\/prod\/huawei-hybrid-sun2000-20ktl-m1-invertoi-20-000w-kolmivaiheinen-20-000w\/","og_site_name":"fluterm.eu","article_modified_time":"2023-09-06T10:31:44+00:00","og_image":[{"width":296,"height":296,"url":"https:\/\/fluterm.eu\/wp-content\/uploads\/2023\/08\/5DDCA596-E858-4E61-98D9-BF6E2FD8EFD3_4_5005_c.jpeg","type":"image\/jpeg"}],"twitter_card":"summary_large_image","twitter_misc":{"Arvioitu lukuaika":"1 minuutti"},"schema":{"@context":"https:\/\/schema.org","@graph":[{"@type":"WebPage","@id":"https:\/\/fluterm.eu\/fi\/prod\/huawei-hybrid-sun2000-20ktl-m1-invertoi-20-000w-kolmivaiheinen-20-000w\/","url":"https:\/\/fluterm.eu\/fi\/prod\/huawei-hybrid-sun2000-20ktl-m1-invertoi-20-000w-kolmivaiheinen-20-000w\/","name":"Huawei Hybrid SUN2000-20KTL-M1 Invertoi - 20.000W kolmivaiheinen 20.000W","isPartOf":{"@id":"https:\/\/fluterm.eu\/#website"},"datePublished":"2023-08-26T06:57:24+00:00","dateModified":"2023-09-06T10:31:44+00:00","description":"Order Huawei Hybrid SUN2000-20KTL-M1 Invertoi - 20.000W kolmivaiheinen 20.000W at a best price.","breadcrumb":{"@id":"https:\/\/fluterm.eu\/fi\/prod\/huawei-hybrid-sun2000-20ktl-m1-invertoi-20-000w-kolmivaiheinen-20-000w\/#breadcrumb"},"inLanguage":"fi","potentialAction":[{"@type":"ReadAction","target":["https:\/\/fluterm.eu\/fi\/prod\/huawei-hybrid-sun2000-20ktl-m1-invertoi-20-000w-kolmivaiheinen-20-000w\/"]}]},{"@type":"BreadcrumbList","@id":"https:\/\/fluterm.eu\/fi\/prod\/huawei-hybrid-sun2000-20ktl-m1-invertoi-20-000w-kolmivaiheinen-20-000w\/#breadcrumb","itemListElement":[{"@type":"ListItem","position":1,"name":"Home","item":"https:\/\/fluterm.eu\/fi\/kauppa\/"},{"@type":"ListItem","position":2,"name":"Kauppa","item":"https:\/\/fluterm.eu\/fi\/kauppa\/"},{"@type":"ListItem","position":3,"name":"Huawei Hybrid SUN2000-20KTL-M1 Invertoi &#8211; 20.000W kolmivaiheinen 20.000W"}]},{"@type":"WebSite","@id":"https:\/\/fluterm.eu\/#website","url":"https:\/\/fluterm.eu\/","name":"fluterm.eu","description":"","potentialAction":[{"@type":"SearchAction","target":{"@type":"EntryPoint","urlTemplate":"https:\/\/fluterm.eu\/?s={search_term_string}"},"query-input":"required name=search_term_string"}],"inLanguage":"fi"}]}},"_links":{"self":[{"href":"https:\/\/fluterm.eu\/fi\/wp-json\/wp\/v2\/product\/10066","targetHints":{"allow":["GET"]}}],"collection":[{"href":"https:\/\/fluterm.eu\/fi\/wp-json\/wp\/v2\/product"}],"about":[{"href":"https:\/\/fluterm.eu\/fi\/wp-json\/wp\/v2\/types\/product"}],"replies":[{"embeddable":true,"href":"https:\/\/fluterm.eu\/fi\/wp-json\/wp\/v2\/comments?post=10066"}],"version-history":[{"count":1,"href":"https:\/\/fluterm.eu\/fi\/wp-json\/wp\/v2\/product\/10066\/revisions"}],"predecessor-version":[{"id":13198,"href":"https:\/\/fluterm.eu\/fi\/wp-json\/wp\/v2\/product\/10066\/revisions\/13198"}],"wp:featuredmedia":[{"embeddable":true,"href":"https:\/\/fluterm.eu\/fi\/wp-json\/wp\/v2\/media\/10033"}],"wp:attachment":[{"href":"https:\/\/fluterm.eu\/fi\/wp-json\/wp\/v2\/media?parent=10066"}],"wp:term":[{"taxonomy":"product_cat","embeddable":true,"href":"https:\/\/fluterm.eu\/fi\/wp-json\/wp\/v2\/product_cat?post=10066"},{"taxonomy":"product_tag","embeddable":true,"href":"https:\/\/fluterm.eu\/fi\/wp-json\/wp\/v2\/product_tag?post=10066"}],"curies":[{"name":"wp","href":"https:\/\/api.w.org\/{rel}","templated":true}]}}