{"id":10615,"date":"2023-08-19T22:06:51","date_gmt":"2023-08-19T19:06:51","guid":{"rendered":"https:\/\/fluterm.eu\/prod\/rehau-lattialammitys-80-mp-kokonaispaketti\/"},"modified":"2023-09-06T13:31:50","modified_gmt":"2023-09-06T10:31:50","slug":"rehau-lattialammitys-80-mp-kokonaispaketti","status":"publish","type":"product","link":"https:\/\/fluterm.eu\/fi\/prod\/rehau-lattialammitys-80-mp-kokonaispaketti\/","title":{"rendered":"REHAU LATTIAL\u00c4MMITYS &#8211; 80 MP &#8211; KOKONAISPAKETTI"},"content":{"rendered":"<p>REHAU Lattial\u00e4mmityspaketti &#8211; 80 MP &#8211; PREMIUM, JOKA SIS\u00c4LT\u00c4\u00c4 AUTOMAATION!<\/p>\n<p>Osta t\u00e4ydellinen REHAU-paketti, johon sis\u00e4ltyy automaatio, ja saat <strong>20 % ALENNUSTA<\/strong>, ellet osta jokaista tuotetta erikseen.<\/p>\n<p>Pyynn\u00f6st\u00e4 alumiinifolio voidaan korvata Nuturi- tai Tacker-levyll\u00e4.<\/p>\n<h4>TARJOAMME MY\u00d6S SUUNNITTELUTUKEA S\u00c4TEILYJ\u00c4RJESTELM\u00c4N ASENNUKSEN SUUNNITTELUUN.<\/h4>\n<p><strong>Sis\u00e4lt\u00f6 REHAU-paketti 80 m\u00b2:<\/strong><\/p>\n<ul>\n<li>Putki Rehau Rautherm S 17&#215;2,0 Pe-Xa &#8211; (800 ml)<\/li>\n<li>J\u00e4ljitelty alumiinifolio &#8211; (100 neli\u00f6metri\u00e4)<\/li>\n<li>Rehau Perimeter Tape &#8211; (100 ml)<\/li>\n<li>Jakelija\/ker\u00e4in Rehau HKV-D Complete 8 piiri\u00e4 &#8211; (1 kpl)<\/li>\n<li>Jakajan asennusrasia 750&#215;705 &#8211; (1 kpl)<\/li>\n<li>Set Rob 1 tol ja hollantilainen &#8211; (2 kpl)<\/li>\n<li>Putkiohjausk\u00e4yr\u00e4 90gr &#8211; (16 kpl)<\/li>\n<li>Eurocon liitin 17&#215;2.0 &#8211; (16 kpl)<\/li>\n<li>Kiinnitysputkien tacker 300kpl &#8211; (14 laatikkoa)<\/li>\n<li>Termostaatin ohjauspaneeli Rehau NEA HC pumpun ohjaus 230v &#8211; (1 kpl)<\/li>\n<li>Huonetermostaatit Rehau NEA H 230v &#8211; (4 kpl)<\/li>\n<li>Servomoottorit\/toimilaitteet Rehau UNI 230v &#8211; (8 kpl)<\/li>\n<\/ul>\n<h4>KORKEA L\u00c4MP\u00d6MUKAVUUS<br \/>\nREHAU-PINTAL\u00c4MMITYSJ\u00c4RJESTELM\u00c4T L\u00c4MMITT\u00c4V\u00c4T PERUSTUEN<br \/>\nS\u00c4TEILEV\u00c4\u00c4 ENERGIAA, PEHME\u00c4\u00c4 JA MIELLYTT\u00c4V\u00c4\u00c4 MATALIEN L\u00c4MP\u00d6TILOJEN ANSIOSTA.<br \/>\nPINNALLA JA TASAISESTA L\u00c4MP\u00d6TILAJAKAUMASTA. VASTAKOHTANA<br \/>\nSTAATTISILLA L\u00c4MMITYSJ\u00c4RJESTELMILL\u00c4 LUODAAN S\u00c4TEILYTASAPAINO SEURAAVIEN V\u00c4LILLE<br \/>\nIHMISI\u00c4 JA TILAA HEID\u00c4N YMP\u00c4RILL\u00c4\u00c4N, JA SAAT OPTIMAALISEN TUNTEEN<br \/>\nCOMFORT<\/h4>\n<p>Taloudellinen paketti REHAU 80 m\u00b2<br \/>\nJ\u00e4rjestelmien s\u00e4teilyenergian suuren prosenttiosuuden vuoksi<br \/>\nREHAU-pinnoilla l\u00e4mmitett\u00e4ess\u00e4 viihtyisyyden tunne tulee esiin jopa o<br \/>\nhuomattavasti alhaisempi ilman l\u00e4mp\u00f6tila huoneessa. T\u00e4m\u00e4<br \/>\nvoidaan alentaa 1 \u00b0C-2 \u00b0C. T\u00e4m\u00e4 n\u00e4k\u00f6kohta mahdollistaa s\u00e4\u00e4st\u00f6t<br \/>\nvuotuisesta energiasta.<\/p>\n<p>Ekologinen REHAU-paketti 80 m\u00b2<br \/>\nSuuren l\u00e4mmitystehon ansiosta my\u00f6s korkeissa l\u00e4mp\u00f6tiloissa.<br \/>\nmatala per kierros, REHAU pintal\u00e4mmitysj\u00e4rjestelm\u00e4t voivat olla<br \/>\nihanteellisesti yhdistettyn\u00e4 kattiloihin, l\u00e4mp\u00f6pumppuihin tai aurinkopaneeleihin.<\/p>\n<p>Anti-allerginen REHAU-paketti 80 neli\u00f6metri\u00e4<br \/>\nL\u00e4mmitysj\u00e4rjestelmien konvektioenergian v\u00e4h\u00e4inen osuus kautta<br \/>\nREHAU-pinnat johtavat siihen, ett\u00e4 sis\u00e4inen ilmavirta on mahdollisimman pieni.<br \/>\nP\u00f6lyn kierto on menneisyytt\u00e4. T\u00e4m\u00e4 suojaa<br \/>\nhengitystiet &#8211; ei vain allergikoille.<\/p>\n<p>L\u00e4mp\u00f6mukavuus REHAU lattial\u00e4mmityspaketti &#8211; 80 MP<br \/>\nHenkil\u00f6n l\u00e4mp\u00f6viihtyvyys huoneessa on seuraava<br \/>\nm\u00e4\u00e4ritt\u00e4m\u00e4:<br \/>\n&#8211; Henkil\u00f6n toiminta<br \/>\n&#8211; Henkil\u00f6n vaatteet<br \/>\n&#8211; Ilman l\u00e4mp\u00f6tila<br \/>\n&#8211; Ilman nopeus<br \/>\n&#8211; Kosteus<br \/>\n&#8211; Pintal\u00e4mp\u00f6tilat<br \/>\nIhmiskeho luovuttaa l\u00e4mp\u00f6\u00e4 kolmen mekanismin avulla:<br \/>\n&#8211; S\u00e4teily<br \/>\n&#8211; Haihtuminen<br \/>\n&#8211; Konvektio<br \/>\nIhmiskeho voi parhaiten, kun se voi s\u00e4\u00e4dell\u00e4 v\u00e4hiten<br \/>\n50 % l\u00e4mp\u00f6h\u00e4vi\u00f6st\u00e4\u00e4n s\u00e4teilyn kautta.<\/p>\n<p>J\u00e4\u00e4hdytysteho REHAU-paketti 80 neli\u00f6metri\u00e4<\/p>\n<p>Todellisissa k\u00e4ytt\u00f6olosuhteissa<\/p>\n<p>&#8211; Pintal\u00e4mp\u00f6tila 19 &#8211; 20 \u00b0C<\/p>\n<p>&#8211; Huoneen l\u00e4mp\u00f6tila 26 \u00b0C<\/p>\n<p>voidaan saavuttaa arvot 60 &#8211; 70 W\/m\u00b2.<\/p>\n","protected":false},"excerpt":{"rendered":"<p>REHAU Lattial\u00e4mmityspaketti &#8211; 80 MP &#8211; PREMIUM, JOKA SIS\u00c4LT\u00c4\u00c4 AUTOMAATION! Osta t\u00e4ydellinen REHAU-paketti, johon sis\u00e4ltyy automaatio, ja saat 20 % ALENNUSTA, ellet osta jokaista tuotetta erikseen. Pyynn\u00f6st\u00e4 alumiinifolio voidaan korvata Nuturi- tai Tacker-levyll\u00e4. TARJOAMME MY\u00d6S SUUNNITTELUTUKEA S\u00c4TEILYJ\u00c4RJESTELM\u00c4N ASENNUKSEN SUUNNITTELUUN. Sis\u00e4lt\u00f6 REHAU-paketti 80 m\u00b2: Putki Rehau Rautherm S 17&#215;2,0 Pe-Xa &#8211; (800 ml) J\u00e4ljitelty alumiinifolio &#8211;&hellip;<\/p>\n","protected":false},"featured_media":10619,"comment_status":"open","ping_status":"closed","template":"","meta":[],"product_cat":[878],"product_tag":[],"class_list":{"0":"post-10615","1":"product","2":"type-product","3":"status-publish","4":"has-post-thumbnail","6":"product_cat-taydelliset-lattialammityspaketit","8":"first","9":"instock","10":"sale","11":"taxable","12":"shipping-taxable","13":"purchasable","14":"product-type-simple","15":"col-xs-6 col-sm-4","16":"col-md-4 col-lg-4","17":"un-3-cols"},"acf":[],"yoast_head":"<!-- This site is optimized with the Yoast SEO plugin v21.2 - https:\/\/yoast.com\/wordpress\/plugins\/seo\/ -->\n<title>REHAU LATTIAL\u00c4MMITYS - 80 MP - KOKONAISPAKETTI<\/title>\n<meta name=\"description\" content=\"Order REHAU LATTIAL\u00c4MMITYS - 80 MP - KOKONAISPAKETTI at a best price.\" \/>\n<meta name=\"robots\" content=\"index, follow, max-snippet:-1, max-image-preview:large, max-video-preview:-1\" \/>\n<link rel=\"canonical\" href=\"https:\/\/fluterm.eu\/fi\/prod\/rehau-lattialammitys-80-mp-kokonaispaketti\/\" \/>\n<meta property=\"og:locale\" content=\"fi_FI\" \/>\n<meta property=\"og:type\" content=\"article\" \/>\n<meta property=\"og:title\" content=\"REHAU LATTIAL\u00c4MMITYS - 80 MP - KOKONAISPAKETTI\" \/>\n<meta property=\"og:description\" content=\"Order REHAU LATTIAL\u00c4MMITYS - 80 MP - KOKONAISPAKETTI at a best price.\" \/>\n<meta property=\"og:url\" content=\"https:\/\/fluterm.eu\/fi\/prod\/rehau-lattialammitys-80-mp-kokonaispaketti\/\" \/>\n<meta property=\"og:site_name\" content=\"fluterm.eu\" \/>\n<meta property=\"article:modified_time\" content=\"2023-09-06T10:31:50+00:00\" \/>\n<meta property=\"og:image\" content=\"https:\/\/fluterm.eu\/wp-content\/uploads\/2023\/08\/91724C8A-62FB-4CD6-93D2-1CB9AADA3A28.jpeg\" \/>\n\t<meta property=\"og:image:width\" content=\"2048\" \/>\n\t<meta property=\"og:image:height\" content=\"2048\" \/>\n\t<meta property=\"og:image:type\" content=\"image\/jpeg\" \/>\n<meta name=\"twitter:card\" content=\"summary_large_image\" \/>\n<meta name=\"twitter:label1\" content=\"Arvioitu lukuaika\" \/>\n\t<meta name=\"twitter:data1\" content=\"2 minuuttia\" \/>\n<script type=\"application\/ld+json\" class=\"yoast-schema-graph\">{\"@context\":\"https:\/\/schema.org\",\"@graph\":[{\"@type\":\"WebPage\",\"@id\":\"https:\/\/fluterm.eu\/fi\/prod\/rehau-lattialammitys-80-mp-kokonaispaketti\/\",\"url\":\"https:\/\/fluterm.eu\/fi\/prod\/rehau-lattialammitys-80-mp-kokonaispaketti\/\",\"name\":\"REHAU LATTIAL\u00c4MMITYS - 80 MP - KOKONAISPAKETTI\",\"isPartOf\":{\"@id\":\"https:\/\/fluterm.eu\/#website\"},\"datePublished\":\"2023-08-19T19:06:51+00:00\",\"dateModified\":\"2023-09-06T10:31:50+00:00\",\"description\":\"Order REHAU LATTIAL\u00c4MMITYS - 80 MP - KOKONAISPAKETTI at a best price.\",\"breadcrumb\":{\"@id\":\"https:\/\/fluterm.eu\/fi\/prod\/rehau-lattialammitys-80-mp-kokonaispaketti\/#breadcrumb\"},\"inLanguage\":\"fi\",\"potentialAction\":[{\"@type\":\"ReadAction\",\"target\":[\"https:\/\/fluterm.eu\/fi\/prod\/rehau-lattialammitys-80-mp-kokonaispaketti\/\"]}]},{\"@type\":\"BreadcrumbList\",\"@id\":\"https:\/\/fluterm.eu\/fi\/prod\/rehau-lattialammitys-80-mp-kokonaispaketti\/#breadcrumb\",\"itemListElement\":[{\"@type\":\"ListItem\",\"position\":1,\"name\":\"Home\",\"item\":\"https:\/\/fluterm.eu\/fi\/kauppa\/\"},{\"@type\":\"ListItem\",\"position\":2,\"name\":\"Kauppa\",\"item\":\"https:\/\/fluterm.eu\/fi\/kauppa\/\"},{\"@type\":\"ListItem\",\"position\":3,\"name\":\"REHAU LATTIAL\u00c4MMITYS &#8211; 80 MP &#8211; KOKONAISPAKETTI\"}]},{\"@type\":\"WebSite\",\"@id\":\"https:\/\/fluterm.eu\/#website\",\"url\":\"https:\/\/fluterm.eu\/\",\"name\":\"fluterm.eu\",\"description\":\"\",\"potentialAction\":[{\"@type\":\"SearchAction\",\"target\":{\"@type\":\"EntryPoint\",\"urlTemplate\":\"https:\/\/fluterm.eu\/?s={search_term_string}\"},\"query-input\":\"required name=search_term_string\"}],\"inLanguage\":\"fi\"}]}<\/script>\n<!-- \/ Yoast SEO plugin. -->","yoast_head_json":{"title":"REHAU LATTIAL\u00c4MMITYS - 80 MP - KOKONAISPAKETTI","description":"Order REHAU LATTIAL\u00c4MMITYS - 80 MP - KOKONAISPAKETTI at a best price.","robots":{"index":"index","follow":"follow","max-snippet":"max-snippet:-1","max-image-preview":"max-image-preview:large","max-video-preview":"max-video-preview:-1"},"canonical":"https:\/\/fluterm.eu\/fi\/prod\/rehau-lattialammitys-80-mp-kokonaispaketti\/","og_locale":"fi_FI","og_type":"article","og_title":"REHAU LATTIAL\u00c4MMITYS - 80 MP - KOKONAISPAKETTI","og_description":"Order REHAU LATTIAL\u00c4MMITYS - 80 MP - KOKONAISPAKETTI at a best price.","og_url":"https:\/\/fluterm.eu\/fi\/prod\/rehau-lattialammitys-80-mp-kokonaispaketti\/","og_site_name":"fluterm.eu","article_modified_time":"2023-09-06T10:31:50+00:00","og_image":[{"width":2048,"height":2048,"url":"https:\/\/fluterm.eu\/wp-content\/uploads\/2023\/08\/91724C8A-62FB-4CD6-93D2-1CB9AADA3A28.jpeg","type":"image\/jpeg"}],"twitter_card":"summary_large_image","twitter_misc":{"Arvioitu lukuaika":"2 minuuttia"},"schema":{"@context":"https:\/\/schema.org","@graph":[{"@type":"WebPage","@id":"https:\/\/fluterm.eu\/fi\/prod\/rehau-lattialammitys-80-mp-kokonaispaketti\/","url":"https:\/\/fluterm.eu\/fi\/prod\/rehau-lattialammitys-80-mp-kokonaispaketti\/","name":"REHAU LATTIAL\u00c4MMITYS - 80 MP - KOKONAISPAKETTI","isPartOf":{"@id":"https:\/\/fluterm.eu\/#website"},"datePublished":"2023-08-19T19:06:51+00:00","dateModified":"2023-09-06T10:31:50+00:00","description":"Order REHAU LATTIAL\u00c4MMITYS - 80 MP - KOKONAISPAKETTI at a best price.","breadcrumb":{"@id":"https:\/\/fluterm.eu\/fi\/prod\/rehau-lattialammitys-80-mp-kokonaispaketti\/#breadcrumb"},"inLanguage":"fi","potentialAction":[{"@type":"ReadAction","target":["https:\/\/fluterm.eu\/fi\/prod\/rehau-lattialammitys-80-mp-kokonaispaketti\/"]}]},{"@type":"BreadcrumbList","@id":"https:\/\/fluterm.eu\/fi\/prod\/rehau-lattialammitys-80-mp-kokonaispaketti\/#breadcrumb","itemListElement":[{"@type":"ListItem","position":1,"name":"Home","item":"https:\/\/fluterm.eu\/fi\/kauppa\/"},{"@type":"ListItem","position":2,"name":"Kauppa","item":"https:\/\/fluterm.eu\/fi\/kauppa\/"},{"@type":"ListItem","position":3,"name":"REHAU LATTIAL\u00c4MMITYS &#8211; 80 MP &#8211; KOKONAISPAKETTI"}]},{"@type":"WebSite","@id":"https:\/\/fluterm.eu\/#website","url":"https:\/\/fluterm.eu\/","name":"fluterm.eu","description":"","potentialAction":[{"@type":"SearchAction","target":{"@type":"EntryPoint","urlTemplate":"https:\/\/fluterm.eu\/?s={search_term_string}"},"query-input":"required name=search_term_string"}],"inLanguage":"fi"}]}},"_links":{"self":[{"href":"https:\/\/fluterm.eu\/fi\/wp-json\/wp\/v2\/product\/10615","targetHints":{"allow":["GET"]}}],"collection":[{"href":"https:\/\/fluterm.eu\/fi\/wp-json\/wp\/v2\/product"}],"about":[{"href":"https:\/\/fluterm.eu\/fi\/wp-json\/wp\/v2\/types\/product"}],"replies":[{"embeddable":true,"href":"https:\/\/fluterm.eu\/fi\/wp-json\/wp\/v2\/comments?post=10615"}],"version-history":[{"count":1,"href":"https:\/\/fluterm.eu\/fi\/wp-json\/wp\/v2\/product\/10615\/revisions"}],"predecessor-version":[{"id":13217,"href":"https:\/\/fluterm.eu\/fi\/wp-json\/wp\/v2\/product\/10615\/revisions\/13217"}],"wp:featuredmedia":[{"embeddable":true,"href":"https:\/\/fluterm.eu\/fi\/wp-json\/wp\/v2\/media\/10619"}],"wp:attachment":[{"href":"https:\/\/fluterm.eu\/fi\/wp-json\/wp\/v2\/media?parent=10615"}],"wp:term":[{"taxonomy":"product_cat","embeddable":true,"href":"https:\/\/fluterm.eu\/fi\/wp-json\/wp\/v2\/product_cat?post=10615"},{"taxonomy":"product_tag","embeddable":true,"href":"https:\/\/fluterm.eu\/fi\/wp-json\/wp\/v2\/product_tag?post=10615"}],"curies":[{"name":"wp","href":"https:\/\/api.w.org\/{rel}","templated":true}]}}