{"id":10640,"date":"2023-08-10T18:40:29","date_gmt":"2023-08-10T15:40:29","guid":{"rendered":"https:\/\/fluterm.eu\/prod\/26-t-liitanta-equal\/"},"modified":"2023-09-06T13:31:51","modified_gmt":"2023-09-06T10:31:51","slug":"26-t-liitanta-equal","status":"publish","type":"product","link":"https:\/\/fluterm.eu\/fi\/prod\/26-t-liitanta-equal\/","title":{"rendered":"26 T-liit\u00e4nt\u00e4 Equal"},"content":{"rendered":"<p>Pexal\u00ae Brass on messinkiseoksesta valmistetun rungon ja ruostumattomasta ter\u00e4ksest\u00e4 valmistetun puristusrenkaan avulla valmistettu puristusliit\u00e4nt\u00e4j\u00e4rjestelm\u00e4, joka soveltuu useisiin sovelluksiin: kuuman ja kylm\u00e4n juomaveden jakelulaitteistoihin, l\u00e4mmityslaitteistoihin ja teollisuuslaitteistoihin.<\/p>\n","protected":false},"excerpt":{"rendered":"<p>Pexal\u00ae Brass on messinkiseoksesta valmistetun rungon ja ruostumattomasta ter\u00e4ksest\u00e4 valmistetun puristusrenkaan avulla valmistettu puristusliit\u00e4nt\u00e4j\u00e4rjestelm\u00e4, joka soveltuu useisiin sovelluksiin: kuuman ja kylm\u00e4n juomaveden jakelulaitteistoihin, l\u00e4mmityslaitteistoihin ja teollisuuslaitteistoihin.<\/p>\n","protected":false},"featured_media":10650,"comment_status":"open","ping_status":"closed","template":"","meta":[],"product_cat":[894],"product_tag":[],"class_list":{"0":"post-10640","1":"product","2":"type-product","3":"status-publish","4":"has-post-thumbnail","6":"product_cat-puristuspuristimet-sovitukset","8":"first","9":"instock","10":"taxable","11":"shipping-taxable","12":"purchasable","13":"product-type-simple","14":"col-xs-6 col-sm-4","15":"col-md-4 col-lg-4","16":"un-3-cols"},"acf":[],"yoast_head":"<!-- This site is optimized with the Yoast SEO plugin v21.2 - https:\/\/yoast.com\/wordpress\/plugins\/seo\/ -->\n<title>26 T-liit\u00e4nt\u00e4 Equal<\/title>\n<meta name=\"description\" content=\"Order 26 T-liit\u00e4nt\u00e4 Equal at a best price.\" \/>\n<meta name=\"robots\" content=\"index, follow, max-snippet:-1, max-image-preview:large, max-video-preview:-1\" \/>\n<link rel=\"canonical\" href=\"https:\/\/fluterm.eu\/fi\/prod\/26-t-liitanta-equal\/\" \/>\n<meta property=\"og:locale\" content=\"fi_FI\" \/>\n<meta property=\"og:type\" content=\"article\" \/>\n<meta property=\"og:title\" content=\"26 T-liit\u00e4nt\u00e4 Equal\" \/>\n<meta property=\"og:description\" content=\"Order 26 T-liit\u00e4nt\u00e4 Equal at a best price.\" \/>\n<meta property=\"og:url\" content=\"https:\/\/fluterm.eu\/fi\/prod\/26-t-liitanta-equal\/\" \/>\n<meta property=\"og:site_name\" content=\"fluterm.eu\" \/>\n<meta property=\"article:modified_time\" content=\"2023-09-06T10:31:51+00:00\" \/>\n<meta property=\"og:image\" content=\"https:\/\/fluterm.eu\/wp-content\/uploads\/2023\/08\/A963903C-6E0A-4789-ABCF-7B2A9275BBFE_4_5005_c.jpeg\" \/>\n\t<meta property=\"og:image:width\" content=\"196\" \/>\n\t<meta property=\"og:image:height\" content=\"254\" \/>\n\t<meta property=\"og:image:type\" content=\"image\/jpeg\" \/>\n<meta name=\"twitter:card\" content=\"summary_large_image\" \/>\n<script type=\"application\/ld+json\" class=\"yoast-schema-graph\">{\"@context\":\"https:\/\/schema.org\",\"@graph\":[{\"@type\":\"WebPage\",\"@id\":\"https:\/\/fluterm.eu\/fi\/prod\/26-t-liitanta-equal\/\",\"url\":\"https:\/\/fluterm.eu\/fi\/prod\/26-t-liitanta-equal\/\",\"name\":\"26 T-liit\u00e4nt\u00e4 Equal\",\"isPartOf\":{\"@id\":\"https:\/\/fluterm.eu\/#website\"},\"datePublished\":\"2023-08-10T15:40:29+00:00\",\"dateModified\":\"2023-09-06T10:31:51+00:00\",\"description\":\"Order 26 T-liit\u00e4nt\u00e4 Equal at a best price.\",\"breadcrumb\":{\"@id\":\"https:\/\/fluterm.eu\/fi\/prod\/26-t-liitanta-equal\/#breadcrumb\"},\"inLanguage\":\"fi\",\"potentialAction\":[{\"@type\":\"ReadAction\",\"target\":[\"https:\/\/fluterm.eu\/fi\/prod\/26-t-liitanta-equal\/\"]}]},{\"@type\":\"BreadcrumbList\",\"@id\":\"https:\/\/fluterm.eu\/fi\/prod\/26-t-liitanta-equal\/#breadcrumb\",\"itemListElement\":[{\"@type\":\"ListItem\",\"position\":1,\"name\":\"Home\",\"item\":\"https:\/\/fluterm.eu\/fi\/kauppa\/\"},{\"@type\":\"ListItem\",\"position\":2,\"name\":\"Kauppa\",\"item\":\"https:\/\/fluterm.eu\/fi\/kauppa\/\"},{\"@type\":\"ListItem\",\"position\":3,\"name\":\"26 T-liit\u00e4nt\u00e4 Equal\"}]},{\"@type\":\"WebSite\",\"@id\":\"https:\/\/fluterm.eu\/#website\",\"url\":\"https:\/\/fluterm.eu\/\",\"name\":\"fluterm.eu\",\"description\":\"\",\"potentialAction\":[{\"@type\":\"SearchAction\",\"target\":{\"@type\":\"EntryPoint\",\"urlTemplate\":\"https:\/\/fluterm.eu\/?s={search_term_string}\"},\"query-input\":\"required name=search_term_string\"}],\"inLanguage\":\"fi\"}]}<\/script>\n<!-- \/ Yoast SEO plugin. -->","yoast_head_json":{"title":"26 T-liit\u00e4nt\u00e4 Equal","description":"Order 26 T-liit\u00e4nt\u00e4 Equal at a best price.","robots":{"index":"index","follow":"follow","max-snippet":"max-snippet:-1","max-image-preview":"max-image-preview:large","max-video-preview":"max-video-preview:-1"},"canonical":"https:\/\/fluterm.eu\/fi\/prod\/26-t-liitanta-equal\/","og_locale":"fi_FI","og_type":"article","og_title":"26 T-liit\u00e4nt\u00e4 Equal","og_description":"Order 26 T-liit\u00e4nt\u00e4 Equal at a best price.","og_url":"https:\/\/fluterm.eu\/fi\/prod\/26-t-liitanta-equal\/","og_site_name":"fluterm.eu","article_modified_time":"2023-09-06T10:31:51+00:00","og_image":[{"width":196,"height":254,"url":"https:\/\/fluterm.eu\/wp-content\/uploads\/2023\/08\/A963903C-6E0A-4789-ABCF-7B2A9275BBFE_4_5005_c.jpeg","type":"image\/jpeg"}],"twitter_card":"summary_large_image","schema":{"@context":"https:\/\/schema.org","@graph":[{"@type":"WebPage","@id":"https:\/\/fluterm.eu\/fi\/prod\/26-t-liitanta-equal\/","url":"https:\/\/fluterm.eu\/fi\/prod\/26-t-liitanta-equal\/","name":"26 T-liit\u00e4nt\u00e4 Equal","isPartOf":{"@id":"https:\/\/fluterm.eu\/#website"},"datePublished":"2023-08-10T15:40:29+00:00","dateModified":"2023-09-06T10:31:51+00:00","description":"Order 26 T-liit\u00e4nt\u00e4 Equal at a best price.","breadcrumb":{"@id":"https:\/\/fluterm.eu\/fi\/prod\/26-t-liitanta-equal\/#breadcrumb"},"inLanguage":"fi","potentialAction":[{"@type":"ReadAction","target":["https:\/\/fluterm.eu\/fi\/prod\/26-t-liitanta-equal\/"]}]},{"@type":"BreadcrumbList","@id":"https:\/\/fluterm.eu\/fi\/prod\/26-t-liitanta-equal\/#breadcrumb","itemListElement":[{"@type":"ListItem","position":1,"name":"Home","item":"https:\/\/fluterm.eu\/fi\/kauppa\/"},{"@type":"ListItem","position":2,"name":"Kauppa","item":"https:\/\/fluterm.eu\/fi\/kauppa\/"},{"@type":"ListItem","position":3,"name":"26 T-liit\u00e4nt\u00e4 Equal"}]},{"@type":"WebSite","@id":"https:\/\/fluterm.eu\/#website","url":"https:\/\/fluterm.eu\/","name":"fluterm.eu","description":"","potentialAction":[{"@type":"SearchAction","target":{"@type":"EntryPoint","urlTemplate":"https:\/\/fluterm.eu\/?s={search_term_string}"},"query-input":"required name=search_term_string"}],"inLanguage":"fi"}]}},"_links":{"self":[{"href":"https:\/\/fluterm.eu\/fi\/wp-json\/wp\/v2\/product\/10640","targetHints":{"allow":["GET"]}}],"collection":[{"href":"https:\/\/fluterm.eu\/fi\/wp-json\/wp\/v2\/product"}],"about":[{"href":"https:\/\/fluterm.eu\/fi\/wp-json\/wp\/v2\/types\/product"}],"replies":[{"embeddable":true,"href":"https:\/\/fluterm.eu\/fi\/wp-json\/wp\/v2\/comments?post=10640"}],"version-history":[{"count":1,"href":"https:\/\/fluterm.eu\/fi\/wp-json\/wp\/v2\/product\/10640\/revisions"}],"predecessor-version":[{"id":13219,"href":"https:\/\/fluterm.eu\/fi\/wp-json\/wp\/v2\/product\/10640\/revisions\/13219"}],"wp:featuredmedia":[{"embeddable":true,"href":"https:\/\/fluterm.eu\/fi\/wp-json\/wp\/v2\/media\/10650"}],"wp:attachment":[{"href":"https:\/\/fluterm.eu\/fi\/wp-json\/wp\/v2\/media?parent=10640"}],"wp:term":[{"taxonomy":"product_cat","embeddable":true,"href":"https:\/\/fluterm.eu\/fi\/wp-json\/wp\/v2\/product_cat?post=10640"},{"taxonomy":"product_tag","embeddable":true,"href":"https:\/\/fluterm.eu\/fi\/wp-json\/wp\/v2\/product_tag?post=10640"}],"curies":[{"name":"wp","href":"https:\/\/api.w.org\/{rel}","templated":true}]}}