{"id":10912,"date":"2023-08-10T18:22:10","date_gmt":"2023-08-10T15:22:10","guid":{"rendered":"https:\/\/fluterm.eu\/prod\/kromattu-puristinkulma-uponor-16x2-pattereille\/"},"modified":"2023-09-06T13:31:53","modified_gmt":"2023-09-06T10:31:53","slug":"kromattu-puristinkulma-uponor-16x2-pattereille","status":"publish","type":"product","link":"https:\/\/fluterm.eu\/fi\/prod\/kromattu-puristinkulma-uponor-16x2-pattereille\/","title":{"rendered":"Kromattu puristinkulma Uponor 16\u00d72 pattereille"},"content":{"rendered":"<p>Maincorin kromipuristinkulmat antavat yksinkertaisella puristusliitoksella paremman ja ammattimaisemman ulkon\u00e4\u00f6n putkistolle, joka on esill\u00e4 esimerkiksi pattereiden liit\u00e4nt\u00e4n\u00e4.<\/p>\n<div id=\"jp-relatedposts\" class=\"jp-relatedposts\">\n<div class=\"jp-relatedposts-items jp-relatedposts-items-minimal jp-relatedposts-grid \">\n<p class=\"jp-relatedposts-post jp-relatedposts-post0\" data-post-id=\"735\" data-post-format=\"false\">\n<\/div>\n<\/div>\n","protected":false},"excerpt":{"rendered":"<p>Maincorin kromipuristinkulmat antavat yksinkertaisella puristusliitoksella paremman ja ammattimaisemman ulkon\u00e4\u00f6n putkistolle, joka on esill\u00e4 esimerkiksi pattereiden liit\u00e4nt\u00e4n\u00e4.<\/p>\n","protected":false},"featured_media":10921,"comment_status":"open","ping_status":"closed","template":"","meta":[],"product_cat":[894],"product_tag":[],"class_list":{"0":"post-10912","1":"product","2":"type-product","3":"status-publish","4":"has-post-thumbnail","6":"product_cat-puristuspuristimet-sovitukset","8":"first","9":"instock","10":"taxable","11":"shipping-taxable","12":"purchasable","13":"product-type-simple","14":"col-xs-6 col-sm-4","15":"col-md-4 col-lg-4","16":"un-3-cols"},"acf":[],"yoast_head":"<!-- This site is optimized with the Yoast SEO plugin v21.2 - https:\/\/yoast.com\/wordpress\/plugins\/seo\/ -->\n<title>Kromattu puristinkulma Uponor 16\u00d72 pattereille<\/title>\n<meta name=\"description\" content=\"Order Kromattu puristinkulma Uponor 16\u00d72 pattereille at a best price.\" \/>\n<meta name=\"robots\" content=\"index, follow, max-snippet:-1, max-image-preview:large, max-video-preview:-1\" \/>\n<link rel=\"canonical\" href=\"https:\/\/fluterm.eu\/fi\/prod\/kromattu-puristinkulma-uponor-16x2-pattereille\/\" \/>\n<meta property=\"og:locale\" content=\"fi_FI\" \/>\n<meta property=\"og:type\" content=\"article\" \/>\n<meta property=\"og:title\" content=\"Kromattu puristinkulma Uponor 16\u00d72 pattereille\" \/>\n<meta property=\"og:description\" content=\"Order Kromattu puristinkulma Uponor 16\u00d72 pattereille at a best price.\" \/>\n<meta property=\"og:url\" content=\"https:\/\/fluterm.eu\/fi\/prod\/kromattu-puristinkulma-uponor-16x2-pattereille\/\" \/>\n<meta property=\"og:site_name\" content=\"fluterm.eu\" \/>\n<meta property=\"article:modified_time\" content=\"2023-09-06T10:31:53+00:00\" \/>\n<meta property=\"og:image\" content=\"https:\/\/fluterm.eu\/wp-content\/uploads\/2023\/08\/C898CD10-E21D-464F-AA64-DA3CFB59FE83.jpeg\" \/>\n\t<meta property=\"og:image:width\" content=\"600\" \/>\n\t<meta property=\"og:image:height\" content=\"600\" \/>\n\t<meta property=\"og:image:type\" content=\"image\/jpeg\" \/>\n<meta name=\"twitter:card\" content=\"summary_large_image\" \/>\n<script type=\"application\/ld+json\" class=\"yoast-schema-graph\">{\"@context\":\"https:\/\/schema.org\",\"@graph\":[{\"@type\":\"WebPage\",\"@id\":\"https:\/\/fluterm.eu\/fi\/prod\/kromattu-puristinkulma-uponor-16x2-pattereille\/\",\"url\":\"https:\/\/fluterm.eu\/fi\/prod\/kromattu-puristinkulma-uponor-16x2-pattereille\/\",\"name\":\"Kromattu puristinkulma Uponor 16\u00d72 pattereille\",\"isPartOf\":{\"@id\":\"https:\/\/fluterm.eu\/#website\"},\"datePublished\":\"2023-08-10T15:22:10+00:00\",\"dateModified\":\"2023-09-06T10:31:53+00:00\",\"description\":\"Order Kromattu puristinkulma Uponor 16\u00d72 pattereille at a best price.\",\"breadcrumb\":{\"@id\":\"https:\/\/fluterm.eu\/fi\/prod\/kromattu-puristinkulma-uponor-16x2-pattereille\/#breadcrumb\"},\"inLanguage\":\"fi\",\"potentialAction\":[{\"@type\":\"ReadAction\",\"target\":[\"https:\/\/fluterm.eu\/fi\/prod\/kromattu-puristinkulma-uponor-16x2-pattereille\/\"]}]},{\"@type\":\"BreadcrumbList\",\"@id\":\"https:\/\/fluterm.eu\/fi\/prod\/kromattu-puristinkulma-uponor-16x2-pattereille\/#breadcrumb\",\"itemListElement\":[{\"@type\":\"ListItem\",\"position\":1,\"name\":\"Home\",\"item\":\"https:\/\/fluterm.eu\/fi\/kauppa\/\"},{\"@type\":\"ListItem\",\"position\":2,\"name\":\"Kauppa\",\"item\":\"https:\/\/fluterm.eu\/fi\/kauppa\/\"},{\"@type\":\"ListItem\",\"position\":3,\"name\":\"Kromattu puristinkulma Uponor 16\u00d72 pattereille\"}]},{\"@type\":\"WebSite\",\"@id\":\"https:\/\/fluterm.eu\/#website\",\"url\":\"https:\/\/fluterm.eu\/\",\"name\":\"fluterm.eu\",\"description\":\"\",\"potentialAction\":[{\"@type\":\"SearchAction\",\"target\":{\"@type\":\"EntryPoint\",\"urlTemplate\":\"https:\/\/fluterm.eu\/?s={search_term_string}\"},\"query-input\":\"required name=search_term_string\"}],\"inLanguage\":\"fi\"}]}<\/script>\n<!-- \/ Yoast SEO plugin. -->","yoast_head_json":{"title":"Kromattu puristinkulma Uponor 16\u00d72 pattereille","description":"Order Kromattu puristinkulma Uponor 16\u00d72 pattereille at a best price.","robots":{"index":"index","follow":"follow","max-snippet":"max-snippet:-1","max-image-preview":"max-image-preview:large","max-video-preview":"max-video-preview:-1"},"canonical":"https:\/\/fluterm.eu\/fi\/prod\/kromattu-puristinkulma-uponor-16x2-pattereille\/","og_locale":"fi_FI","og_type":"article","og_title":"Kromattu puristinkulma Uponor 16\u00d72 pattereille","og_description":"Order Kromattu puristinkulma Uponor 16\u00d72 pattereille at a best price.","og_url":"https:\/\/fluterm.eu\/fi\/prod\/kromattu-puristinkulma-uponor-16x2-pattereille\/","og_site_name":"fluterm.eu","article_modified_time":"2023-09-06T10:31:53+00:00","og_image":[{"width":600,"height":600,"url":"https:\/\/fluterm.eu\/wp-content\/uploads\/2023\/08\/C898CD10-E21D-464F-AA64-DA3CFB59FE83.jpeg","type":"image\/jpeg"}],"twitter_card":"summary_large_image","schema":{"@context":"https:\/\/schema.org","@graph":[{"@type":"WebPage","@id":"https:\/\/fluterm.eu\/fi\/prod\/kromattu-puristinkulma-uponor-16x2-pattereille\/","url":"https:\/\/fluterm.eu\/fi\/prod\/kromattu-puristinkulma-uponor-16x2-pattereille\/","name":"Kromattu puristinkulma Uponor 16\u00d72 pattereille","isPartOf":{"@id":"https:\/\/fluterm.eu\/#website"},"datePublished":"2023-08-10T15:22:10+00:00","dateModified":"2023-09-06T10:31:53+00:00","description":"Order Kromattu puristinkulma Uponor 16\u00d72 pattereille at a best price.","breadcrumb":{"@id":"https:\/\/fluterm.eu\/fi\/prod\/kromattu-puristinkulma-uponor-16x2-pattereille\/#breadcrumb"},"inLanguage":"fi","potentialAction":[{"@type":"ReadAction","target":["https:\/\/fluterm.eu\/fi\/prod\/kromattu-puristinkulma-uponor-16x2-pattereille\/"]}]},{"@type":"BreadcrumbList","@id":"https:\/\/fluterm.eu\/fi\/prod\/kromattu-puristinkulma-uponor-16x2-pattereille\/#breadcrumb","itemListElement":[{"@type":"ListItem","position":1,"name":"Home","item":"https:\/\/fluterm.eu\/fi\/kauppa\/"},{"@type":"ListItem","position":2,"name":"Kauppa","item":"https:\/\/fluterm.eu\/fi\/kauppa\/"},{"@type":"ListItem","position":3,"name":"Kromattu puristinkulma Uponor 16\u00d72 pattereille"}]},{"@type":"WebSite","@id":"https:\/\/fluterm.eu\/#website","url":"https:\/\/fluterm.eu\/","name":"fluterm.eu","description":"","potentialAction":[{"@type":"SearchAction","target":{"@type":"EntryPoint","urlTemplate":"https:\/\/fluterm.eu\/?s={search_term_string}"},"query-input":"required name=search_term_string"}],"inLanguage":"fi"}]}},"_links":{"self":[{"href":"https:\/\/fluterm.eu\/fi\/wp-json\/wp\/v2\/product\/10912","targetHints":{"allow":["GET"]}}],"collection":[{"href":"https:\/\/fluterm.eu\/fi\/wp-json\/wp\/v2\/product"}],"about":[{"href":"https:\/\/fluterm.eu\/fi\/wp-json\/wp\/v2\/types\/product"}],"replies":[{"embeddable":true,"href":"https:\/\/fluterm.eu\/fi\/wp-json\/wp\/v2\/comments?post=10912"}],"version-history":[{"count":1,"href":"https:\/\/fluterm.eu\/fi\/wp-json\/wp\/v2\/product\/10912\/revisions"}],"predecessor-version":[{"id":13224,"href":"https:\/\/fluterm.eu\/fi\/wp-json\/wp\/v2\/product\/10912\/revisions\/13224"}],"wp:featuredmedia":[{"embeddable":true,"href":"https:\/\/fluterm.eu\/fi\/wp-json\/wp\/v2\/media\/10921"}],"wp:attachment":[{"href":"https:\/\/fluterm.eu\/fi\/wp-json\/wp\/v2\/media?parent=10912"}],"wp:term":[{"taxonomy":"product_cat","embeddable":true,"href":"https:\/\/fluterm.eu\/fi\/wp-json\/wp\/v2\/product_cat?post=10912"},{"taxonomy":"product_tag","embeddable":true,"href":"https:\/\/fluterm.eu\/fi\/wp-json\/wp\/v2\/product_tag?post=10912"}],"curies":[{"name":"wp","href":"https:\/\/api.w.org\/{rel}","templated":true}]}}