{"id":10945,"date":"2023-08-10T18:24:14","date_gmt":"2023-08-10T15:24:14","guid":{"rendered":"https:\/\/fluterm.eu\/prod\/monikerroksinen-puristuskulma-d-16x1-2%e2%80%b3\/"},"modified":"2023-09-06T13:31:52","modified_gmt":"2023-09-06T10:31:52","slug":"monikerroksinen-puristuskulma-d-16x1-2%e2%80%b3","status":"publish","type":"product","link":"https:\/\/fluterm.eu\/fi\/prod\/monikerroksinen-puristuskulma-d-16x1-2%e2%80%b3\/","title":{"rendered":"Monikerroksinen puristuskulma D.16X1\/2\u2033"},"content":{"rendered":"<p>Mitat \u00f8 16 x 1\/2\u2033<\/p>\n<p>Pexal\u00ae Brass on messinkiseoksesta valmistetun rungon ja ruostumattomasta ter\u00e4ksest\u00e4 valmistetun puristusrenkaan avulla valmistettu puristusliit\u00e4nt\u00e4j\u00e4rjestelm\u00e4, joka soveltuu useisiin sovelluksiin: kuuman ja kylm\u00e4n juomaveden jakelulaitteistoihin, l\u00e4mmityslaitteistoihin ja teollisuuslaitteistoihin.<\/p>\n","protected":false},"excerpt":{"rendered":"<p>Mitat \u00f8 16 x 1\/2\u2033 Pexal\u00ae Brass on messinkiseoksesta valmistetun rungon ja ruostumattomasta ter\u00e4ksest\u00e4 valmistetun puristusrenkaan avulla valmistettu puristusliit\u00e4nt\u00e4j\u00e4rjestelm\u00e4, joka soveltuu useisiin sovelluksiin: kuuman ja kylm\u00e4n juomaveden jakelulaitteistoihin, l\u00e4mmityslaitteistoihin ja teollisuuslaitteistoihin.<\/p>\n","protected":false},"featured_media":10955,"comment_status":"open","ping_status":"closed","template":"","meta":[],"product_cat":[894],"product_tag":[],"class_list":{"0":"post-10945","1":"product","2":"type-product","3":"status-publish","4":"has-post-thumbnail","6":"product_cat-puristuspuristimet-sovitukset","8":"first","9":"instock","10":"taxable","11":"shipping-taxable","12":"purchasable","13":"product-type-simple","14":"col-xs-6 col-sm-4","15":"col-md-4 col-lg-4","16":"un-3-cols"},"acf":[],"yoast_head":"<!-- This site is optimized with the Yoast SEO plugin v21.2 - https:\/\/yoast.com\/wordpress\/plugins\/seo\/ -->\n<title>Monikerroksinen puristuskulma D.16X1\/2\u2033<\/title>\n<meta name=\"description\" content=\"Order Monikerroksinen puristuskulma D.16X1\/2\u2033 at a best price.\" \/>\n<meta name=\"robots\" content=\"index, follow, max-snippet:-1, max-image-preview:large, max-video-preview:-1\" \/>\n<link rel=\"canonical\" href=\"https:\/\/fluterm.eu\/fi\/prod\/monikerroksinen-puristuskulma-d-16x1-2\u2033\/\" \/>\n<meta property=\"og:locale\" content=\"fi_FI\" \/>\n<meta property=\"og:type\" content=\"article\" \/>\n<meta property=\"og:title\" content=\"Monikerroksinen puristuskulma D.16X1\/2\u2033\" \/>\n<meta property=\"og:description\" content=\"Order Monikerroksinen puristuskulma D.16X1\/2\u2033 at a best price.\" \/>\n<meta property=\"og:url\" content=\"https:\/\/fluterm.eu\/fi\/prod\/monikerroksinen-puristuskulma-d-16x1-2\u2033\/\" \/>\n<meta property=\"og:site_name\" content=\"fluterm.eu\" \/>\n<meta property=\"article:modified_time\" content=\"2023-09-06T10:31:52+00:00\" \/>\n<meta property=\"og:image\" content=\"https:\/\/fluterm.eu\/wp-content\/uploads\/2023\/08\/01411A82-666A-41BE-8256-6833950C2F1E.jpeg\" \/>\n\t<meta property=\"og:image:width\" content=\"450\" \/>\n\t<meta property=\"og:image:height\" content=\"450\" \/>\n\t<meta property=\"og:image:type\" content=\"image\/jpeg\" \/>\n<meta name=\"twitter:card\" content=\"summary_large_image\" \/>\n<script type=\"application\/ld+json\" class=\"yoast-schema-graph\">{\"@context\":\"https:\/\/schema.org\",\"@graph\":[{\"@type\":\"WebPage\",\"@id\":\"https:\/\/fluterm.eu\/fi\/prod\/monikerroksinen-puristuskulma-d-16x1-2%e2%80%b3\/\",\"url\":\"https:\/\/fluterm.eu\/fi\/prod\/monikerroksinen-puristuskulma-d-16x1-2%e2%80%b3\/\",\"name\":\"Monikerroksinen puristuskulma D.16X1\/2\u2033\",\"isPartOf\":{\"@id\":\"https:\/\/fluterm.eu\/#website\"},\"datePublished\":\"2023-08-10T15:24:14+00:00\",\"dateModified\":\"2023-09-06T10:31:52+00:00\",\"description\":\"Order Monikerroksinen puristuskulma D.16X1\/2\u2033 at a best price.\",\"breadcrumb\":{\"@id\":\"https:\/\/fluterm.eu\/fi\/prod\/monikerroksinen-puristuskulma-d-16x1-2%e2%80%b3\/#breadcrumb\"},\"inLanguage\":\"fi\",\"potentialAction\":[{\"@type\":\"ReadAction\",\"target\":[\"https:\/\/fluterm.eu\/fi\/prod\/monikerroksinen-puristuskulma-d-16x1-2%e2%80%b3\/\"]}]},{\"@type\":\"BreadcrumbList\",\"@id\":\"https:\/\/fluterm.eu\/fi\/prod\/monikerroksinen-puristuskulma-d-16x1-2%e2%80%b3\/#breadcrumb\",\"itemListElement\":[{\"@type\":\"ListItem\",\"position\":1,\"name\":\"Home\",\"item\":\"https:\/\/fluterm.eu\/fi\/kauppa\/\"},{\"@type\":\"ListItem\",\"position\":2,\"name\":\"Kauppa\",\"item\":\"https:\/\/fluterm.eu\/fi\/kauppa\/\"},{\"@type\":\"ListItem\",\"position\":3,\"name\":\"Monikerroksinen puristuskulma D.16X1\/2\u2033\"}]},{\"@type\":\"WebSite\",\"@id\":\"https:\/\/fluterm.eu\/#website\",\"url\":\"https:\/\/fluterm.eu\/\",\"name\":\"fluterm.eu\",\"description\":\"\",\"potentialAction\":[{\"@type\":\"SearchAction\",\"target\":{\"@type\":\"EntryPoint\",\"urlTemplate\":\"https:\/\/fluterm.eu\/?s={search_term_string}\"},\"query-input\":\"required name=search_term_string\"}],\"inLanguage\":\"fi\"}]}<\/script>\n<!-- \/ Yoast SEO plugin. -->","yoast_head_json":{"title":"Monikerroksinen puristuskulma D.16X1\/2\u2033","description":"Order Monikerroksinen puristuskulma D.16X1\/2\u2033 at a best price.","robots":{"index":"index","follow":"follow","max-snippet":"max-snippet:-1","max-image-preview":"max-image-preview:large","max-video-preview":"max-video-preview:-1"},"canonical":"https:\/\/fluterm.eu\/fi\/prod\/monikerroksinen-puristuskulma-d-16x1-2\u2033\/","og_locale":"fi_FI","og_type":"article","og_title":"Monikerroksinen puristuskulma D.16X1\/2\u2033","og_description":"Order Monikerroksinen puristuskulma D.16X1\/2\u2033 at a best price.","og_url":"https:\/\/fluterm.eu\/fi\/prod\/monikerroksinen-puristuskulma-d-16x1-2\u2033\/","og_site_name":"fluterm.eu","article_modified_time":"2023-09-06T10:31:52+00:00","og_image":[{"width":450,"height":450,"url":"https:\/\/fluterm.eu\/wp-content\/uploads\/2023\/08\/01411A82-666A-41BE-8256-6833950C2F1E.jpeg","type":"image\/jpeg"}],"twitter_card":"summary_large_image","schema":{"@context":"https:\/\/schema.org","@graph":[{"@type":"WebPage","@id":"https:\/\/fluterm.eu\/fi\/prod\/monikerroksinen-puristuskulma-d-16x1-2%e2%80%b3\/","url":"https:\/\/fluterm.eu\/fi\/prod\/monikerroksinen-puristuskulma-d-16x1-2%e2%80%b3\/","name":"Monikerroksinen puristuskulma D.16X1\/2\u2033","isPartOf":{"@id":"https:\/\/fluterm.eu\/#website"},"datePublished":"2023-08-10T15:24:14+00:00","dateModified":"2023-09-06T10:31:52+00:00","description":"Order Monikerroksinen puristuskulma D.16X1\/2\u2033 at a best price.","breadcrumb":{"@id":"https:\/\/fluterm.eu\/fi\/prod\/monikerroksinen-puristuskulma-d-16x1-2%e2%80%b3\/#breadcrumb"},"inLanguage":"fi","potentialAction":[{"@type":"ReadAction","target":["https:\/\/fluterm.eu\/fi\/prod\/monikerroksinen-puristuskulma-d-16x1-2%e2%80%b3\/"]}]},{"@type":"BreadcrumbList","@id":"https:\/\/fluterm.eu\/fi\/prod\/monikerroksinen-puristuskulma-d-16x1-2%e2%80%b3\/#breadcrumb","itemListElement":[{"@type":"ListItem","position":1,"name":"Home","item":"https:\/\/fluterm.eu\/fi\/kauppa\/"},{"@type":"ListItem","position":2,"name":"Kauppa","item":"https:\/\/fluterm.eu\/fi\/kauppa\/"},{"@type":"ListItem","position":3,"name":"Monikerroksinen puristuskulma D.16X1\/2\u2033"}]},{"@type":"WebSite","@id":"https:\/\/fluterm.eu\/#website","url":"https:\/\/fluterm.eu\/","name":"fluterm.eu","description":"","potentialAction":[{"@type":"SearchAction","target":{"@type":"EntryPoint","urlTemplate":"https:\/\/fluterm.eu\/?s={search_term_string}"},"query-input":"required name=search_term_string"}],"inLanguage":"fi"}]}},"_links":{"self":[{"href":"https:\/\/fluterm.eu\/fi\/wp-json\/wp\/v2\/product\/10945","targetHints":{"allow":["GET"]}}],"collection":[{"href":"https:\/\/fluterm.eu\/fi\/wp-json\/wp\/v2\/product"}],"about":[{"href":"https:\/\/fluterm.eu\/fi\/wp-json\/wp\/v2\/types\/product"}],"replies":[{"embeddable":true,"href":"https:\/\/fluterm.eu\/fi\/wp-json\/wp\/v2\/comments?post=10945"}],"version-history":[{"count":1,"href":"https:\/\/fluterm.eu\/fi\/wp-json\/wp\/v2\/product\/10945\/revisions"}],"predecessor-version":[{"id":13223,"href":"https:\/\/fluterm.eu\/fi\/wp-json\/wp\/v2\/product\/10945\/revisions\/13223"}],"wp:featuredmedia":[{"embeddable":true,"href":"https:\/\/fluterm.eu\/fi\/wp-json\/wp\/v2\/media\/10955"}],"wp:attachment":[{"href":"https:\/\/fluterm.eu\/fi\/wp-json\/wp\/v2\/media?parent=10945"}],"wp:term":[{"taxonomy":"product_cat","embeddable":true,"href":"https:\/\/fluterm.eu\/fi\/wp-json\/wp\/v2\/product_cat?post=10945"},{"taxonomy":"product_tag","embeddable":true,"href":"https:\/\/fluterm.eu\/fi\/wp-json\/wp\/v2\/product_tag?post=10945"}],"curies":[{"name":"wp","href":"https:\/\/api.w.org\/{rel}","templated":true}]}}