{"id":11125,"date":"2023-08-08T19:17:52","date_gmt":"2023-08-08T16:17:52","guid":{"rendered":"https:\/\/fluterm.eu\/prod\/taydellinen-uponor-90m2-lattialammityspaketti\/"},"modified":"2023-09-06T13:31:54","modified_gmt":"2023-09-06T10:31:54","slug":"taydellinen-uponor-90m2-lattialammityspaketti","status":"publish","type":"product","link":"https:\/\/fluterm.eu\/fi\/prod\/taydellinen-uponor-90m2-lattialammityspaketti\/","title":{"rendered":"T\u00e4ydellinen Uponor 90m2 lattial\u00e4mmityspaketti"},"content":{"rendered":"<div>T\u00e4ydellisen lattial\u00e4mmitysj\u00e4rjestelm\u00e4n luominen kotiisi tai liiketiloihin on vain askeleen p\u00e4\u00e4ss\u00e4 t\u00e4ydellisest\u00e4 l\u00e4mminvesilattial\u00e4mmitysj\u00e4rjestelm\u00e4st\u00e4mme. Putken pituus riitt\u00e4\u00e4 kattamaan 90 m\u00b2, ja siin\u00e4 on kaikki odotetun laadukkaat tuotteet ja osat.<\/div>\n<div><\/div>\n<p>Pipe &amp; Clip -lattial\u00e4mmitysj\u00e4rjestelm\u00e4 on helppo asentaa, Pex-kerrosputki kiinnitet\u00e4\u00e4n eristekerrokseen ennen kuin tasoite levitet\u00e4\u00e4n joko lastalla tai nestem\u00e4inen tasoite valetaan.<\/p>\n<div>Suosittelemme aina, ett\u00e4 putki leikataan tarkasti ja rei&#8217;itet\u00e4\u00e4n, jotta saadaan aikaan hyv\u00e4 liitos liitososiin ja estet\u00e4\u00e4n vuodot.<\/div>\n<div><\/div>\n<div><b>L\u00e4mmityssarja &#8211; 90.0m\u00b2:<\/b><\/div>\n<div><\/div>\n<div>\n<ul>\n<li>720 metri\u00e4 16mm putkea uponor comfort putki<\/li>\n<li>&#8221;A&#8221;-luokiteltu matalaenergia wilo yonos para pumppu ja termomix automaattinen sekoitusventtiili <strong>UPONOR<\/strong><\/li>\n<li>9-porttinen jakotukki &#8211; Korkealaatuista nikkel\u00f6ity\u00e4 messinki\u00e4, jossa on dualmix-jakotukki <strong>UPONOR<\/strong> -kokoonpano<\/li>\n<li>2 x veden tyhjennys-\/t\u00e4ytt\u00f6venttiilit<\/li>\n<li>2 x palloventtiilit<\/li>\n<li>2 x ilmanpoistoventtiilit<\/li>\n<li>18 x 16mm putkiliittimet (Eurocone)<\/li>\n<li>2400 High Grip putkiliittimet<\/li>\n<li>75m Reunan eristys<\/li>\n<li>alumiinifolio 100m2<\/li>\n<\/ul>\n<p>Lattiapinta-ala: 90,0m\u00b2 &#8211; 110,0m\u00b2.<br \/>\n&#8211; 90,0m\u00b2 @ 150mm v\u00e4lein alueilla, joilla l\u00e4mp\u00f6h\u00e4vi\u00f6 on suuri (talvihuoneet).<br \/>\n&#8211; 110,0m\u00b2 @ 200mm v\u00e4li prim\u00e4\u00e4ril\u00e4mmityst\u00e4 varten (olohuone, kylpyhuone, makuuhuoneet).<\/p>\n<\/div>\n<div id=\"jp-relatedposts\" class=\"jp-relatedposts\">\n<h3 class=\"jp-relatedposts-headline\"><\/h3>\n<\/div>\n","protected":false},"excerpt":{"rendered":"<p>T\u00e4ydellisen lattial\u00e4mmitysj\u00e4rjestelm\u00e4n luominen kotiisi tai liiketiloihin on vain askeleen p\u00e4\u00e4ss\u00e4 t\u00e4ydellisest\u00e4 l\u00e4mminvesilattial\u00e4mmitysj\u00e4rjestelm\u00e4st\u00e4mme. Putken pituus riitt\u00e4\u00e4 kattamaan 90 m\u00b2, ja siin\u00e4 on kaikki odotetun laadukkaat tuotteet ja osat. Pipe &amp; Clip -lattial\u00e4mmitysj\u00e4rjestelm\u00e4 on helppo asentaa, Pex-kerrosputki kiinnitet\u00e4\u00e4n eristekerrokseen ennen kuin tasoite levitet\u00e4\u00e4n joko lastalla tai nestem\u00e4inen tasoite valetaan. Suosittelemme aina, ett\u00e4 putki leikataan tarkasti ja rei&#8217;itet\u00e4\u00e4n,&hellip;<\/p>\n","protected":false},"featured_media":11074,"comment_status":"open","ping_status":"closed","template":"","meta":[],"product_cat":[878],"product_tag":[],"class_list":{"0":"post-11125","1":"product","2":"type-product","3":"status-publish","4":"has-post-thumbnail","6":"product_cat-taydelliset-lattialammityspaketit","8":"first","9":"instock","10":"taxable","11":"shipping-taxable","12":"purchasable","13":"product-type-simple","14":"col-xs-6 col-sm-4","15":"col-md-4 col-lg-4","16":"un-3-cols"},"acf":[],"yoast_head":"<!-- This site is optimized with the Yoast SEO plugin v21.2 - https:\/\/yoast.com\/wordpress\/plugins\/seo\/ -->\n<title>T\u00e4ydellinen Uponor 90m2 lattial\u00e4mmityspaketti<\/title>\n<meta name=\"description\" content=\"Order T\u00e4ydellinen Uponor 90m2 lattial\u00e4mmityspaketti at a best price.\" \/>\n<meta name=\"robots\" content=\"index, follow, max-snippet:-1, max-image-preview:large, max-video-preview:-1\" \/>\n<link rel=\"canonical\" href=\"https:\/\/fluterm.eu\/fi\/prod\/taydellinen-uponor-90m2-lattialammityspaketti\/\" \/>\n<meta property=\"og:locale\" content=\"fi_FI\" \/>\n<meta property=\"og:type\" content=\"article\" \/>\n<meta property=\"og:title\" content=\"T\u00e4ydellinen Uponor 90m2 lattial\u00e4mmityspaketti\" \/>\n<meta property=\"og:description\" content=\"Order T\u00e4ydellinen Uponor 90m2 lattial\u00e4mmityspaketti at a best price.\" \/>\n<meta property=\"og:url\" content=\"https:\/\/fluterm.eu\/fi\/prod\/taydellinen-uponor-90m2-lattialammityspaketti\/\" \/>\n<meta property=\"og:site_name\" content=\"fluterm.eu\" \/>\n<meta property=\"article:modified_time\" content=\"2023-09-06T10:31:54+00:00\" \/>\n<meta property=\"og:image\" content=\"https:\/\/fluterm.eu\/wp-content\/uploads\/2023\/08\/A8388EBB-300C-45C5-8F6F-A2A425008098_1_201_a.jpeg\" \/>\n\t<meta property=\"og:image:width\" content=\"2048\" \/>\n\t<meta property=\"og:image:height\" content=\"2048\" \/>\n\t<meta property=\"og:image:type\" content=\"image\/jpeg\" \/>\n<meta name=\"twitter:card\" content=\"summary_large_image\" \/>\n<meta name=\"twitter:label1\" content=\"Arvioitu lukuaika\" \/>\n\t<meta name=\"twitter:data1\" content=\"1 minuutti\" \/>\n<script type=\"application\/ld+json\" class=\"yoast-schema-graph\">{\"@context\":\"https:\/\/schema.org\",\"@graph\":[{\"@type\":\"WebPage\",\"@id\":\"https:\/\/fluterm.eu\/fi\/prod\/taydellinen-uponor-90m2-lattialammityspaketti\/\",\"url\":\"https:\/\/fluterm.eu\/fi\/prod\/taydellinen-uponor-90m2-lattialammityspaketti\/\",\"name\":\"T\u00e4ydellinen Uponor 90m2 lattial\u00e4mmityspaketti\",\"isPartOf\":{\"@id\":\"https:\/\/fluterm.eu\/#website\"},\"datePublished\":\"2023-08-08T16:17:52+00:00\",\"dateModified\":\"2023-09-06T10:31:54+00:00\",\"description\":\"Order T\u00e4ydellinen Uponor 90m2 lattial\u00e4mmityspaketti at a best price.\",\"breadcrumb\":{\"@id\":\"https:\/\/fluterm.eu\/fi\/prod\/taydellinen-uponor-90m2-lattialammityspaketti\/#breadcrumb\"},\"inLanguage\":\"fi\",\"potentialAction\":[{\"@type\":\"ReadAction\",\"target\":[\"https:\/\/fluterm.eu\/fi\/prod\/taydellinen-uponor-90m2-lattialammityspaketti\/\"]}]},{\"@type\":\"BreadcrumbList\",\"@id\":\"https:\/\/fluterm.eu\/fi\/prod\/taydellinen-uponor-90m2-lattialammityspaketti\/#breadcrumb\",\"itemListElement\":[{\"@type\":\"ListItem\",\"position\":1,\"name\":\"Home\",\"item\":\"https:\/\/fluterm.eu\/fi\/kauppa\/\"},{\"@type\":\"ListItem\",\"position\":2,\"name\":\"Kauppa\",\"item\":\"https:\/\/fluterm.eu\/fi\/kauppa\/\"},{\"@type\":\"ListItem\",\"position\":3,\"name\":\"T\u00e4ydellinen Uponor 90m2 lattial\u00e4mmityspaketti\"}]},{\"@type\":\"WebSite\",\"@id\":\"https:\/\/fluterm.eu\/#website\",\"url\":\"https:\/\/fluterm.eu\/\",\"name\":\"fluterm.eu\",\"description\":\"\",\"potentialAction\":[{\"@type\":\"SearchAction\",\"target\":{\"@type\":\"EntryPoint\",\"urlTemplate\":\"https:\/\/fluterm.eu\/?s={search_term_string}\"},\"query-input\":\"required name=search_term_string\"}],\"inLanguage\":\"fi\"}]}<\/script>\n<!-- \/ Yoast SEO plugin. -->","yoast_head_json":{"title":"T\u00e4ydellinen Uponor 90m2 lattial\u00e4mmityspaketti","description":"Order T\u00e4ydellinen Uponor 90m2 lattial\u00e4mmityspaketti at a best price.","robots":{"index":"index","follow":"follow","max-snippet":"max-snippet:-1","max-image-preview":"max-image-preview:large","max-video-preview":"max-video-preview:-1"},"canonical":"https:\/\/fluterm.eu\/fi\/prod\/taydellinen-uponor-90m2-lattialammityspaketti\/","og_locale":"fi_FI","og_type":"article","og_title":"T\u00e4ydellinen Uponor 90m2 lattial\u00e4mmityspaketti","og_description":"Order T\u00e4ydellinen Uponor 90m2 lattial\u00e4mmityspaketti at a best price.","og_url":"https:\/\/fluterm.eu\/fi\/prod\/taydellinen-uponor-90m2-lattialammityspaketti\/","og_site_name":"fluterm.eu","article_modified_time":"2023-09-06T10:31:54+00:00","og_image":[{"width":2048,"height":2048,"url":"https:\/\/fluterm.eu\/wp-content\/uploads\/2023\/08\/A8388EBB-300C-45C5-8F6F-A2A425008098_1_201_a.jpeg","type":"image\/jpeg"}],"twitter_card":"summary_large_image","twitter_misc":{"Arvioitu lukuaika":"1 minuutti"},"schema":{"@context":"https:\/\/schema.org","@graph":[{"@type":"WebPage","@id":"https:\/\/fluterm.eu\/fi\/prod\/taydellinen-uponor-90m2-lattialammityspaketti\/","url":"https:\/\/fluterm.eu\/fi\/prod\/taydellinen-uponor-90m2-lattialammityspaketti\/","name":"T\u00e4ydellinen Uponor 90m2 lattial\u00e4mmityspaketti","isPartOf":{"@id":"https:\/\/fluterm.eu\/#website"},"datePublished":"2023-08-08T16:17:52+00:00","dateModified":"2023-09-06T10:31:54+00:00","description":"Order T\u00e4ydellinen Uponor 90m2 lattial\u00e4mmityspaketti at a best price.","breadcrumb":{"@id":"https:\/\/fluterm.eu\/fi\/prod\/taydellinen-uponor-90m2-lattialammityspaketti\/#breadcrumb"},"inLanguage":"fi","potentialAction":[{"@type":"ReadAction","target":["https:\/\/fluterm.eu\/fi\/prod\/taydellinen-uponor-90m2-lattialammityspaketti\/"]}]},{"@type":"BreadcrumbList","@id":"https:\/\/fluterm.eu\/fi\/prod\/taydellinen-uponor-90m2-lattialammityspaketti\/#breadcrumb","itemListElement":[{"@type":"ListItem","position":1,"name":"Home","item":"https:\/\/fluterm.eu\/fi\/kauppa\/"},{"@type":"ListItem","position":2,"name":"Kauppa","item":"https:\/\/fluterm.eu\/fi\/kauppa\/"},{"@type":"ListItem","position":3,"name":"T\u00e4ydellinen Uponor 90m2 lattial\u00e4mmityspaketti"}]},{"@type":"WebSite","@id":"https:\/\/fluterm.eu\/#website","url":"https:\/\/fluterm.eu\/","name":"fluterm.eu","description":"","potentialAction":[{"@type":"SearchAction","target":{"@type":"EntryPoint","urlTemplate":"https:\/\/fluterm.eu\/?s={search_term_string}"},"query-input":"required name=search_term_string"}],"inLanguage":"fi"}]}},"_links":{"self":[{"href":"https:\/\/fluterm.eu\/fi\/wp-json\/wp\/v2\/product\/11125","targetHints":{"allow":["GET"]}}],"collection":[{"href":"https:\/\/fluterm.eu\/fi\/wp-json\/wp\/v2\/product"}],"about":[{"href":"https:\/\/fluterm.eu\/fi\/wp-json\/wp\/v2\/types\/product"}],"replies":[{"embeddable":true,"href":"https:\/\/fluterm.eu\/fi\/wp-json\/wp\/v2\/comments?post=11125"}],"version-history":[{"count":1,"href":"https:\/\/fluterm.eu\/fi\/wp-json\/wp\/v2\/product\/11125\/revisions"}],"predecessor-version":[{"id":13227,"href":"https:\/\/fluterm.eu\/fi\/wp-json\/wp\/v2\/product\/11125\/revisions\/13227"}],"wp:featuredmedia":[{"embeddable":true,"href":"https:\/\/fluterm.eu\/fi\/wp-json\/wp\/v2\/media\/11074"}],"wp:attachment":[{"href":"https:\/\/fluterm.eu\/fi\/wp-json\/wp\/v2\/media?parent=11125"}],"wp:term":[{"taxonomy":"product_cat","embeddable":true,"href":"https:\/\/fluterm.eu\/fi\/wp-json\/wp\/v2\/product_cat?post=11125"},{"taxonomy":"product_tag","embeddable":true,"href":"https:\/\/fluterm.eu\/fi\/wp-json\/wp\/v2\/product_tag?post=11125"}],"curies":[{"name":"wp","href":"https:\/\/api.w.org\/{rel}","templated":true}]}}