{"id":14311,"date":"2023-06-10T14:50:41","date_gmt":"2023-06-10T11:50:41","guid":{"rendered":"https:\/\/fluterm.eu\/prod\/taysin-varusteltu-10-piirinen-lattialammityksen-jakotukki\/"},"modified":"2023-06-10T14:50:41","modified_gmt":"2023-06-10T11:50:41","slug":"taysin-varusteltu-10-tie-lattialammitys-jakeluyksikko","status":"publish","type":"product","link":"https:\/\/fluterm.eu\/fi\/prod\/taysin-varusteltu-10-tie-lattialammitys-jakeluyksikko\/","title":{"rendered":"T\u00e4ysin varusteltu 10-piirinen lattial\u00e4mmityksen jakotukki"},"content":{"rendered":"<p>20 x euroconus pex 16\/17&#215;2<\/p>\n<p>1 x metalbox<\/p>\n<p>10 portin t\u00e4ydelliset jakotukit, joita toimitamme, on suunniteltu alan korkeimpien<br \/>\nstandardit, jotka tuottavat erinomaisia tuloksia 25 vuoden takuun turvin.<\/p>\n<p>Jakotukkien valmistuksessa k\u00e4ytet\u00e4\u00e4n ainoastaan laadukasta messinki\u00e4, mik\u00e4 takaa, ett\u00e4<\/p>\n<p>erinomainen suorituskyky ja t\u00e4ydellinen mielenrauha.<\/p>\n<p>N\u00e4it\u00e4 jakotukkia on saatavana 2-12 porttivaihtoehtoa, jotka mahdollistavat mink\u00e4 tahansa kokoisen asennuksen.<\/p>\n<p><strong><em>WRAS-hyv\u00e4ksytty<\/em><\/strong><\/p>\n","protected":false},"excerpt":{"rendered":"<p>20 x euroconus pex 16\/17&#215;2 1 x metalbox 10 portin t\u00e4ydelliset jakotukit, joita toimitamme, on suunniteltu alan korkeimpien standardit, jotka tuottavat erinomaisia tuloksia 25 vuoden takuun turvin. Jakotukkien valmistuksessa k\u00e4ytet\u00e4\u00e4n ainoastaan laadukasta messinki\u00e4, mik\u00e4 takaa, ett\u00e4 erinomainen suorituskyky ja t\u00e4ydellinen mielenrauha. N\u00e4it\u00e4 jakotukkia on saatavana 2-12 porttivaihtoehtoa, jotka mahdollistavat mink\u00e4 tahansa kokoisen asennuksen. WRAS-hyv\u00e4ksytty<\/p>\n","protected":false},"featured_media":2819,"comment_status":"open","ping_status":"closed","template":"","meta":[],"product_cat":[818],"product_tag":[],"class_list":{"0":"post-14311","1":"product","2":"type-product","3":"status-publish","4":"has-post-thumbnail","6":"product_cat-lattialammityksen-jakelijat","8":"first","9":"instock","10":"sale","11":"taxable","12":"shipping-taxable","13":"purchasable","14":"product-type-simple","15":"col-xs-6 col-sm-4","16":"col-md-4 col-lg-4","17":"un-3-cols"},"acf":[],"yoast_head":"<!-- This site is optimized with the Yoast SEO plugin v21.2 - https:\/\/yoast.com\/wordpress\/plugins\/seo\/ -->\n<title>T\u00e4ysin varusteltu 10-piirinen lattial\u00e4mmityksen jakotukki<\/title>\n<meta name=\"description\" content=\"Order T\u00e4ysin varusteltu 10-piirinen lattial\u00e4mmityksen jakotukki at a best price.\" \/>\n<meta name=\"robots\" content=\"index, follow, max-snippet:-1, max-image-preview:large, max-video-preview:-1\" \/>\n<link rel=\"canonical\" href=\"https:\/\/fluterm.eu\/fi\/prod\/taysin-varusteltu-10-piirinen-lattialammityksen-jakotukki\/\" \/>\n<meta property=\"og:locale\" content=\"fi_FI\" \/>\n<meta property=\"og:type\" content=\"article\" \/>\n<meta property=\"og:title\" content=\"T\u00e4ysin varusteltu 10-piirinen lattial\u00e4mmityksen jakotukki\" \/>\n<meta property=\"og:description\" content=\"Order T\u00e4ysin varusteltu 10-piirinen lattial\u00e4mmityksen jakotukki at a best price.\" \/>\n<meta property=\"og:url\" content=\"https:\/\/fluterm.eu\/fi\/prod\/taysin-varusteltu-10-piirinen-lattialammityksen-jakotukki\/\" \/>\n<meta property=\"og:site_name\" content=\"fluterm.eu\" \/>\n<meta property=\"og:image\" content=\"https:\/\/fluterm.eu\/wp-content\/uploads\/2023\/06\/3EEF15EE-5ED1-4650-A5AD-C7A561CEA53C.jpeg\" \/>\n\t<meta property=\"og:image:width\" content=\"2000\" \/>\n\t<meta property=\"og:image:height\" content=\"2000\" \/>\n\t<meta property=\"og:image:type\" content=\"image\/jpeg\" \/>\n<meta name=\"twitter:card\" content=\"summary_large_image\" \/>\n<script type=\"application\/ld+json\" class=\"yoast-schema-graph\">{\"@context\":\"https:\/\/schema.org\",\"@graph\":[{\"@type\":\"WebPage\",\"@id\":\"https:\/\/fluterm.eu\/fi\/prod\/taysin-varusteltu-10-piirinen-lattialammityksen-jakotukki\/\",\"url\":\"https:\/\/fluterm.eu\/fi\/prod\/taysin-varusteltu-10-piirinen-lattialammityksen-jakotukki\/\",\"name\":\"T\u00e4ysin varusteltu 10-piirinen lattial\u00e4mmityksen jakotukki\",\"isPartOf\":{\"@id\":\"https:\/\/fluterm.eu\/#website\"},\"datePublished\":\"2023-06-10T11:50:41+00:00\",\"dateModified\":\"2023-06-10T11:50:41+00:00\",\"description\":\"Order T\u00e4ysin varusteltu 10-piirinen lattial\u00e4mmityksen jakotukki at a best price.\",\"breadcrumb\":{\"@id\":\"https:\/\/fluterm.eu\/fi\/prod\/taysin-varusteltu-10-piirinen-lattialammityksen-jakotukki\/#breadcrumb\"},\"inLanguage\":\"fi\",\"potentialAction\":[{\"@type\":\"ReadAction\",\"target\":[\"https:\/\/fluterm.eu\/fi\/prod\/taysin-varusteltu-10-piirinen-lattialammityksen-jakotukki\/\"]}]},{\"@type\":\"BreadcrumbList\",\"@id\":\"https:\/\/fluterm.eu\/fi\/prod\/taysin-varusteltu-10-piirinen-lattialammityksen-jakotukki\/#breadcrumb\",\"itemListElement\":[{\"@type\":\"ListItem\",\"position\":1,\"name\":\"Home\",\"item\":\"https:\/\/fluterm.eu\/fi\/kauppa\/\"},{\"@type\":\"ListItem\",\"position\":2,\"name\":\"Kauppa\",\"item\":\"https:\/\/fluterm.eu\/fi\/kauppa\/\"},{\"@type\":\"ListItem\",\"position\":3,\"name\":\"T\u00e4ysin varusteltu 10-piirinen lattial\u00e4mmityksen jakotukki\"}]},{\"@type\":\"WebSite\",\"@id\":\"https:\/\/fluterm.eu\/#website\",\"url\":\"https:\/\/fluterm.eu\/\",\"name\":\"fluterm.eu\",\"description\":\"\",\"potentialAction\":[{\"@type\":\"SearchAction\",\"target\":{\"@type\":\"EntryPoint\",\"urlTemplate\":\"https:\/\/fluterm.eu\/?s={search_term_string}\"},\"query-input\":\"required name=search_term_string\"}],\"inLanguage\":\"fi\"}]}<\/script>\n<!-- \/ Yoast SEO plugin. -->","yoast_head_json":{"title":"T\u00e4ysin varusteltu 10-piirinen lattial\u00e4mmityksen jakotukki","description":"Order T\u00e4ysin varusteltu 10-piirinen lattial\u00e4mmityksen jakotukki at a best price.","robots":{"index":"index","follow":"follow","max-snippet":"max-snippet:-1","max-image-preview":"max-image-preview:large","max-video-preview":"max-video-preview:-1"},"canonical":"https:\/\/fluterm.eu\/fi\/prod\/taysin-varusteltu-10-piirinen-lattialammityksen-jakotukki\/","og_locale":"fi_FI","og_type":"article","og_title":"T\u00e4ysin varusteltu 10-piirinen lattial\u00e4mmityksen jakotukki","og_description":"Order T\u00e4ysin varusteltu 10-piirinen lattial\u00e4mmityksen jakotukki at a best price.","og_url":"https:\/\/fluterm.eu\/fi\/prod\/taysin-varusteltu-10-piirinen-lattialammityksen-jakotukki\/","og_site_name":"fluterm.eu","og_image":[{"width":2000,"height":2000,"url":"https:\/\/fluterm.eu\/wp-content\/uploads\/2023\/06\/3EEF15EE-5ED1-4650-A5AD-C7A561CEA53C.jpeg","type":"image\/jpeg"}],"twitter_card":"summary_large_image","schema":{"@context":"https:\/\/schema.org","@graph":[{"@type":"WebPage","@id":"https:\/\/fluterm.eu\/fi\/prod\/taysin-varusteltu-10-piirinen-lattialammityksen-jakotukki\/","url":"https:\/\/fluterm.eu\/fi\/prod\/taysin-varusteltu-10-piirinen-lattialammityksen-jakotukki\/","name":"T\u00e4ysin varusteltu 10-piirinen lattial\u00e4mmityksen jakotukki","isPartOf":{"@id":"https:\/\/fluterm.eu\/#website"},"datePublished":"2023-06-10T11:50:41+00:00","dateModified":"2023-06-10T11:50:41+00:00","description":"Order T\u00e4ysin varusteltu 10-piirinen lattial\u00e4mmityksen jakotukki at a best price.","breadcrumb":{"@id":"https:\/\/fluterm.eu\/fi\/prod\/taysin-varusteltu-10-piirinen-lattialammityksen-jakotukki\/#breadcrumb"},"inLanguage":"fi","potentialAction":[{"@type":"ReadAction","target":["https:\/\/fluterm.eu\/fi\/prod\/taysin-varusteltu-10-piirinen-lattialammityksen-jakotukki\/"]}]},{"@type":"BreadcrumbList","@id":"https:\/\/fluterm.eu\/fi\/prod\/taysin-varusteltu-10-piirinen-lattialammityksen-jakotukki\/#breadcrumb","itemListElement":[{"@type":"ListItem","position":1,"name":"Home","item":"https:\/\/fluterm.eu\/fi\/kauppa\/"},{"@type":"ListItem","position":2,"name":"Kauppa","item":"https:\/\/fluterm.eu\/fi\/kauppa\/"},{"@type":"ListItem","position":3,"name":"T\u00e4ysin varusteltu 10-piirinen lattial\u00e4mmityksen jakotukki"}]},{"@type":"WebSite","@id":"https:\/\/fluterm.eu\/#website","url":"https:\/\/fluterm.eu\/","name":"fluterm.eu","description":"","potentialAction":[{"@type":"SearchAction","target":{"@type":"EntryPoint","urlTemplate":"https:\/\/fluterm.eu\/?s={search_term_string}"},"query-input":"required name=search_term_string"}],"inLanguage":"fi"}]}},"_links":{"self":[{"href":"https:\/\/fluterm.eu\/fi\/wp-json\/wp\/v2\/product\/14311","targetHints":{"allow":["GET"]}}],"collection":[{"href":"https:\/\/fluterm.eu\/fi\/wp-json\/wp\/v2\/product"}],"about":[{"href":"https:\/\/fluterm.eu\/fi\/wp-json\/wp\/v2\/types\/product"}],"replies":[{"embeddable":true,"href":"https:\/\/fluterm.eu\/fi\/wp-json\/wp\/v2\/comments?post=14311"}],"version-history":[{"count":0,"href":"https:\/\/fluterm.eu\/fi\/wp-json\/wp\/v2\/product\/14311\/revisions"}],"wp:featuredmedia":[{"embeddable":true,"href":"https:\/\/fluterm.eu\/fi\/wp-json\/wp\/v2\/media\/2819"}],"wp:attachment":[{"href":"https:\/\/fluterm.eu\/fi\/wp-json\/wp\/v2\/media?parent=14311"}],"wp:term":[{"taxonomy":"product_cat","embeddable":true,"href":"https:\/\/fluterm.eu\/fi\/wp-json\/wp\/v2\/product_cat?post=14311"},{"taxonomy":"product_tag","embeddable":true,"href":"https:\/\/fluterm.eu\/fi\/wp-json\/wp\/v2\/product_tag?post=14311"}],"curies":[{"name":"wp","href":"https:\/\/api.w.org\/{rel}","templated":true}]}}