{"id":14487,"date":"2023-06-10T14:50:42","date_gmt":"2023-06-10T11:50:42","guid":{"rendered":"https:\/\/fluterm.eu\/prod\/elektroninen-termostaatti-lattialammitykseen-ohjelmoitava-lcd-naytto\/"},"modified":"2023-06-10T14:50:42","modified_gmt":"2023-06-10T11:50:42","slug":"lattialammitykseen-tarkoitettu-elektroninen-termostaatti-ei-ohjelmoitavalla-lcd-naytolla","status":"publish","type":"product","link":"https:\/\/fluterm.eu\/fi\/prod\/lattialammitykseen-tarkoitettu-elektroninen-termostaatti-ei-ohjelmoitavalla-lcd-naytolla\/","title":{"rendered":"Elektroninen termostaatti lattial\u00e4mmitykseen ohjelmoitava LCD-n\u00e4ytt\u00f6"},"content":{"rendered":"<div class=\"product-accordion__item-title\">Tuotteen kuvaus<\/div>\n<p>Termostaatti slim on suunniteltu erityisesti s\u00e4hk\u00f6l\u00e4mmitteist\u00e4 lattial\u00e4mmityst\u00e4 silm\u00e4ll\u00e4 pit\u00e4en, ja se voi toimia termostaattina tai ajastimena (valittavissa ohjelmistossa).<\/p>\n<p>&nbsp;<\/p>\n<ol class=\"numeric\">\n<li>Vain lattia-anturi. Ihanteellinen silloin, kun haluat s\u00e4\u00e4t\u00e4\u00e4 vain lattian pintal\u00e4mp\u00f6tilaa. (Esimerkiksi konservatoriot)<\/li>\n<li>Ilma ja lattia. Termostaatti ohjaa ilman l\u00e4mp\u00f6tilaa samalla kun se k\u00e4ytt\u00e4\u00e4 lattia-anturia est\u00e4\u00e4kseen lattiaj\u00e4rjestelm\u00e4n ylikuumenemisen.<\/li>\n<li>Kauko-ilma ja lattia. Ihanteellinen ilman ja lattian l\u00e4mp\u00f6tilan kaukos\u00e4\u00e4t\u00f6\u00f6n (esimerkiksi kylpyhuoneissa).<\/li>\n<\/ol>\n<ul class=\"tick\">\n<li>K\u00e4ytt\u00e4j\u00e4n valittavissa oleva toimintatila: 1) Ei ohjelmoitava 2) Viikonp\u00e4iv\u00e4\/viikonloppu 3) Kaikki p\u00e4iv\u00e4t ovat erilaisia. 4) Kaikki p\u00e4iv\u00e4t samat<\/li>\n<li>Termostaatti- tai ajastintila<\/li>\n<li>L\u00e4mp\u00f6tilan pito-ominaisuus<\/li>\n<li>Lomaominaisuus<\/li>\n<li>C \/ F valittavissa<\/li>\n<li>Itseoppiminen Optimaalinen alku 1. ja 3. tasolla<\/li>\n<li>Keylock Facility<\/li>\n<li>Pakkassuoja s\u00e4\u00e4dett\u00e4v\u00e4ll\u00e4 l\u00e4mp\u00f6tila-asetuksella<\/li>\n<li>16A Kytkinluokitus (3 680 wattia)<\/li>\n<li>Valkoinen taustavalo (sammuu 30 sekunnin kuluttua)<\/li>\n<li>Lattia-anturi mukana<\/li>\n<li>Toimitus: 230v AC<\/li>\n<li>Mitat: 98x85x13mm<\/li>\n<li>Paino: 195g<\/li>\n<\/ul>\n<p>(Huomaa, ett\u00e4 13mm syvyys on asennuksen j\u00e4lkeen)<\/p>\n<h3>ErP-luokka ja luokitukset<\/h3>\n<table class=\"table\">\n<thead>\n<tr>\n<th>Yksitt\u00e4inen tuote<\/th>\n<\/tr>\n<\/thead>\n<\/table>\n","protected":false},"excerpt":{"rendered":"<p>lattial\u00e4mmityksen termostaatti<\/p>\n","protected":false},"featured_media":2945,"comment_status":"closed","ping_status":"closed","template":"","meta":[],"product_cat":[966],"product_tag":[],"class_list":{"0":"post-14487","1":"product","2":"type-product","3":"status-publish","4":"has-post-thumbnail","6":"product_cat-lattialammityksen-automatisointi","8":"first","9":"instock","10":"taxable","11":"shipping-taxable","12":"purchasable","13":"product-type-simple","14":"col-xs-6 col-sm-4","15":"col-md-4 col-lg-4","16":"un-3-cols"},"acf":[],"yoast_head":"<!-- This site is optimized with the Yoast SEO plugin v21.2 - https:\/\/yoast.com\/wordpress\/plugins\/seo\/ -->\n<title>Elektroninen termostaatti lattial\u00e4mmitykseen ohjelmoitava LCD-n\u00e4ytt\u00f6<\/title>\n<meta name=\"description\" content=\"Order Elektroninen termostaatti lattial\u00e4mmitykseen ohjelmoitava LCD-n\u00e4ytt\u00f6 at a best price.\" \/>\n<meta name=\"robots\" content=\"index, follow, max-snippet:-1, max-image-preview:large, max-video-preview:-1\" \/>\n<link rel=\"canonical\" href=\"https:\/\/fluterm.eu\/fi\/prod\/elektroninen-termostaatti-lattialammitykseen-ohjelmoitava-lcd-naytto\/\" \/>\n<meta property=\"og:locale\" content=\"fi_FI\" \/>\n<meta property=\"og:type\" content=\"article\" \/>\n<meta property=\"og:title\" content=\"Elektroninen termostaatti lattial\u00e4mmitykseen ohjelmoitava LCD-n\u00e4ytt\u00f6\" \/>\n<meta property=\"og:description\" content=\"Order Elektroninen termostaatti lattial\u00e4mmitykseen ohjelmoitava LCD-n\u00e4ytt\u00f6 at a best price.\" \/>\n<meta property=\"og:url\" content=\"https:\/\/fluterm.eu\/fi\/prod\/elektroninen-termostaatti-lattialammitykseen-ohjelmoitava-lcd-naytto\/\" \/>\n<meta property=\"og:site_name\" content=\"fluterm.eu\" \/>\n<meta property=\"og:image\" content=\"https:\/\/fluterm.eu\/wp-content\/uploads\/2023\/06\/74B57AFD-2084-4829-8CA9-EE917E900381.jpeg\" \/>\n\t<meta property=\"og:image:width\" content=\"800\" \/>\n\t<meta property=\"og:image:height\" content=\"800\" \/>\n\t<meta property=\"og:image:type\" content=\"image\/jpeg\" \/>\n<meta name=\"twitter:card\" content=\"summary_large_image\" \/>\n<meta name=\"twitter:label1\" content=\"Arvioitu lukuaika\" \/>\n\t<meta name=\"twitter:data1\" content=\"1 minuutti\" \/>\n<script type=\"application\/ld+json\" class=\"yoast-schema-graph\">{\"@context\":\"https:\/\/schema.org\",\"@graph\":[{\"@type\":\"WebPage\",\"@id\":\"https:\/\/fluterm.eu\/fi\/prod\/elektroninen-termostaatti-lattialammitykseen-ohjelmoitava-lcd-naytto\/\",\"url\":\"https:\/\/fluterm.eu\/fi\/prod\/elektroninen-termostaatti-lattialammitykseen-ohjelmoitava-lcd-naytto\/\",\"name\":\"Elektroninen termostaatti lattial\u00e4mmitykseen ohjelmoitava LCD-n\u00e4ytt\u00f6\",\"isPartOf\":{\"@id\":\"https:\/\/fluterm.eu\/#website\"},\"datePublished\":\"2023-06-10T11:50:42+00:00\",\"dateModified\":\"2023-06-10T11:50:42+00:00\",\"description\":\"Order Elektroninen termostaatti lattial\u00e4mmitykseen ohjelmoitava LCD-n\u00e4ytt\u00f6 at a best price.\",\"breadcrumb\":{\"@id\":\"https:\/\/fluterm.eu\/fi\/prod\/elektroninen-termostaatti-lattialammitykseen-ohjelmoitava-lcd-naytto\/#breadcrumb\"},\"inLanguage\":\"fi\",\"potentialAction\":[{\"@type\":\"ReadAction\",\"target\":[\"https:\/\/fluterm.eu\/fi\/prod\/elektroninen-termostaatti-lattialammitykseen-ohjelmoitava-lcd-naytto\/\"]}]},{\"@type\":\"BreadcrumbList\",\"@id\":\"https:\/\/fluterm.eu\/fi\/prod\/elektroninen-termostaatti-lattialammitykseen-ohjelmoitava-lcd-naytto\/#breadcrumb\",\"itemListElement\":[{\"@type\":\"ListItem\",\"position\":1,\"name\":\"Home\",\"item\":\"https:\/\/fluterm.eu\/fi\/kauppa\/\"},{\"@type\":\"ListItem\",\"position\":2,\"name\":\"Kauppa\",\"item\":\"https:\/\/fluterm.eu\/fi\/kauppa\/\"},{\"@type\":\"ListItem\",\"position\":3,\"name\":\"Elektroninen termostaatti lattial\u00e4mmitykseen ohjelmoitava LCD-n\u00e4ytt\u00f6\"}]},{\"@type\":\"WebSite\",\"@id\":\"https:\/\/fluterm.eu\/#website\",\"url\":\"https:\/\/fluterm.eu\/\",\"name\":\"fluterm.eu\",\"description\":\"\",\"potentialAction\":[{\"@type\":\"SearchAction\",\"target\":{\"@type\":\"EntryPoint\",\"urlTemplate\":\"https:\/\/fluterm.eu\/?s={search_term_string}\"},\"query-input\":\"required name=search_term_string\"}],\"inLanguage\":\"fi\"}]}<\/script>\n<!-- \/ Yoast SEO plugin. -->","yoast_head_json":{"title":"Elektroninen termostaatti lattial\u00e4mmitykseen ohjelmoitava LCD-n\u00e4ytt\u00f6","description":"Order Elektroninen termostaatti lattial\u00e4mmitykseen ohjelmoitava LCD-n\u00e4ytt\u00f6 at a best price.","robots":{"index":"index","follow":"follow","max-snippet":"max-snippet:-1","max-image-preview":"max-image-preview:large","max-video-preview":"max-video-preview:-1"},"canonical":"https:\/\/fluterm.eu\/fi\/prod\/elektroninen-termostaatti-lattialammitykseen-ohjelmoitava-lcd-naytto\/","og_locale":"fi_FI","og_type":"article","og_title":"Elektroninen termostaatti lattial\u00e4mmitykseen ohjelmoitava LCD-n\u00e4ytt\u00f6","og_description":"Order Elektroninen termostaatti lattial\u00e4mmitykseen ohjelmoitava LCD-n\u00e4ytt\u00f6 at a best price.","og_url":"https:\/\/fluterm.eu\/fi\/prod\/elektroninen-termostaatti-lattialammitykseen-ohjelmoitava-lcd-naytto\/","og_site_name":"fluterm.eu","og_image":[{"width":800,"height":800,"url":"https:\/\/fluterm.eu\/wp-content\/uploads\/2023\/06\/74B57AFD-2084-4829-8CA9-EE917E900381.jpeg","type":"image\/jpeg"}],"twitter_card":"summary_large_image","twitter_misc":{"Arvioitu lukuaika":"1 minuutti"},"schema":{"@context":"https:\/\/schema.org","@graph":[{"@type":"WebPage","@id":"https:\/\/fluterm.eu\/fi\/prod\/elektroninen-termostaatti-lattialammitykseen-ohjelmoitava-lcd-naytto\/","url":"https:\/\/fluterm.eu\/fi\/prod\/elektroninen-termostaatti-lattialammitykseen-ohjelmoitava-lcd-naytto\/","name":"Elektroninen termostaatti lattial\u00e4mmitykseen ohjelmoitava LCD-n\u00e4ytt\u00f6","isPartOf":{"@id":"https:\/\/fluterm.eu\/#website"},"datePublished":"2023-06-10T11:50:42+00:00","dateModified":"2023-06-10T11:50:42+00:00","description":"Order Elektroninen termostaatti lattial\u00e4mmitykseen ohjelmoitava LCD-n\u00e4ytt\u00f6 at a best price.","breadcrumb":{"@id":"https:\/\/fluterm.eu\/fi\/prod\/elektroninen-termostaatti-lattialammitykseen-ohjelmoitava-lcd-naytto\/#breadcrumb"},"inLanguage":"fi","potentialAction":[{"@type":"ReadAction","target":["https:\/\/fluterm.eu\/fi\/prod\/elektroninen-termostaatti-lattialammitykseen-ohjelmoitava-lcd-naytto\/"]}]},{"@type":"BreadcrumbList","@id":"https:\/\/fluterm.eu\/fi\/prod\/elektroninen-termostaatti-lattialammitykseen-ohjelmoitava-lcd-naytto\/#breadcrumb","itemListElement":[{"@type":"ListItem","position":1,"name":"Home","item":"https:\/\/fluterm.eu\/fi\/kauppa\/"},{"@type":"ListItem","position":2,"name":"Kauppa","item":"https:\/\/fluterm.eu\/fi\/kauppa\/"},{"@type":"ListItem","position":3,"name":"Elektroninen termostaatti lattial\u00e4mmitykseen ohjelmoitava LCD-n\u00e4ytt\u00f6"}]},{"@type":"WebSite","@id":"https:\/\/fluterm.eu\/#website","url":"https:\/\/fluterm.eu\/","name":"fluterm.eu","description":"","potentialAction":[{"@type":"SearchAction","target":{"@type":"EntryPoint","urlTemplate":"https:\/\/fluterm.eu\/?s={search_term_string}"},"query-input":"required name=search_term_string"}],"inLanguage":"fi"}]}},"_links":{"self":[{"href":"https:\/\/fluterm.eu\/fi\/wp-json\/wp\/v2\/product\/14487","targetHints":{"allow":["GET"]}}],"collection":[{"href":"https:\/\/fluterm.eu\/fi\/wp-json\/wp\/v2\/product"}],"about":[{"href":"https:\/\/fluterm.eu\/fi\/wp-json\/wp\/v2\/types\/product"}],"replies":[{"embeddable":true,"href":"https:\/\/fluterm.eu\/fi\/wp-json\/wp\/v2\/comments?post=14487"}],"version-history":[{"count":0,"href":"https:\/\/fluterm.eu\/fi\/wp-json\/wp\/v2\/product\/14487\/revisions"}],"wp:featuredmedia":[{"embeddable":true,"href":"https:\/\/fluterm.eu\/fi\/wp-json\/wp\/v2\/media\/2945"}],"wp:attachment":[{"href":"https:\/\/fluterm.eu\/fi\/wp-json\/wp\/v2\/media?parent=14487"}],"wp:term":[{"taxonomy":"product_cat","embeddable":true,"href":"https:\/\/fluterm.eu\/fi\/wp-json\/wp\/v2\/product_cat?post=14487"},{"taxonomy":"product_tag","embeddable":true,"href":"https:\/\/fluterm.eu\/fi\/wp-json\/wp\/v2\/product_tag?post=14487"}],"curies":[{"name":"wp","href":"https:\/\/api.w.org\/{rel}","templated":true}]}}