{"id":14657,"date":"2023-06-10T14:51:05","date_gmt":"2023-06-10T11:51:05","guid":{"rendered":"https:\/\/fluterm.eu\/prod\/lattialammityksen-jakotukki-pumppupaketilla-ja-venttiileilla-ibo-amg-12-piiria\/"},"modified":"2023-06-10T14:51:05","modified_gmt":"2023-06-10T11:51:05","slug":"lattialammitys-manifold-pumppupakettiventtiileilla-ibo-amg-12-portit","status":"publish","type":"product","link":"https:\/\/fluterm.eu\/fi\/prod\/lattialammitys-manifold-pumppupakettiventtiileilla-ibo-amg-12-portit\/","title":{"rendered":"Lattial\u00e4mmityksen jakotukki pumppupaketilla ja venttiileill\u00e4 \u2013 ibo amg \u2013 12 piiri\u00e4"},"content":{"rendered":"<h1>Lattial\u00e4mmityksen jakotukki pumppupaketilla ja venttiileill\u00e4 &#8211; Grundfos A Rated Pump -12 porttia<\/h1>\n<p><strong>Mit\u00e4 pumppu- ja jakotukkipaketteihin sis\u00e4ltyy?<\/strong><\/p>\n<p>Lattial\u00e4mmityksen jakotukin mukana tulee:<\/p>\n<p>&#8221;A&#8221; Arvioitu ibo Pump Pack.<\/p>\n<p>Mukana olevat tuotteet:<\/p>\n<p>1 x esiasennettu jakotukki, jossa on virtausmittarit<\/p>\n<p>1 x p\u00e4\u00e4dyn tuuletusaukko<\/p>\n<p>1 x painemittari<\/p>\n<p>2 x palloventtiili<\/p>\n<p>2 x l\u00e4mp\u00f6tilamittari (asennettu palloventtiileihin)<\/p>\n<p>1 x laatikko<\/p>\n<p>Eurocones sovitus 16\/17 24kpl<\/p>\n<p>Pumppuasema (sekoitusventtiili)<\/p>\n<p>Toimitetaan valmiiksi asennetussa kiinnikkeess\u00e4.<\/p>\n<p>CMax k\u00e4ytt\u00f6paine 3 bar max testipaine 10 bar.<\/p>\n<p>L\u00e4mp\u00f6tila-alue: L\u00e4mp\u00f6tila: 35C &#8211; 65CMax:<\/p>\n<p>Jakotukkiemme on tarkoitettu k\u00e4ytett\u00e4v\u00e4ksi vesilattial\u00e4mmitysj\u00e4rjestelmiss\u00e4.<\/p>\n<p>Ne koostuvat kahdesta jakotukista, joista toinen on virtausta ja toinen paluuta varten ja joissa on palloventtiilit, tyhjennys- ja t\u00e4ytt\u00f6venttiilit sek\u00e4 tuuletusaukko. Virtauspalkissa on jokaisessa portissa tehokas virtausmittari, ja eristeess\u00e4 on helppolukuinen mittalasi.<\/p>\n<p>Jokaisessa paluupalkin portissa on integroitu s\u00e4\u00e4t\u00f6venttiili ja suojakorkki, jonka avulla k\u00e4ytt\u00e4j\u00e4 voi s\u00e4\u00e4t\u00e4\u00e4 vesim\u00e4\u00e4r\u00e4\u00e4 tai joka voidaan irrottaa Manifold Thermoelectric -p\u00e4\u00e4h\u00e4n.<\/p>\n<p>&nbsp;<\/p>\n<p><strong>Jakotukin mitat:<\/strong><\/p>\n<p>Lis\u00e4\u00e4 pituuteen 150 mm, kun pumppu ja sekoitin on asennettu.<\/p>\n<p>Avain on kuvassa 12.<\/p>\n<p>A B C D E<\/p>\n<p>2 piirin UFH-jakotukkisarja 320mm 210mm 50mm 276mm 90mm 320mm 210mm 50mm 276mm 90mm<\/p>\n<p>3 piirin UFH-jakotukkisarja 320mm 210mm 50mm 326mm 90mm<\/p>\n<p>4 piirin UFH-jakotukkisarja 320mm 210mm 50mm 376mm 90mm<\/p>\n<p>5 piirin UFH-jakotukkisarja 320mm 210mm 50mm 426mm 90mm<\/p>\n<p>6 piirin UFH-jakotukkisarja 320mm 210mm 50mm 476mm 90mm<\/p>\n<p>7-piirinen UFH-jakotukkisarja 320mm 210mm 50mm 526mm 90mm<\/p>\n<p>8-piirinen UFH-jakotukkisarja 320mm 210mm 50mm 576mm 90mm<\/p>\n<p>9-piirinen UFH-jakotukkisarja 320mm 210mm 50mm 626mm 90mm<\/p>\n<p>10 piirin UFH-jakotukkisarja 320mm 210mm 50mm 676mm 90mm<\/p>\n<p>11-piirinen UFH-jakotukkisarja 320mm 210mm 50mm 726mm 90mm<\/p>\n<p>12-piirinen UFH-jakotukkisarja 320mm 210mm 50mm 776mm 90mm<\/p>\n<p>&nbsp;<\/p>\n<p><strong>Lattial\u00e4mmitys:<\/strong><\/p>\n<p>The Underfloor Heating Site on yksi Yhdistyneen kuningaskunnan johtavista lattial\u00e4mmitystoimittajista, jonka tukena ovat johtavat toimittajat, joilla on vuosien kokemus lattial\u00e4mmitysteollisuudesta. Olemme omistautuneet toimittamaan korkealaatuisia lattial\u00e4mmitystuotteita edulliseen hintaan, ja t\u00e4t\u00e4 tukee ensiluokkainen asiakaspalvelu ja neuvonta. Olitpa sitten vain laatoittamassa pient\u00e4 kylpyhuonetta tai etsim\u00e4ss\u00e4 koko kodin l\u00e4mmitysj\u00e4rjestelm\u00e4\u00e4, olemme varmoja, ett\u00e4 meill\u00e4 on oikea j\u00e4rjestelm\u00e4 sinulle.<\/p>\n<p>Valikoimaamme kuuluu veden lattial\u00e4mmityssarjat tai vain lattial\u00e4mmitysjakotukki, lattial\u00e4mmitysputki, l\u00e4mmitetty lattiamatto, vapaa kaapeli, eristys, peilien huurteenpoistotyynyt sek\u00e4 monia muita tuotteita.<\/p>\n<p>&nbsp;<\/p>\n","protected":false},"excerpt":{"rendered":"<p>Lattial\u00e4mmityksen jakotukki pumppupaketilla ja venttiileill\u00e4 &#8211; Grundfos A Rated Pump -12 porttia Mit\u00e4 pumppu- ja jakotukkipaketteihin sis\u00e4ltyy? Lattial\u00e4mmityksen jakotukin mukana tulee: &#8221;A&#8221; Arvioitu ibo Pump Pack. Mukana olevat tuotteet: 1 x esiasennettu jakotukki, jossa on virtausmittarit 1 x p\u00e4\u00e4dyn tuuletusaukko 1 x painemittari 2 x palloventtiili 2 x l\u00e4mp\u00f6tilamittari (asennettu palloventtiileihin) 1 x laatikko Eurocones&hellip;<\/p>\n","protected":false},"featured_media":3071,"comment_status":"open","ping_status":"closed","template":"","meta":[],"product_cat":[818],"product_tag":[],"class_list":{"0":"post-14657","1":"product","2":"type-product","3":"status-publish","4":"has-post-thumbnail","6":"product_cat-lattialammityksen-jakelijat","8":"first","9":"instock","10":"taxable","11":"shipping-taxable","12":"purchasable","13":"product-type-simple","14":"col-xs-6 col-sm-4","15":"col-md-4 col-lg-4","16":"un-3-cols"},"acf":[],"yoast_head":"<!-- This site is optimized with the Yoast SEO plugin v21.2 - https:\/\/yoast.com\/wordpress\/plugins\/seo\/ -->\n<title>Lattial\u00e4mmityksen jakotukki pumppupaketilla ja venttiileill\u00e4 \u2013 ibo amg \u2013 12 piiri\u00e4<\/title>\n<meta name=\"description\" content=\"Order Lattial\u00e4mmityksen jakotukki pumppupaketilla ja venttiileill\u00e4 \u2013 ibo amg \u2013 12 piiri\u00e4 at a best price.\" \/>\n<meta name=\"robots\" content=\"index, follow, max-snippet:-1, max-image-preview:large, max-video-preview:-1\" \/>\n<link rel=\"canonical\" href=\"https:\/\/fluterm.eu\/fi\/prod\/lattialammityksen-jakotukki-pumppupaketilla-ja-venttiileilla-ibo-amg-12-piiria\/\" \/>\n<meta property=\"og:locale\" content=\"fi_FI\" \/>\n<meta property=\"og:type\" content=\"article\" \/>\n<meta property=\"og:title\" content=\"Lattial\u00e4mmityksen jakotukki pumppupaketilla ja venttiileill\u00e4 \u2013 ibo amg \u2013 12 piiri\u00e4\" \/>\n<meta property=\"og:description\" content=\"Order Lattial\u00e4mmityksen jakotukki pumppupaketilla ja venttiileill\u00e4 \u2013 ibo amg \u2013 12 piiri\u00e4 at a best price.\" \/>\n<meta property=\"og:url\" content=\"https:\/\/fluterm.eu\/fi\/prod\/lattialammityksen-jakotukki-pumppupaketilla-ja-venttiileilla-ibo-amg-12-piiria\/\" \/>\n<meta property=\"og:site_name\" content=\"fluterm.eu\" \/>\n<meta property=\"og:image\" content=\"https:\/\/fluterm.eu\/wp-content\/uploads\/2023\/06\/PROD-85.jpeg\" \/>\n\t<meta property=\"og:image:width\" content=\"2000\" \/>\n\t<meta property=\"og:image:height\" content=\"2000\" \/>\n\t<meta property=\"og:image:type\" content=\"image\/jpeg\" \/>\n<meta name=\"twitter:card\" content=\"summary_large_image\" \/>\n<meta name=\"twitter:label1\" content=\"Arvioitu lukuaika\" \/>\n\t<meta name=\"twitter:data1\" content=\"2 minuuttia\" \/>\n<script type=\"application\/ld+json\" class=\"yoast-schema-graph\">{\"@context\":\"https:\/\/schema.org\",\"@graph\":[{\"@type\":\"WebPage\",\"@id\":\"https:\/\/fluterm.eu\/fi\/prod\/lattialammityksen-jakotukki-pumppupaketilla-ja-venttiileilla-ibo-amg-12-piiria\/\",\"url\":\"https:\/\/fluterm.eu\/fi\/prod\/lattialammityksen-jakotukki-pumppupaketilla-ja-venttiileilla-ibo-amg-12-piiria\/\",\"name\":\"Lattial\u00e4mmityksen jakotukki pumppupaketilla ja venttiileill\u00e4 \u2013 ibo amg \u2013 12 piiri\u00e4\",\"isPartOf\":{\"@id\":\"https:\/\/fluterm.eu\/#website\"},\"datePublished\":\"2023-06-10T11:51:05+00:00\",\"dateModified\":\"2023-06-10T11:51:05+00:00\",\"description\":\"Order Lattial\u00e4mmityksen jakotukki pumppupaketilla ja venttiileill\u00e4 \u2013 ibo amg \u2013 12 piiri\u00e4 at a best price.\",\"breadcrumb\":{\"@id\":\"https:\/\/fluterm.eu\/fi\/prod\/lattialammityksen-jakotukki-pumppupaketilla-ja-venttiileilla-ibo-amg-12-piiria\/#breadcrumb\"},\"inLanguage\":\"fi\",\"potentialAction\":[{\"@type\":\"ReadAction\",\"target\":[\"https:\/\/fluterm.eu\/fi\/prod\/lattialammityksen-jakotukki-pumppupaketilla-ja-venttiileilla-ibo-amg-12-piiria\/\"]}]},{\"@type\":\"BreadcrumbList\",\"@id\":\"https:\/\/fluterm.eu\/fi\/prod\/lattialammityksen-jakotukki-pumppupaketilla-ja-venttiileilla-ibo-amg-12-piiria\/#breadcrumb\",\"itemListElement\":[{\"@type\":\"ListItem\",\"position\":1,\"name\":\"Home\",\"item\":\"https:\/\/fluterm.eu\/fi\/kauppa\/\"},{\"@type\":\"ListItem\",\"position\":2,\"name\":\"Kauppa\",\"item\":\"https:\/\/fluterm.eu\/fi\/kauppa\/\"},{\"@type\":\"ListItem\",\"position\":3,\"name\":\"Lattial\u00e4mmityksen jakotukki pumppupaketilla ja venttiileill\u00e4 \u2013 ibo amg \u2013 12 piiri\u00e4\"}]},{\"@type\":\"WebSite\",\"@id\":\"https:\/\/fluterm.eu\/#website\",\"url\":\"https:\/\/fluterm.eu\/\",\"name\":\"fluterm.eu\",\"description\":\"\",\"potentialAction\":[{\"@type\":\"SearchAction\",\"target\":{\"@type\":\"EntryPoint\",\"urlTemplate\":\"https:\/\/fluterm.eu\/?s={search_term_string}\"},\"query-input\":\"required name=search_term_string\"}],\"inLanguage\":\"fi\"}]}<\/script>\n<!-- \/ Yoast SEO plugin. -->","yoast_head_json":{"title":"Lattial\u00e4mmityksen jakotukki pumppupaketilla ja venttiileill\u00e4 \u2013 ibo amg \u2013 12 piiri\u00e4","description":"Order Lattial\u00e4mmityksen jakotukki pumppupaketilla ja venttiileill\u00e4 \u2013 ibo amg \u2013 12 piiri\u00e4 at a best price.","robots":{"index":"index","follow":"follow","max-snippet":"max-snippet:-1","max-image-preview":"max-image-preview:large","max-video-preview":"max-video-preview:-1"},"canonical":"https:\/\/fluterm.eu\/fi\/prod\/lattialammityksen-jakotukki-pumppupaketilla-ja-venttiileilla-ibo-amg-12-piiria\/","og_locale":"fi_FI","og_type":"article","og_title":"Lattial\u00e4mmityksen jakotukki pumppupaketilla ja venttiileill\u00e4 \u2013 ibo amg \u2013 12 piiri\u00e4","og_description":"Order Lattial\u00e4mmityksen jakotukki pumppupaketilla ja venttiileill\u00e4 \u2013 ibo amg \u2013 12 piiri\u00e4 at a best price.","og_url":"https:\/\/fluterm.eu\/fi\/prod\/lattialammityksen-jakotukki-pumppupaketilla-ja-venttiileilla-ibo-amg-12-piiria\/","og_site_name":"fluterm.eu","og_image":[{"width":2000,"height":2000,"url":"https:\/\/fluterm.eu\/wp-content\/uploads\/2023\/06\/PROD-85.jpeg","type":"image\/jpeg"}],"twitter_card":"summary_large_image","twitter_misc":{"Arvioitu lukuaika":"2 minuuttia"},"schema":{"@context":"https:\/\/schema.org","@graph":[{"@type":"WebPage","@id":"https:\/\/fluterm.eu\/fi\/prod\/lattialammityksen-jakotukki-pumppupaketilla-ja-venttiileilla-ibo-amg-12-piiria\/","url":"https:\/\/fluterm.eu\/fi\/prod\/lattialammityksen-jakotukki-pumppupaketilla-ja-venttiileilla-ibo-amg-12-piiria\/","name":"Lattial\u00e4mmityksen jakotukki pumppupaketilla ja venttiileill\u00e4 \u2013 ibo amg \u2013 12 piiri\u00e4","isPartOf":{"@id":"https:\/\/fluterm.eu\/#website"},"datePublished":"2023-06-10T11:51:05+00:00","dateModified":"2023-06-10T11:51:05+00:00","description":"Order Lattial\u00e4mmityksen jakotukki pumppupaketilla ja venttiileill\u00e4 \u2013 ibo amg \u2013 12 piiri\u00e4 at a best price.","breadcrumb":{"@id":"https:\/\/fluterm.eu\/fi\/prod\/lattialammityksen-jakotukki-pumppupaketilla-ja-venttiileilla-ibo-amg-12-piiria\/#breadcrumb"},"inLanguage":"fi","potentialAction":[{"@type":"ReadAction","target":["https:\/\/fluterm.eu\/fi\/prod\/lattialammityksen-jakotukki-pumppupaketilla-ja-venttiileilla-ibo-amg-12-piiria\/"]}]},{"@type":"BreadcrumbList","@id":"https:\/\/fluterm.eu\/fi\/prod\/lattialammityksen-jakotukki-pumppupaketilla-ja-venttiileilla-ibo-amg-12-piiria\/#breadcrumb","itemListElement":[{"@type":"ListItem","position":1,"name":"Home","item":"https:\/\/fluterm.eu\/fi\/kauppa\/"},{"@type":"ListItem","position":2,"name":"Kauppa","item":"https:\/\/fluterm.eu\/fi\/kauppa\/"},{"@type":"ListItem","position":3,"name":"Lattial\u00e4mmityksen jakotukki pumppupaketilla ja venttiileill\u00e4 \u2013 ibo amg \u2013 12 piiri\u00e4"}]},{"@type":"WebSite","@id":"https:\/\/fluterm.eu\/#website","url":"https:\/\/fluterm.eu\/","name":"fluterm.eu","description":"","potentialAction":[{"@type":"SearchAction","target":{"@type":"EntryPoint","urlTemplate":"https:\/\/fluterm.eu\/?s={search_term_string}"},"query-input":"required name=search_term_string"}],"inLanguage":"fi"}]}},"_links":{"self":[{"href":"https:\/\/fluterm.eu\/fi\/wp-json\/wp\/v2\/product\/14657","targetHints":{"allow":["GET"]}}],"collection":[{"href":"https:\/\/fluterm.eu\/fi\/wp-json\/wp\/v2\/product"}],"about":[{"href":"https:\/\/fluterm.eu\/fi\/wp-json\/wp\/v2\/types\/product"}],"replies":[{"embeddable":true,"href":"https:\/\/fluterm.eu\/fi\/wp-json\/wp\/v2\/comments?post=14657"}],"version-history":[{"count":0,"href":"https:\/\/fluterm.eu\/fi\/wp-json\/wp\/v2\/product\/14657\/revisions"}],"wp:featuredmedia":[{"embeddable":true,"href":"https:\/\/fluterm.eu\/fi\/wp-json\/wp\/v2\/media\/3071"}],"wp:attachment":[{"href":"https:\/\/fluterm.eu\/fi\/wp-json\/wp\/v2\/media?parent=14657"}],"wp:term":[{"taxonomy":"product_cat","embeddable":true,"href":"https:\/\/fluterm.eu\/fi\/wp-json\/wp\/v2\/product_cat?post=14657"},{"taxonomy":"product_tag","embeddable":true,"href":"https:\/\/fluterm.eu\/fi\/wp-json\/wp\/v2\/product_tag?post=14657"}],"curies":[{"name":"wp","href":"https:\/\/api.w.org\/{rel}","templated":true}]}}