{"id":15020,"date":"2023-07-17T20:31:53","date_gmt":"2023-07-17T17:31:53","guid":{"rendered":"https:\/\/fluterm.eu\/prod\/uponor-smatrix-pulse-digitaalinen-termostaatti\/"},"modified":"2024-10-17T10:00:15","modified_gmt":"2024-10-17T07:00:15","slug":"uponor-smatrix-pulssi-digitaalinen-termostaatti","status":"publish","type":"product","link":"https:\/\/fluterm.eu\/fi\/prod\/uponor-smatrix-pulssi-digitaalinen-termostaatti\/","title":{"rendered":"Uponor Smatrix Pulse digitaalinen termostaatti"},"content":{"rendered":"<h1 class=\"StyledTitle-sc-8c9c6r jUevoN\">Smatrix Pulse digitaaliset termostaatit<\/h1>\n<div class=\"StyledDescription-sc-bq5nix hfyfVf\">\n<div class=\"StyledRichText-sc-1dnstbl bmohoz\">\n<p>Smatrix Pulse tarjoaa tarkan langattoman ohjauksen lattial\u00e4mmitykselle sek\u00e4 pakkoilmal\u00e4mmitys- ja -j\u00e4\u00e4hdytysj\u00e4rjestelmille yhdess\u00e4 ratkaisussa, joka yhdistet\u00e4\u00e4n \u00e4lykk\u00e4\u00e4n kodin avustimeen ja jota voidaan ohjata my\u00f6s et\u00e4n\u00e4 Smatrix Pulse -sovelluksen avulla.<\/p>\n<p>Smatrix Pulse Digital Thermostat (T-169) on toiminnallinen l\u00e4mp\u00f6tila-anturi, joka mahdollistaa l\u00e4mp\u00f6viihtyvyyden tarkan mittaamisen. Termostaatti n\u00e4ytt\u00e4\u00e4 n\u00e4yt\u00f6ss\u00e4 nykyisen huonel\u00e4mp\u00f6tilan, asetetun l\u00e4mp\u00f6tilan tai suhteellisen kosteuden. K\u00e4ytt\u00e4j\u00e4 s\u00e4\u00e4t\u00e4\u00e4 l\u00e4mp\u00f6tila-asetuksia termostaatin sivulla olevilla painikkeilla. Termostaatti yhdistet\u00e4\u00e4n langattomalla tekniikalla Smatrix Pulse Controller -ohjaimeen (X-265), johon voidaan liitt\u00e4\u00e4 jopa kuusi (6) termostaattia ja kahdeksan (8) toimilaitetta. S\u00e4\u00e4din k\u00e4ytt\u00e4\u00e4 toimilaitteita, jotka puolestaan vaikuttavat tuloveden virtaukseen sis\u00e4ilman l\u00e4mp\u00f6tilan muuttamiseksi rekister\u00f6idyilt\u00e4 termostaateilta ja j\u00e4rjestelm\u00e4n parametreilta saatujen tietojen avulla.<\/p>\n<\/div>\n<\/div>\n","protected":false},"excerpt":{"rendered":"<p>Smatrix Pulse digitaaliset termostaatit Smatrix Pulse tarjoaa tarkan langattoman ohjauksen lattial\u00e4mmitykselle sek\u00e4 pakkoilmal\u00e4mmitys- ja -j\u00e4\u00e4hdytysj\u00e4rjestelmille yhdess\u00e4 ratkaisussa, joka yhdistet\u00e4\u00e4n \u00e4lykk\u00e4\u00e4n kodin avustimeen ja jota voidaan ohjata my\u00f6s et\u00e4n\u00e4 Smatrix Pulse -sovelluksen avulla. Smatrix Pulse Digital Thermostat (T-169) on toiminnallinen l\u00e4mp\u00f6tila-anturi, joka mahdollistaa l\u00e4mp\u00f6viihtyvyyden tarkan mittaamisen. Termostaatti n\u00e4ytt\u00e4\u00e4 n\u00e4yt\u00f6ss\u00e4 nykyisen huonel\u00e4mp\u00f6tilan, asetetun l\u00e4mp\u00f6tilan tai suhteellisen kosteuden.&hellip;<\/p>\n","protected":false},"featured_media":4205,"comment_status":"open","ping_status":"closed","template":"","meta":[],"product_cat":[966],"product_tag":[],"class_list":{"0":"post-15020","1":"product","2":"type-product","3":"status-publish","4":"has-post-thumbnail","6":"product_cat-lattialammityksen-automatisointi","8":"first","9":"instock","10":"taxable","11":"shipping-taxable","12":"purchasable","13":"product-type-simple","14":"col-xs-6 col-sm-4","15":"col-md-4 col-lg-4","16":"un-3-cols"},"acf":[],"yoast_head":"<!-- This site is optimized with the Yoast SEO plugin v21.2 - https:\/\/yoast.com\/wordpress\/plugins\/seo\/ -->\n<title>Uponor Smatrix Pulse digitaalinen termostaatti<\/title>\n<meta name=\"description\" content=\"Order Uponor Smatrix Pulse digitaalinen termostaatti at a best price.\" \/>\n<meta name=\"robots\" content=\"index, follow, max-snippet:-1, max-image-preview:large, max-video-preview:-1\" \/>\n<link rel=\"canonical\" href=\"https:\/\/fluterm.eu\/fi\/prod\/uponor-smatrix-pulse-digitaalinen-termostaatti\/\" \/>\n<meta property=\"og:locale\" content=\"fi_FI\" \/>\n<meta property=\"og:type\" content=\"article\" \/>\n<meta property=\"og:title\" content=\"Uponor Smatrix Pulse digitaalinen termostaatti\" \/>\n<meta property=\"og:description\" content=\"Order Uponor Smatrix Pulse digitaalinen termostaatti at a best price.\" \/>\n<meta property=\"og:url\" content=\"https:\/\/fluterm.eu\/fi\/prod\/uponor-smatrix-pulse-digitaalinen-termostaatti\/\" \/>\n<meta property=\"og:site_name\" content=\"fluterm.eu\" \/>\n<meta property=\"article:modified_time\" content=\"2024-10-17T07:00:15+00:00\" \/>\n<meta property=\"og:image\" content=\"https:\/\/fluterm.eu\/wp-content\/uploads\/2023\/07\/947DE7E1-F772-4EB8-9EA8-6039DA1679E0.jpeg\" \/>\n\t<meta property=\"og:image:width\" content=\"432\" \/>\n\t<meta property=\"og:image:height\" content=\"432\" \/>\n\t<meta property=\"og:image:type\" content=\"image\/jpeg\" \/>\n<meta name=\"twitter:card\" content=\"summary_large_image\" \/>\n<meta name=\"twitter:label1\" content=\"Arvioitu lukuaika\" \/>\n\t<meta name=\"twitter:data1\" content=\"1 minuutti\" \/>\n<script type=\"application\/ld+json\" class=\"yoast-schema-graph\">{\"@context\":\"https:\/\/schema.org\",\"@graph\":[{\"@type\":\"WebPage\",\"@id\":\"https:\/\/fluterm.eu\/fi\/prod\/uponor-smatrix-pulse-digitaalinen-termostaatti\/\",\"url\":\"https:\/\/fluterm.eu\/fi\/prod\/uponor-smatrix-pulse-digitaalinen-termostaatti\/\",\"name\":\"Uponor Smatrix Pulse digitaalinen termostaatti\",\"isPartOf\":{\"@id\":\"https:\/\/fluterm.eu\/#website\"},\"datePublished\":\"2023-07-17T17:31:53+00:00\",\"dateModified\":\"2024-10-17T07:00:15+00:00\",\"description\":\"Order Uponor Smatrix Pulse digitaalinen termostaatti at a best price.\",\"breadcrumb\":{\"@id\":\"https:\/\/fluterm.eu\/fi\/prod\/uponor-smatrix-pulse-digitaalinen-termostaatti\/#breadcrumb\"},\"inLanguage\":\"fi\",\"potentialAction\":[{\"@type\":\"ReadAction\",\"target\":[\"https:\/\/fluterm.eu\/fi\/prod\/uponor-smatrix-pulse-digitaalinen-termostaatti\/\"]}]},{\"@type\":\"BreadcrumbList\",\"@id\":\"https:\/\/fluterm.eu\/fi\/prod\/uponor-smatrix-pulse-digitaalinen-termostaatti\/#breadcrumb\",\"itemListElement\":[{\"@type\":\"ListItem\",\"position\":1,\"name\":\"Home\",\"item\":\"https:\/\/fluterm.eu\/fi\/kauppa\/\"},{\"@type\":\"ListItem\",\"position\":2,\"name\":\"Kauppa\",\"item\":\"https:\/\/fluterm.eu\/fi\/kauppa\/\"},{\"@type\":\"ListItem\",\"position\":3,\"name\":\"Uponor Smatrix Pulse digitaalinen termostaatti\"}]},{\"@type\":\"WebSite\",\"@id\":\"https:\/\/fluterm.eu\/#website\",\"url\":\"https:\/\/fluterm.eu\/\",\"name\":\"fluterm.eu\",\"description\":\"\",\"potentialAction\":[{\"@type\":\"SearchAction\",\"target\":{\"@type\":\"EntryPoint\",\"urlTemplate\":\"https:\/\/fluterm.eu\/?s={search_term_string}\"},\"query-input\":\"required name=search_term_string\"}],\"inLanguage\":\"fi\"}]}<\/script>\n<!-- \/ Yoast SEO plugin. -->","yoast_head_json":{"title":"Uponor Smatrix Pulse digitaalinen termostaatti","description":"Order Uponor Smatrix Pulse digitaalinen termostaatti at a best price.","robots":{"index":"index","follow":"follow","max-snippet":"max-snippet:-1","max-image-preview":"max-image-preview:large","max-video-preview":"max-video-preview:-1"},"canonical":"https:\/\/fluterm.eu\/fi\/prod\/uponor-smatrix-pulse-digitaalinen-termostaatti\/","og_locale":"fi_FI","og_type":"article","og_title":"Uponor Smatrix Pulse digitaalinen termostaatti","og_description":"Order Uponor Smatrix Pulse digitaalinen termostaatti at a best price.","og_url":"https:\/\/fluterm.eu\/fi\/prod\/uponor-smatrix-pulse-digitaalinen-termostaatti\/","og_site_name":"fluterm.eu","article_modified_time":"2024-10-17T07:00:15+00:00","og_image":[{"width":432,"height":432,"url":"https:\/\/fluterm.eu\/wp-content\/uploads\/2023\/07\/947DE7E1-F772-4EB8-9EA8-6039DA1679E0.jpeg","type":"image\/jpeg"}],"twitter_card":"summary_large_image","twitter_misc":{"Arvioitu lukuaika":"1 minuutti"},"schema":{"@context":"https:\/\/schema.org","@graph":[{"@type":"WebPage","@id":"https:\/\/fluterm.eu\/fi\/prod\/uponor-smatrix-pulse-digitaalinen-termostaatti\/","url":"https:\/\/fluterm.eu\/fi\/prod\/uponor-smatrix-pulse-digitaalinen-termostaatti\/","name":"Uponor Smatrix Pulse digitaalinen termostaatti","isPartOf":{"@id":"https:\/\/fluterm.eu\/#website"},"datePublished":"2023-07-17T17:31:53+00:00","dateModified":"2024-10-17T07:00:15+00:00","description":"Order Uponor Smatrix Pulse digitaalinen termostaatti at a best price.","breadcrumb":{"@id":"https:\/\/fluterm.eu\/fi\/prod\/uponor-smatrix-pulse-digitaalinen-termostaatti\/#breadcrumb"},"inLanguage":"fi","potentialAction":[{"@type":"ReadAction","target":["https:\/\/fluterm.eu\/fi\/prod\/uponor-smatrix-pulse-digitaalinen-termostaatti\/"]}]},{"@type":"BreadcrumbList","@id":"https:\/\/fluterm.eu\/fi\/prod\/uponor-smatrix-pulse-digitaalinen-termostaatti\/#breadcrumb","itemListElement":[{"@type":"ListItem","position":1,"name":"Home","item":"https:\/\/fluterm.eu\/fi\/kauppa\/"},{"@type":"ListItem","position":2,"name":"Kauppa","item":"https:\/\/fluterm.eu\/fi\/kauppa\/"},{"@type":"ListItem","position":3,"name":"Uponor Smatrix Pulse digitaalinen termostaatti"}]},{"@type":"WebSite","@id":"https:\/\/fluterm.eu\/#website","url":"https:\/\/fluterm.eu\/","name":"fluterm.eu","description":"","potentialAction":[{"@type":"SearchAction","target":{"@type":"EntryPoint","urlTemplate":"https:\/\/fluterm.eu\/?s={search_term_string}"},"query-input":"required name=search_term_string"}],"inLanguage":"fi"}]}},"_links":{"self":[{"href":"https:\/\/fluterm.eu\/fi\/wp-json\/wp\/v2\/product\/15020","targetHints":{"allow":["GET"]}}],"collection":[{"href":"https:\/\/fluterm.eu\/fi\/wp-json\/wp\/v2\/product"}],"about":[{"href":"https:\/\/fluterm.eu\/fi\/wp-json\/wp\/v2\/types\/product"}],"replies":[{"embeddable":true,"href":"https:\/\/fluterm.eu\/fi\/wp-json\/wp\/v2\/comments?post=15020"}],"version-history":[{"count":0,"href":"https:\/\/fluterm.eu\/fi\/wp-json\/wp\/v2\/product\/15020\/revisions"}],"wp:featuredmedia":[{"embeddable":true,"href":"https:\/\/fluterm.eu\/fi\/wp-json\/wp\/v2\/media\/4205"}],"wp:attachment":[{"href":"https:\/\/fluterm.eu\/fi\/wp-json\/wp\/v2\/media?parent=15020"}],"wp:term":[{"taxonomy":"product_cat","embeddable":true,"href":"https:\/\/fluterm.eu\/fi\/wp-json\/wp\/v2\/product_cat?post=15020"},{"taxonomy":"product_tag","embeddable":true,"href":"https:\/\/fluterm.eu\/fi\/wp-json\/wp\/v2\/product_tag?post=15020"}],"curies":[{"name":"wp","href":"https:\/\/api.w.org\/{rel}","templated":true}]}}