{"id":15031,"date":"2023-07-17T20:26:30","date_gmt":"2023-07-17T17:26:30","guid":{"rendered":"https:\/\/fluterm.eu\/prod\/uponor-smatrix-wave-pulse-l-aloitussarja-tyyppi-l-1093287\/"},"modified":"2023-07-17T20:26:30","modified_gmt":"2023-07-17T17:26:30","slug":"uponor-smatrix-wave-pulse-l-starter-kit-type-l-1093287","status":"publish","type":"product","link":"https:\/\/fluterm.eu\/fi\/prod\/uponor-smatrix-wave-pulse-l-starter-kit-type-l-1093287\/","title":{"rendered":"UPONOR SMATRIX WAVE PULSE L &#8211; aloitussarja tyyppi L &#8211; 1093287"},"content":{"rendered":"<pre id=\"tw-target-text\" class=\"tw-data-text tw-text-large tw-ta\" dir=\"ltr\" data-placeholder=\"Translation\"><span class=\"Y2IQFc\" lang=\"en\">Uponor Smatrix is \u200b\u200ba fully integrated control system for radiant heating and cooling. Being intelligent and \nable to adapt, Uponor Smatrix is \u200b\u200bequipped with self-balancing technology, which constantly anticipates and \nadjusts the exact amount of energy needed to ensure optimal comfort at all times.<\/span><\/pre>\n<p><img loading=\"lazy\" decoding=\"async\" class=\" lazyloaded\" src=\"https:\/\/s.cdnmpro.com\/499367508\/content\/smatrix%20pulse.png\" alt=\"\" width=\"750\" height=\"473\" data-src=\"https:\/\/s.cdnmpro.com\/499367508\/content\/smatrix%20pulse.png\"><\/p>\n<p>\u00c4lyk\u00e4s automaatioj\u00e4rjestelm\u00e4 s\u00e4teilyj\u00e4rjestelmi\u00e4 varten<\/p>\n<p>&#8211; Yhteen j\u00e4rjestelm\u00e4\u00e4n voidaan liitt\u00e4\u00e4 enint\u00e4\u00e4n 4 ohjausyksikk\u00f6\u00e4.<br \/>\n&#8211; Sy\u00f6tt\u00f6j\u00e4nnite: 230V<br \/>\n&#8211; Itsetasapainottuminen parantaa energiankulutusta ja mukavuutta.<br \/>\n&#8211; S\u00e4hk\u00f6inen ohjaus<br \/>\n&#8211; Jopa 6 termostaattia ja 8 toimilaitetta (24V) voidaan liitt\u00e4\u00e4 yhteen ohjausyksikk\u00f6\u00f6n.<br \/>\n&#8211; Pumpun ja kattilan releet<br \/>\n&#8211; Pumpun ja toimilaitteen kiinnityksenestotoiminto<br \/>\n&#8211; Suhteellisen kosteuden s\u00e4\u00e4t\u00f6<br \/>\n&#8211; Useita kytkent\u00e4mahdollisuuksia (sarja \/ t\u00e4hti)<br \/>\n&#8211; Toimitetaan 4-johtimisella kaksoissuojattua BUS-kaapelia k\u00e4ytt\u00e4en.<br \/>\n&#8211; Viestint\u00e4protokolla: RS485 serial BUS<br \/>\n&#8211; Toimilaitteen suurin sy\u00f6tt\u00f6teho: 24VAC \/ 0,2A (0,4A huipputeho).<\/p>\n<p>&#8211; Paikallinen k\u00e4ytt\u00f6 (Wi-Fi) tai et\u00e4k\u00e4ytt\u00f6 (vaatii internetyhteyden) Uponor Smatrix Pulse -sovelluksella (R-208:n kanssa).<br \/>\n&#8211; V\u00e4liaikainen wi-fi yhteyspiste suoraa yhteytt\u00e4 varten (jos wi-fi yhteytt\u00e4 ei ole saatavilla (R-208:n kanssa)).<br \/>\n&#8211; Integrointi \u00e4lykk\u00e4\u00e4seen kotij\u00e4rjestelm\u00e4\u00e4n (Amazon Alexa, Google Home, IFTTT) (R-208:n kanssa).<br \/>\n&#8211; Useiden kotien valvonta<br \/>\n&#8211; Kolmannen osapuolen p\u00e4\u00e4sy et\u00e4tukea varten (edellytt\u00e4\u00e4 asiakkaan suostumusta) (R-208:n kanssa).<br \/>\n&#8211; Historiallinen trendianalyysi Uponor Smatrix Pulse -sovelluksella (R-208:n kanssa).<br \/>\n&#8211; Tuntikohtainen ohjelmointi (R-208:n kanssa)<br \/>\n&#8211; Mukavuusasetukset (R-208:n kanssa)<br \/>\n&#8211; Agentin l\u00e4mp\u00f6tilan tarkistus (R-208:n kanssa)<\/p>\n","protected":false},"excerpt":{"rendered":"<p>Uponor Smatrix is \u200b\u200ba fully integrated control system for radiant heating and cooling. Being intelligent and able to adapt, Uponor Smatrix is \u200b\u200bequipped with self-balancing technology, which constantly anticipates and adjusts the exact amount of energy needed to ensure optimal comfort at all times. \u00c4lyk\u00e4s automaatioj\u00e4rjestelm\u00e4 s\u00e4teilyj\u00e4rjestelmi\u00e4 varten &#8211; Yhteen j\u00e4rjestelm\u00e4\u00e4n voidaan liitt\u00e4\u00e4 enint\u00e4\u00e4n 4&hellip;<\/p>\n","protected":false},"featured_media":4247,"comment_status":"open","ping_status":"closed","template":"","meta":[],"product_cat":[966],"product_tag":[],"class_list":{"0":"post-15031","1":"product","2":"type-product","3":"status-publish","4":"has-post-thumbnail","6":"product_cat-lattialammityksen-automatisointi","8":"first","9":"instock","10":"taxable","11":"shipping-taxable","12":"purchasable","13":"product-type-simple","14":"col-xs-6 col-sm-4","15":"col-md-4 col-lg-4","16":"un-3-cols"},"acf":[],"yoast_head":"<!-- This site is optimized with the Yoast SEO plugin v21.2 - https:\/\/yoast.com\/wordpress\/plugins\/seo\/ -->\n<title>UPONOR SMATRIX WAVE PULSE L - aloitussarja tyyppi L - 1093287<\/title>\n<meta name=\"description\" content=\"Order UPONOR SMATRIX WAVE PULSE L - aloitussarja tyyppi L - 1093287 at a best price.\" \/>\n<meta name=\"robots\" content=\"index, follow, max-snippet:-1, max-image-preview:large, max-video-preview:-1\" \/>\n<link rel=\"canonical\" href=\"https:\/\/fluterm.eu\/fi\/prod\/uponor-smatrix-wave-pulse-l-aloitussarja-tyyppi-l-1093287\/\" \/>\n<meta property=\"og:locale\" content=\"fi_FI\" \/>\n<meta property=\"og:type\" content=\"article\" \/>\n<meta property=\"og:title\" content=\"UPONOR SMATRIX WAVE PULSE L - aloitussarja tyyppi L - 1093287\" \/>\n<meta property=\"og:description\" content=\"Order UPONOR SMATRIX WAVE PULSE L - aloitussarja tyyppi L - 1093287 at a best price.\" \/>\n<meta property=\"og:url\" content=\"https:\/\/fluterm.eu\/fi\/prod\/uponor-smatrix-wave-pulse-l-aloitussarja-tyyppi-l-1093287\/\" \/>\n<meta property=\"og:site_name\" content=\"fluterm.eu\" \/>\n<meta property=\"og:image\" content=\"https:\/\/fluterm.eu\/wp-content\/uploads\/2023\/07\/16FABFBB-5D15-4216-9483-0400BFD6BCF9.jpeg\" \/>\n\t<meta property=\"og:image:width\" content=\"600\" \/>\n\t<meta property=\"og:image:height\" content=\"600\" \/>\n\t<meta property=\"og:image:type\" content=\"image\/jpeg\" \/>\n<meta name=\"twitter:card\" content=\"summary_large_image\" \/>\n<meta name=\"twitter:label1\" content=\"Arvioitu lukuaika\" \/>\n\t<meta name=\"twitter:data1\" content=\"1 minuutti\" \/>\n<script type=\"application\/ld+json\" class=\"yoast-schema-graph\">{\"@context\":\"https:\/\/schema.org\",\"@graph\":[{\"@type\":\"WebPage\",\"@id\":\"https:\/\/fluterm.eu\/fi\/prod\/uponor-smatrix-wave-pulse-l-aloitussarja-tyyppi-l-1093287\/\",\"url\":\"https:\/\/fluterm.eu\/fi\/prod\/uponor-smatrix-wave-pulse-l-aloitussarja-tyyppi-l-1093287\/\",\"name\":\"UPONOR SMATRIX WAVE PULSE L - aloitussarja tyyppi L - 1093287\",\"isPartOf\":{\"@id\":\"https:\/\/fluterm.eu\/#website\"},\"datePublished\":\"2023-07-17T17:26:30+00:00\",\"dateModified\":\"2023-07-17T17:26:30+00:00\",\"description\":\"Order UPONOR SMATRIX WAVE PULSE L - aloitussarja tyyppi L - 1093287 at a best price.\",\"breadcrumb\":{\"@id\":\"https:\/\/fluterm.eu\/fi\/prod\/uponor-smatrix-wave-pulse-l-aloitussarja-tyyppi-l-1093287\/#breadcrumb\"},\"inLanguage\":\"fi\",\"potentialAction\":[{\"@type\":\"ReadAction\",\"target\":[\"https:\/\/fluterm.eu\/fi\/prod\/uponor-smatrix-wave-pulse-l-aloitussarja-tyyppi-l-1093287\/\"]}]},{\"@type\":\"BreadcrumbList\",\"@id\":\"https:\/\/fluterm.eu\/fi\/prod\/uponor-smatrix-wave-pulse-l-aloitussarja-tyyppi-l-1093287\/#breadcrumb\",\"itemListElement\":[{\"@type\":\"ListItem\",\"position\":1,\"name\":\"Home\",\"item\":\"https:\/\/fluterm.eu\/fi\/kauppa\/\"},{\"@type\":\"ListItem\",\"position\":2,\"name\":\"Kauppa\",\"item\":\"https:\/\/fluterm.eu\/fi\/kauppa\/\"},{\"@type\":\"ListItem\",\"position\":3,\"name\":\"UPONOR SMATRIX WAVE PULSE L &#8211; aloitussarja tyyppi L &#8211; 1093287\"}]},{\"@type\":\"WebSite\",\"@id\":\"https:\/\/fluterm.eu\/#website\",\"url\":\"https:\/\/fluterm.eu\/\",\"name\":\"fluterm.eu\",\"description\":\"\",\"potentialAction\":[{\"@type\":\"SearchAction\",\"target\":{\"@type\":\"EntryPoint\",\"urlTemplate\":\"https:\/\/fluterm.eu\/?s={search_term_string}\"},\"query-input\":\"required name=search_term_string\"}],\"inLanguage\":\"fi\"}]}<\/script>\n<!-- \/ Yoast SEO plugin. -->","yoast_head_json":{"title":"UPONOR SMATRIX WAVE PULSE L - aloitussarja tyyppi L - 1093287","description":"Order UPONOR SMATRIX WAVE PULSE L - aloitussarja tyyppi L - 1093287 at a best price.","robots":{"index":"index","follow":"follow","max-snippet":"max-snippet:-1","max-image-preview":"max-image-preview:large","max-video-preview":"max-video-preview:-1"},"canonical":"https:\/\/fluterm.eu\/fi\/prod\/uponor-smatrix-wave-pulse-l-aloitussarja-tyyppi-l-1093287\/","og_locale":"fi_FI","og_type":"article","og_title":"UPONOR SMATRIX WAVE PULSE L - aloitussarja tyyppi L - 1093287","og_description":"Order UPONOR SMATRIX WAVE PULSE L - aloitussarja tyyppi L - 1093287 at a best price.","og_url":"https:\/\/fluterm.eu\/fi\/prod\/uponor-smatrix-wave-pulse-l-aloitussarja-tyyppi-l-1093287\/","og_site_name":"fluterm.eu","og_image":[{"width":600,"height":600,"url":"https:\/\/fluterm.eu\/wp-content\/uploads\/2023\/07\/16FABFBB-5D15-4216-9483-0400BFD6BCF9.jpeg","type":"image\/jpeg"}],"twitter_card":"summary_large_image","twitter_misc":{"Arvioitu lukuaika":"1 minuutti"},"schema":{"@context":"https:\/\/schema.org","@graph":[{"@type":"WebPage","@id":"https:\/\/fluterm.eu\/fi\/prod\/uponor-smatrix-wave-pulse-l-aloitussarja-tyyppi-l-1093287\/","url":"https:\/\/fluterm.eu\/fi\/prod\/uponor-smatrix-wave-pulse-l-aloitussarja-tyyppi-l-1093287\/","name":"UPONOR SMATRIX WAVE PULSE L - aloitussarja tyyppi L - 1093287","isPartOf":{"@id":"https:\/\/fluterm.eu\/#website"},"datePublished":"2023-07-17T17:26:30+00:00","dateModified":"2023-07-17T17:26:30+00:00","description":"Order UPONOR SMATRIX WAVE PULSE L - aloitussarja tyyppi L - 1093287 at a best price.","breadcrumb":{"@id":"https:\/\/fluterm.eu\/fi\/prod\/uponor-smatrix-wave-pulse-l-aloitussarja-tyyppi-l-1093287\/#breadcrumb"},"inLanguage":"fi","potentialAction":[{"@type":"ReadAction","target":["https:\/\/fluterm.eu\/fi\/prod\/uponor-smatrix-wave-pulse-l-aloitussarja-tyyppi-l-1093287\/"]}]},{"@type":"BreadcrumbList","@id":"https:\/\/fluterm.eu\/fi\/prod\/uponor-smatrix-wave-pulse-l-aloitussarja-tyyppi-l-1093287\/#breadcrumb","itemListElement":[{"@type":"ListItem","position":1,"name":"Home","item":"https:\/\/fluterm.eu\/fi\/kauppa\/"},{"@type":"ListItem","position":2,"name":"Kauppa","item":"https:\/\/fluterm.eu\/fi\/kauppa\/"},{"@type":"ListItem","position":3,"name":"UPONOR SMATRIX WAVE PULSE L &#8211; aloitussarja tyyppi L &#8211; 1093287"}]},{"@type":"WebSite","@id":"https:\/\/fluterm.eu\/#website","url":"https:\/\/fluterm.eu\/","name":"fluterm.eu","description":"","potentialAction":[{"@type":"SearchAction","target":{"@type":"EntryPoint","urlTemplate":"https:\/\/fluterm.eu\/?s={search_term_string}"},"query-input":"required name=search_term_string"}],"inLanguage":"fi"}]}},"_links":{"self":[{"href":"https:\/\/fluterm.eu\/fi\/wp-json\/wp\/v2\/product\/15031","targetHints":{"allow":["GET"]}}],"collection":[{"href":"https:\/\/fluterm.eu\/fi\/wp-json\/wp\/v2\/product"}],"about":[{"href":"https:\/\/fluterm.eu\/fi\/wp-json\/wp\/v2\/types\/product"}],"replies":[{"embeddable":true,"href":"https:\/\/fluterm.eu\/fi\/wp-json\/wp\/v2\/comments?post=15031"}],"version-history":[{"count":0,"href":"https:\/\/fluterm.eu\/fi\/wp-json\/wp\/v2\/product\/15031\/revisions"}],"wp:featuredmedia":[{"embeddable":true,"href":"https:\/\/fluterm.eu\/fi\/wp-json\/wp\/v2\/media\/4247"}],"wp:attachment":[{"href":"https:\/\/fluterm.eu\/fi\/wp-json\/wp\/v2\/media?parent=15031"}],"wp:term":[{"taxonomy":"product_cat","embeddable":true,"href":"https:\/\/fluterm.eu\/fi\/wp-json\/wp\/v2\/product_cat?post=15031"},{"taxonomy":"product_tag","embeddable":true,"href":"https:\/\/fluterm.eu\/fi\/wp-json\/wp\/v2\/product_tag?post=15031"}],"curies":[{"name":"wp","href":"https:\/\/api.w.org\/{rel}","templated":true}]}}