{"id":15241,"date":"2023-07-10T10:22:04","date_gmt":"2023-07-10T07:22:04","guid":{"rendered":"https:\/\/fluterm.eu\/prod\/monikerroksinen-komposiittiputki-pexal-20x2mm-6-mm-eristys\/"},"modified":"2023-07-10T10:22:04","modified_gmt":"2023-07-10T07:22:04","slug":"monikerroksinen-komposiittiputki-pexal-20x2mm-6-mm-eristys","status":"publish","type":"product","link":"https:\/\/fluterm.eu\/fi\/prod\/monikerroksinen-komposiittiputki-pexal-20x2mm-6-mm-eristys\/","title":{"rendered":"Monikerroksinen komposiittiputki PEXAL, 20x2mm, 6 mm eristys."},"content":{"rendered":"<p>&#8211; PEX-komposiittiputket koostuvat silloitetusta polyeteenist\u00e4, jossa on alumiinikerros.<br \/>\n&#8211; Soveltuu juomavedeksi UBA:n positiivisen luettelon mukaan.<br \/>\n&#8211; Paineilma max.: 10 bar<br \/>\n&#8211; K\u00e4ytt\u00f6l\u00e4mp\u00f6tila max.: 95\u00b0C \/ Paine max.: 10 bar<br \/>\n&#8211; PE-X-merkint\u00e4\u00e4n on lis\u00e4tty pieni kirjain, jotta eri silloitusprosessit voidaan erottaa toisistaan:<br \/>\n&#8211; PE-Xb = silaanin ristisilloittaminen<br \/>\n&#8211; Evenes-Pressin j\u00e4rjestelm\u00e4hyv\u00e4ksynt\u00e4<br \/>\n&#8211; Punaisella eristyksell\u00e4 (6 mm)<br \/>\n&#8211; Materiaali: PE-Xb<br \/>\n&#8211; Toimitetaan kuten tarvitset (voimme leikata)<\/p>\n<div id=\"jp-relatedposts\" class=\"jp-relatedposts\">\n<div class=\"jp-relatedposts-items jp-relatedposts-items-minimal jp-relatedposts-grid \">\n<p class=\"jp-relatedposts-post jp-relatedposts-post0\" data-post-id=\"112\" data-post-format=\"false\">\n<\/div>\n<\/div>\n","protected":false},"excerpt":{"rendered":"<p>&#8211; PEX-komposiittiputket koostuvat silloitetusta polyeteenist\u00e4, jossa on alumiinikerros. &#8211; Soveltuu juomavedeksi UBA:n positiivisen luettelon mukaan. &#8211; Paineilma max.: 10 bar &#8211; K\u00e4ytt\u00f6l\u00e4mp\u00f6tila max.: 95\u00b0C \/ Paine max.: 10 bar &#8211; PE-X-merkint\u00e4\u00e4n on lis\u00e4tty pieni kirjain, jotta eri silloitusprosessit voidaan erottaa toisistaan: &#8211; PE-Xb = silaanin ristisilloittaminen &#8211; Evenes-Pressin j\u00e4rjestelm\u00e4hyv\u00e4ksynt\u00e4 &#8211; Punaisella eristyksell\u00e4 (6 mm) &#8211;&hellip;<\/p>\n","protected":false},"featured_media":3365,"comment_status":"open","ping_status":"closed","template":"","meta":[],"product_cat":[988],"product_tag":[],"class_list":{"0":"post-15241","1":"product","2":"type-product","3":"status-publish","4":"has-post-thumbnail","6":"product_cat-monikerroksinen-komposiittiputki-pexal","8":"first","9":"instock","10":"sale","11":"taxable","12":"shipping-taxable","13":"purchasable","14":"product-type-simple","15":"col-xs-6 col-sm-4","16":"col-md-4 col-lg-4","17":"un-3-cols"},"acf":[],"yoast_head":"<!-- This site is optimized with the Yoast SEO plugin v21.2 - https:\/\/yoast.com\/wordpress\/plugins\/seo\/ -->\n<title>Monikerroksinen komposiittiputki PEXAL, 20x2mm, 6 mm eristys.<\/title>\n<meta name=\"description\" content=\"Order Monikerroksinen komposiittiputki PEXAL, 20x2mm, 6 mm eristys. at a best price.\" \/>\n<meta name=\"robots\" content=\"index, follow, max-snippet:-1, max-image-preview:large, max-video-preview:-1\" \/>\n<link rel=\"canonical\" href=\"https:\/\/fluterm.eu\/fi\/prod\/monikerroksinen-komposiittiputki-pexal-20x2mm-6-mm-eristys\/\" \/>\n<meta property=\"og:locale\" content=\"fi_FI\" \/>\n<meta property=\"og:type\" content=\"article\" \/>\n<meta property=\"og:title\" content=\"Monikerroksinen komposiittiputki PEXAL, 20x2mm, 6 mm eristys.\" \/>\n<meta property=\"og:description\" content=\"Order Monikerroksinen komposiittiputki PEXAL, 20x2mm, 6 mm eristys. at a best price.\" \/>\n<meta property=\"og:url\" content=\"https:\/\/fluterm.eu\/fi\/prod\/monikerroksinen-komposiittiputki-pexal-20x2mm-6-mm-eristys\/\" \/>\n<meta property=\"og:site_name\" content=\"fluterm.eu\" \/>\n<meta property=\"og:image\" content=\"https:\/\/fluterm.eu\/wp-content\/uploads\/2023\/07\/A99CCB12-9CE1-4778-86B2-7ECFE433C67C_4_5005_c.jpeg\" \/>\n\t<meta property=\"og:image:width\" content=\"224\" \/>\n\t<meta property=\"og:image:height\" content=\"224\" \/>\n\t<meta property=\"og:image:type\" content=\"image\/jpeg\" \/>\n<meta name=\"twitter:card\" content=\"summary_large_image\" \/>\n<script type=\"application\/ld+json\" class=\"yoast-schema-graph\">{\"@context\":\"https:\/\/schema.org\",\"@graph\":[{\"@type\":\"WebPage\",\"@id\":\"https:\/\/fluterm.eu\/fi\/prod\/monikerroksinen-komposiittiputki-pexal-20x2mm-6-mm-eristys\/\",\"url\":\"https:\/\/fluterm.eu\/fi\/prod\/monikerroksinen-komposiittiputki-pexal-20x2mm-6-mm-eristys\/\",\"name\":\"Monikerroksinen komposiittiputki PEXAL, 20x2mm, 6 mm eristys.\",\"isPartOf\":{\"@id\":\"https:\/\/fluterm.eu\/#website\"},\"datePublished\":\"2023-07-10T07:22:04+00:00\",\"dateModified\":\"2023-07-10T07:22:04+00:00\",\"description\":\"Order Monikerroksinen komposiittiputki PEXAL, 20x2mm, 6 mm eristys. at a best price.\",\"breadcrumb\":{\"@id\":\"https:\/\/fluterm.eu\/fi\/prod\/monikerroksinen-komposiittiputki-pexal-20x2mm-6-mm-eristys\/#breadcrumb\"},\"inLanguage\":\"fi\",\"potentialAction\":[{\"@type\":\"ReadAction\",\"target\":[\"https:\/\/fluterm.eu\/fi\/prod\/monikerroksinen-komposiittiputki-pexal-20x2mm-6-mm-eristys\/\"]}]},{\"@type\":\"BreadcrumbList\",\"@id\":\"https:\/\/fluterm.eu\/fi\/prod\/monikerroksinen-komposiittiputki-pexal-20x2mm-6-mm-eristys\/#breadcrumb\",\"itemListElement\":[{\"@type\":\"ListItem\",\"position\":1,\"name\":\"Home\",\"item\":\"https:\/\/fluterm.eu\/fi\/kauppa\/\"},{\"@type\":\"ListItem\",\"position\":2,\"name\":\"Kauppa\",\"item\":\"https:\/\/fluterm.eu\/fi\/kauppa\/\"},{\"@type\":\"ListItem\",\"position\":3,\"name\":\"Monikerroksinen komposiittiputki PEXAL, 20x2mm, 6 mm eristys.\"}]},{\"@type\":\"WebSite\",\"@id\":\"https:\/\/fluterm.eu\/#website\",\"url\":\"https:\/\/fluterm.eu\/\",\"name\":\"fluterm.eu\",\"description\":\"\",\"potentialAction\":[{\"@type\":\"SearchAction\",\"target\":{\"@type\":\"EntryPoint\",\"urlTemplate\":\"https:\/\/fluterm.eu\/?s={search_term_string}\"},\"query-input\":\"required name=search_term_string\"}],\"inLanguage\":\"fi\"}]}<\/script>\n<!-- \/ Yoast SEO plugin. -->","yoast_head_json":{"title":"Monikerroksinen komposiittiputki PEXAL, 20x2mm, 6 mm eristys.","description":"Order Monikerroksinen komposiittiputki PEXAL, 20x2mm, 6 mm eristys. at a best price.","robots":{"index":"index","follow":"follow","max-snippet":"max-snippet:-1","max-image-preview":"max-image-preview:large","max-video-preview":"max-video-preview:-1"},"canonical":"https:\/\/fluterm.eu\/fi\/prod\/monikerroksinen-komposiittiputki-pexal-20x2mm-6-mm-eristys\/","og_locale":"fi_FI","og_type":"article","og_title":"Monikerroksinen komposiittiputki PEXAL, 20x2mm, 6 mm eristys.","og_description":"Order Monikerroksinen komposiittiputki PEXAL, 20x2mm, 6 mm eristys. at a best price.","og_url":"https:\/\/fluterm.eu\/fi\/prod\/monikerroksinen-komposiittiputki-pexal-20x2mm-6-mm-eristys\/","og_site_name":"fluterm.eu","og_image":[{"width":224,"height":224,"url":"https:\/\/fluterm.eu\/wp-content\/uploads\/2023\/07\/A99CCB12-9CE1-4778-86B2-7ECFE433C67C_4_5005_c.jpeg","type":"image\/jpeg"}],"twitter_card":"summary_large_image","schema":{"@context":"https:\/\/schema.org","@graph":[{"@type":"WebPage","@id":"https:\/\/fluterm.eu\/fi\/prod\/monikerroksinen-komposiittiputki-pexal-20x2mm-6-mm-eristys\/","url":"https:\/\/fluterm.eu\/fi\/prod\/monikerroksinen-komposiittiputki-pexal-20x2mm-6-mm-eristys\/","name":"Monikerroksinen komposiittiputki PEXAL, 20x2mm, 6 mm eristys.","isPartOf":{"@id":"https:\/\/fluterm.eu\/#website"},"datePublished":"2023-07-10T07:22:04+00:00","dateModified":"2023-07-10T07:22:04+00:00","description":"Order Monikerroksinen komposiittiputki PEXAL, 20x2mm, 6 mm eristys. at a best price.","breadcrumb":{"@id":"https:\/\/fluterm.eu\/fi\/prod\/monikerroksinen-komposiittiputki-pexal-20x2mm-6-mm-eristys\/#breadcrumb"},"inLanguage":"fi","potentialAction":[{"@type":"ReadAction","target":["https:\/\/fluterm.eu\/fi\/prod\/monikerroksinen-komposiittiputki-pexal-20x2mm-6-mm-eristys\/"]}]},{"@type":"BreadcrumbList","@id":"https:\/\/fluterm.eu\/fi\/prod\/monikerroksinen-komposiittiputki-pexal-20x2mm-6-mm-eristys\/#breadcrumb","itemListElement":[{"@type":"ListItem","position":1,"name":"Home","item":"https:\/\/fluterm.eu\/fi\/kauppa\/"},{"@type":"ListItem","position":2,"name":"Kauppa","item":"https:\/\/fluterm.eu\/fi\/kauppa\/"},{"@type":"ListItem","position":3,"name":"Monikerroksinen komposiittiputki PEXAL, 20x2mm, 6 mm eristys."}]},{"@type":"WebSite","@id":"https:\/\/fluterm.eu\/#website","url":"https:\/\/fluterm.eu\/","name":"fluterm.eu","description":"","potentialAction":[{"@type":"SearchAction","target":{"@type":"EntryPoint","urlTemplate":"https:\/\/fluterm.eu\/?s={search_term_string}"},"query-input":"required name=search_term_string"}],"inLanguage":"fi"}]}},"_links":{"self":[{"href":"https:\/\/fluterm.eu\/fi\/wp-json\/wp\/v2\/product\/15241","targetHints":{"allow":["GET"]}}],"collection":[{"href":"https:\/\/fluterm.eu\/fi\/wp-json\/wp\/v2\/product"}],"about":[{"href":"https:\/\/fluterm.eu\/fi\/wp-json\/wp\/v2\/types\/product"}],"replies":[{"embeddable":true,"href":"https:\/\/fluterm.eu\/fi\/wp-json\/wp\/v2\/comments?post=15241"}],"version-history":[{"count":0,"href":"https:\/\/fluterm.eu\/fi\/wp-json\/wp\/v2\/product\/15241\/revisions"}],"wp:featuredmedia":[{"embeddable":true,"href":"https:\/\/fluterm.eu\/fi\/wp-json\/wp\/v2\/media\/3365"}],"wp:attachment":[{"href":"https:\/\/fluterm.eu\/fi\/wp-json\/wp\/v2\/media?parent=15241"}],"wp:term":[{"taxonomy":"product_cat","embeddable":true,"href":"https:\/\/fluterm.eu\/fi\/wp-json\/wp\/v2\/product_cat?post=15241"},{"taxonomy":"product_tag","embeddable":true,"href":"https:\/\/fluterm.eu\/fi\/wp-json\/wp\/v2\/product_tag?post=15241"}],"curies":[{"name":"wp","href":"https:\/\/api.w.org\/{rel}","templated":true}]}}