{"id":15409,"date":"2023-07-14T22:03:03","date_gmt":"2023-07-14T19:03:03","guid":{"rendered":"https:\/\/fluterm.eu\/prod\/messinkinen-jakotukkisarja-7-piiria-pexal-putki-16x2-lampopattereille-taysin-varustettuna\/"},"modified":"2023-07-14T22:03:03","modified_gmt":"2023-07-14T19:03:03","slug":"messinki-mansetti-7-piirin-putkiputki-16x2-pattereita-varten-taysin-varusteltu","status":"publish","type":"product","link":"https:\/\/fluterm.eu\/fi\/prod\/messinki-mansetti-7-piirin-putkiputki-16x2-pattereita-varten-taysin-varusteltu\/","title":{"rendered":"Messinkinen jakotukkisarja 7 piiri\u00e4 pexal putki 16\u00d72 l\u00e4mp\u00f6pattereille t\u00e4ysin varustettuna"},"content":{"rendered":"<ol>\n<li>moninkertainen<\/li>\n<li>sein\u00e4tuet<\/li>\n<li>automaattisella tuuletusaukolla varustettu p\u00e4\u00e4telaitesarja<\/li>\n<li>palloventtiilit<\/li>\n<li>eurocone 16&#215;2<\/li>\n<li>kaappi metallinen<\/li>\n<\/ol>\n","protected":false},"excerpt":{"rendered":"<p>moninkertainen sein\u00e4tuet automaattisella tuuletusaukolla varustettu p\u00e4\u00e4telaitesarja palloventtiilit eurocone 16&#215;2 kaappi metallinen<\/p>\n","protected":false},"featured_media":3596,"comment_status":"open","ping_status":"closed","template":"","meta":[],"product_cat":[1018],"product_tag":[],"class_list":{"0":"post-15409","1":"product","2":"type-product","3":"status-publish","4":"has-post-thumbnail","6":"product_cat-jaahdyttimien-jakotukit","8":"first","9":"instock","10":"taxable","11":"shipping-taxable","12":"purchasable","13":"product-type-simple","14":"col-xs-6 col-sm-4","15":"col-md-4 col-lg-4","16":"un-3-cols"},"acf":[],"yoast_head":"<!-- This site is optimized with the Yoast SEO plugin v21.2 - https:\/\/yoast.com\/wordpress\/plugins\/seo\/ -->\n<title>Messinkinen jakotukkisarja 7 piiri\u00e4 pexal putki 16\u00d72 l\u00e4mp\u00f6pattereille t\u00e4ysin varustettuna<\/title>\n<meta name=\"description\" content=\"Order Messinkinen jakotukkisarja 7 piiri\u00e4 pexal putki 16\u00d72 l\u00e4mp\u00f6pattereille t\u00e4ysin varustettuna at a best price.\" \/>\n<meta name=\"robots\" content=\"index, follow, max-snippet:-1, max-image-preview:large, max-video-preview:-1\" \/>\n<link rel=\"canonical\" href=\"https:\/\/fluterm.eu\/fi\/prod\/messinkinen-jakotukkisarja-7-piiria-pexal-putki-16x2-lampopattereille-taysin-varustettuna\/\" \/>\n<meta property=\"og:locale\" content=\"fi_FI\" \/>\n<meta property=\"og:type\" content=\"article\" \/>\n<meta property=\"og:title\" content=\"Messinkinen jakotukkisarja 7 piiri\u00e4 pexal putki 16\u00d72 l\u00e4mp\u00f6pattereille t\u00e4ysin varustettuna\" \/>\n<meta property=\"og:description\" content=\"Order Messinkinen jakotukkisarja 7 piiri\u00e4 pexal putki 16\u00d72 l\u00e4mp\u00f6pattereille t\u00e4ysin varustettuna at a best price.\" \/>\n<meta property=\"og:url\" content=\"https:\/\/fluterm.eu\/fi\/prod\/messinkinen-jakotukkisarja-7-piiria-pexal-putki-16x2-lampopattereille-taysin-varustettuna\/\" \/>\n<meta property=\"og:site_name\" content=\"fluterm.eu\" \/>\n<meta property=\"og:image\" content=\"https:\/\/fluterm.eu\/wp-content\/uploads\/2023\/07\/DBAC297E-6617-4736-ACF7-6DF90BD08DBA.jpeg\" \/>\n\t<meta property=\"og:image:width\" content=\"2000\" \/>\n\t<meta property=\"og:image:height\" content=\"2000\" \/>\n\t<meta property=\"og:image:type\" content=\"image\/jpeg\" \/>\n<meta name=\"twitter:card\" content=\"summary_large_image\" \/>\n<script type=\"application\/ld+json\" class=\"yoast-schema-graph\">{\"@context\":\"https:\/\/schema.org\",\"@graph\":[{\"@type\":\"WebPage\",\"@id\":\"https:\/\/fluterm.eu\/fi\/prod\/messinkinen-jakotukkisarja-7-piiria-pexal-putki-16x2-lampopattereille-taysin-varustettuna\/\",\"url\":\"https:\/\/fluterm.eu\/fi\/prod\/messinkinen-jakotukkisarja-7-piiria-pexal-putki-16x2-lampopattereille-taysin-varustettuna\/\",\"name\":\"Messinkinen jakotukkisarja 7 piiri\u00e4 pexal putki 16\u00d72 l\u00e4mp\u00f6pattereille t\u00e4ysin varustettuna\",\"isPartOf\":{\"@id\":\"https:\/\/fluterm.eu\/#website\"},\"datePublished\":\"2023-07-14T19:03:03+00:00\",\"dateModified\":\"2023-07-14T19:03:03+00:00\",\"description\":\"Order Messinkinen jakotukkisarja 7 piiri\u00e4 pexal putki 16\u00d72 l\u00e4mp\u00f6pattereille t\u00e4ysin varustettuna at a best price.\",\"breadcrumb\":{\"@id\":\"https:\/\/fluterm.eu\/fi\/prod\/messinkinen-jakotukkisarja-7-piiria-pexal-putki-16x2-lampopattereille-taysin-varustettuna\/#breadcrumb\"},\"inLanguage\":\"fi\",\"potentialAction\":[{\"@type\":\"ReadAction\",\"target\":[\"https:\/\/fluterm.eu\/fi\/prod\/messinkinen-jakotukkisarja-7-piiria-pexal-putki-16x2-lampopattereille-taysin-varustettuna\/\"]}]},{\"@type\":\"BreadcrumbList\",\"@id\":\"https:\/\/fluterm.eu\/fi\/prod\/messinkinen-jakotukkisarja-7-piiria-pexal-putki-16x2-lampopattereille-taysin-varustettuna\/#breadcrumb\",\"itemListElement\":[{\"@type\":\"ListItem\",\"position\":1,\"name\":\"Home\",\"item\":\"https:\/\/fluterm.eu\/fi\/kauppa\/\"},{\"@type\":\"ListItem\",\"position\":2,\"name\":\"Kauppa\",\"item\":\"https:\/\/fluterm.eu\/fi\/kauppa\/\"},{\"@type\":\"ListItem\",\"position\":3,\"name\":\"Messinkinen jakotukkisarja 7 piiri\u00e4 pexal putki 16\u00d72 l\u00e4mp\u00f6pattereille t\u00e4ysin varustettuna\"}]},{\"@type\":\"WebSite\",\"@id\":\"https:\/\/fluterm.eu\/#website\",\"url\":\"https:\/\/fluterm.eu\/\",\"name\":\"fluterm.eu\",\"description\":\"\",\"potentialAction\":[{\"@type\":\"SearchAction\",\"target\":{\"@type\":\"EntryPoint\",\"urlTemplate\":\"https:\/\/fluterm.eu\/?s={search_term_string}\"},\"query-input\":\"required name=search_term_string\"}],\"inLanguage\":\"fi\"}]}<\/script>\n<!-- \/ Yoast SEO plugin. -->","yoast_head_json":{"title":"Messinkinen jakotukkisarja 7 piiri\u00e4 pexal putki 16\u00d72 l\u00e4mp\u00f6pattereille t\u00e4ysin varustettuna","description":"Order Messinkinen jakotukkisarja 7 piiri\u00e4 pexal putki 16\u00d72 l\u00e4mp\u00f6pattereille t\u00e4ysin varustettuna at a best price.","robots":{"index":"index","follow":"follow","max-snippet":"max-snippet:-1","max-image-preview":"max-image-preview:large","max-video-preview":"max-video-preview:-1"},"canonical":"https:\/\/fluterm.eu\/fi\/prod\/messinkinen-jakotukkisarja-7-piiria-pexal-putki-16x2-lampopattereille-taysin-varustettuna\/","og_locale":"fi_FI","og_type":"article","og_title":"Messinkinen jakotukkisarja 7 piiri\u00e4 pexal putki 16\u00d72 l\u00e4mp\u00f6pattereille t\u00e4ysin varustettuna","og_description":"Order Messinkinen jakotukkisarja 7 piiri\u00e4 pexal putki 16\u00d72 l\u00e4mp\u00f6pattereille t\u00e4ysin varustettuna at a best price.","og_url":"https:\/\/fluterm.eu\/fi\/prod\/messinkinen-jakotukkisarja-7-piiria-pexal-putki-16x2-lampopattereille-taysin-varustettuna\/","og_site_name":"fluterm.eu","og_image":[{"width":2000,"height":2000,"url":"https:\/\/fluterm.eu\/wp-content\/uploads\/2023\/07\/DBAC297E-6617-4736-ACF7-6DF90BD08DBA.jpeg","type":"image\/jpeg"}],"twitter_card":"summary_large_image","schema":{"@context":"https:\/\/schema.org","@graph":[{"@type":"WebPage","@id":"https:\/\/fluterm.eu\/fi\/prod\/messinkinen-jakotukkisarja-7-piiria-pexal-putki-16x2-lampopattereille-taysin-varustettuna\/","url":"https:\/\/fluterm.eu\/fi\/prod\/messinkinen-jakotukkisarja-7-piiria-pexal-putki-16x2-lampopattereille-taysin-varustettuna\/","name":"Messinkinen jakotukkisarja 7 piiri\u00e4 pexal putki 16\u00d72 l\u00e4mp\u00f6pattereille t\u00e4ysin varustettuna","isPartOf":{"@id":"https:\/\/fluterm.eu\/#website"},"datePublished":"2023-07-14T19:03:03+00:00","dateModified":"2023-07-14T19:03:03+00:00","description":"Order Messinkinen jakotukkisarja 7 piiri\u00e4 pexal putki 16\u00d72 l\u00e4mp\u00f6pattereille t\u00e4ysin varustettuna at a best price.","breadcrumb":{"@id":"https:\/\/fluterm.eu\/fi\/prod\/messinkinen-jakotukkisarja-7-piiria-pexal-putki-16x2-lampopattereille-taysin-varustettuna\/#breadcrumb"},"inLanguage":"fi","potentialAction":[{"@type":"ReadAction","target":["https:\/\/fluterm.eu\/fi\/prod\/messinkinen-jakotukkisarja-7-piiria-pexal-putki-16x2-lampopattereille-taysin-varustettuna\/"]}]},{"@type":"BreadcrumbList","@id":"https:\/\/fluterm.eu\/fi\/prod\/messinkinen-jakotukkisarja-7-piiria-pexal-putki-16x2-lampopattereille-taysin-varustettuna\/#breadcrumb","itemListElement":[{"@type":"ListItem","position":1,"name":"Home","item":"https:\/\/fluterm.eu\/fi\/kauppa\/"},{"@type":"ListItem","position":2,"name":"Kauppa","item":"https:\/\/fluterm.eu\/fi\/kauppa\/"},{"@type":"ListItem","position":3,"name":"Messinkinen jakotukkisarja 7 piiri\u00e4 pexal putki 16\u00d72 l\u00e4mp\u00f6pattereille t\u00e4ysin varustettuna"}]},{"@type":"WebSite","@id":"https:\/\/fluterm.eu\/#website","url":"https:\/\/fluterm.eu\/","name":"fluterm.eu","description":"","potentialAction":[{"@type":"SearchAction","target":{"@type":"EntryPoint","urlTemplate":"https:\/\/fluterm.eu\/?s={search_term_string}"},"query-input":"required name=search_term_string"}],"inLanguage":"fi"}]}},"_links":{"self":[{"href":"https:\/\/fluterm.eu\/fi\/wp-json\/wp\/v2\/product\/15409","targetHints":{"allow":["GET"]}}],"collection":[{"href":"https:\/\/fluterm.eu\/fi\/wp-json\/wp\/v2\/product"}],"about":[{"href":"https:\/\/fluterm.eu\/fi\/wp-json\/wp\/v2\/types\/product"}],"replies":[{"embeddable":true,"href":"https:\/\/fluterm.eu\/fi\/wp-json\/wp\/v2\/comments?post=15409"}],"version-history":[{"count":0,"href":"https:\/\/fluterm.eu\/fi\/wp-json\/wp\/v2\/product\/15409\/revisions"}],"wp:featuredmedia":[{"embeddable":true,"href":"https:\/\/fluterm.eu\/fi\/wp-json\/wp\/v2\/media\/3596"}],"wp:attachment":[{"href":"https:\/\/fluterm.eu\/fi\/wp-json\/wp\/v2\/media?parent=15409"}],"wp:term":[{"taxonomy":"product_cat","embeddable":true,"href":"https:\/\/fluterm.eu\/fi\/wp-json\/wp\/v2\/product_cat?post=15409"},{"taxonomy":"product_tag","embeddable":true,"href":"https:\/\/fluterm.eu\/fi\/wp-json\/wp\/v2\/product_tag?post=15409"}],"curies":[{"name":"wp","href":"https:\/\/api.w.org\/{rel}","templated":true}]}}