{"id":9097,"date":"2023-09-03T15:24:40","date_gmt":"2023-09-03T12:24:40","guid":{"rendered":"https:\/\/fluterm.eu\/prod\/growatt-akku-ark-2-5l-a1-spf\/"},"modified":"2023-09-06T13:31:36","modified_gmt":"2023-09-06T10:31:36","slug":"growatt-akku-ark-2-5l-a1-spf","status":"publish","type":"product","link":"https:\/\/fluterm.eu\/fi\/prod\/growatt-akku-ark-2-5l-a1-spf\/","title":{"rendered":"GROWATT AKKU ARK-2.5L-A1 SPF"},"content":{"rendered":"<div class=\"widget widget-tab container mx-auto nopa\">\n<div class=\"widget-inner\">\n<div class=\"tab-content\">\n<div class=\"tab-pane pr-0 pl-0 active\" role=\"tabpanel\">\n<div class=\"my-4\" data-builder-child-container=\"630dee388da9b\">\n<div class=\"widget widget-text widget-none producertag h6 producer text-muted mt-0 mb-3\">\n<div class=\"widget-inner bg-appearance pt-0 pr-0 pb-0 pl-0\">\n<p><img decoding=\"async\" src=\"https:\/\/cdn02.plentymarkets.com\/kmyhaikn11xq\/frontend\/ebay-actec\/GROWATT.png\"><\/p>\n<\/div>\n<\/div>\n<div class=\"widget widget-text widget-none mt-0 mr-0 mb-5 ml-0\">\n<div class=\"widget-inner bg-appearance pt-0 pr-0 pb-0 pl-0\">\n<h2><span>Growatt akku ARK-2.5L-A1 SPF<\/span><\/h2>\n<p><span>Koboltittomat litiumvarastomoduulit LiFePO4-teknologialla! P\u00e4iv\u00e4n aikana voit k\u00e4tev\u00e4sti k\u00e4ytt\u00e4\u00e4 aurinkoj\u00e4rjestelm\u00e4n tuottamaa s\u00e4hk\u00f6\u00e4. Mutta ent\u00e4 jos tulee pime\u00e4\u00e4 tai tuotat enemm\u00e4n s\u00e4hk\u00f6\u00e4 kuin tarvitset? Vai haluatko el\u00e4\u00e4 mahdollisimman omavaraisesti? T\u00e4ss\u00e4 tapauksessa energiavarastointi on vaihtoehto. Growatt ARK LV -varastointimoduulit on helppo asentaa yksinkertaisen plug &amp; play -periaatteen ansiosta, ja niit\u00e4 voidaan milloin tahansa laajentaa jopa kymmeneen moduuliin eli jopa 25,64 kWh:n varastointikapasiteettiin. T\u00e4m\u00e4n energiavaraston avulla voit k\u00e4ytt\u00e4\u00e4 tuottamaasi aurinkoenergiaa my\u00f6s y\u00f6ll\u00e4 tai pilvisell\u00e4 taivaalla ja kokea entist\u00e4 suurempaa riippumattomuutta.<\/span><\/p>\n<p><strong><span>Tehovarasto Growatt ARK 2.5L<\/span><\/strong><\/p>\n<p><strong><span>Edut:<\/span><\/strong><\/p>\n<ul>\n<li><span>suurempi energiatiheys<\/span><\/li>\n<li><span>v\u00e4h\u00e4inen itsepurkautuminen pitk\u00e4aikaisen varastoinnin aikana<\/span><\/li>\n<li><span>korkea kennoj\u00e4nnite<\/span><\/li>\n<li><span>Pidempi k\u00e4ytt\u00f6ik\u00e4 kuin perinteinen varastointi<\/span><\/li>\n<li><span>laaja l\u00e4mp\u00f6tila-alue varastointia ja k\u00e4ytt\u00f6\u00e4 varten<\/span><\/li>\n<li><span>k\u00e4ytt\u00e4j\u00e4yst\u00e4v\u00e4lliset kantokahvat<\/span><\/li>\n<li><span>korkea toimintavarmuus<\/span><\/li>\n<li><span>korkea lataus- ja purkausteho<\/span><\/li>\n<li><span>k\u00e4ytt\u00f6kelpoinen varastointikapasiteetti 2304 Wh (90%DOD)<\/span><\/li>\n<\/ul>\n<p><strong><span>Soveltamisalueet:<\/span><\/strong><\/p>\n<ul>\n<li><span>varavirtal\u00e4hde<\/span><\/li>\n<li><span>aurinkoenergian k\u00e4ytt\u00f6 ja invertterien k\u00e4ytt\u00f6<\/span><\/li>\n<li><span>aurinkos\u00e4hk\u00f6j\u00e4rjestelmi\u00e4 ja erillisj\u00e4rjestelmi\u00e4 varten<\/span><\/li>\n<li><span>keskeytym\u00e4tt\u00f6mi\u00e4 virtal\u00e4hteit\u00e4 (UPS) varten<\/span><\/li>\n<li><span>universaali asennus ja optimaalinen taloudellisuus<\/span><\/li>\n<\/ul>\n<\/div>\n<\/div>\n<\/div>\n<\/div>\n<\/div>\n<\/div>\n<\/div>\n<div class=\"widget widget-grid widget-two-col row\">\n<div class=\"widget-inner col-xl-6 widget-prop-xl-3-1 col-lg-6 widget-prop-lg-3-1 col-md-6 widget-prop-md-3-1 col-sm-12 widget-prop-sm-3-1 widget-stacked-mobile col-12 widget-prop-3-1 widget-stacked-mobile\">\n<div><\/div>\n<\/div>\n<div class=\"widget-inner col-xl-6 widget-prop-xl-3-1 col-lg-6 widget-prop-lg-3-1 col-md-6 widget-prop-md-3-1 col-sm-12 widget-prop-sm-3-1 col-12 widget-prop-3-1\">\n<div><\/div>\n<\/div>\n<\/div>\n<div class=\"widget widget-text widget-none mt-5\">\n<div class=\"widget-inner bg-appearance pt-0 pr-0 pb-0 pl-0\"><\/div>\n<\/div>\n","protected":false},"excerpt":{"rendered":"<p>Growatt akku ARK-2.5L-A1 SPF Koboltittomat litiumvarastomoduulit LiFePO4-teknologialla! P\u00e4iv\u00e4n aikana voit k\u00e4tev\u00e4sti k\u00e4ytt\u00e4\u00e4 aurinkoj\u00e4rjestelm\u00e4n tuottamaa s\u00e4hk\u00f6\u00e4. Mutta ent\u00e4 jos tulee pime\u00e4\u00e4 tai tuotat enemm\u00e4n s\u00e4hk\u00f6\u00e4 kuin tarvitset? Vai haluatko el\u00e4\u00e4 mahdollisimman omavaraisesti? T\u00e4ss\u00e4 tapauksessa energiavarastointi on vaihtoehto. Growatt ARK LV -varastointimoduulit on helppo asentaa yksinkertaisen plug &amp; play -periaatteen ansiosta, ja niit\u00e4 voidaan milloin tahansa laajentaa&hellip;<\/p>\n","protected":false},"featured_media":9104,"comment_status":"open","ping_status":"closed","template":"","meta":[],"product_cat":[796],"product_tag":[],"class_list":{"0":"post-9097","1":"product","2":"type-product","3":"status-publish","4":"has-post-thumbnail","6":"product_cat-valosahkoiset-sarjat","8":"first","9":"instock","10":"taxable","11":"shipping-taxable","12":"purchasable","13":"product-type-simple","14":"col-xs-6 col-sm-4","15":"col-md-4 col-lg-4","16":"un-3-cols"},"acf":[],"yoast_head":"<!-- This site is optimized with the Yoast SEO plugin v21.2 - https:\/\/yoast.com\/wordpress\/plugins\/seo\/ -->\n<title>GROWATT AKKU ARK-2.5L-A1 SPF<\/title>\n<meta name=\"description\" content=\"Order GROWATT AKKU ARK-2.5L-A1 SPF at a best price.\" \/>\n<meta name=\"robots\" content=\"index, follow, max-snippet:-1, max-image-preview:large, max-video-preview:-1\" \/>\n<link rel=\"canonical\" href=\"https:\/\/fluterm.eu\/fi\/prod\/growatt-akku-ark-2-5l-a1-spf\/\" \/>\n<meta property=\"og:locale\" content=\"fi_FI\" \/>\n<meta property=\"og:type\" content=\"article\" \/>\n<meta property=\"og:title\" content=\"GROWATT AKKU ARK-2.5L-A1 SPF\" \/>\n<meta property=\"og:description\" content=\"Order GROWATT AKKU ARK-2.5L-A1 SPF at a best price.\" \/>\n<meta property=\"og:url\" content=\"https:\/\/fluterm.eu\/fi\/prod\/growatt-akku-ark-2-5l-a1-spf\/\" \/>\n<meta property=\"og:site_name\" content=\"fluterm.eu\" \/>\n<meta property=\"article:modified_time\" content=\"2023-09-06T10:31:36+00:00\" \/>\n<meta property=\"og:image\" content=\"https:\/\/fluterm.eu\/wp-content\/uploads\/2023\/09\/Ark-2-5L-A1-01.jpeg\" \/>\n\t<meta property=\"og:image:width\" content=\"800\" \/>\n\t<meta property=\"og:image:height\" content=\"514\" \/>\n\t<meta property=\"og:image:type\" content=\"image\/jpeg\" \/>\n<meta name=\"twitter:card\" content=\"summary_large_image\" \/>\n<meta name=\"twitter:label1\" content=\"Arvioitu lukuaika\" \/>\n\t<meta name=\"twitter:data1\" content=\"1 minuutti\" \/>\n<script type=\"application\/ld+json\" class=\"yoast-schema-graph\">{\"@context\":\"https:\/\/schema.org\",\"@graph\":[{\"@type\":\"WebPage\",\"@id\":\"https:\/\/fluterm.eu\/fi\/prod\/growatt-akku-ark-2-5l-a1-spf\/\",\"url\":\"https:\/\/fluterm.eu\/fi\/prod\/growatt-akku-ark-2-5l-a1-spf\/\",\"name\":\"GROWATT AKKU ARK-2.5L-A1 SPF\",\"isPartOf\":{\"@id\":\"https:\/\/fluterm.eu\/#website\"},\"datePublished\":\"2023-09-03T12:24:40+00:00\",\"dateModified\":\"2023-09-06T10:31:36+00:00\",\"description\":\"Order GROWATT AKKU ARK-2.5L-A1 SPF at a best price.\",\"breadcrumb\":{\"@id\":\"https:\/\/fluterm.eu\/fi\/prod\/growatt-akku-ark-2-5l-a1-spf\/#breadcrumb\"},\"inLanguage\":\"fi\",\"potentialAction\":[{\"@type\":\"ReadAction\",\"target\":[\"https:\/\/fluterm.eu\/fi\/prod\/growatt-akku-ark-2-5l-a1-spf\/\"]}]},{\"@type\":\"BreadcrumbList\",\"@id\":\"https:\/\/fluterm.eu\/fi\/prod\/growatt-akku-ark-2-5l-a1-spf\/#breadcrumb\",\"itemListElement\":[{\"@type\":\"ListItem\",\"position\":1,\"name\":\"Home\",\"item\":\"https:\/\/fluterm.eu\/fi\/kauppa\/\"},{\"@type\":\"ListItem\",\"position\":2,\"name\":\"Kauppa\",\"item\":\"https:\/\/fluterm.eu\/fi\/kauppa\/\"},{\"@type\":\"ListItem\",\"position\":3,\"name\":\"GROWATT AKKU ARK-2.5L-A1 SPF\"}]},{\"@type\":\"WebSite\",\"@id\":\"https:\/\/fluterm.eu\/#website\",\"url\":\"https:\/\/fluterm.eu\/\",\"name\":\"fluterm.eu\",\"description\":\"\",\"potentialAction\":[{\"@type\":\"SearchAction\",\"target\":{\"@type\":\"EntryPoint\",\"urlTemplate\":\"https:\/\/fluterm.eu\/?s={search_term_string}\"},\"query-input\":\"required name=search_term_string\"}],\"inLanguage\":\"fi\"}]}<\/script>\n<!-- \/ Yoast SEO plugin. -->","yoast_head_json":{"title":"GROWATT AKKU ARK-2.5L-A1 SPF","description":"Order GROWATT AKKU ARK-2.5L-A1 SPF at a best price.","robots":{"index":"index","follow":"follow","max-snippet":"max-snippet:-1","max-image-preview":"max-image-preview:large","max-video-preview":"max-video-preview:-1"},"canonical":"https:\/\/fluterm.eu\/fi\/prod\/growatt-akku-ark-2-5l-a1-spf\/","og_locale":"fi_FI","og_type":"article","og_title":"GROWATT AKKU ARK-2.5L-A1 SPF","og_description":"Order GROWATT AKKU ARK-2.5L-A1 SPF at a best price.","og_url":"https:\/\/fluterm.eu\/fi\/prod\/growatt-akku-ark-2-5l-a1-spf\/","og_site_name":"fluterm.eu","article_modified_time":"2023-09-06T10:31:36+00:00","og_image":[{"width":800,"height":514,"url":"https:\/\/fluterm.eu\/wp-content\/uploads\/2023\/09\/Ark-2-5L-A1-01.jpeg","type":"image\/jpeg"}],"twitter_card":"summary_large_image","twitter_misc":{"Arvioitu lukuaika":"1 minuutti"},"schema":{"@context":"https:\/\/schema.org","@graph":[{"@type":"WebPage","@id":"https:\/\/fluterm.eu\/fi\/prod\/growatt-akku-ark-2-5l-a1-spf\/","url":"https:\/\/fluterm.eu\/fi\/prod\/growatt-akku-ark-2-5l-a1-spf\/","name":"GROWATT AKKU ARK-2.5L-A1 SPF","isPartOf":{"@id":"https:\/\/fluterm.eu\/#website"},"datePublished":"2023-09-03T12:24:40+00:00","dateModified":"2023-09-06T10:31:36+00:00","description":"Order GROWATT AKKU ARK-2.5L-A1 SPF at a best price.","breadcrumb":{"@id":"https:\/\/fluterm.eu\/fi\/prod\/growatt-akku-ark-2-5l-a1-spf\/#breadcrumb"},"inLanguage":"fi","potentialAction":[{"@type":"ReadAction","target":["https:\/\/fluterm.eu\/fi\/prod\/growatt-akku-ark-2-5l-a1-spf\/"]}]},{"@type":"BreadcrumbList","@id":"https:\/\/fluterm.eu\/fi\/prod\/growatt-akku-ark-2-5l-a1-spf\/#breadcrumb","itemListElement":[{"@type":"ListItem","position":1,"name":"Home","item":"https:\/\/fluterm.eu\/fi\/kauppa\/"},{"@type":"ListItem","position":2,"name":"Kauppa","item":"https:\/\/fluterm.eu\/fi\/kauppa\/"},{"@type":"ListItem","position":3,"name":"GROWATT AKKU ARK-2.5L-A1 SPF"}]},{"@type":"WebSite","@id":"https:\/\/fluterm.eu\/#website","url":"https:\/\/fluterm.eu\/","name":"fluterm.eu","description":"","potentialAction":[{"@type":"SearchAction","target":{"@type":"EntryPoint","urlTemplate":"https:\/\/fluterm.eu\/?s={search_term_string}"},"query-input":"required name=search_term_string"}],"inLanguage":"fi"}]}},"_links":{"self":[{"href":"https:\/\/fluterm.eu\/fi\/wp-json\/wp\/v2\/product\/9097","targetHints":{"allow":["GET"]}}],"collection":[{"href":"https:\/\/fluterm.eu\/fi\/wp-json\/wp\/v2\/product"}],"about":[{"href":"https:\/\/fluterm.eu\/fi\/wp-json\/wp\/v2\/types\/product"}],"replies":[{"embeddable":true,"href":"https:\/\/fluterm.eu\/fi\/wp-json\/wp\/v2\/comments?post=9097"}],"version-history":[{"count":1,"href":"https:\/\/fluterm.eu\/fi\/wp-json\/wp\/v2\/product\/9097\/revisions"}],"predecessor-version":[{"id":13177,"href":"https:\/\/fluterm.eu\/fi\/wp-json\/wp\/v2\/product\/9097\/revisions\/13177"}],"wp:featuredmedia":[{"embeddable":true,"href":"https:\/\/fluterm.eu\/fi\/wp-json\/wp\/v2\/media\/9104"}],"wp:attachment":[{"href":"https:\/\/fluterm.eu\/fi\/wp-json\/wp\/v2\/media?parent=9097"}],"wp:term":[{"taxonomy":"product_cat","embeddable":true,"href":"https:\/\/fluterm.eu\/fi\/wp-json\/wp\/v2\/product_cat?post=9097"},{"taxonomy":"product_tag","embeddable":true,"href":"https:\/\/fluterm.eu\/fi\/wp-json\/wp\/v2\/product_tag?post=9097"}],"curies":[{"name":"wp","href":"https:\/\/api.w.org\/{rel}","templated":true}]}}