{"id":9141,"date":"2023-09-03T13:57:55","date_gmt":"2023-09-03T10:57:55","guid":{"rendered":"https:\/\/fluterm.eu\/prod\/growatt-sph6000tl3-bh-up-6-kwn-hybridi-invertteri-76-kwhn-aurinkovarastosarjalla-varustettuna\/"},"modified":"2023-09-06T13:31:36","modified_gmt":"2023-09-06T10:31:36","slug":"growatt-sph6000tl3-bh-up-6-kwn-hybridi-invertteri-76-kwhn-aurinkovarastosarjalla-varustettuna","status":"publish","type":"product","link":"https:\/\/fluterm.eu\/fi\/prod\/growatt-sph6000tl3-bh-up-6-kwn-hybridi-invertteri-76-kwhn-aurinkovarastosarjalla-varustettuna\/","title":{"rendered":"Growatt SPH6000TL3-BH-UP 6 kW:n hybridi-invertteri 7,6 kWh:n aurinkovarastosarjalla varustettuna"},"content":{"rendered":"<div class=\"product-properties-description-title\">\n<h2>tuotetiedot<\/h2>\n<\/div>\n<div class=\"product-detail-properties\">\n<div class=\"row product-detail-properties-container\">\n<div class=\"col-12\">\n<table class=\"table table-striped product-detail-properties-table\">\n<tbody>\n<tr class=\"properties-row clickable\" data-toggle=\"collapse\">\n<th class=\"properties-label\">Mitat (LxSxK):<\/th>\n<td class=\"properties-value\">610x250x770mm<\/td>\n<\/tr>\n<tr class=\"properties-row\">\n<th class=\"properties-label\">Laajennettavissa:<\/th>\n<td class=\"properties-value\">Kyll\u00e4<\/td>\n<\/tr>\n<tr class=\"properties-row\">\n<th class=\"properties-label\">Kapasiteetti Wh:<\/th>\n<td class=\"properties-value\">7680<\/td>\n<\/tr>\n<tr class=\"properties-row\">\n<th class=\"properties-label\">Teho W:n\u00e4:<\/th>\n<td class=\"properties-value\">6000<\/td>\n<\/tr>\n<\/tbody>\n<\/table>\n<\/div>\n<\/div>\n<\/div>\n<div class=\"twt-product-detail-properties-info\">Tiedot valmistajan mukaan. Virheiden ja muutosten varalta.<\/div>\n<div class=\"product-detail-description-text\">\n<h2>Growatt SPH6000TL3-BH-UP 6 kW:n hybridi-invertteri 7,6 kWh:n aurinkovarastosarjalla varustettuna<\/h2>\n<p>N\u00e4m\u00e4 tuotteet odottavat sinua t\u00e4ss\u00e4 paketissa:<\/p>\n<ul>\n<li>1 Growatt SPH6000TL3-BH-UP 6 kW:n aurinkohybridi-invertteri 3-vaiheinen<\/li>\n<li>3 Growatt ARK 2.5H-A1 korkeaj\u00e4nniteakku SPH:lle ja MOD:lle.<\/li>\n<li>1 Growatt-\u00e4lymittari TPM-E 3-vaiheinen<\/li>\n<li>1 Growatt HVC 60050-A1 korkeaj\u00e4nniteakkujen hallintaj\u00e4rjestelm\u00e4 ARK HV -j\u00e4rjestelm\u00e4\u00e4n.<\/li>\n<li>1 Growatt ARK-2.5H-A1 jalusta korkeaj\u00e4nniteakkuja varten<\/li>\n<li>1 Growatt ARK-2.5H-A1 suurj\u00e4nnitejohtosarja SPH:lle (korkeaj\u00e4nnite)<\/li>\n<li>1 Growatt Shine-Wifi-X WiFi-tikku<\/li>\n<\/ul>\n<h3>N\u00e4in uusi hybridi-invertteri tekee vaikutuksen<\/h3>\n<p>Growatt SPH6000TL3-BH-UP -hybridivaihtosuuntaaja varmistaa aurinkoenergian lis\u00e4\u00e4ntyneen omak\u00e4yt\u00f6n ja v\u00e4hent\u00e4\u00e4 riippuvuutta s\u00e4hk\u00f6verkosta. Tuotteen maksimiteho on 6 000 W. Eurooppalainen hy\u00f6tysuhdetaso ja siten hy\u00f6tysuhde on 97,3 %. Tuote sopii enint\u00e4\u00e4n 7,8 kWp:n j\u00e4rjestelm\u00e4\u00e4n. Vaikka aurinkokennoj\u00e4rjestelm\u00e4si koostuisi eripaksuisista pinnoista, SPH6000TL3-BH-UP:n 2 MPP-seurantalaitetta tukevat niiden optimaalista suorituskyky\u00e4.<\/p>\n<h3>ARK 7.6H: Uusi aurinkos\u00e4ili\u00f6si yhdell\u00e4 silm\u00e4yksell\u00e4<\/h3>\n<p>Growattin mukana tulevan akun kapasiteetti on 7 680 Wh. T\u00e4m\u00e4 varasto sopii aurinkoj\u00e4rjestelm\u00e4\u00e4si. ARK 7.6H sopii nelj\u00e4n hengen omakotitalon energiantarpeeseen s\u00e4hk\u00f6auton tai l\u00e4mp\u00f6pumpun kanssa. Se lasketaan alle 9000 kWh:lla vuodessa.<\/p>\n<h3>Liit\u00e4nn\u00e4t: N\u00e4in aurinkosarjasi kommunikoi<\/h3>\n<p>Riitt\u00e4v\u00e4t liit\u00e4nn\u00e4t takaavat aurinkosarjan liitt\u00e4misen muihin laitteisiin. Paketti toimii n\u00e4iden rajapintojen kanssa:<\/p>\n<ul>\n<li>RS232, RS485, CAN, USB, WLAN, WLAN<\/li>\n<\/ul>\n<\/div>\n<div class=\"h4 twt-product-properties-description-title\">Tekniset tiedot<\/div>\n<div class=\"product-detail-properties\">\n<div class=\"row product-detail-properties-container\">\n<div class=\"col-12\">\n<table class=\"table table-striped product-detail-properties-table\">\n<tbody>\n<tr class=\"properties-row\">\n<th class=\"properties-label\">MPPT:n m\u00e4\u00e4r\u00e4:<\/th>\n<td class=\"properties-value\">2<\/td>\n<\/tr>\n<tr class=\"properties-row\">\n<th class=\"properties-label\">Laajennettavissa:<\/th>\n<td class=\"properties-value\">Kyll\u00e4<\/td>\n<\/tr>\n<tr class=\"properties-row\">\n<th class=\"properties-label\">Kapasiteetti Wh:<\/th>\n<td class=\"properties-value\">7680<\/td>\n<\/tr>\n<tr class=\"properties-row\">\n<th class=\"properties-label\">Teho W:n\u00e4:<\/th>\n<td class=\"properties-value\">6000<\/td>\n<\/tr>\n<tr class=\"properties-row\">\n<th class=\"properties-label\">J\u00e4rjestelm\u00e4n enimm\u00e4iskoko KWp:<\/th>\n<td class=\"properties-value\">7.8<\/td>\n<\/tr>\n<tr class=\"properties-row\">\n<th class=\"properties-label\">vaiheet:<\/th>\n<td class=\"properties-value\">3<\/td>\n<\/tr>\n<tr class=\"properties-row\">\n<th class=\"properties-label\">Liit\u00e4nn\u00e4t:<\/th>\n<td class=\"properties-value\">RS232, RS485, CAN, USB, WLAN, WLAN<\/td>\n<\/tr>\n<tr class=\"properties-row\">\n<th class=\"properties-label\">Suojausluokka:<\/th>\n<td class=\"properties-value\">IP65<\/td>\n<\/tr>\n<tr class=\"properties-row\">\n<th class=\"properties-label\">Kytkent\u00e4aika ms:<\/th>\n<td class=\"properties-value\">10<\/td>\n<\/tr>\n<tr class=\"properties-row\">\n<th class=\"properties-label\">Tehokkuus prosentteina:<\/th>\n<td class=\"properties-value\">97.3<\/td>\n<\/tr>\n<\/tbody>\n<\/table>\n<\/div>\n<\/div>\n<\/div>\n","protected":false},"excerpt":{"rendered":"<p>tuotetiedot Mitat (LxSxK): 610x250x770mm Laajennettavissa: Kyll\u00e4 Kapasiteetti Wh: 7680 Teho W:n\u00e4: 6000 Tiedot valmistajan mukaan. Virheiden ja muutosten varalta. Growatt SPH6000TL3-BH-UP 6 kW:n hybridi-invertteri 7,6 kWh:n aurinkovarastosarjalla varustettuna N\u00e4m\u00e4 tuotteet odottavat sinua t\u00e4ss\u00e4 paketissa: 1 Growatt SPH6000TL3-BH-UP 6 kW:n aurinkohybridi-invertteri 3-vaiheinen 3 Growatt ARK 2.5H-A1 korkeaj\u00e4nniteakku SPH:lle ja MOD:lle. 1 Growatt-\u00e4lymittari TPM-E 3-vaiheinen 1 Growatt&hellip;<\/p>\n","protected":false},"featured_media":9085,"comment_status":"open","ping_status":"closed","template":"","meta":[],"product_cat":[796],"product_tag":[],"class_list":{"0":"post-9141","1":"product","2":"type-product","3":"status-publish","4":"has-post-thumbnail","6":"product_cat-valosahkoiset-sarjat","8":"first","9":"instock","10":"taxable","11":"shipping-taxable","12":"purchasable","13":"product-type-simple","14":"col-xs-6 col-sm-4","15":"col-md-4 col-lg-4","16":"un-3-cols"},"acf":[],"yoast_head":"<!-- This site is optimized with the Yoast SEO plugin v21.2 - https:\/\/yoast.com\/wordpress\/plugins\/seo\/ -->\n<title>Growatt SPH6000TL3-BH-UP 6 kW:n hybridi-invertteri 7,6 kWh:n aurinkovarastosarjalla varustettuna<\/title>\n<meta name=\"description\" content=\"Order Growatt SPH6000TL3-BH-UP 6 kW:n hybridi-invertteri 7,6 kWh:n aurinkovarastosarjalla varustettuna at a best price.\" \/>\n<meta name=\"robots\" content=\"index, follow, max-snippet:-1, max-image-preview:large, max-video-preview:-1\" \/>\n<link rel=\"canonical\" href=\"https:\/\/fluterm.eu\/fi\/prod\/growatt-sph6000tl3-bh-up-6-kwn-hybridi-invertteri-76-kwhn-aurinkovarastosarjalla-varustettuna\/\" \/>\n<meta property=\"og:locale\" content=\"fi_FI\" \/>\n<meta property=\"og:type\" content=\"article\" \/>\n<meta property=\"og:title\" content=\"Growatt SPH6000TL3-BH-UP 6 kW:n hybridi-invertteri 7,6 kWh:n aurinkovarastosarjalla varustettuna\" \/>\n<meta property=\"og:description\" content=\"Order Growatt SPH6000TL3-BH-UP 6 kW:n hybridi-invertteri 7,6 kWh:n aurinkovarastosarjalla varustettuna at a best price.\" \/>\n<meta property=\"og:url\" content=\"https:\/\/fluterm.eu\/fi\/prod\/growatt-sph6000tl3-bh-up-6-kwn-hybridi-invertteri-76-kwhn-aurinkovarastosarjalla-varustettuna\/\" \/>\n<meta property=\"og:site_name\" content=\"fluterm.eu\" \/>\n<meta property=\"article:modified_time\" content=\"2023-09-06T10:31:36+00:00\" \/>\n<meta property=\"og:image\" content=\"https:\/\/fluterm.eu\/wp-content\/uploads\/2023\/08\/8C2F61C0-EFAD-4C01-9428-CD91962D0463.jpeg\" \/>\n\t<meta property=\"og:image:width\" content=\"560\" \/>\n\t<meta property=\"og:image:height\" content=\"560\" \/>\n\t<meta property=\"og:image:type\" content=\"image\/jpeg\" \/>\n<meta name=\"twitter:card\" content=\"summary_large_image\" \/>\n<meta name=\"twitter:label1\" content=\"Arvioitu lukuaika\" \/>\n\t<meta name=\"twitter:data1\" content=\"1 minuutti\" \/>\n<script type=\"application\/ld+json\" class=\"yoast-schema-graph\">{\"@context\":\"https:\/\/schema.org\",\"@graph\":[{\"@type\":\"WebPage\",\"@id\":\"https:\/\/fluterm.eu\/fi\/prod\/growatt-sph6000tl3-bh-up-6-kwn-hybridi-invertteri-76-kwhn-aurinkovarastosarjalla-varustettuna\/\",\"url\":\"https:\/\/fluterm.eu\/fi\/prod\/growatt-sph6000tl3-bh-up-6-kwn-hybridi-invertteri-76-kwhn-aurinkovarastosarjalla-varustettuna\/\",\"name\":\"Growatt SPH6000TL3-BH-UP 6 kW:n hybridi-invertteri 7,6 kWh:n aurinkovarastosarjalla varustettuna\",\"isPartOf\":{\"@id\":\"https:\/\/fluterm.eu\/#website\"},\"datePublished\":\"2023-09-03T10:57:55+00:00\",\"dateModified\":\"2023-09-06T10:31:36+00:00\",\"description\":\"Order Growatt SPH6000TL3-BH-UP 6 kW:n hybridi-invertteri 7,6 kWh:n aurinkovarastosarjalla varustettuna at a best price.\",\"breadcrumb\":{\"@id\":\"https:\/\/fluterm.eu\/fi\/prod\/growatt-sph6000tl3-bh-up-6-kwn-hybridi-invertteri-76-kwhn-aurinkovarastosarjalla-varustettuna\/#breadcrumb\"},\"inLanguage\":\"fi\",\"potentialAction\":[{\"@type\":\"ReadAction\",\"target\":[\"https:\/\/fluterm.eu\/fi\/prod\/growatt-sph6000tl3-bh-up-6-kwn-hybridi-invertteri-76-kwhn-aurinkovarastosarjalla-varustettuna\/\"]}]},{\"@type\":\"BreadcrumbList\",\"@id\":\"https:\/\/fluterm.eu\/fi\/prod\/growatt-sph6000tl3-bh-up-6-kwn-hybridi-invertteri-76-kwhn-aurinkovarastosarjalla-varustettuna\/#breadcrumb\",\"itemListElement\":[{\"@type\":\"ListItem\",\"position\":1,\"name\":\"Home\",\"item\":\"https:\/\/fluterm.eu\/fi\/kauppa\/\"},{\"@type\":\"ListItem\",\"position\":2,\"name\":\"Kauppa\",\"item\":\"https:\/\/fluterm.eu\/fi\/kauppa\/\"},{\"@type\":\"ListItem\",\"position\":3,\"name\":\"Growatt SPH6000TL3-BH-UP 6 kW:n hybridi-invertteri 7,6 kWh:n aurinkovarastosarjalla varustettuna\"}]},{\"@type\":\"WebSite\",\"@id\":\"https:\/\/fluterm.eu\/#website\",\"url\":\"https:\/\/fluterm.eu\/\",\"name\":\"fluterm.eu\",\"description\":\"\",\"potentialAction\":[{\"@type\":\"SearchAction\",\"target\":{\"@type\":\"EntryPoint\",\"urlTemplate\":\"https:\/\/fluterm.eu\/?s={search_term_string}\"},\"query-input\":\"required name=search_term_string\"}],\"inLanguage\":\"fi\"}]}<\/script>\n<!-- \/ Yoast SEO plugin. -->","yoast_head_json":{"title":"Growatt SPH6000TL3-BH-UP 6 kW:n hybridi-invertteri 7,6 kWh:n aurinkovarastosarjalla varustettuna","description":"Order Growatt SPH6000TL3-BH-UP 6 kW:n hybridi-invertteri 7,6 kWh:n aurinkovarastosarjalla varustettuna at a best price.","robots":{"index":"index","follow":"follow","max-snippet":"max-snippet:-1","max-image-preview":"max-image-preview:large","max-video-preview":"max-video-preview:-1"},"canonical":"https:\/\/fluterm.eu\/fi\/prod\/growatt-sph6000tl3-bh-up-6-kwn-hybridi-invertteri-76-kwhn-aurinkovarastosarjalla-varustettuna\/","og_locale":"fi_FI","og_type":"article","og_title":"Growatt SPH6000TL3-BH-UP 6 kW:n hybridi-invertteri 7,6 kWh:n aurinkovarastosarjalla varustettuna","og_description":"Order Growatt SPH6000TL3-BH-UP 6 kW:n hybridi-invertteri 7,6 kWh:n aurinkovarastosarjalla varustettuna at a best price.","og_url":"https:\/\/fluterm.eu\/fi\/prod\/growatt-sph6000tl3-bh-up-6-kwn-hybridi-invertteri-76-kwhn-aurinkovarastosarjalla-varustettuna\/","og_site_name":"fluterm.eu","article_modified_time":"2023-09-06T10:31:36+00:00","og_image":[{"width":560,"height":560,"url":"https:\/\/fluterm.eu\/wp-content\/uploads\/2023\/08\/8C2F61C0-EFAD-4C01-9428-CD91962D0463.jpeg","type":"image\/jpeg"}],"twitter_card":"summary_large_image","twitter_misc":{"Arvioitu lukuaika":"1 minuutti"},"schema":{"@context":"https:\/\/schema.org","@graph":[{"@type":"WebPage","@id":"https:\/\/fluterm.eu\/fi\/prod\/growatt-sph6000tl3-bh-up-6-kwn-hybridi-invertteri-76-kwhn-aurinkovarastosarjalla-varustettuna\/","url":"https:\/\/fluterm.eu\/fi\/prod\/growatt-sph6000tl3-bh-up-6-kwn-hybridi-invertteri-76-kwhn-aurinkovarastosarjalla-varustettuna\/","name":"Growatt SPH6000TL3-BH-UP 6 kW:n hybridi-invertteri 7,6 kWh:n aurinkovarastosarjalla varustettuna","isPartOf":{"@id":"https:\/\/fluterm.eu\/#website"},"datePublished":"2023-09-03T10:57:55+00:00","dateModified":"2023-09-06T10:31:36+00:00","description":"Order Growatt SPH6000TL3-BH-UP 6 kW:n hybridi-invertteri 7,6 kWh:n aurinkovarastosarjalla varustettuna at a best price.","breadcrumb":{"@id":"https:\/\/fluterm.eu\/fi\/prod\/growatt-sph6000tl3-bh-up-6-kwn-hybridi-invertteri-76-kwhn-aurinkovarastosarjalla-varustettuna\/#breadcrumb"},"inLanguage":"fi","potentialAction":[{"@type":"ReadAction","target":["https:\/\/fluterm.eu\/fi\/prod\/growatt-sph6000tl3-bh-up-6-kwn-hybridi-invertteri-76-kwhn-aurinkovarastosarjalla-varustettuna\/"]}]},{"@type":"BreadcrumbList","@id":"https:\/\/fluterm.eu\/fi\/prod\/growatt-sph6000tl3-bh-up-6-kwn-hybridi-invertteri-76-kwhn-aurinkovarastosarjalla-varustettuna\/#breadcrumb","itemListElement":[{"@type":"ListItem","position":1,"name":"Home","item":"https:\/\/fluterm.eu\/fi\/kauppa\/"},{"@type":"ListItem","position":2,"name":"Kauppa","item":"https:\/\/fluterm.eu\/fi\/kauppa\/"},{"@type":"ListItem","position":3,"name":"Growatt SPH6000TL3-BH-UP 6 kW:n hybridi-invertteri 7,6 kWh:n aurinkovarastosarjalla varustettuna"}]},{"@type":"WebSite","@id":"https:\/\/fluterm.eu\/#website","url":"https:\/\/fluterm.eu\/","name":"fluterm.eu","description":"","potentialAction":[{"@type":"SearchAction","target":{"@type":"EntryPoint","urlTemplate":"https:\/\/fluterm.eu\/?s={search_term_string}"},"query-input":"required name=search_term_string"}],"inLanguage":"fi"}]}},"_links":{"self":[{"href":"https:\/\/fluterm.eu\/fi\/wp-json\/wp\/v2\/product\/9141","targetHints":{"allow":["GET"]}}],"collection":[{"href":"https:\/\/fluterm.eu\/fi\/wp-json\/wp\/v2\/product"}],"about":[{"href":"https:\/\/fluterm.eu\/fi\/wp-json\/wp\/v2\/types\/product"}],"replies":[{"embeddable":true,"href":"https:\/\/fluterm.eu\/fi\/wp-json\/wp\/v2\/comments?post=9141"}],"version-history":[{"count":1,"href":"https:\/\/fluterm.eu\/fi\/wp-json\/wp\/v2\/product\/9141\/revisions"}],"predecessor-version":[{"id":9143,"href":"https:\/\/fluterm.eu\/fi\/wp-json\/wp\/v2\/product\/9141\/revisions\/9143"}],"wp:featuredmedia":[{"embeddable":true,"href":"https:\/\/fluterm.eu\/fi\/wp-json\/wp\/v2\/media\/9085"}],"wp:attachment":[{"href":"https:\/\/fluterm.eu\/fi\/wp-json\/wp\/v2\/media?parent=9141"}],"wp:term":[{"taxonomy":"product_cat","embeddable":true,"href":"https:\/\/fluterm.eu\/fi\/wp-json\/wp\/v2\/product_cat?post=9141"},{"taxonomy":"product_tag","embeddable":true,"href":"https:\/\/fluterm.eu\/fi\/wp-json\/wp\/v2\/product_tag?post=9141"}],"curies":[{"name":"wp","href":"https:\/\/api.w.org\/{rel}","templated":true}]}}