{"id":9753,"date":"2023-08-27T13:27:28","date_gmt":"2023-08-27T10:27:28","guid":{"rendered":"https:\/\/fluterm.eu\/prod\/uponor-vario-s-jakotukki-14x3-4-piiria-lattialammitysjarjestelma\/"},"modified":"2023-09-06T13:31:38","modified_gmt":"2023-09-06T10:31:38","slug":"uponor-vario-s-jakotukki-14x3-4-piiria-lattialammitysjarjestelma","status":"publish","type":"product","link":"https:\/\/fluterm.eu\/fi\/prod\/uponor-vario-s-jakotukki-14x3-4-piiria-lattialammitysjarjestelma\/","title":{"rendered":"Uponor Vario S-jakotukki 14&#215;3\/4 piiri\u00e4 lattial\u00e4mmitysj\u00e4rjestelm\u00e4"},"content":{"rendered":"<div id=\"react_0HMSVJBJDBJ05\" data-widget-id=\"Tabs\" data-config-id=\"tabs_b58c93daa5df4d1fa2f75fe992b299a1\">\n<div class=\"StyledSection-sc-1thpi8z lnqQuT\">\n<div>\n<div class=\"react-tabs\" data-tabs=\"true\">\n<div id=\"react-tabs-229\" class=\"StyledTabPanel-sc-23fmil jTCKmi custom-tab-tab-27629 react-tabs__tab-panel--selected\" role=\"tabpanel\" aria-labelledby=\"react-tabs-228\">\n<div id=\"tabContent-27629\">\n<div id=\"react_0HMSVJBJDBIUI\" data-widget-id=\"Headline\" data-config-id=\"headline_182133f1b5274cb7a00beeb3f7ea60fb\">\n<div class=\"StyledContainer-sc-cda6kx fecbnE\">\n<h3 class=\"StyledH3-sc-152pfa2 gHYYiD\">Vario S jakotukit &#8211; ruostumattomasta ter\u00e4ksest\u00e4 valmistettu jakotukki helppoon ja kustannustehokkaaseen asennukseen.<\/h3>\n<\/div>\n<\/div>\n<div id=\"react_0HMSVJBJDBIUJ\" data-widget-id=\"TwoColumnContent\" data-config-id=\"twocolumncontent_5a49c041efdd4a3caec20efbcc0aaa48\">\n<div class=\"StyledSection-sc-1thpi8z lnqQuT\">\n<div class=\"StyledContainer-sc-cda6kx fecbnE\">\n<div class=\"StyledRow-sc-g65wft laBHjh\">\n<div class=\"StyledCol-sc-1p7ryf jmQMSC\">\n<div class=\"StyledContent-sc-f0e1o4 dXdDxC\">\n<div class=\"StyledText-sc-1y8w1u9 hJWpvE\">\n<div class=\"StyledRichText-sc-1dnstbl bmohoz\"><img decoding=\"async\" src=\"https:\/\/www.uponor.com\/getmedia\/6d04b7c7-78d4-4279-b026-5dffee252a08\/uponor%20vario%20s%20linkbox%20desktop.jpg?sitename=Global&amp;uh=29f3df77bb3ca1d1e2e7fb8d1473e8f1f9795d436a6cc9f9c4e989c98b483666\" alt=\"uponor vario s\"><\/div>\n<\/div>\n<\/div>\n<\/div>\n<div class=\"StyledCol-sc-1p7ryf jmQMSC\">\n<div class=\"StyledContent-sc-f0e1o4 dXdDxC\">\n<div class=\"StyledText-sc-1y8w1u9 hJWpvE\">\n<div class=\"StyledRichText-sc-1dnstbl bmohoz\">\n<p><strong>Edut<\/strong><\/p>\n<ul>\n<li>Yksiosainen jakelija, jossa on 2-16 l\u00e4mmityspiiri\u00e4<\/li>\n<li>Silmukkaliit\u00e4nt\u00e4 G3\/4&#8243; eurokoonti<\/li>\n<li>Silmukkav\u00e4li 50 mm<\/li>\n<li>Otsikon jako 225 mm<\/li>\n<li>Lis\u00e4varusteena saatavana virtausmittareilla tai ruuviventtiilin kautta tapahtuvalla virtauksen s\u00e4\u00e4d\u00f6ll\u00e4.<\/li>\n<\/ul>\n<p><strong>Sovellusalue:<\/strong><\/p>\n<ul>\n<li>S\u00e4teilyl\u00e4mmitys ja -j\u00e4\u00e4hdytys<\/li>\n<li>Soveltuu suurille l\u00e4mmitys-\/j\u00e4\u00e4hdytysalueille<\/li>\n<li>Asuin- ja liikehuoneistot<\/li>\n<li>Kompakti asennus yhdistettyn\u00e4 pumppuryhmiin, paine-eros\u00e4\u00e4timiin ja mittaussarjoihin, jotka on liitetty Uponor-jakelukaappeihin.<\/li>\n<\/ul>\n<\/div>\n<\/div>\n<div class=\"StyledButtonsContainer-sc-8mywb0 ZGHkf\"><a class=\"StyledButton-sc-3gr1eh ilsdRH StyledButton-sc-e8i15b ccLhhP\" href=\"https:\/\/www.uponor.com\/en-en\/product-online-catalogue\/radiant-heating-cooling\/distribution\/uponor-vario-s\" target=\"_self\" rel=\"noopener\"><span class=\"btn__text \">Tuoteluettelo<\/span><\/a><\/div>\n<\/div>\n<\/div>\n<\/div>\n<\/div>\n<\/div>\n<\/div>\n<\/div>\n<\/div>\n<div id=\"react-tabs-231\" class=\"StyledTabPanel-sc-23fmil jTCKmi custom-tab-tab-27627\" role=\"tabpanel\" aria-labelledby=\"react-tabs-230\"><\/div>\n<div id=\"react-tabs-233\" class=\"StyledTabPanel-sc-23fmil jTCKmi custom-tab-tab-27626\" role=\"tabpanel\" aria-labelledby=\"react-tabs-232\"><\/div>\n<div id=\"react-tabs-235\" class=\"StyledTabPanel-sc-23fmil jTCKmi custom-tab-tab-27628\" role=\"tabpanel\" aria-labelledby=\"react-tabs-234\"><\/div>\n<div id=\"react-tabs-237\" class=\"StyledTabPanel-sc-23fmil jTCKmi custom-tab-tab-369384\" role=\"tabpanel\" aria-labelledby=\"react-tabs-236\"><\/div>\n<div id=\"react-tabs-239\" class=\"StyledTabPanel-sc-23fmil jTCKmi custom-tab-tab-27630\" role=\"tabpanel\" aria-labelledby=\"react-tabs-238\"><\/div>\n<div id=\"react-tabs-241\" class=\"StyledTabPanel-sc-23fmil jTCKmi custom-tab-tab-369485\" role=\"tabpanel\" aria-labelledby=\"react-tabs-240\"><\/div>\n<\/div>\n<\/div>\n<\/div>\n<\/div>\n<div id=\"react_0HMSVJBJDBJ07\" data-widget-id=\"Headline\" data-config-id=\"headline_60dc5e6570d44c41a1c3ac086ed4d3ca\">\n<div class=\"StyledContainer-sc-cda6kx fecbnE\"><\/div>\n<\/div>\n","protected":false},"excerpt":{"rendered":"<p>Vario S jakotukit &#8211; ruostumattomasta ter\u00e4ksest\u00e4 valmistettu jakotukki helppoon ja kustannustehokkaaseen asennukseen. Edut Yksiosainen jakelija, jossa on 2-16 l\u00e4mmityspiiri\u00e4 Silmukkaliit\u00e4nt\u00e4 G3\/4&#8243; eurokoonti Silmukkav\u00e4li 50 mm Otsikon jako 225 mm Lis\u00e4varusteena saatavana virtausmittareilla tai ruuviventtiilin kautta tapahtuvalla virtauksen s\u00e4\u00e4d\u00f6ll\u00e4. Sovellusalue: S\u00e4teilyl\u00e4mmitys ja -j\u00e4\u00e4hdytys Soveltuu suurille l\u00e4mmitys-\/j\u00e4\u00e4hdytysalueille Asuin- ja liikehuoneistot Kompakti asennus yhdistettyn\u00e4 pumppuryhmiin, paine-eros\u00e4\u00e4timiin ja mittaussarjoihin,&hellip;<\/p>\n","protected":false},"featured_media":9505,"comment_status":"open","ping_status":"closed","template":"","meta":[],"product_cat":[818],"product_tag":[],"class_list":{"0":"post-9753","1":"product","2":"type-product","3":"status-publish","4":"has-post-thumbnail","6":"product_cat-lattialammityksen-jakelijat","8":"first","9":"instock","10":"taxable","11":"shipping-taxable","12":"purchasable","13":"product-type-simple","14":"col-xs-6 col-sm-4","15":"col-md-4 col-lg-4","16":"un-3-cols"},"acf":[],"yoast_head":"<!-- This site is optimized with the Yoast SEO plugin v21.2 - https:\/\/yoast.com\/wordpress\/plugins\/seo\/ -->\n<title>Uponor Vario S-jakotukki 14x3\/4 piiri\u00e4 lattial\u00e4mmitysj\u00e4rjestelm\u00e4<\/title>\n<meta name=\"description\" content=\"Order Uponor Vario S-jakotukki 14x3\/4 piiri\u00e4 lattial\u00e4mmitysj\u00e4rjestelm\u00e4 at a best price.\" \/>\n<meta name=\"robots\" content=\"index, follow, max-snippet:-1, max-image-preview:large, max-video-preview:-1\" \/>\n<link rel=\"canonical\" href=\"https:\/\/fluterm.eu\/fi\/prod\/uponor-vario-s-jakotukki-14x3-4-piiria-lattialammitysjarjestelma\/\" \/>\n<meta property=\"og:locale\" content=\"fi_FI\" \/>\n<meta property=\"og:type\" content=\"article\" \/>\n<meta property=\"og:title\" content=\"Uponor Vario S-jakotukki 14x3\/4 piiri\u00e4 lattial\u00e4mmitysj\u00e4rjestelm\u00e4\" \/>\n<meta property=\"og:description\" content=\"Order Uponor Vario S-jakotukki 14x3\/4 piiri\u00e4 lattial\u00e4mmitysj\u00e4rjestelm\u00e4 at a best price.\" \/>\n<meta property=\"og:url\" content=\"https:\/\/fluterm.eu\/fi\/prod\/uponor-vario-s-jakotukki-14x3-4-piiria-lattialammitysjarjestelma\/\" \/>\n<meta property=\"og:site_name\" content=\"fluterm.eu\" \/>\n<meta property=\"article:modified_time\" content=\"2023-09-06T10:31:38+00:00\" \/>\n<meta property=\"og:image\" content=\"https:\/\/fluterm.eu\/wp-content\/uploads\/2023\/08\/4D28C38E-B55C-4890-9019-8D0B23322453.jpeg\" \/>\n\t<meta property=\"og:image:width\" content=\"1080\" \/>\n\t<meta property=\"og:image:height\" content=\"800\" \/>\n\t<meta property=\"og:image:type\" content=\"image\/jpeg\" \/>\n<meta name=\"twitter:card\" content=\"summary_large_image\" \/>\n<script type=\"application\/ld+json\" class=\"yoast-schema-graph\">{\"@context\":\"https:\/\/schema.org\",\"@graph\":[{\"@type\":\"WebPage\",\"@id\":\"https:\/\/fluterm.eu\/fi\/prod\/uponor-vario-s-jakotukki-14x3-4-piiria-lattialammitysjarjestelma\/\",\"url\":\"https:\/\/fluterm.eu\/fi\/prod\/uponor-vario-s-jakotukki-14x3-4-piiria-lattialammitysjarjestelma\/\",\"name\":\"Uponor Vario S-jakotukki 14x3\/4 piiri\u00e4 lattial\u00e4mmitysj\u00e4rjestelm\u00e4\",\"isPartOf\":{\"@id\":\"https:\/\/fluterm.eu\/#website\"},\"datePublished\":\"2023-08-27T10:27:28+00:00\",\"dateModified\":\"2023-09-06T10:31:38+00:00\",\"description\":\"Order Uponor Vario S-jakotukki 14x3\/4 piiri\u00e4 lattial\u00e4mmitysj\u00e4rjestelm\u00e4 at a best price.\",\"breadcrumb\":{\"@id\":\"https:\/\/fluterm.eu\/fi\/prod\/uponor-vario-s-jakotukki-14x3-4-piiria-lattialammitysjarjestelma\/#breadcrumb\"},\"inLanguage\":\"fi\",\"potentialAction\":[{\"@type\":\"ReadAction\",\"target\":[\"https:\/\/fluterm.eu\/fi\/prod\/uponor-vario-s-jakotukki-14x3-4-piiria-lattialammitysjarjestelma\/\"]}]},{\"@type\":\"BreadcrumbList\",\"@id\":\"https:\/\/fluterm.eu\/fi\/prod\/uponor-vario-s-jakotukki-14x3-4-piiria-lattialammitysjarjestelma\/#breadcrumb\",\"itemListElement\":[{\"@type\":\"ListItem\",\"position\":1,\"name\":\"Home\",\"item\":\"https:\/\/fluterm.eu\/fi\/kauppa\/\"},{\"@type\":\"ListItem\",\"position\":2,\"name\":\"Kauppa\",\"item\":\"https:\/\/fluterm.eu\/fi\/kauppa\/\"},{\"@type\":\"ListItem\",\"position\":3,\"name\":\"Uponor Vario S-jakotukki 14&#215;3\/4 piiri\u00e4 lattial\u00e4mmitysj\u00e4rjestelm\u00e4\"}]},{\"@type\":\"WebSite\",\"@id\":\"https:\/\/fluterm.eu\/#website\",\"url\":\"https:\/\/fluterm.eu\/\",\"name\":\"fluterm.eu\",\"description\":\"\",\"potentialAction\":[{\"@type\":\"SearchAction\",\"target\":{\"@type\":\"EntryPoint\",\"urlTemplate\":\"https:\/\/fluterm.eu\/?s={search_term_string}\"},\"query-input\":\"required name=search_term_string\"}],\"inLanguage\":\"fi\"}]}<\/script>\n<!-- \/ Yoast SEO plugin. -->","yoast_head_json":{"title":"Uponor Vario S-jakotukki 14x3\/4 piiri\u00e4 lattial\u00e4mmitysj\u00e4rjestelm\u00e4","description":"Order Uponor Vario S-jakotukki 14x3\/4 piiri\u00e4 lattial\u00e4mmitysj\u00e4rjestelm\u00e4 at a best price.","robots":{"index":"index","follow":"follow","max-snippet":"max-snippet:-1","max-image-preview":"max-image-preview:large","max-video-preview":"max-video-preview:-1"},"canonical":"https:\/\/fluterm.eu\/fi\/prod\/uponor-vario-s-jakotukki-14x3-4-piiria-lattialammitysjarjestelma\/","og_locale":"fi_FI","og_type":"article","og_title":"Uponor Vario S-jakotukki 14x3\/4 piiri\u00e4 lattial\u00e4mmitysj\u00e4rjestelm\u00e4","og_description":"Order Uponor Vario S-jakotukki 14x3\/4 piiri\u00e4 lattial\u00e4mmitysj\u00e4rjestelm\u00e4 at a best price.","og_url":"https:\/\/fluterm.eu\/fi\/prod\/uponor-vario-s-jakotukki-14x3-4-piiria-lattialammitysjarjestelma\/","og_site_name":"fluterm.eu","article_modified_time":"2023-09-06T10:31:38+00:00","og_image":[{"width":1080,"height":800,"url":"https:\/\/fluterm.eu\/wp-content\/uploads\/2023\/08\/4D28C38E-B55C-4890-9019-8D0B23322453.jpeg","type":"image\/jpeg"}],"twitter_card":"summary_large_image","schema":{"@context":"https:\/\/schema.org","@graph":[{"@type":"WebPage","@id":"https:\/\/fluterm.eu\/fi\/prod\/uponor-vario-s-jakotukki-14x3-4-piiria-lattialammitysjarjestelma\/","url":"https:\/\/fluterm.eu\/fi\/prod\/uponor-vario-s-jakotukki-14x3-4-piiria-lattialammitysjarjestelma\/","name":"Uponor Vario S-jakotukki 14x3\/4 piiri\u00e4 lattial\u00e4mmitysj\u00e4rjestelm\u00e4","isPartOf":{"@id":"https:\/\/fluterm.eu\/#website"},"datePublished":"2023-08-27T10:27:28+00:00","dateModified":"2023-09-06T10:31:38+00:00","description":"Order Uponor Vario S-jakotukki 14x3\/4 piiri\u00e4 lattial\u00e4mmitysj\u00e4rjestelm\u00e4 at a best price.","breadcrumb":{"@id":"https:\/\/fluterm.eu\/fi\/prod\/uponor-vario-s-jakotukki-14x3-4-piiria-lattialammitysjarjestelma\/#breadcrumb"},"inLanguage":"fi","potentialAction":[{"@type":"ReadAction","target":["https:\/\/fluterm.eu\/fi\/prod\/uponor-vario-s-jakotukki-14x3-4-piiria-lattialammitysjarjestelma\/"]}]},{"@type":"BreadcrumbList","@id":"https:\/\/fluterm.eu\/fi\/prod\/uponor-vario-s-jakotukki-14x3-4-piiria-lattialammitysjarjestelma\/#breadcrumb","itemListElement":[{"@type":"ListItem","position":1,"name":"Home","item":"https:\/\/fluterm.eu\/fi\/kauppa\/"},{"@type":"ListItem","position":2,"name":"Kauppa","item":"https:\/\/fluterm.eu\/fi\/kauppa\/"},{"@type":"ListItem","position":3,"name":"Uponor Vario S-jakotukki 14&#215;3\/4 piiri\u00e4 lattial\u00e4mmitysj\u00e4rjestelm\u00e4"}]},{"@type":"WebSite","@id":"https:\/\/fluterm.eu\/#website","url":"https:\/\/fluterm.eu\/","name":"fluterm.eu","description":"","potentialAction":[{"@type":"SearchAction","target":{"@type":"EntryPoint","urlTemplate":"https:\/\/fluterm.eu\/?s={search_term_string}"},"query-input":"required name=search_term_string"}],"inLanguage":"fi"}]}},"_links":{"self":[{"href":"https:\/\/fluterm.eu\/fi\/wp-json\/wp\/v2\/product\/9753","targetHints":{"allow":["GET"]}}],"collection":[{"href":"https:\/\/fluterm.eu\/fi\/wp-json\/wp\/v2\/product"}],"about":[{"href":"https:\/\/fluterm.eu\/fi\/wp-json\/wp\/v2\/types\/product"}],"replies":[{"embeddable":true,"href":"https:\/\/fluterm.eu\/fi\/wp-json\/wp\/v2\/comments?post=9753"}],"version-history":[{"count":1,"href":"https:\/\/fluterm.eu\/fi\/wp-json\/wp\/v2\/product\/9753\/revisions"}],"predecessor-version":[{"id":13183,"href":"https:\/\/fluterm.eu\/fi\/wp-json\/wp\/v2\/product\/9753\/revisions\/13183"}],"wp:featuredmedia":[{"embeddable":true,"href":"https:\/\/fluterm.eu\/fi\/wp-json\/wp\/v2\/media\/9505"}],"wp:attachment":[{"href":"https:\/\/fluterm.eu\/fi\/wp-json\/wp\/v2\/media?parent=9753"}],"wp:term":[{"taxonomy":"product_cat","embeddable":true,"href":"https:\/\/fluterm.eu\/fi\/wp-json\/wp\/v2\/product_cat?post=9753"},{"taxonomy":"product_tag","embeddable":true,"href":"https:\/\/fluterm.eu\/fi\/wp-json\/wp\/v2\/product_tag?post=9753"}],"curies":[{"name":"wp","href":"https:\/\/api.w.org\/{rel}","templated":true}]}}