{"id":9826,"date":"2023-08-23T10:57:14","date_gmt":"2023-08-23T07:57:14","guid":{"rendered":"https:\/\/fluterm.eu\/prod\/huawei-hybrid-sun2000-3ktl-l1-invertoi-3-000w-yksivaiheinen\/"},"modified":"2023-09-16T00:56:28","modified_gmt":"2023-09-15T21:56:28","slug":"huawei-hybrid-sun2000-3ktl-l1-invertes-3-000w-yksivaiheinen","status":"publish","type":"product","link":"https:\/\/fluterm.eu\/fi\/prod\/huawei-hybrid-sun2000-3ktl-l1-invertes-3-000w-yksivaiheinen\/","title":{"rendered":"Huawei Hybrid SUN2000-3KTL-L1 Invertoi &#8211; 3.000W yksivaiheinen"},"content":{"rendered":"<p>Huawei <strong>SUN2000L-3KTL-L1<\/strong> -hybridi-invertteri on osa Huawein uutta innovatiivista invertterivalikoimaa. T\u00e4ss\u00e4 Huawein \u00e4lykk\u00e4\u00e4ss\u00e4 invertteriss\u00e4 on aktiivinen suojaus virtakaaria vastaan, korkeampi hy\u00f6tysuhde ja jopa 30 % enemm\u00e4n energiaa uusien SUN2000-450W-P-optimoijien ansiosta, ja se tarjoaa my\u00f6s mahdollisuuden liitt\u00e4\u00e4 litiumakkuja, kuten lg 10 charmia tai Huawein uutta modulaarista akkua LUNA2000-SO.<\/p>\n","protected":false},"excerpt":{"rendered":"<p>Huawei SUN2000L-3KTL-L1 -hybridi-invertteri on osa Huawein uutta innovatiivista invertterivalikoimaa. T\u00e4ss\u00e4 Huawein \u00e4lykk\u00e4\u00e4ss\u00e4 invertteriss\u00e4 on aktiivinen suojaus virtakaaria vastaan, korkeampi hy\u00f6tysuhde ja jopa 30 % enemm\u00e4n energiaa uusien SUN2000-450W-P-optimoijien ansiosta, ja se tarjoaa my\u00f6s mahdollisuuden liitt\u00e4\u00e4 litiumakkuja, kuten lg 10 charmia tai Huawein uutta modulaarista akkua LUNA2000-SO.<\/p>\n","protected":false},"featured_media":9830,"comment_status":"open","ping_status":"closed","template":"","meta":[],"product_cat":[796],"product_tag":[],"class_list":{"0":"post-9826","1":"product","2":"type-product","3":"status-publish","4":"has-post-thumbnail","6":"product_cat-valosahkoiset-sarjat","8":"first","9":"instock","10":"taxable","11":"shipping-taxable","12":"purchasable","13":"product-type-simple","14":"col-xs-6 col-sm-4","15":"col-md-4 col-lg-4","16":"un-3-cols"},"acf":[],"yoast_head":"<!-- This site is optimized with the Yoast SEO plugin v21.2 - https:\/\/yoast.com\/wordpress\/plugins\/seo\/ -->\n<title>Huawei Hybrid SUN2000-3KTL-L1 Invertoi - 3.000W yksivaiheinen<\/title>\n<meta name=\"description\" content=\"Order Huawei Hybrid SUN2000-3KTL-L1 Invertoi - 3.000W yksivaiheinen at a best price.\" \/>\n<meta name=\"robots\" content=\"index, follow, max-snippet:-1, max-image-preview:large, max-video-preview:-1\" \/>\n<link rel=\"canonical\" href=\"https:\/\/fluterm.eu\/fi\/prod\/huawei-hybrid-sun2000-3ktl-l1-invertoi-3-000w-yksivaiheinen\/\" \/>\n<meta property=\"og:locale\" content=\"fi_FI\" \/>\n<meta property=\"og:type\" content=\"article\" \/>\n<meta property=\"og:title\" content=\"Huawei Hybrid SUN2000-3KTL-L1 Invertoi - 3.000W yksivaiheinen\" \/>\n<meta property=\"og:description\" content=\"Order Huawei Hybrid SUN2000-3KTL-L1 Invertoi - 3.000W yksivaiheinen at a best price.\" \/>\n<meta property=\"og:url\" content=\"https:\/\/fluterm.eu\/fi\/prod\/huawei-hybrid-sun2000-3ktl-l1-invertoi-3-000w-yksivaiheinen\/\" \/>\n<meta property=\"og:site_name\" content=\"fluterm.eu\" \/>\n<meta property=\"article:modified_time\" content=\"2023-09-15T21:56:28+00:00\" \/>\n<meta property=\"og:image\" content=\"https:\/\/fluterm.eu\/wp-content\/uploads\/2023\/08\/35E72A15-B2C9-4988-86E8-3F18C03F1AE3.jpeg\" \/>\n\t<meta property=\"og:image:width\" content=\"432\" \/>\n\t<meta property=\"og:image:height\" content=\"432\" \/>\n\t<meta property=\"og:image:type\" content=\"image\/jpeg\" \/>\n<meta name=\"twitter:card\" content=\"summary_large_image\" \/>\n<script type=\"application\/ld+json\" class=\"yoast-schema-graph\">{\"@context\":\"https:\/\/schema.org\",\"@graph\":[{\"@type\":\"WebPage\",\"@id\":\"https:\/\/fluterm.eu\/fi\/prod\/huawei-hybrid-sun2000-3ktl-l1-invertoi-3-000w-yksivaiheinen\/\",\"url\":\"https:\/\/fluterm.eu\/fi\/prod\/huawei-hybrid-sun2000-3ktl-l1-invertoi-3-000w-yksivaiheinen\/\",\"name\":\"Huawei Hybrid SUN2000-3KTL-L1 Invertoi - 3.000W yksivaiheinen\",\"isPartOf\":{\"@id\":\"https:\/\/fluterm.eu\/#website\"},\"datePublished\":\"2023-08-23T07:57:14+00:00\",\"dateModified\":\"2023-09-15T21:56:28+00:00\",\"description\":\"Order Huawei Hybrid SUN2000-3KTL-L1 Invertoi - 3.000W yksivaiheinen at a best price.\",\"breadcrumb\":{\"@id\":\"https:\/\/fluterm.eu\/fi\/prod\/huawei-hybrid-sun2000-3ktl-l1-invertoi-3-000w-yksivaiheinen\/#breadcrumb\"},\"inLanguage\":\"fi\",\"potentialAction\":[{\"@type\":\"ReadAction\",\"target\":[\"https:\/\/fluterm.eu\/fi\/prod\/huawei-hybrid-sun2000-3ktl-l1-invertoi-3-000w-yksivaiheinen\/\"]}]},{\"@type\":\"BreadcrumbList\",\"@id\":\"https:\/\/fluterm.eu\/fi\/prod\/huawei-hybrid-sun2000-3ktl-l1-invertoi-3-000w-yksivaiheinen\/#breadcrumb\",\"itemListElement\":[{\"@type\":\"ListItem\",\"position\":1,\"name\":\"Home\",\"item\":\"https:\/\/fluterm.eu\/fi\/kauppa\/\"},{\"@type\":\"ListItem\",\"position\":2,\"name\":\"Kauppa\",\"item\":\"https:\/\/fluterm.eu\/fi\/kauppa\/\"},{\"@type\":\"ListItem\",\"position\":3,\"name\":\"Huawei Hybrid SUN2000-3KTL-L1 Invertoi &#8211; 3.000W yksivaiheinen\"}]},{\"@type\":\"WebSite\",\"@id\":\"https:\/\/fluterm.eu\/#website\",\"url\":\"https:\/\/fluterm.eu\/\",\"name\":\"fluterm.eu\",\"description\":\"\",\"potentialAction\":[{\"@type\":\"SearchAction\",\"target\":{\"@type\":\"EntryPoint\",\"urlTemplate\":\"https:\/\/fluterm.eu\/?s={search_term_string}\"},\"query-input\":\"required name=search_term_string\"}],\"inLanguage\":\"fi\"}]}<\/script>\n<!-- \/ Yoast SEO plugin. -->","yoast_head_json":{"title":"Huawei Hybrid SUN2000-3KTL-L1 Invertoi - 3.000W yksivaiheinen","description":"Order Huawei Hybrid SUN2000-3KTL-L1 Invertoi - 3.000W yksivaiheinen at a best price.","robots":{"index":"index","follow":"follow","max-snippet":"max-snippet:-1","max-image-preview":"max-image-preview:large","max-video-preview":"max-video-preview:-1"},"canonical":"https:\/\/fluterm.eu\/fi\/prod\/huawei-hybrid-sun2000-3ktl-l1-invertoi-3-000w-yksivaiheinen\/","og_locale":"fi_FI","og_type":"article","og_title":"Huawei Hybrid SUN2000-3KTL-L1 Invertoi - 3.000W yksivaiheinen","og_description":"Order Huawei Hybrid SUN2000-3KTL-L1 Invertoi - 3.000W yksivaiheinen at a best price.","og_url":"https:\/\/fluterm.eu\/fi\/prod\/huawei-hybrid-sun2000-3ktl-l1-invertoi-3-000w-yksivaiheinen\/","og_site_name":"fluterm.eu","article_modified_time":"2023-09-15T21:56:28+00:00","og_image":[{"width":432,"height":432,"url":"https:\/\/fluterm.eu\/wp-content\/uploads\/2023\/08\/35E72A15-B2C9-4988-86E8-3F18C03F1AE3.jpeg","type":"image\/jpeg"}],"twitter_card":"summary_large_image","schema":{"@context":"https:\/\/schema.org","@graph":[{"@type":"WebPage","@id":"https:\/\/fluterm.eu\/fi\/prod\/huawei-hybrid-sun2000-3ktl-l1-invertoi-3-000w-yksivaiheinen\/","url":"https:\/\/fluterm.eu\/fi\/prod\/huawei-hybrid-sun2000-3ktl-l1-invertoi-3-000w-yksivaiheinen\/","name":"Huawei Hybrid SUN2000-3KTL-L1 Invertoi - 3.000W yksivaiheinen","isPartOf":{"@id":"https:\/\/fluterm.eu\/#website"},"datePublished":"2023-08-23T07:57:14+00:00","dateModified":"2023-09-15T21:56:28+00:00","description":"Order Huawei Hybrid SUN2000-3KTL-L1 Invertoi - 3.000W yksivaiheinen at a best price.","breadcrumb":{"@id":"https:\/\/fluterm.eu\/fi\/prod\/huawei-hybrid-sun2000-3ktl-l1-invertoi-3-000w-yksivaiheinen\/#breadcrumb"},"inLanguage":"fi","potentialAction":[{"@type":"ReadAction","target":["https:\/\/fluterm.eu\/fi\/prod\/huawei-hybrid-sun2000-3ktl-l1-invertoi-3-000w-yksivaiheinen\/"]}]},{"@type":"BreadcrumbList","@id":"https:\/\/fluterm.eu\/fi\/prod\/huawei-hybrid-sun2000-3ktl-l1-invertoi-3-000w-yksivaiheinen\/#breadcrumb","itemListElement":[{"@type":"ListItem","position":1,"name":"Home","item":"https:\/\/fluterm.eu\/fi\/kauppa\/"},{"@type":"ListItem","position":2,"name":"Kauppa","item":"https:\/\/fluterm.eu\/fi\/kauppa\/"},{"@type":"ListItem","position":3,"name":"Huawei Hybrid SUN2000-3KTL-L1 Invertoi &#8211; 3.000W yksivaiheinen"}]},{"@type":"WebSite","@id":"https:\/\/fluterm.eu\/#website","url":"https:\/\/fluterm.eu\/","name":"fluterm.eu","description":"","potentialAction":[{"@type":"SearchAction","target":{"@type":"EntryPoint","urlTemplate":"https:\/\/fluterm.eu\/?s={search_term_string}"},"query-input":"required name=search_term_string"}],"inLanguage":"fi"}]}},"_links":{"self":[{"href":"https:\/\/fluterm.eu\/fi\/wp-json\/wp\/v2\/product\/9826","targetHints":{"allow":["GET"]}}],"collection":[{"href":"https:\/\/fluterm.eu\/fi\/wp-json\/wp\/v2\/product"}],"about":[{"href":"https:\/\/fluterm.eu\/fi\/wp-json\/wp\/v2\/types\/product"}],"replies":[{"embeddable":true,"href":"https:\/\/fluterm.eu\/fi\/wp-json\/wp\/v2\/comments?post=9826"}],"version-history":[{"count":1,"href":"https:\/\/fluterm.eu\/fi\/wp-json\/wp\/v2\/product\/9826\/revisions"}],"predecessor-version":[{"id":13205,"href":"https:\/\/fluterm.eu\/fi\/wp-json\/wp\/v2\/product\/9826\/revisions\/13205"}],"wp:featuredmedia":[{"embeddable":true,"href":"https:\/\/fluterm.eu\/fi\/wp-json\/wp\/v2\/media\/9830"}],"wp:attachment":[{"href":"https:\/\/fluterm.eu\/fi\/wp-json\/wp\/v2\/media?parent=9826"}],"wp:term":[{"taxonomy":"product_cat","embeddable":true,"href":"https:\/\/fluterm.eu\/fi\/wp-json\/wp\/v2\/product_cat?post=9826"},{"taxonomy":"product_tag","embeddable":true,"href":"https:\/\/fluterm.eu\/fi\/wp-json\/wp\/v2\/product_tag?post=9826"}],"curies":[{"name":"wp","href":"https:\/\/api.w.org\/{rel}","templated":true}]}}