{"id":9960,"date":"2023-08-26T11:59:02","date_gmt":"2023-08-26T08:59:02","guid":{"rendered":"https:\/\/fluterm.eu\/prod\/huawei-kolmivaiheinen-alykas-mittari\/"},"modified":"2023-09-06T13:31:43","modified_gmt":"2023-09-06T10:31:43","slug":"huawei-kolmivaiheinen-alykas-mittari","status":"publish","type":"product","link":"https:\/\/fluterm.eu\/fi\/prod\/huawei-kolmivaiheinen-alykas-mittari\/","title":{"rendered":"Huawei kolmivaiheinen \u00e4lyk\u00e4s mittari"},"content":{"rendered":"<table class=\"c-product-table\">\n<tbody class=\"c-product-table__tbody\">\n<tr class=\"row c-product-table__row is-product-table_row\">\n<td class=\"c-product-table__cell\" data-id-feature=\"7\"><span>Sy\u00f6tt\u00f6j\u00e4nnite:<\/span><\/td>\n<td class=\"c-product-table__cell c-product-table__cell--value\" data-id-feature=\"7\" data-id-feature-value=\"Array\"><span>220-240V AC, 400V AC<\/span><\/td>\n<\/tr>\n<tr class=\"row c-product-table__row is-product-table_row\">\n<td class=\"c-product-table__cell\" data-id-feature=\"46\"><span>Monij\u00e4nnite:<\/span><\/td>\n<td class=\"c-product-table__cell c-product-table__cell--value\" data-id-feature=\"46\" data-id-feature-value=\"5940115\"><span>230-400V AC<\/span><\/td>\n<\/tr>\n<tr class=\"row c-product-table__row is-product-table_row\">\n<td class=\"c-product-table__cell\" data-id-feature=\"37\"><span>Freq. Toiminta-aika:<\/span><\/td>\n<td class=\"c-product-table__cell c-product-table__cell--value\" data-id-feature=\"37\" data-id-feature-value=\"105255\"><span>50-60Hz<\/span><\/td>\n<\/tr>\n<tr class=\"row c-product-table__row is-product-table_row\">\n<td class=\"c-product-table__cell\" data-id-feature=\"2166\"><span>Suurin oikosulkuvirta:<\/span><\/td>\n<td class=\"c-product-table__cell c-product-table__cell--value\" data-id-feature=\"2166\" data-id-feature-value=\"5747271\"><span>80A<\/span><\/td>\n<\/tr>\n<tr class=\"row c-product-table__row is-product-table_row\">\n<td class=\"c-product-table__cell\" data-id-feature=\"158\"><span>S\u00e4hk\u00f6eristysluokka:<\/span><\/td>\n<td class=\"c-product-table__cell c-product-table__cell--value\" data-id-feature=\"158\" data-id-feature-value=\"290098\"><span>II<\/span><\/td>\n<\/tr>\n<tr class=\"row c-product-table__row is-product-table_row\">\n<td class=\"c-product-table__cell\" data-id-feature=\"25\"><span>K\u00e4yt\u00e4:<\/span><\/td>\n<td class=\"c-product-table__cell c-product-table__cell--value\" data-id-feature=\"25\" data-id-feature-value=\"Array\"><span>Sis\u00e4inen, ulkoinen<\/span><\/td>\n<\/tr>\n<tr class=\"row c-product-table__row is-product-table_row\">\n<td class=\"c-product-table__cell\" data-id-feature=\"15\"><span>IP-suojaus:<\/span><\/td>\n<td class=\"c-product-table__cell c-product-table__cell--value\" data-id-feature=\"15\" data-id-feature-value=\"18209\"><span>IP54<\/span><\/td>\n<\/tr>\n<tr class=\"row c-product-table__row is-product-table_row\">\n<td class=\"c-product-table__cell\" data-id-feature=\"18\"><span>Rungon materiaali:<\/span><\/td>\n<td class=\"c-product-table__cell c-product-table__cell--value\" data-id-feature=\"18\" data-id-feature-value=\"Array\"><span>pc<\/span><\/td>\n<\/tr>\n<tr class=\"row c-product-table__row is-product-table_row\">\n<td class=\"c-product-table__cell\" data-id-feature=\"16\"><span>Mitat:<\/span><\/td>\n<td class=\"c-product-table__cell c-product-table__cell--value\" data-id-feature=\"16\" data-id-feature-value=\"5747276\"><span>98x36x65mm \/\/ 98x72x65mm<\/span><\/td>\n<\/tr>\n<tr class=\"row c-product-table__row is-product-table_row\">\n<td class=\"c-product-table__cell\" data-id-feature=\"4\"><span>Paino:<\/span><\/td>\n<td class=\"c-product-table__cell c-product-table__cell--value\" data-id-feature=\"4\" data-id-feature-value=\"5747281\"><span>0.2kg \/\/ 0.4kg<\/span><\/td>\n<\/tr>\n<tr class=\"row c-product-table__row is-product-table_row\">\n<td class=\"c-product-table__cell\" data-id-feature=\"12\"><span>K\u00e4ytt\u00f6l\u00e4mp\u00f6tila:<\/span><\/td>\n<td class=\"c-product-table__cell c-product-table__cell--value\" data-id-feature=\"12\" data-id-feature-value=\"5533077\"><span>-10\u00baC ~ +75\u00baC<\/span><\/td>\n<\/tr>\n<tr class=\"row c-product-table__row is-product-table_row\">\n<td class=\"c-product-table__cell\" data-id-feature=\"29\"><span>T\u00aa Amb. Toiminta:<\/span><\/td>\n<td class=\"c-product-table__cell c-product-table__cell--value\" data-id-feature=\"29\" data-id-feature-value=\"5108150\"><span>-40\u00baC ~ +85\u00baC<\/span><\/td>\n<\/tr>\n<tr class=\"row c-product-table__row is-product-table_row\">\n<td class=\"c-product-table__cell\" data-id-feature=\"30\"><span>Takuu:<\/span><\/td>\n<td class=\"c-product-table__cell c-product-table__cell--value\" data-id-feature=\"30\" data-id-feature-value=\"76671\"><span>3 vuotta<\/span><\/td>\n<\/tr>\n<tr class=\"row c-product-table__row is-product-table_row\">\n<td class=\"c-product-table__cell\" data-id-feature=\"20\"><span>Todistukset:<\/span><\/td>\n<td class=\"c-product-table__cell c-product-table__cell--value\" data-id-feature=\"20\" data-id-feature-value=\"Array\"><span>CE &amp; RoHS, UKCA<\/span><\/td>\n<\/tr>\n<\/tbody>\n<\/table>\n","protected":false},"excerpt":{"rendered":"<p>Sy\u00f6tt\u00f6j\u00e4nnite: 220-240V AC, 400V AC Monij\u00e4nnite: 230-400V AC Freq. Toiminta-aika: 50-60Hz Suurin oikosulkuvirta: 80A S\u00e4hk\u00f6eristysluokka: II K\u00e4yt\u00e4: Sis\u00e4inen, ulkoinen IP-suojaus: IP54 Rungon materiaali: pc Mitat: 98x36x65mm \/\/ 98x72x65mm Paino: 0.2kg \/\/ 0.4kg K\u00e4ytt\u00f6l\u00e4mp\u00f6tila: -10\u00baC ~ +75\u00baC T\u00aa Amb. Toiminta: -40\u00baC ~ +85\u00baC Takuu: 3 vuotta Todistukset: CE &amp; RoHS, UKCA<\/p>\n","protected":false},"featured_media":9968,"comment_status":"open","ping_status":"closed","template":"","meta":[],"product_cat":[796],"product_tag":[],"class_list":{"0":"post-9960","1":"product","2":"type-product","3":"status-publish","4":"has-post-thumbnail","6":"product_cat-valosahkoiset-sarjat","8":"first","9":"instock","10":"taxable","11":"shipping-taxable","12":"purchasable","13":"product-type-simple","14":"col-xs-6 col-sm-4","15":"col-md-4 col-lg-4","16":"un-3-cols"},"acf":[],"yoast_head":"<!-- This site is optimized with the Yoast SEO plugin v21.2 - https:\/\/yoast.com\/wordpress\/plugins\/seo\/ -->\n<title>Huawei kolmivaiheinen \u00e4lyk\u00e4s mittari<\/title>\n<meta name=\"description\" content=\"Order Huawei kolmivaiheinen \u00e4lyk\u00e4s mittari at a best price.\" \/>\n<meta name=\"robots\" content=\"index, follow, max-snippet:-1, max-image-preview:large, max-video-preview:-1\" \/>\n<link rel=\"canonical\" href=\"https:\/\/fluterm.eu\/fi\/prod\/huawei-kolmivaiheinen-alykas-mittari\/\" \/>\n<meta property=\"og:locale\" content=\"fi_FI\" \/>\n<meta property=\"og:type\" content=\"article\" \/>\n<meta property=\"og:title\" content=\"Huawei kolmivaiheinen \u00e4lyk\u00e4s mittari\" \/>\n<meta property=\"og:description\" content=\"Order Huawei kolmivaiheinen \u00e4lyk\u00e4s mittari at a best price.\" \/>\n<meta property=\"og:url\" content=\"https:\/\/fluterm.eu\/fi\/prod\/huawei-kolmivaiheinen-alykas-mittari\/\" \/>\n<meta property=\"og:site_name\" content=\"fluterm.eu\" \/>\n<meta property=\"article:modified_time\" content=\"2023-09-06T10:31:43+00:00\" \/>\n<meta property=\"og:image\" content=\"https:\/\/fluterm.eu\/wp-content\/uploads\/2023\/08\/84C33E68-9FFE-42DA-9F50-D7F82884D6A4.png\" \/>\n\t<meta property=\"og:image:width\" content=\"1206\" \/>\n\t<meta property=\"og:image:height\" content=\"1206\" \/>\n\t<meta property=\"og:image:type\" content=\"image\/png\" \/>\n<meta name=\"twitter:card\" content=\"summary_large_image\" \/>\n<script type=\"application\/ld+json\" class=\"yoast-schema-graph\">{\"@context\":\"https:\/\/schema.org\",\"@graph\":[{\"@type\":\"WebPage\",\"@id\":\"https:\/\/fluterm.eu\/fi\/prod\/huawei-kolmivaiheinen-alykas-mittari\/\",\"url\":\"https:\/\/fluterm.eu\/fi\/prod\/huawei-kolmivaiheinen-alykas-mittari\/\",\"name\":\"Huawei kolmivaiheinen \u00e4lyk\u00e4s mittari\",\"isPartOf\":{\"@id\":\"https:\/\/fluterm.eu\/#website\"},\"datePublished\":\"2023-08-26T08:59:02+00:00\",\"dateModified\":\"2023-09-06T10:31:43+00:00\",\"description\":\"Order Huawei kolmivaiheinen \u00e4lyk\u00e4s mittari at a best price.\",\"breadcrumb\":{\"@id\":\"https:\/\/fluterm.eu\/fi\/prod\/huawei-kolmivaiheinen-alykas-mittari\/#breadcrumb\"},\"inLanguage\":\"fi\",\"potentialAction\":[{\"@type\":\"ReadAction\",\"target\":[\"https:\/\/fluterm.eu\/fi\/prod\/huawei-kolmivaiheinen-alykas-mittari\/\"]}]},{\"@type\":\"BreadcrumbList\",\"@id\":\"https:\/\/fluterm.eu\/fi\/prod\/huawei-kolmivaiheinen-alykas-mittari\/#breadcrumb\",\"itemListElement\":[{\"@type\":\"ListItem\",\"position\":1,\"name\":\"Home\",\"item\":\"https:\/\/fluterm.eu\/fi\/kauppa\/\"},{\"@type\":\"ListItem\",\"position\":2,\"name\":\"Kauppa\",\"item\":\"https:\/\/fluterm.eu\/fi\/kauppa\/\"},{\"@type\":\"ListItem\",\"position\":3,\"name\":\"Huawei kolmivaiheinen \u00e4lyk\u00e4s mittari\"}]},{\"@type\":\"WebSite\",\"@id\":\"https:\/\/fluterm.eu\/#website\",\"url\":\"https:\/\/fluterm.eu\/\",\"name\":\"fluterm.eu\",\"description\":\"\",\"potentialAction\":[{\"@type\":\"SearchAction\",\"target\":{\"@type\":\"EntryPoint\",\"urlTemplate\":\"https:\/\/fluterm.eu\/?s={search_term_string}\"},\"query-input\":\"required name=search_term_string\"}],\"inLanguage\":\"fi\"}]}<\/script>\n<!-- \/ Yoast SEO plugin. -->","yoast_head_json":{"title":"Huawei kolmivaiheinen \u00e4lyk\u00e4s mittari","description":"Order Huawei kolmivaiheinen \u00e4lyk\u00e4s mittari at a best price.","robots":{"index":"index","follow":"follow","max-snippet":"max-snippet:-1","max-image-preview":"max-image-preview:large","max-video-preview":"max-video-preview:-1"},"canonical":"https:\/\/fluterm.eu\/fi\/prod\/huawei-kolmivaiheinen-alykas-mittari\/","og_locale":"fi_FI","og_type":"article","og_title":"Huawei kolmivaiheinen \u00e4lyk\u00e4s mittari","og_description":"Order Huawei kolmivaiheinen \u00e4lyk\u00e4s mittari at a best price.","og_url":"https:\/\/fluterm.eu\/fi\/prod\/huawei-kolmivaiheinen-alykas-mittari\/","og_site_name":"fluterm.eu","article_modified_time":"2023-09-06T10:31:43+00:00","og_image":[{"width":1206,"height":1206,"url":"https:\/\/fluterm.eu\/wp-content\/uploads\/2023\/08\/84C33E68-9FFE-42DA-9F50-D7F82884D6A4.png","type":"image\/png"}],"twitter_card":"summary_large_image","schema":{"@context":"https:\/\/schema.org","@graph":[{"@type":"WebPage","@id":"https:\/\/fluterm.eu\/fi\/prod\/huawei-kolmivaiheinen-alykas-mittari\/","url":"https:\/\/fluterm.eu\/fi\/prod\/huawei-kolmivaiheinen-alykas-mittari\/","name":"Huawei kolmivaiheinen \u00e4lyk\u00e4s mittari","isPartOf":{"@id":"https:\/\/fluterm.eu\/#website"},"datePublished":"2023-08-26T08:59:02+00:00","dateModified":"2023-09-06T10:31:43+00:00","description":"Order Huawei kolmivaiheinen \u00e4lyk\u00e4s mittari at a best price.","breadcrumb":{"@id":"https:\/\/fluterm.eu\/fi\/prod\/huawei-kolmivaiheinen-alykas-mittari\/#breadcrumb"},"inLanguage":"fi","potentialAction":[{"@type":"ReadAction","target":["https:\/\/fluterm.eu\/fi\/prod\/huawei-kolmivaiheinen-alykas-mittari\/"]}]},{"@type":"BreadcrumbList","@id":"https:\/\/fluterm.eu\/fi\/prod\/huawei-kolmivaiheinen-alykas-mittari\/#breadcrumb","itemListElement":[{"@type":"ListItem","position":1,"name":"Home","item":"https:\/\/fluterm.eu\/fi\/kauppa\/"},{"@type":"ListItem","position":2,"name":"Kauppa","item":"https:\/\/fluterm.eu\/fi\/kauppa\/"},{"@type":"ListItem","position":3,"name":"Huawei kolmivaiheinen \u00e4lyk\u00e4s mittari"}]},{"@type":"WebSite","@id":"https:\/\/fluterm.eu\/#website","url":"https:\/\/fluterm.eu\/","name":"fluterm.eu","description":"","potentialAction":[{"@type":"SearchAction","target":{"@type":"EntryPoint","urlTemplate":"https:\/\/fluterm.eu\/?s={search_term_string}"},"query-input":"required name=search_term_string"}],"inLanguage":"fi"}]}},"_links":{"self":[{"href":"https:\/\/fluterm.eu\/fi\/wp-json\/wp\/v2\/product\/9960","targetHints":{"allow":["GET"]}}],"collection":[{"href":"https:\/\/fluterm.eu\/fi\/wp-json\/wp\/v2\/product"}],"about":[{"href":"https:\/\/fluterm.eu\/fi\/wp-json\/wp\/v2\/types\/product"}],"replies":[{"embeddable":true,"href":"https:\/\/fluterm.eu\/fi\/wp-json\/wp\/v2\/comments?post=9960"}],"version-history":[{"count":1,"href":"https:\/\/fluterm.eu\/fi\/wp-json\/wp\/v2\/product\/9960\/revisions"}],"predecessor-version":[{"id":13196,"href":"https:\/\/fluterm.eu\/fi\/wp-json\/wp\/v2\/product\/9960\/revisions\/13196"}],"wp:featuredmedia":[{"embeddable":true,"href":"https:\/\/fluterm.eu\/fi\/wp-json\/wp\/v2\/media\/9968"}],"wp:attachment":[{"href":"https:\/\/fluterm.eu\/fi\/wp-json\/wp\/v2\/media?parent=9960"}],"wp:term":[{"taxonomy":"product_cat","embeddable":true,"href":"https:\/\/fluterm.eu\/fi\/wp-json\/wp\/v2\/product_cat?post=9960"},{"taxonomy":"product_tag","embeddable":true,"href":"https:\/\/fluterm.eu\/fi\/wp-json\/wp\/v2\/product_tag?post=9960"}],"curies":[{"name":"wp","href":"https:\/\/api.w.org\/{rel}","templated":true}]}}