{"id":4671,"date":"2022-10-06T08:38:22","date_gmt":"2022-10-06T05:38:22","guid":{"rendered":"https:\/\/fluterm.eu\/modalites-et-conditions\/"},"modified":"2024-01-23T22:39:45","modified_gmt":"2024-01-23T20:39:45","slug":"modalites-et-conditions","status":"publish","type":"page","link":"https:\/\/fluterm.eu\/fr\/modalites-et-conditions\/","title":{"rendered":"Modalit\u00e9s et conditions"},"content":{"rendered":"<p>&nbsp;<\/p>\n<h1><strong>Modalit\u00e9s et conditions<\/strong><\/h1>\n<p>Bienvenue sur la page des conditions g\u00e9n\u00e9rales de COTERM LTD,\u00a0<b>TIN:<\/b>\u00a014665604. En acc\u00e9dant \u00e0 fluterm.eu et en l&rsquo;utilisant, vous acceptez d&rsquo;\u00eatre li\u00e9 par ces termes et conditions. Veuillez les lire attentivement avant d&rsquo;utiliser notre site web.<\/p>\n<p>Le contenu des pages de ce site web est destin\u00e9 \u00e0 votre information et \u00e0 votre utilisation g\u00e9n\u00e9rales uniquement. Il est susceptible d&rsquo;\u00eatre modifi\u00e9 sans pr\u00e9avis. Ni nous ni aucun tiers ne fournissons de garantie quant \u00e0 l&rsquo;exactitude, l&rsquo;actualit\u00e9, la performance, l&rsquo;exhaustivit\u00e9 ou l&rsquo;ad\u00e9quation des informations et du mat\u00e9riel trouv\u00e9s ou propos\u00e9s sur ce site web pour un usage particulier. Vous reconnaissez que ces informations et documents peuvent contenir des inexactitudes ou des erreurs et nous excluons express\u00e9ment toute responsabilit\u00e9 pour de telles inexactitudes ou erreurs dans toute la mesure permise par la loi.<\/p>\n<p>L&rsquo;utilisation d&rsquo;informations ou de mat\u00e9riel sur ce site se fait enti\u00e8rement \u00e0 vos risques et p\u00e9rils, et nous n&rsquo;en sommes pas responsables. Il est de votre responsabilit\u00e9 de vous assurer que les produits, services ou informations disponibles sur ce site r\u00e9pondent \u00e0 vos besoins sp\u00e9cifiques.<\/p>\n<p>Ce site web contient du mat\u00e9riel qui nous appartient ou que nous utilisons sous licence. Ce mat\u00e9riel comprend, sans s&rsquo;y limiter, la conception, la mise en page, l&rsquo;aspect, l&rsquo;apparence et les graphiques. La reproduction est interdite si elle n&rsquo;est pas conforme \u00e0 l&rsquo;avis de droit d&rsquo;auteur, qui fait partie des pr\u00e9sentes conditions g\u00e9n\u00e9rales.<\/p>\n<p>L&rsquo;utilisation non autoris\u00e9e de ce site web peut donner lieu \u00e0 une demande de dommages-int\u00e9r\u00eats et\/ou constituer une infraction p\u00e9nale.<\/p>\n<p>De temps \u00e0 autre, ce site web peut \u00e9galement inclure des liens vers d&rsquo;autres sites web. Ces liens sont fournis pour votre commodit\u00e9 afin d&rsquo;obtenir de plus amples informations. Ils ne signifient pas que nous approuvons le(s) site(s) web. Nous ne sommes pas responsables du contenu du (des) site(s) web li\u00e9(s).<\/p>\n<p>Lorsque vous passez une commande sur fluterm.eu, vous acceptez de fournir des informations exactes et compl\u00e8tes sur vous-m\u00eame et sur les destinataires de votre commande. Vous devez \u00e9galement vous assurer que l&rsquo;adresse de livraison fournie est exacte et \u00e0 jour. En passant une commande, vous d\u00e9clarez et garantissez que vous avez le droit l\u00e9gal d&rsquo;utiliser toute carte de cr\u00e9dit ou de d\u00e9bit ou tout autre moyen de paiement que vous fournissez en rapport avec la commande.<\/p>\n<p>Si vous cr\u00e9ez un compte au cours du processus de commande, vous \u00eates tenu de pr\u00e9server la confidentialit\u00e9 de votre compte et de votre mot de passe et de restreindre l&rsquo;acc\u00e8s \u00e0 votre ordinateur et \u00e0 vos appareils. Vous acceptez d&rsquo;\u00eatre responsable de toutes les activit\u00e9s qui se d\u00e9roulent sous votre compte ou votre mot de passe. COTERM LTD se r\u00e9serve le droit de refuser un service, de fermer un compte, de supprimer ou d&rsquo;\u00e9diter un contenu, ou d&rsquo;annuler une commande \u00e0 sa seule discr\u00e9tion.<\/p>\n<p>Veuillez noter qu&rsquo;en cr\u00e9ant un compte sur fluterm.eu, vous acceptez de recevoir des communications de notre part par voie \u00e9lectronique, telles que des courriels et des messages textuels. Ces communications peuvent inclure du mat\u00e9riel promotionnel, des confirmations de commande et d&rsquo;autres notifications. Vous pouvez \u00e0 tout moment refuser de recevoir des courriels promotionnels en suivant les instructions figurant dans le courriel.<\/p>\n<p>En passant une commande sur fluterm.eu, vous acceptez d&rsquo;\u00eatre li\u00e9 par les termes et conditions \u00e9nonc\u00e9s sur cette page.<\/p>\n<p>Votre utilisation de ce site web et tout litige d\u00e9coulant de cette utilisation sont soumis aux lois de la Angleterre, Irlande du Nord, \u00c9cosse et Pays de Galles..<\/p>\n<p>Si vous avez des questions ou des pr\u00e9occupations concernant nos conditions g\u00e9n\u00e9rales, n&rsquo;h\u00e9sitez pas \u00e0 nous contacter via notre page Contact. Merci d&rsquo;avoir choisi COTERM LTD!<\/p>\n","protected":false},"excerpt":{"rendered":"<p>&nbsp; Modalit\u00e9s et conditions Bienvenue sur la page des conditions g\u00e9n\u00e9rales de COTERM LTD,\u00a0TIN:\u00a014665604. En acc\u00e9dant \u00e0 fluterm.eu et en l&rsquo;utilisant, vous acceptez d&rsquo;\u00eatre li\u00e9 par ces termes et conditions. Veuillez les lire attentivement avant d&rsquo;utiliser notre site web. Le contenu des pages de ce site web est destin\u00e9 \u00e0 votre information et \u00e0 votre&hellip;<\/p>\n","protected":false},"author":3,"featured_media":0,"parent":0,"menu_order":0,"comment_status":"closed","ping_status":"closed","template":"","meta":{"footnotes":""},"class_list":["post-4671","page","type-page","status-publish","hentry"],"acf":[],"yoast_head":"<!-- This site is optimized with the Yoast SEO plugin v21.2 - https:\/\/yoast.com\/wordpress\/plugins\/seo\/ -->\n<title>Modalit\u00e9s et conditions<\/title>\n<meta name=\"robots\" content=\"index, follow, max-snippet:-1, max-image-preview:large, max-video-preview:-1\" \/>\n<link rel=\"canonical\" href=\"https:\/\/fluterm.eu\/fr\/modalites-et-conditions\/\" \/>\n<meta property=\"og:locale\" content=\"fr_FR\" \/>\n<meta property=\"og:type\" content=\"article\" \/>\n<meta property=\"og:title\" content=\"Modalit\u00e9s et conditions\" \/>\n<meta property=\"og:description\" content=\"&nbsp; Modalit\u00e9s et conditions Bienvenue sur la page des conditions g\u00e9n\u00e9rales de COTERM LTD,\u00a0TIN:\u00a014665604. En acc\u00e9dant \u00e0 fluterm.eu et en l&rsquo;utilisant, vous acceptez d&rsquo;\u00eatre li\u00e9 par ces termes et conditions. Veuillez les lire attentivement avant d&rsquo;utiliser notre site web. Le contenu des pages de ce site web est destin\u00e9 \u00e0 votre information et \u00e0 votre&hellip;\" \/>\n<meta property=\"og:url\" content=\"https:\/\/fluterm.eu\/fr\/modalites-et-conditions\/\" \/>\n<meta property=\"og:site_name\" content=\"fluterm.eu\" \/>\n<meta property=\"article:modified_time\" content=\"2024-01-23T20:39:45+00:00\" \/>\n<meta name=\"twitter:card\" content=\"summary_large_image\" \/>\n<meta name=\"twitter:label1\" content=\"Dur\u00e9e de lecture estim\u00e9e\" \/>\n\t<meta name=\"twitter:data1\" content=\"3 minutes\" \/>\n<script type=\"application\/ld+json\" class=\"yoast-schema-graph\">{\"@context\":\"https:\/\/schema.org\",\"@graph\":[{\"@type\":\"WebPage\",\"@id\":\"https:\/\/fluterm.eu\/fr\/modalites-et-conditions\/\",\"url\":\"https:\/\/fluterm.eu\/fr\/modalites-et-conditions\/\",\"name\":\"Modalit\u00e9s et conditions\",\"isPartOf\":{\"@id\":\"https:\/\/fluterm.eu\/#website\"},\"datePublished\":\"2022-10-06T05:38:22+00:00\",\"dateModified\":\"2024-01-23T20:39:45+00:00\",\"breadcrumb\":{\"@id\":\"https:\/\/fluterm.eu\/fr\/modalites-et-conditions\/#breadcrumb\"},\"inLanguage\":\"fr-FR\",\"potentialAction\":[{\"@type\":\"ReadAction\",\"target\":[\"https:\/\/fluterm.eu\/fr\/modalites-et-conditions\/\"]}]},{\"@type\":\"BreadcrumbList\",\"@id\":\"https:\/\/fluterm.eu\/fr\/modalites-et-conditions\/#breadcrumb\",\"itemListElement\":[{\"@type\":\"ListItem\",\"position\":1,\"name\":\"Home\",\"item\":\"https:\/\/fluterm.eu\/fr\/boutique\/\"},{\"@type\":\"ListItem\",\"position\":2,\"name\":\"Modalit\u00e9s et conditions\"}]},{\"@type\":\"WebSite\",\"@id\":\"https:\/\/fluterm.eu\/#website\",\"url\":\"https:\/\/fluterm.eu\/\",\"name\":\"fluterm.eu\",\"description\":\"\",\"potentialAction\":[{\"@type\":\"SearchAction\",\"target\":{\"@type\":\"EntryPoint\",\"urlTemplate\":\"https:\/\/fluterm.eu\/?s={search_term_string}\"},\"query-input\":\"required name=search_term_string\"}],\"inLanguage\":\"fr-FR\"}]}<\/script>\n<!-- \/ Yoast SEO plugin. -->","yoast_head_json":{"title":"Modalit\u00e9s et conditions","robots":{"index":"index","follow":"follow","max-snippet":"max-snippet:-1","max-image-preview":"max-image-preview:large","max-video-preview":"max-video-preview:-1"},"canonical":"https:\/\/fluterm.eu\/fr\/modalites-et-conditions\/","og_locale":"fr_FR","og_type":"article","og_title":"Modalit\u00e9s et conditions","og_description":"&nbsp; Modalit\u00e9s et conditions Bienvenue sur la page des conditions g\u00e9n\u00e9rales de COTERM LTD,\u00a0TIN:\u00a014665604. En acc\u00e9dant \u00e0 fluterm.eu et en l&rsquo;utilisant, vous acceptez d&rsquo;\u00eatre li\u00e9 par ces termes et conditions. Veuillez les lire attentivement avant d&rsquo;utiliser notre site web. Le contenu des pages de ce site web est destin\u00e9 \u00e0 votre information et \u00e0 votre&hellip;","og_url":"https:\/\/fluterm.eu\/fr\/modalites-et-conditions\/","og_site_name":"fluterm.eu","article_modified_time":"2024-01-23T20:39:45+00:00","twitter_card":"summary_large_image","twitter_misc":{"Dur\u00e9e de lecture estim\u00e9e":"3 minutes"},"schema":{"@context":"https:\/\/schema.org","@graph":[{"@type":"WebPage","@id":"https:\/\/fluterm.eu\/fr\/modalites-et-conditions\/","url":"https:\/\/fluterm.eu\/fr\/modalites-et-conditions\/","name":"Modalit\u00e9s et conditions","isPartOf":{"@id":"https:\/\/fluterm.eu\/#website"},"datePublished":"2022-10-06T05:38:22+00:00","dateModified":"2024-01-23T20:39:45+00:00","breadcrumb":{"@id":"https:\/\/fluterm.eu\/fr\/modalites-et-conditions\/#breadcrumb"},"inLanguage":"fr-FR","potentialAction":[{"@type":"ReadAction","target":["https:\/\/fluterm.eu\/fr\/modalites-et-conditions\/"]}]},{"@type":"BreadcrumbList","@id":"https:\/\/fluterm.eu\/fr\/modalites-et-conditions\/#breadcrumb","itemListElement":[{"@type":"ListItem","position":1,"name":"Home","item":"https:\/\/fluterm.eu\/fr\/boutique\/"},{"@type":"ListItem","position":2,"name":"Modalit\u00e9s et conditions"}]},{"@type":"WebSite","@id":"https:\/\/fluterm.eu\/#website","url":"https:\/\/fluterm.eu\/","name":"fluterm.eu","description":"","potentialAction":[{"@type":"SearchAction","target":{"@type":"EntryPoint","urlTemplate":"https:\/\/fluterm.eu\/?s={search_term_string}"},"query-input":"required name=search_term_string"}],"inLanguage":"fr-FR"}]}},"_links":{"self":[{"href":"https:\/\/fluterm.eu\/fr\/wp-json\/wp\/v2\/pages\/4671","targetHints":{"allow":["GET"]}}],"collection":[{"href":"https:\/\/fluterm.eu\/fr\/wp-json\/wp\/v2\/pages"}],"about":[{"href":"https:\/\/fluterm.eu\/fr\/wp-json\/wp\/v2\/types\/page"}],"author":[{"embeddable":true,"href":"https:\/\/fluterm.eu\/fr\/wp-json\/wp\/v2\/users\/3"}],"replies":[{"embeddable":true,"href":"https:\/\/fluterm.eu\/fr\/wp-json\/wp\/v2\/comments?post=4671"}],"version-history":[{"count":3,"href":"https:\/\/fluterm.eu\/fr\/wp-json\/wp\/v2\/pages\/4671\/revisions"}],"predecessor-version":[{"id":17131,"href":"https:\/\/fluterm.eu\/fr\/wp-json\/wp\/v2\/pages\/4671\/revisions\/17131"}],"wp:attachment":[{"href":"https:\/\/fluterm.eu\/fr\/wp-json\/wp\/v2\/media?parent=4671"}],"curies":[{"name":"wp","href":"https:\/\/api.w.org\/{rel}","templated":true}]}}