{"id":4857,"date":"2023-07-03T11:10:08","date_gmt":"2023-07-03T08:10:08","guid":{"rendered":"https:\/\/fluterm.eu\/garantie\/"},"modified":"2024-01-23T22:34:30","modified_gmt":"2024-01-23T20:34:30","slug":"garantie","status":"publish","type":"page","link":"https:\/\/fluterm.eu\/fr\/garantie\/","title":{"rendered":"Garantie"},"content":{"rendered":"<h1>Garantie<\/h1>\n<p>Nous offrons \u00e9galement une p\u00e9riode de garantie de <strong>24 mois \u00e0 compter de la date d&rsquo;achat<\/strong>. Si vous rencontrez des probl\u00e8mes avec votre produit pendant cette p\u00e9riode, veuillez nous contacter et nous travaillerons avec vous pour r\u00e9soudre le probl\u00e8me le plus rapidement possible.<\/p>\n<p>Nous sommes fiers de notre engagement \u00e0 satisfaire nos clients et nous nous effor\u00e7ons de leur fournir un excellent service. Si vous avez des questions ou des pr\u00e9occupations, n&rsquo;h\u00e9sitez pas \u00e0 <a href=\"https:\/\/fluterm.eu\/contact\/\">nous contacter<\/a>. Merci d&rsquo;avoir choisi fluterm.eu.<\/p>\n","protected":false},"excerpt":{"rendered":"<p>Garantie Nous offrons \u00e9galement une p\u00e9riode de garantie de 24 mois \u00e0 compter de la date d&rsquo;achat. Si vous rencontrez des probl\u00e8mes avec votre produit pendant cette p\u00e9riode, veuillez nous contacter et nous travaillerons avec vous pour r\u00e9soudre le probl\u00e8me le plus rapidement possible. Nous sommes fiers de notre engagement \u00e0 satisfaire nos clients et&hellip;<\/p>\n","protected":false},"author":3,"featured_media":0,"parent":0,"menu_order":0,"comment_status":"closed","ping_status":"closed","template":"","meta":{"footnotes":""},"class_list":["post-4857","page","type-page","status-publish","hentry"],"acf":[],"yoast_head":"<!-- This site is optimized with the Yoast SEO plugin v21.2 - https:\/\/yoast.com\/wordpress\/plugins\/seo\/ -->\n<title>Garantie<\/title>\n<meta name=\"robots\" content=\"index, follow, max-snippet:-1, max-image-preview:large, max-video-preview:-1\" \/>\n<link rel=\"canonical\" href=\"https:\/\/fluterm.eu\/fr\/garantie\/\" \/>\n<meta property=\"og:locale\" content=\"fr_FR\" \/>\n<meta property=\"og:type\" content=\"article\" \/>\n<meta property=\"og:title\" content=\"Garantie\" \/>\n<meta property=\"og:description\" content=\"Garantie Nous offrons \u00e9galement une p\u00e9riode de garantie de 24 mois \u00e0 compter de la date d&rsquo;achat. Si vous rencontrez des probl\u00e8mes avec votre produit pendant cette p\u00e9riode, veuillez nous contacter et nous travaillerons avec vous pour r\u00e9soudre le probl\u00e8me le plus rapidement possible. Nous sommes fiers de notre engagement \u00e0 satisfaire nos clients et&hellip;\" \/>\n<meta property=\"og:url\" content=\"https:\/\/fluterm.eu\/fr\/garantie\/\" \/>\n<meta property=\"og:site_name\" content=\"fluterm.eu\" \/>\n<meta property=\"article:modified_time\" content=\"2024-01-23T20:34:30+00:00\" \/>\n<meta name=\"twitter:card\" content=\"summary_large_image\" \/>\n<meta name=\"twitter:label1\" content=\"Dur\u00e9e de lecture estim\u00e9e\" \/>\n\t<meta name=\"twitter:data1\" content=\"1 minute\" \/>\n<script type=\"application\/ld+json\" class=\"yoast-schema-graph\">{\"@context\":\"https:\/\/schema.org\",\"@graph\":[{\"@type\":\"WebPage\",\"@id\":\"https:\/\/fluterm.eu\/fr\/garantie\/\",\"url\":\"https:\/\/fluterm.eu\/fr\/garantie\/\",\"name\":\"Garantie\",\"isPartOf\":{\"@id\":\"https:\/\/fluterm.eu\/#website\"},\"datePublished\":\"2023-07-03T08:10:08+00:00\",\"dateModified\":\"2024-01-23T20:34:30+00:00\",\"breadcrumb\":{\"@id\":\"https:\/\/fluterm.eu\/fr\/garantie\/#breadcrumb\"},\"inLanguage\":\"fr-FR\",\"potentialAction\":[{\"@type\":\"ReadAction\",\"target\":[\"https:\/\/fluterm.eu\/fr\/garantie\/\"]}]},{\"@type\":\"BreadcrumbList\",\"@id\":\"https:\/\/fluterm.eu\/fr\/garantie\/#breadcrumb\",\"itemListElement\":[{\"@type\":\"ListItem\",\"position\":1,\"name\":\"Home\",\"item\":\"https:\/\/fluterm.eu\/fr\/boutique\/\"},{\"@type\":\"ListItem\",\"position\":2,\"name\":\"Garantie\"}]},{\"@type\":\"WebSite\",\"@id\":\"https:\/\/fluterm.eu\/#website\",\"url\":\"https:\/\/fluterm.eu\/\",\"name\":\"fluterm.eu\",\"description\":\"\",\"potentialAction\":[{\"@type\":\"SearchAction\",\"target\":{\"@type\":\"EntryPoint\",\"urlTemplate\":\"https:\/\/fluterm.eu\/?s={search_term_string}\"},\"query-input\":\"required name=search_term_string\"}],\"inLanguage\":\"fr-FR\"}]}<\/script>\n<!-- \/ Yoast SEO plugin. -->","yoast_head_json":{"title":"Garantie","robots":{"index":"index","follow":"follow","max-snippet":"max-snippet:-1","max-image-preview":"max-image-preview:large","max-video-preview":"max-video-preview:-1"},"canonical":"https:\/\/fluterm.eu\/fr\/garantie\/","og_locale":"fr_FR","og_type":"article","og_title":"Garantie","og_description":"Garantie Nous offrons \u00e9galement une p\u00e9riode de garantie de 24 mois \u00e0 compter de la date d&rsquo;achat. Si vous rencontrez des probl\u00e8mes avec votre produit pendant cette p\u00e9riode, veuillez nous contacter et nous travaillerons avec vous pour r\u00e9soudre le probl\u00e8me le plus rapidement possible. Nous sommes fiers de notre engagement \u00e0 satisfaire nos clients et&hellip;","og_url":"https:\/\/fluterm.eu\/fr\/garantie\/","og_site_name":"fluterm.eu","article_modified_time":"2024-01-23T20:34:30+00:00","twitter_card":"summary_large_image","twitter_misc":{"Dur\u00e9e de lecture estim\u00e9e":"1 minute"},"schema":{"@context":"https:\/\/schema.org","@graph":[{"@type":"WebPage","@id":"https:\/\/fluterm.eu\/fr\/garantie\/","url":"https:\/\/fluterm.eu\/fr\/garantie\/","name":"Garantie","isPartOf":{"@id":"https:\/\/fluterm.eu\/#website"},"datePublished":"2023-07-03T08:10:08+00:00","dateModified":"2024-01-23T20:34:30+00:00","breadcrumb":{"@id":"https:\/\/fluterm.eu\/fr\/garantie\/#breadcrumb"},"inLanguage":"fr-FR","potentialAction":[{"@type":"ReadAction","target":["https:\/\/fluterm.eu\/fr\/garantie\/"]}]},{"@type":"BreadcrumbList","@id":"https:\/\/fluterm.eu\/fr\/garantie\/#breadcrumb","itemListElement":[{"@type":"ListItem","position":1,"name":"Home","item":"https:\/\/fluterm.eu\/fr\/boutique\/"},{"@type":"ListItem","position":2,"name":"Garantie"}]},{"@type":"WebSite","@id":"https:\/\/fluterm.eu\/#website","url":"https:\/\/fluterm.eu\/","name":"fluterm.eu","description":"","potentialAction":[{"@type":"SearchAction","target":{"@type":"EntryPoint","urlTemplate":"https:\/\/fluterm.eu\/?s={search_term_string}"},"query-input":"required name=search_term_string"}],"inLanguage":"fr-FR"}]}},"_links":{"self":[{"href":"https:\/\/fluterm.eu\/fr\/wp-json\/wp\/v2\/pages\/4857","targetHints":{"allow":["GET"]}}],"collection":[{"href":"https:\/\/fluterm.eu\/fr\/wp-json\/wp\/v2\/pages"}],"about":[{"href":"https:\/\/fluterm.eu\/fr\/wp-json\/wp\/v2\/types\/page"}],"author":[{"embeddable":true,"href":"https:\/\/fluterm.eu\/fr\/wp-json\/wp\/v2\/users\/3"}],"replies":[{"embeddable":true,"href":"https:\/\/fluterm.eu\/fr\/wp-json\/wp\/v2\/comments?post=4857"}],"version-history":[{"count":4,"href":"https:\/\/fluterm.eu\/fr\/wp-json\/wp\/v2\/pages\/4857\/revisions"}],"predecessor-version":[{"id":17128,"href":"https:\/\/fluterm.eu\/fr\/wp-json\/wp\/v2\/pages\/4857\/revisions\/17128"}],"wp:attachment":[{"href":"https:\/\/fluterm.eu\/fr\/wp-json\/wp\/v2\/media?parent=4857"}],"curies":[{"name":"wp","href":"https:\/\/api.w.org\/{rel}","templated":true}]}}