{"id":10337,"date":"2023-08-19T22:29:22","date_gmt":"2023-08-19T19:29:22","guid":{"rendered":"https:\/\/fluterm.eu\/prod\/kit-complet-rehau-plancher-chauffant-60-mp\/"},"modified":"2023-09-06T13:32:54","modified_gmt":"2023-09-06T10:32:54","slug":"kit-complet-rehau-plancher-chauffant-60-mp","status":"publish","type":"product","link":"https:\/\/fluterm.eu\/fr\/prod\/kit-complet-rehau-plancher-chauffant-60-mp\/","title":{"rendered":"KIT COMPLET REHAU PLANCHER CHAUFFANT &#8211; 60 MP"},"content":{"rendered":"<p>REHAU Floor Heating Package &#8211; 60 MP &#8211; PREMIUM AVEC AUTOMATION INCLUS !<\/p>\n<p>Achetez l&rsquo;ensemble REHAU complet avec l&rsquo;automatisation incluse et vous b\u00e9n\u00e9ficierez d&rsquo;<strong>une remise de 20 %<\/strong> si vous n&rsquo;achetez pas chaque produit s\u00e9par\u00e9ment.<\/p>\n<p>Sur demande, la feuille d&rsquo;aluminium peut \u00eatre remplac\u00e9e par une plaque Nuturi ou une plaque Tacker.<\/p>\n<h4>NOUS OFFRONS \u00c9GALEMENT UNE AIDE \u00c0 LA CONCEPTION POUR PLANIFIER L&rsquo;INSTALLATION D&rsquo;UN SYST\u00c8ME RADIANT.<\/h4>\n<p><strong>Contenu du paquet REHAU 60 m\u00b2 :<\/strong><\/p>\n<ul>\n<li>Tuyau Rehau Rautherm S 17&#215;2,0 Pe-Xa &#8211; (600 ml)<\/li>\n<li>Feuille d&rsquo;aluminium trac\u00e9e &#8211; (100 m\u00b2)<\/li>\n<li>Rehau Perimeter Tape &#8211; (75 ml)<\/li>\n<li>Distributeur\/Collecteur Rehau HKV-D Complet 6 Circuits &#8211; (1 pc)<\/li>\n<li><a href=\"https:\/\/broinstal.ro\/collections\/cutii-distribuitoare\/products\/cutie-distribuitor-herz-600x750mm\" target=\"_blank\" rel=\"noopener\">Ensemble distributeur bo\u00eete\/bo\u00eete 600&#215;705<\/a> &#8211; (1 pc)<\/li>\n<li>Set Rob 1 tol avec Dutchman &#8211; (2 pcs)<\/li>\n<li>Courbe du guide-tube \u00e0 90gr &#8211; (12 pcs)<\/li>\n<li>Connecteur Eurocon 17&#215;2.0 &#8211; (12 pcs)<\/li>\n<li>Agrafes Fixation de tuyaux 300pcs &#8211; (8 bo\u00eetes)<\/li>\n<li>Panneau de contr\u00f4le du thermostat Rehau NEA HC pump control 230v &#8211; (1 pc)<\/li>\n<li>Thermostats d&rsquo;ambiance Rehau NEA H 230v &#8211; (3 pcs)<\/li>\n<li>Servomoteurs\/actionneurs Rehau UNI 230v &#8211; (6 pcs)<\/li>\n<\/ul>\n<h4>CONFORT THERMIQUE \u00c9LEV\u00c9<br \/>\nLES SYST\u00c8MES DE CHAUFFAGE DE SURFACE REHAU CHAUFFENT SUR LA BASE D&rsquo;UNE<br \/>\nDES \u00c9NERGIES RAYONNANTES, DOUCES ET CONFORTABLES, GR\u00c2CE AUX BASSES TEMP\u00c9RATURES<br \/>\nSUR LA SURFACE ET DE LA DISTRIBUTION UNIFORME DE LA TEMP\u00c9RATURE. EN CONTRE-POINT<br \/>\nPAR DES SYST\u00c8MES DE CHAUFFAGE STATIQUES, L&rsquo;\u00c9QUILIBRE DU RAYONNEMENT EST CR\u00c9\u00c9 ENTRE<br \/>\nLES PERSONNES ET L&rsquo;ESPACE QUI LES ENTOURE, ET VOUS OBTENEZ UN SENTIMENT OPTIMAL D&rsquo;APPARTENANCE \u00c0 UN GROUPE.<br \/>\nCONFORT<\/h4>\n<p>Paquet \u00e9conomique REHAU 60 m<br \/>\nEn raison du pourcentage \u00e9lev\u00e9 d&rsquo;\u00e9nergie radiante des syst\u00e8mes<br \/>\nLe chauffage par les surfaces REHAU, la sensation de confort appara\u00eet m\u00eame \u00e0 l&rsquo;heure du coucher du soleil.<br \/>\nune baisse significative de la temp\u00e9rature de l&rsquo;air dans la pi\u00e8ce. Celui-ci<br \/>\npeut \u00eatre r\u00e9duite de 1 \u00b0C \u00e0 2 \u00b0C. Cet aspect permet d&rsquo;\u00e9conomiser<br \/>\nd&rsquo;\u00e9nergie annuelle.<\/p>\n<p>Paquet \u00e9cologique REHAU 60 m2<br \/>\nGr\u00e2ce \u00e0 l&rsquo;efficacit\u00e9 \u00e9lev\u00e9e du chauffage, m\u00eame \u00e0 des temp\u00e9ratures \u00e9lev\u00e9es<br \/>\nLes syst\u00e8mes de chauffage de surface REHAU peuvent \u00eatre utilis\u00e9s en toute s\u00e9curit\u00e9.<br \/>\nid\u00e9alement combin\u00e9s avec des chaudi\u00e8res, des pompes \u00e0 chaleur ou des panneaux solaires.<\/p>\n<p>Paquet antiallergique REHAU 60 m2<br \/>\nLa faible part de l&rsquo;\u00e9nergie de convection dans les syst\u00e8mes de chauffage par<br \/>\nLes surfaces REHAU donnent l&rsquo;impression d&rsquo;un flux d&rsquo;air interne minimal.<br \/>\nLa circulation de la poussi\u00e8re appartient au pass\u00e9. Cela permet de prot\u00e9ger<br \/>\ndes voies respiratoires &#8211; et pas seulement pour les personnes souffrant d&rsquo;allergies.<\/p>\n<p>Confort thermique Ensemble de chauffage par le sol REHAU &#8211; 60 MP<br \/>\nLe confort thermique d&rsquo;une personne dans une pi\u00e8ce est de<br \/>\nd\u00e9termin\u00e9 par :<br \/>\n&#8211; L&rsquo;activit\u00e9 de la personne<br \/>\n&#8211; Les v\u00eatements de la personne<br \/>\n&#8211; Temp\u00e9rature de l&rsquo;air<br \/>\n&#8211; Vitesse de l&rsquo;air<br \/>\n&#8211; Humidit\u00e9<br \/>\n&#8211; Temp\u00e9ratures de surface<br \/>\nLe corps humain d\u00e9gage de la chaleur par le biais de trois m\u00e9canismes :<br \/>\n&#8211; Rayonnement<br \/>\n&#8211; \u00c9vaporation<br \/>\n&#8211; Convection<br \/>\nLe corps humain se sent le mieux lorsqu&rsquo;il peut r\u00e9guler le moins de choses possible.<br \/>\n50 % de ses pertes de chaleur sont dues au rayonnement.<\/p>\n<p>Puissance frigorifique REHAU Package 60 m2<\/p>\n<p>Dans des conditions r\u00e9elles d&rsquo;utilisation, \u00e0<\/p>\n<p>&#8211; Temp\u00e9rature de surface de 19 \u00e0 20 \u00b0C<\/p>\n<p>&#8211; Temp\u00e9rature ambiante de 26 \u00b0C<\/p>\n<p>des valeurs de 60 &#8211; 70 W\/m\u00b2 peuvent \u00eatre atteintes<\/p>\n","protected":false},"excerpt":{"rendered":"<p>REHAU Floor Heating Package &#8211; 60 MP &#8211; PREMIUM AVEC AUTOMATION INCLUS ! Achetez l&rsquo;ensemble REHAU complet avec l&rsquo;automatisation incluse et vous b\u00e9n\u00e9ficierez d&rsquo;une remise de 20 % si vous n&rsquo;achetez pas chaque produit s\u00e9par\u00e9ment. Sur demande, la feuille d&rsquo;aluminium peut \u00eatre remplac\u00e9e par une plaque Nuturi ou une plaque Tacker. NOUS OFFRONS \u00c9GALEMENT UNE&hellip;<\/p>\n","protected":false},"featured_media":10344,"comment_status":"open","ping_status":"closed","template":"","meta":[],"product_cat":[882],"product_tag":[],"class_list":{"0":"post-10337","1":"product","2":"type-product","3":"status-publish","4":"has-post-thumbnail","6":"product_cat-packages-complets-de-chauffage-par-le-sol","8":"first","9":"instock","10":"taxable","11":"shipping-taxable","12":"purchasable","13":"product-type-simple","14":"col-xs-6 col-sm-4","15":"col-md-4 col-lg-4","16":"un-3-cols"},"acf":[],"yoast_head":"<!-- This site is optimized with the Yoast SEO plugin v21.2 - https:\/\/yoast.com\/wordpress\/plugins\/seo\/ -->\n<title>KIT COMPLET REHAU PLANCHER CHAUFFANT - 60 MP<\/title>\n<meta name=\"description\" content=\"Order KIT COMPLET REHAU PLANCHER CHAUFFANT - 60 MP at a best price.\" \/>\n<meta name=\"robots\" content=\"index, follow, max-snippet:-1, max-image-preview:large, max-video-preview:-1\" \/>\n<link rel=\"canonical\" href=\"https:\/\/fluterm.eu\/fr\/prod\/kit-complet-rehau-plancher-chauffant-60-mp\/\" \/>\n<meta property=\"og:locale\" content=\"fr_FR\" \/>\n<meta property=\"og:type\" content=\"article\" \/>\n<meta property=\"og:title\" content=\"KIT COMPLET REHAU PLANCHER CHAUFFANT - 60 MP\" \/>\n<meta property=\"og:description\" content=\"Order KIT COMPLET REHAU PLANCHER CHAUFFANT - 60 MP at a best price.\" \/>\n<meta property=\"og:url\" content=\"https:\/\/fluterm.eu\/fr\/prod\/kit-complet-rehau-plancher-chauffant-60-mp\/\" \/>\n<meta property=\"og:site_name\" content=\"fluterm.eu\" \/>\n<meta property=\"article:modified_time\" content=\"2023-09-06T10:32:54+00:00\" \/>\n<meta property=\"og:image\" content=\"https:\/\/fluterm.eu\/wp-content\/uploads\/2023\/08\/DDF6D048-44DE-41A6-9A81-18C7F8F5D01F.jpeg\" \/>\n\t<meta property=\"og:image:width\" content=\"2048\" \/>\n\t<meta property=\"og:image:height\" content=\"2048\" \/>\n\t<meta property=\"og:image:type\" content=\"image\/jpeg\" \/>\n<meta name=\"twitter:card\" content=\"summary_large_image\" \/>\n<meta name=\"twitter:label1\" content=\"Dur\u00e9e de lecture estim\u00e9e\" \/>\n\t<meta name=\"twitter:data1\" content=\"3 minutes\" \/>\n<script type=\"application\/ld+json\" class=\"yoast-schema-graph\">{\"@context\":\"https:\/\/schema.org\",\"@graph\":[{\"@type\":\"WebPage\",\"@id\":\"https:\/\/fluterm.eu\/fr\/prod\/kit-complet-rehau-plancher-chauffant-60-mp\/\",\"url\":\"https:\/\/fluterm.eu\/fr\/prod\/kit-complet-rehau-plancher-chauffant-60-mp\/\",\"name\":\"KIT COMPLET REHAU PLANCHER CHAUFFANT - 60 MP\",\"isPartOf\":{\"@id\":\"https:\/\/fluterm.eu\/#website\"},\"datePublished\":\"2023-08-19T19:29:22+00:00\",\"dateModified\":\"2023-09-06T10:32:54+00:00\",\"description\":\"Order KIT COMPLET REHAU PLANCHER CHAUFFANT - 60 MP at a best price.\",\"breadcrumb\":{\"@id\":\"https:\/\/fluterm.eu\/fr\/prod\/kit-complet-rehau-plancher-chauffant-60-mp\/#breadcrumb\"},\"inLanguage\":\"fr-FR\",\"potentialAction\":[{\"@type\":\"ReadAction\",\"target\":[\"https:\/\/fluterm.eu\/fr\/prod\/kit-complet-rehau-plancher-chauffant-60-mp\/\"]}]},{\"@type\":\"BreadcrumbList\",\"@id\":\"https:\/\/fluterm.eu\/fr\/prod\/kit-complet-rehau-plancher-chauffant-60-mp\/#breadcrumb\",\"itemListElement\":[{\"@type\":\"ListItem\",\"position\":1,\"name\":\"Home\",\"item\":\"https:\/\/fluterm.eu\/fr\/boutique\/\"},{\"@type\":\"ListItem\",\"position\":2,\"name\":\"Boutique\",\"item\":\"https:\/\/fluterm.eu\/fr\/boutique\/\"},{\"@type\":\"ListItem\",\"position\":3,\"name\":\"KIT COMPLET REHAU PLANCHER CHAUFFANT &#8211; 60 MP\"}]},{\"@type\":\"WebSite\",\"@id\":\"https:\/\/fluterm.eu\/#website\",\"url\":\"https:\/\/fluterm.eu\/\",\"name\":\"fluterm.eu\",\"description\":\"\",\"potentialAction\":[{\"@type\":\"SearchAction\",\"target\":{\"@type\":\"EntryPoint\",\"urlTemplate\":\"https:\/\/fluterm.eu\/?s={search_term_string}\"},\"query-input\":\"required name=search_term_string\"}],\"inLanguage\":\"fr-FR\"}]}<\/script>\n<!-- \/ Yoast SEO plugin. -->","yoast_head_json":{"title":"KIT COMPLET REHAU PLANCHER CHAUFFANT - 60 MP","description":"Order KIT COMPLET REHAU PLANCHER CHAUFFANT - 60 MP at a best price.","robots":{"index":"index","follow":"follow","max-snippet":"max-snippet:-1","max-image-preview":"max-image-preview:large","max-video-preview":"max-video-preview:-1"},"canonical":"https:\/\/fluterm.eu\/fr\/prod\/kit-complet-rehau-plancher-chauffant-60-mp\/","og_locale":"fr_FR","og_type":"article","og_title":"KIT COMPLET REHAU PLANCHER CHAUFFANT - 60 MP","og_description":"Order KIT COMPLET REHAU PLANCHER CHAUFFANT - 60 MP at a best price.","og_url":"https:\/\/fluterm.eu\/fr\/prod\/kit-complet-rehau-plancher-chauffant-60-mp\/","og_site_name":"fluterm.eu","article_modified_time":"2023-09-06T10:32:54+00:00","og_image":[{"width":2048,"height":2048,"url":"https:\/\/fluterm.eu\/wp-content\/uploads\/2023\/08\/DDF6D048-44DE-41A6-9A81-18C7F8F5D01F.jpeg","type":"image\/jpeg"}],"twitter_card":"summary_large_image","twitter_misc":{"Dur\u00e9e de lecture estim\u00e9e":"3 minutes"},"schema":{"@context":"https:\/\/schema.org","@graph":[{"@type":"WebPage","@id":"https:\/\/fluterm.eu\/fr\/prod\/kit-complet-rehau-plancher-chauffant-60-mp\/","url":"https:\/\/fluterm.eu\/fr\/prod\/kit-complet-rehau-plancher-chauffant-60-mp\/","name":"KIT COMPLET REHAU PLANCHER CHAUFFANT - 60 MP","isPartOf":{"@id":"https:\/\/fluterm.eu\/#website"},"datePublished":"2023-08-19T19:29:22+00:00","dateModified":"2023-09-06T10:32:54+00:00","description":"Order KIT COMPLET REHAU PLANCHER CHAUFFANT - 60 MP at a best price.","breadcrumb":{"@id":"https:\/\/fluterm.eu\/fr\/prod\/kit-complet-rehau-plancher-chauffant-60-mp\/#breadcrumb"},"inLanguage":"fr-FR","potentialAction":[{"@type":"ReadAction","target":["https:\/\/fluterm.eu\/fr\/prod\/kit-complet-rehau-plancher-chauffant-60-mp\/"]}]},{"@type":"BreadcrumbList","@id":"https:\/\/fluterm.eu\/fr\/prod\/kit-complet-rehau-plancher-chauffant-60-mp\/#breadcrumb","itemListElement":[{"@type":"ListItem","position":1,"name":"Home","item":"https:\/\/fluterm.eu\/fr\/boutique\/"},{"@type":"ListItem","position":2,"name":"Boutique","item":"https:\/\/fluterm.eu\/fr\/boutique\/"},{"@type":"ListItem","position":3,"name":"KIT COMPLET REHAU PLANCHER CHAUFFANT &#8211; 60 MP"}]},{"@type":"WebSite","@id":"https:\/\/fluterm.eu\/#website","url":"https:\/\/fluterm.eu\/","name":"fluterm.eu","description":"","potentialAction":[{"@type":"SearchAction","target":{"@type":"EntryPoint","urlTemplate":"https:\/\/fluterm.eu\/?s={search_term_string}"},"query-input":"required name=search_term_string"}],"inLanguage":"fr-FR"}]}},"_links":{"self":[{"href":"https:\/\/fluterm.eu\/fr\/wp-json\/wp\/v2\/product\/10337","targetHints":{"allow":["GET"]}}],"collection":[{"href":"https:\/\/fluterm.eu\/fr\/wp-json\/wp\/v2\/product"}],"about":[{"href":"https:\/\/fluterm.eu\/fr\/wp-json\/wp\/v2\/types\/product"}],"replies":[{"embeddable":true,"href":"https:\/\/fluterm.eu\/fr\/wp-json\/wp\/v2\/comments?post=10337"}],"version-history":[{"count":1,"href":"https:\/\/fluterm.eu\/fr\/wp-json\/wp\/v2\/product\/10337\/revisions"}],"predecessor-version":[{"id":13268,"href":"https:\/\/fluterm.eu\/fr\/wp-json\/wp\/v2\/product\/10337\/revisions\/13268"}],"wp:featuredmedia":[{"embeddable":true,"href":"https:\/\/fluterm.eu\/fr\/wp-json\/wp\/v2\/media\/10344"}],"wp:attachment":[{"href":"https:\/\/fluterm.eu\/fr\/wp-json\/wp\/v2\/media?parent=10337"}],"wp:term":[{"taxonomy":"product_cat","embeddable":true,"href":"https:\/\/fluterm.eu\/fr\/wp-json\/wp\/v2\/product_cat?post=10337"},{"taxonomy":"product_tag","embeddable":true,"href":"https:\/\/fluterm.eu\/fr\/wp-json\/wp\/v2\/product_tag?post=10337"}],"curies":[{"name":"wp","href":"https:\/\/api.w.org\/{rel}","templated":true}]}}