{"id":10990,"date":"2023-08-08T19:17:52","date_gmt":"2023-08-08T16:17:52","guid":{"rendered":"https:\/\/fluterm.eu\/prod\/ensemble-complet-de-chauffage-par-le-sol-uponor-90m2\/"},"modified":"2023-09-06T13:32:59","modified_gmt":"2023-09-06T10:32:59","slug":"ensemble-complet-de-chauffage-par-le-sol-uponor-90m2","status":"publish","type":"product","link":"https:\/\/fluterm.eu\/fr\/prod\/ensemble-complet-de-chauffage-par-le-sol-uponor-90m2\/","title":{"rendered":"Ensemble complet de chauffage par le sol Uponor 90m2"},"content":{"rendered":"<div>La cr\u00e9ation d&rsquo;un syst\u00e8me de chauffage par le sol parfait pour votre maison ou vos locaux commerciaux n&rsquo;est qu&rsquo;une \u00e9tape avec notre syst\u00e8me complet de chauffage par le sol \u00e0 l&rsquo;eau chaude. Avec une longueur de tuyau suffisante pour couvrir 90m\u00b2, il dispose de tous les produits et pi\u00e8ces de haute qualit\u00e9 que vous \u00eates en droit d&rsquo;attendre.<\/div>\n<div><\/div>\n<p>Le syst\u00e8me de chauffage par le sol Pipe &amp; Clip est simple \u00e0 installer, le tuyau de la couche Pex est clips\u00e9 dans la couche d&rsquo;isolation avant que la chape ne soit appliqu\u00e9e \u00e0 la truelle ou que la chape liquide ne soit vers\u00e9e.<\/p>\n<div>Nous recommandons toujours de couper le tuyau avec pr\u00e9cision et de l&rsquo;al\u00e9ser afin d&rsquo;assurer une bonne connexion avec les raccords et d&rsquo;\u00e9viter les fuites.<\/div>\n<div><\/div>\n<div><b>Kit de chauffage &#8211; 90.0m\u00b2 :<\/b><\/div>\n<div><\/div>\n<div>\n<ul>\n<li>720 m\u00e8tres de tuyau 16mm uponor comfort pipe<\/li>\n<li>Pompe \u00e0 faible consommation d&rsquo;\u00e9nergie de type \u00ab\u00a0A\u00a0\u00bb wilo yonos para et valve de m\u00e9lange automatique thermomix <strong>UPONOR<\/strong><\/li>\n<li>Manifold 9 ports &#8211; Laiton nickel\u00e9 de haute qualit\u00e9 avec assemblage de manifold dualmix <strong>UPONOR<\/strong><\/li>\n<li>2 x vannes de vidange\/remplissage d&rsquo;eau<\/li>\n<li>2 x robinets \u00e0 boisseau sph\u00e9rique<\/li>\n<li>2 x vannes de purge<\/li>\n<li>18 x 16mm Connecteurs de tuyaux (Eurocone)<\/li>\n<li>2400 Colliers de serrage \u00e0 forte adh\u00e9rence<\/li>\n<li>Isolation des bords 75m<\/li>\n<li>feuille d&rsquo;aluminium 100m2<\/li>\n<\/ul>\n<p>Surface de plancher : 90.0m\u00b2 &#8211; 110.0m\u00b2<br \/>\n&#8211; 90,0m\u00b2 @ 150mm d&rsquo;espacement pour les zones \u00e0 forte d\u00e9perdition de chaleur (v\u00e9randas)<br \/>\n&#8211; 110,0m\u00b2 @ 200mm d&rsquo;espacement pour le chauffage principal (salon, salle de bain, chambres)<\/p>\n<\/div>\n<div id=\"jp-relatedposts\" class=\"jp-relatedposts\">\n<h3 class=\"jp-relatedposts-headline\"><\/h3>\n<\/div>\n","protected":false},"excerpt":{"rendered":"<p>La cr\u00e9ation d&rsquo;un syst\u00e8me de chauffage par le sol parfait pour votre maison ou vos locaux commerciaux n&rsquo;est qu&rsquo;une \u00e9tape avec notre syst\u00e8me complet de chauffage par le sol \u00e0 l&rsquo;eau chaude. Avec une longueur de tuyau suffisante pour couvrir 90m\u00b2, il dispose de tous les produits et pi\u00e8ces de haute qualit\u00e9 que vous \u00eates&hellip;<\/p>\n","protected":false},"featured_media":11004,"comment_status":"open","ping_status":"closed","template":"","meta":[],"product_cat":[882],"product_tag":[],"class_list":{"0":"post-10990","1":"product","2":"type-product","3":"status-publish","4":"has-post-thumbnail","6":"product_cat-packages-complets-de-chauffage-par-le-sol","8":"first","9":"instock","10":"taxable","11":"shipping-taxable","12":"purchasable","13":"product-type-simple","14":"col-xs-6 col-sm-4","15":"col-md-4 col-lg-4","16":"un-3-cols"},"acf":[],"yoast_head":"<!-- This site is optimized with the Yoast SEO plugin v21.2 - https:\/\/yoast.com\/wordpress\/plugins\/seo\/ -->\n<title>Ensemble complet de chauffage par le sol Uponor 90m2<\/title>\n<meta name=\"description\" content=\"Order Ensemble complet de chauffage par le sol Uponor 90m2 at a best price.\" \/>\n<meta name=\"robots\" content=\"index, follow, max-snippet:-1, max-image-preview:large, max-video-preview:-1\" \/>\n<link rel=\"canonical\" href=\"https:\/\/fluterm.eu\/fr\/prod\/ensemble-complet-de-chauffage-par-le-sol-uponor-90m2\/\" \/>\n<meta property=\"og:locale\" content=\"fr_FR\" \/>\n<meta property=\"og:type\" content=\"article\" \/>\n<meta property=\"og:title\" content=\"Ensemble complet de chauffage par le sol Uponor 90m2\" \/>\n<meta property=\"og:description\" content=\"Order Ensemble complet de chauffage par le sol Uponor 90m2 at a best price.\" \/>\n<meta property=\"og:url\" content=\"https:\/\/fluterm.eu\/fr\/prod\/ensemble-complet-de-chauffage-par-le-sol-uponor-90m2\/\" \/>\n<meta property=\"og:site_name\" content=\"fluterm.eu\" \/>\n<meta property=\"article:modified_time\" content=\"2023-09-06T10:32:59+00:00\" \/>\n<meta property=\"og:image\" content=\"https:\/\/fluterm.eu\/wp-content\/uploads\/2023\/08\/A8388EBB-300C-45C5-8F6F-A2A425008098_1_201_a.jpeg\" \/>\n\t<meta property=\"og:image:width\" content=\"2048\" \/>\n\t<meta property=\"og:image:height\" content=\"2048\" \/>\n\t<meta property=\"og:image:type\" content=\"image\/jpeg\" \/>\n<meta name=\"twitter:card\" content=\"summary_large_image\" \/>\n<meta name=\"twitter:label1\" content=\"Dur\u00e9e de lecture estim\u00e9e\" \/>\n\t<meta name=\"twitter:data1\" content=\"1 minute\" \/>\n<script type=\"application\/ld+json\" class=\"yoast-schema-graph\">{\"@context\":\"https:\/\/schema.org\",\"@graph\":[{\"@type\":\"WebPage\",\"@id\":\"https:\/\/fluterm.eu\/fr\/prod\/ensemble-complet-de-chauffage-par-le-sol-uponor-90m2\/\",\"url\":\"https:\/\/fluterm.eu\/fr\/prod\/ensemble-complet-de-chauffage-par-le-sol-uponor-90m2\/\",\"name\":\"Ensemble complet de chauffage par le sol Uponor 90m2\",\"isPartOf\":{\"@id\":\"https:\/\/fluterm.eu\/#website\"},\"datePublished\":\"2023-08-08T16:17:52+00:00\",\"dateModified\":\"2023-09-06T10:32:59+00:00\",\"description\":\"Order Ensemble complet de chauffage par le sol Uponor 90m2 at a best price.\",\"breadcrumb\":{\"@id\":\"https:\/\/fluterm.eu\/fr\/prod\/ensemble-complet-de-chauffage-par-le-sol-uponor-90m2\/#breadcrumb\"},\"inLanguage\":\"fr-FR\",\"potentialAction\":[{\"@type\":\"ReadAction\",\"target\":[\"https:\/\/fluterm.eu\/fr\/prod\/ensemble-complet-de-chauffage-par-le-sol-uponor-90m2\/\"]}]},{\"@type\":\"BreadcrumbList\",\"@id\":\"https:\/\/fluterm.eu\/fr\/prod\/ensemble-complet-de-chauffage-par-le-sol-uponor-90m2\/#breadcrumb\",\"itemListElement\":[{\"@type\":\"ListItem\",\"position\":1,\"name\":\"Home\",\"item\":\"https:\/\/fluterm.eu\/fr\/boutique\/\"},{\"@type\":\"ListItem\",\"position\":2,\"name\":\"Boutique\",\"item\":\"https:\/\/fluterm.eu\/fr\/boutique\/\"},{\"@type\":\"ListItem\",\"position\":3,\"name\":\"Ensemble complet de chauffage par le sol Uponor 90m2\"}]},{\"@type\":\"WebSite\",\"@id\":\"https:\/\/fluterm.eu\/#website\",\"url\":\"https:\/\/fluterm.eu\/\",\"name\":\"fluterm.eu\",\"description\":\"\",\"potentialAction\":[{\"@type\":\"SearchAction\",\"target\":{\"@type\":\"EntryPoint\",\"urlTemplate\":\"https:\/\/fluterm.eu\/?s={search_term_string}\"},\"query-input\":\"required name=search_term_string\"}],\"inLanguage\":\"fr-FR\"}]}<\/script>\n<!-- \/ Yoast SEO plugin. -->","yoast_head_json":{"title":"Ensemble complet de chauffage par le sol Uponor 90m2","description":"Order Ensemble complet de chauffage par le sol Uponor 90m2 at a best price.","robots":{"index":"index","follow":"follow","max-snippet":"max-snippet:-1","max-image-preview":"max-image-preview:large","max-video-preview":"max-video-preview:-1"},"canonical":"https:\/\/fluterm.eu\/fr\/prod\/ensemble-complet-de-chauffage-par-le-sol-uponor-90m2\/","og_locale":"fr_FR","og_type":"article","og_title":"Ensemble complet de chauffage par le sol Uponor 90m2","og_description":"Order Ensemble complet de chauffage par le sol Uponor 90m2 at a best price.","og_url":"https:\/\/fluterm.eu\/fr\/prod\/ensemble-complet-de-chauffage-par-le-sol-uponor-90m2\/","og_site_name":"fluterm.eu","article_modified_time":"2023-09-06T10:32:59+00:00","og_image":[{"width":2048,"height":2048,"url":"https:\/\/fluterm.eu\/wp-content\/uploads\/2023\/08\/A8388EBB-300C-45C5-8F6F-A2A425008098_1_201_a.jpeg","type":"image\/jpeg"}],"twitter_card":"summary_large_image","twitter_misc":{"Dur\u00e9e de lecture estim\u00e9e":"1 minute"},"schema":{"@context":"https:\/\/schema.org","@graph":[{"@type":"WebPage","@id":"https:\/\/fluterm.eu\/fr\/prod\/ensemble-complet-de-chauffage-par-le-sol-uponor-90m2\/","url":"https:\/\/fluterm.eu\/fr\/prod\/ensemble-complet-de-chauffage-par-le-sol-uponor-90m2\/","name":"Ensemble complet de chauffage par le sol Uponor 90m2","isPartOf":{"@id":"https:\/\/fluterm.eu\/#website"},"datePublished":"2023-08-08T16:17:52+00:00","dateModified":"2023-09-06T10:32:59+00:00","description":"Order Ensemble complet de chauffage par le sol Uponor 90m2 at a best price.","breadcrumb":{"@id":"https:\/\/fluterm.eu\/fr\/prod\/ensemble-complet-de-chauffage-par-le-sol-uponor-90m2\/#breadcrumb"},"inLanguage":"fr-FR","potentialAction":[{"@type":"ReadAction","target":["https:\/\/fluterm.eu\/fr\/prod\/ensemble-complet-de-chauffage-par-le-sol-uponor-90m2\/"]}]},{"@type":"BreadcrumbList","@id":"https:\/\/fluterm.eu\/fr\/prod\/ensemble-complet-de-chauffage-par-le-sol-uponor-90m2\/#breadcrumb","itemListElement":[{"@type":"ListItem","position":1,"name":"Home","item":"https:\/\/fluterm.eu\/fr\/boutique\/"},{"@type":"ListItem","position":2,"name":"Boutique","item":"https:\/\/fluterm.eu\/fr\/boutique\/"},{"@type":"ListItem","position":3,"name":"Ensemble complet de chauffage par le sol Uponor 90m2"}]},{"@type":"WebSite","@id":"https:\/\/fluterm.eu\/#website","url":"https:\/\/fluterm.eu\/","name":"fluterm.eu","description":"","potentialAction":[{"@type":"SearchAction","target":{"@type":"EntryPoint","urlTemplate":"https:\/\/fluterm.eu\/?s={search_term_string}"},"query-input":"required name=search_term_string"}],"inLanguage":"fr-FR"}]}},"_links":{"self":[{"href":"https:\/\/fluterm.eu\/fr\/wp-json\/wp\/v2\/product\/10990","targetHints":{"allow":["GET"]}}],"collection":[{"href":"https:\/\/fluterm.eu\/fr\/wp-json\/wp\/v2\/product"}],"about":[{"href":"https:\/\/fluterm.eu\/fr\/wp-json\/wp\/v2\/types\/product"}],"replies":[{"embeddable":true,"href":"https:\/\/fluterm.eu\/fr\/wp-json\/wp\/v2\/comments?post=10990"}],"version-history":[{"count":1,"href":"https:\/\/fluterm.eu\/fr\/wp-json\/wp\/v2\/product\/10990\/revisions"}],"predecessor-version":[{"id":13285,"href":"https:\/\/fluterm.eu\/fr\/wp-json\/wp\/v2\/product\/10990\/revisions\/13285"}],"wp:featuredmedia":[{"embeddable":true,"href":"https:\/\/fluterm.eu\/fr\/wp-json\/wp\/v2\/media\/11004"}],"wp:attachment":[{"href":"https:\/\/fluterm.eu\/fr\/wp-json\/wp\/v2\/media?parent=10990"}],"wp:term":[{"taxonomy":"product_cat","embeddable":true,"href":"https:\/\/fluterm.eu\/fr\/wp-json\/wp\/v2\/product_cat?post=10990"},{"taxonomy":"product_tag","embeddable":true,"href":"https:\/\/fluterm.eu\/fr\/wp-json\/wp\/v2\/product_tag?post=10990"}],"curies":[{"name":"wp","href":"https:\/\/api.w.org\/{rel}","templated":true}]}}