{"id":14117,"date":"2023-06-10T14:50:40","date_gmt":"2023-06-10T11:50:40","guid":{"rendered":"https:\/\/fluterm.eu\/prod\/16x2mm-uponor-tuyau-de-chauffage-par-le-sol\/"},"modified":"2023-06-10T14:50:40","modified_gmt":"2023-06-10T11:50:40","slug":"16x2mm-uponor-underfloor-heating-pipe","status":"publish","type":"product","link":"https:\/\/fluterm.eu\/fr\/prod\/16x2mm-uponor-underfloor-heating-pipe\/","title":{"rendered":"16x2mm Uponor tuyau de chauffage par le sol"},"content":{"rendered":"<p><strong>ATTRIBUTS DU PRODUIT<\/strong><\/p>\n<ul>\n<li>Fabricant : Uponor<\/li>\n<li>Diam\u00e8tre : 16 mm<\/li>\n<li>Mat\u00e9riau : Pe-Xa<\/li>\n<li>Max. temp\u00e9rature de travail : 70 \u00b0C<\/li>\n<li>garantie \u00e0 vie<\/li>\n<\/ul>\n","protected":false},"excerpt":{"rendered":"<p>ATTRIBUTS DU PRODUIT Fabricant : Uponor Diam\u00e8tre : 16 mm Mat\u00e9riau : Pe-Xa Max. temp\u00e9rature de travail : 70 \u00b0C garantie \u00e0 vie<\/p>\n","protected":false},"featured_media":3240,"comment_status":"closed","ping_status":"closed","template":"","meta":[],"product_cat":[859],"product_tag":[],"class_list":{"0":"post-14117","1":"product","2":"type-product","3":"status-publish","4":"has-post-thumbnail","6":"product_cat-tuyaux-de-chauffage-par-le-sol","8":"first","9":"instock","10":"sale","11":"taxable","12":"shipping-taxable","13":"purchasable","14":"product-type-simple","15":"col-xs-6 col-sm-4","16":"col-md-4 col-lg-4","17":"un-3-cols"},"acf":[],"yoast_head":"<!-- This site is optimized with the Yoast SEO plugin v21.2 - https:\/\/yoast.com\/wordpress\/plugins\/seo\/ -->\n<title>16x2mm Uponor tuyau de chauffage par le sol<\/title>\n<meta name=\"description\" content=\"Order 16x2mm Uponor tuyau de chauffage par le sol at a best price.\" \/>\n<meta name=\"robots\" content=\"index, follow, max-snippet:-1, max-image-preview:large, max-video-preview:-1\" \/>\n<link rel=\"canonical\" href=\"https:\/\/fluterm.eu\/fr\/prod\/16x2mm-uponor-tuyau-de-chauffage-par-le-sol\/\" \/>\n<meta property=\"og:locale\" content=\"fr_FR\" \/>\n<meta property=\"og:type\" content=\"article\" \/>\n<meta property=\"og:title\" content=\"16x2mm Uponor tuyau de chauffage par le sol\" \/>\n<meta property=\"og:description\" content=\"Order 16x2mm Uponor tuyau de chauffage par le sol at a best price.\" \/>\n<meta property=\"og:url\" content=\"https:\/\/fluterm.eu\/fr\/prod\/16x2mm-uponor-tuyau-de-chauffage-par-le-sol\/\" \/>\n<meta property=\"og:site_name\" content=\"fluterm.eu\" \/>\n<meta property=\"og:image\" content=\"https:\/\/fluterm.eu\/wp-content\/uploads\/2023\/06\/5EC4D634-FFD0-4105-836E-DAB2E06B75A4.jpeg\" \/>\n\t<meta property=\"og:image:width\" content=\"600\" \/>\n\t<meta property=\"og:image:height\" content=\"600\" \/>\n\t<meta property=\"og:image:type\" content=\"image\/jpeg\" \/>\n<meta name=\"twitter:card\" content=\"summary_large_image\" \/>\n<script type=\"application\/ld+json\" class=\"yoast-schema-graph\">{\"@context\":\"https:\/\/schema.org\",\"@graph\":[{\"@type\":\"WebPage\",\"@id\":\"https:\/\/fluterm.eu\/fr\/prod\/16x2mm-uponor-tuyau-de-chauffage-par-le-sol\/\",\"url\":\"https:\/\/fluterm.eu\/fr\/prod\/16x2mm-uponor-tuyau-de-chauffage-par-le-sol\/\",\"name\":\"16x2mm Uponor tuyau de chauffage par le sol\",\"isPartOf\":{\"@id\":\"https:\/\/fluterm.eu\/#website\"},\"datePublished\":\"2023-06-10T11:50:40+00:00\",\"dateModified\":\"2023-06-10T11:50:40+00:00\",\"description\":\"Order 16x2mm Uponor tuyau de chauffage par le sol at a best price.\",\"breadcrumb\":{\"@id\":\"https:\/\/fluterm.eu\/fr\/prod\/16x2mm-uponor-tuyau-de-chauffage-par-le-sol\/#breadcrumb\"},\"inLanguage\":\"fr-FR\",\"potentialAction\":[{\"@type\":\"ReadAction\",\"target\":[\"https:\/\/fluterm.eu\/fr\/prod\/16x2mm-uponor-tuyau-de-chauffage-par-le-sol\/\"]}]},{\"@type\":\"BreadcrumbList\",\"@id\":\"https:\/\/fluterm.eu\/fr\/prod\/16x2mm-uponor-tuyau-de-chauffage-par-le-sol\/#breadcrumb\",\"itemListElement\":[{\"@type\":\"ListItem\",\"position\":1,\"name\":\"Home\",\"item\":\"https:\/\/fluterm.eu\/fr\/boutique\/\"},{\"@type\":\"ListItem\",\"position\":2,\"name\":\"Boutique\",\"item\":\"https:\/\/fluterm.eu\/fr\/boutique\/\"},{\"@type\":\"ListItem\",\"position\":3,\"name\":\"16x2mm Uponor tuyau de chauffage par le sol\"}]},{\"@type\":\"WebSite\",\"@id\":\"https:\/\/fluterm.eu\/#website\",\"url\":\"https:\/\/fluterm.eu\/\",\"name\":\"fluterm.eu\",\"description\":\"\",\"potentialAction\":[{\"@type\":\"SearchAction\",\"target\":{\"@type\":\"EntryPoint\",\"urlTemplate\":\"https:\/\/fluterm.eu\/?s={search_term_string}\"},\"query-input\":\"required name=search_term_string\"}],\"inLanguage\":\"fr-FR\"}]}<\/script>\n<!-- \/ Yoast SEO plugin. -->","yoast_head_json":{"title":"16x2mm Uponor tuyau de chauffage par le sol","description":"Order 16x2mm Uponor tuyau de chauffage par le sol at a best price.","robots":{"index":"index","follow":"follow","max-snippet":"max-snippet:-1","max-image-preview":"max-image-preview:large","max-video-preview":"max-video-preview:-1"},"canonical":"https:\/\/fluterm.eu\/fr\/prod\/16x2mm-uponor-tuyau-de-chauffage-par-le-sol\/","og_locale":"fr_FR","og_type":"article","og_title":"16x2mm Uponor tuyau de chauffage par le sol","og_description":"Order 16x2mm Uponor tuyau de chauffage par le sol at a best price.","og_url":"https:\/\/fluterm.eu\/fr\/prod\/16x2mm-uponor-tuyau-de-chauffage-par-le-sol\/","og_site_name":"fluterm.eu","og_image":[{"width":600,"height":600,"url":"https:\/\/fluterm.eu\/wp-content\/uploads\/2023\/06\/5EC4D634-FFD0-4105-836E-DAB2E06B75A4.jpeg","type":"image\/jpeg"}],"twitter_card":"summary_large_image","schema":{"@context":"https:\/\/schema.org","@graph":[{"@type":"WebPage","@id":"https:\/\/fluterm.eu\/fr\/prod\/16x2mm-uponor-tuyau-de-chauffage-par-le-sol\/","url":"https:\/\/fluterm.eu\/fr\/prod\/16x2mm-uponor-tuyau-de-chauffage-par-le-sol\/","name":"16x2mm Uponor tuyau de chauffage par le sol","isPartOf":{"@id":"https:\/\/fluterm.eu\/#website"},"datePublished":"2023-06-10T11:50:40+00:00","dateModified":"2023-06-10T11:50:40+00:00","description":"Order 16x2mm Uponor tuyau de chauffage par le sol at a best price.","breadcrumb":{"@id":"https:\/\/fluterm.eu\/fr\/prod\/16x2mm-uponor-tuyau-de-chauffage-par-le-sol\/#breadcrumb"},"inLanguage":"fr-FR","potentialAction":[{"@type":"ReadAction","target":["https:\/\/fluterm.eu\/fr\/prod\/16x2mm-uponor-tuyau-de-chauffage-par-le-sol\/"]}]},{"@type":"BreadcrumbList","@id":"https:\/\/fluterm.eu\/fr\/prod\/16x2mm-uponor-tuyau-de-chauffage-par-le-sol\/#breadcrumb","itemListElement":[{"@type":"ListItem","position":1,"name":"Home","item":"https:\/\/fluterm.eu\/fr\/boutique\/"},{"@type":"ListItem","position":2,"name":"Boutique","item":"https:\/\/fluterm.eu\/fr\/boutique\/"},{"@type":"ListItem","position":3,"name":"16x2mm Uponor tuyau de chauffage par le sol"}]},{"@type":"WebSite","@id":"https:\/\/fluterm.eu\/#website","url":"https:\/\/fluterm.eu\/","name":"fluterm.eu","description":"","potentialAction":[{"@type":"SearchAction","target":{"@type":"EntryPoint","urlTemplate":"https:\/\/fluterm.eu\/?s={search_term_string}"},"query-input":"required name=search_term_string"}],"inLanguage":"fr-FR"}]}},"_links":{"self":[{"href":"https:\/\/fluterm.eu\/fr\/wp-json\/wp\/v2\/product\/14117","targetHints":{"allow":["GET"]}}],"collection":[{"href":"https:\/\/fluterm.eu\/fr\/wp-json\/wp\/v2\/product"}],"about":[{"href":"https:\/\/fluterm.eu\/fr\/wp-json\/wp\/v2\/types\/product"}],"replies":[{"embeddable":true,"href":"https:\/\/fluterm.eu\/fr\/wp-json\/wp\/v2\/comments?post=14117"}],"version-history":[{"count":0,"href":"https:\/\/fluterm.eu\/fr\/wp-json\/wp\/v2\/product\/14117\/revisions"}],"wp:featuredmedia":[{"embeddable":true,"href":"https:\/\/fluterm.eu\/fr\/wp-json\/wp\/v2\/media\/3240"}],"wp:attachment":[{"href":"https:\/\/fluterm.eu\/fr\/wp-json\/wp\/v2\/media?parent=14117"}],"wp:term":[{"taxonomy":"product_cat","embeddable":true,"href":"https:\/\/fluterm.eu\/fr\/wp-json\/wp\/v2\/product_cat?post=14117"},{"taxonomy":"product_tag","embeddable":true,"href":"https:\/\/fluterm.eu\/fr\/wp-json\/wp\/v2\/product_tag?post=14117"}],"curies":[{"name":"wp","href":"https:\/\/api.w.org\/{rel}","templated":true}]}}