{"id":14183,"date":"2023-06-10T14:50:40","date_gmt":"2023-06-10T11:50:40","guid":{"rendered":"https:\/\/fluterm.eu\/prod\/clips-clips-de-prise-pour-chauffage-au-sol-300-pieces-par-boite\/"},"modified":"2023-06-10T14:50:40","modified_gmt":"2023-06-10T11:50:40","slug":"clips-taker-clips-pour-chauffage-sous-plancher-300-pieces-par-boite","status":"publish","type":"product","link":"https:\/\/fluterm.eu\/fr\/prod\/clips-taker-clips-pour-chauffage-sous-plancher-300-pieces-par-boite\/","title":{"rendered":"Clips, Clips de prise pour chauffage au sol, 300 pi\u00e8ces par bo\u00eete"},"content":{"rendered":"<p>Vendues par bo\u00eetes de 300, nos agrafes pour tuyaux de 40 mm sont con\u00e7ues pour \u00eatre utilis\u00e9es lorsque la tuyauterie doit \u00eatre install\u00e9e directement sur l&rsquo;isolation. (Veuillez v\u00e9rifier la profondeur de l&rsquo;isolation avant d&rsquo;acheter les agrafes)<\/p>\n<p>Les agrafes peuvent \u00eatre facilement fix\u00e9es \u00e0 la main ou \u00e0 l&rsquo;aide d&rsquo;une pince combin\u00e9e. (id\u00e9al pour les grandes surfaces o\u00f9 de nombreuses agrafes doivent \u00eatre install\u00e9es)<\/p>\n","protected":false},"excerpt":{"rendered":"<p>Vendues par bo\u00eetes de 300, nos agrafes pour tuyaux de 40 mm sont con\u00e7ues pour \u00eatre utilis\u00e9es lorsque la tuyauterie doit \u00eatre install\u00e9e directement sur l&rsquo;isolation. (Veuillez v\u00e9rifier la profondeur de l&rsquo;isolation avant d&rsquo;acheter les agrafes) Les agrafes peuvent \u00eatre facilement fix\u00e9es \u00e0 la main ou \u00e0 l&rsquo;aide d&rsquo;une pince combin\u00e9e. (id\u00e9al pour les grandes&hellip;<\/p>\n","protected":false},"featured_media":2631,"comment_status":"closed","ping_status":"closed","template":"","meta":[],"product_cat":[832],"product_tag":[],"class_list":{"0":"post-14183","1":"product","2":"type-product","3":"status-publish","4":"has-post-thumbnail","6":"product_cat-divers","8":"first","9":"instock","10":"sale","11":"taxable","12":"shipping-taxable","13":"purchasable","14":"product-type-simple","15":"col-xs-6 col-sm-4","16":"col-md-4 col-lg-4","17":"un-3-cols"},"acf":[],"yoast_head":"<!-- This site is optimized with the Yoast SEO plugin v21.2 - https:\/\/yoast.com\/wordpress\/plugins\/seo\/ -->\n<title>Clips, Clips de prise pour chauffage au sol, 300 pi\u00e8ces par bo\u00eete<\/title>\n<meta name=\"description\" content=\"Order Clips, Clips de prise pour chauffage au sol, 300 pi\u00e8ces par bo\u00eete at a best price.\" \/>\n<meta name=\"robots\" content=\"index, follow, max-snippet:-1, max-image-preview:large, max-video-preview:-1\" \/>\n<link rel=\"canonical\" href=\"https:\/\/fluterm.eu\/fr\/prod\/clips-clips-de-prise-pour-chauffage-au-sol-300-pieces-par-boite\/\" \/>\n<meta property=\"og:locale\" content=\"fr_FR\" \/>\n<meta property=\"og:type\" content=\"article\" \/>\n<meta property=\"og:title\" content=\"Clips, Clips de prise pour chauffage au sol, 300 pi\u00e8ces par bo\u00eete\" \/>\n<meta property=\"og:description\" content=\"Order Clips, Clips de prise pour chauffage au sol, 300 pi\u00e8ces par bo\u00eete at a best price.\" \/>\n<meta property=\"og:url\" content=\"https:\/\/fluterm.eu\/fr\/prod\/clips-clips-de-prise-pour-chauffage-au-sol-300-pieces-par-boite\/\" \/>\n<meta property=\"og:site_name\" content=\"fluterm.eu\" \/>\n<meta property=\"og:image\" content=\"https:\/\/fluterm.eu\/wp-content\/uploads\/2023\/06\/30E97279-C233-4950-B3FF-BFCF725962F4.jpeg\" \/>\n\t<meta property=\"og:image:width\" content=\"432\" \/>\n\t<meta property=\"og:image:height\" content=\"375\" \/>\n\t<meta property=\"og:image:type\" content=\"image\/jpeg\" \/>\n<meta name=\"twitter:card\" content=\"summary_large_image\" \/>\n<script type=\"application\/ld+json\" class=\"yoast-schema-graph\">{\"@context\":\"https:\/\/schema.org\",\"@graph\":[{\"@type\":\"WebPage\",\"@id\":\"https:\/\/fluterm.eu\/fr\/prod\/clips-clips-de-prise-pour-chauffage-au-sol-300-pieces-par-boite\/\",\"url\":\"https:\/\/fluterm.eu\/fr\/prod\/clips-clips-de-prise-pour-chauffage-au-sol-300-pieces-par-boite\/\",\"name\":\"Clips, Clips de prise pour chauffage au sol, 300 pi\u00e8ces par bo\u00eete\",\"isPartOf\":{\"@id\":\"https:\/\/fluterm.eu\/#website\"},\"datePublished\":\"2023-06-10T11:50:40+00:00\",\"dateModified\":\"2023-06-10T11:50:40+00:00\",\"description\":\"Order Clips, Clips de prise pour chauffage au sol, 300 pi\u00e8ces par bo\u00eete at a best price.\",\"breadcrumb\":{\"@id\":\"https:\/\/fluterm.eu\/fr\/prod\/clips-clips-de-prise-pour-chauffage-au-sol-300-pieces-par-boite\/#breadcrumb\"},\"inLanguage\":\"fr-FR\",\"potentialAction\":[{\"@type\":\"ReadAction\",\"target\":[\"https:\/\/fluterm.eu\/fr\/prod\/clips-clips-de-prise-pour-chauffage-au-sol-300-pieces-par-boite\/\"]}]},{\"@type\":\"BreadcrumbList\",\"@id\":\"https:\/\/fluterm.eu\/fr\/prod\/clips-clips-de-prise-pour-chauffage-au-sol-300-pieces-par-boite\/#breadcrumb\",\"itemListElement\":[{\"@type\":\"ListItem\",\"position\":1,\"name\":\"Home\",\"item\":\"https:\/\/fluterm.eu\/fr\/boutique\/\"},{\"@type\":\"ListItem\",\"position\":2,\"name\":\"Boutique\",\"item\":\"https:\/\/fluterm.eu\/fr\/boutique\/\"},{\"@type\":\"ListItem\",\"position\":3,\"name\":\"Clips, Clips de prise pour chauffage au sol, 300 pi\u00e8ces par bo\u00eete\"}]},{\"@type\":\"WebSite\",\"@id\":\"https:\/\/fluterm.eu\/#website\",\"url\":\"https:\/\/fluterm.eu\/\",\"name\":\"fluterm.eu\",\"description\":\"\",\"potentialAction\":[{\"@type\":\"SearchAction\",\"target\":{\"@type\":\"EntryPoint\",\"urlTemplate\":\"https:\/\/fluterm.eu\/?s={search_term_string}\"},\"query-input\":\"required name=search_term_string\"}],\"inLanguage\":\"fr-FR\"}]}<\/script>\n<!-- \/ Yoast SEO plugin. -->","yoast_head_json":{"title":"Clips, Clips de prise pour chauffage au sol, 300 pi\u00e8ces par bo\u00eete","description":"Order Clips, Clips de prise pour chauffage au sol, 300 pi\u00e8ces par bo\u00eete at a best price.","robots":{"index":"index","follow":"follow","max-snippet":"max-snippet:-1","max-image-preview":"max-image-preview:large","max-video-preview":"max-video-preview:-1"},"canonical":"https:\/\/fluterm.eu\/fr\/prod\/clips-clips-de-prise-pour-chauffage-au-sol-300-pieces-par-boite\/","og_locale":"fr_FR","og_type":"article","og_title":"Clips, Clips de prise pour chauffage au sol, 300 pi\u00e8ces par bo\u00eete","og_description":"Order Clips, Clips de prise pour chauffage au sol, 300 pi\u00e8ces par bo\u00eete at a best price.","og_url":"https:\/\/fluterm.eu\/fr\/prod\/clips-clips-de-prise-pour-chauffage-au-sol-300-pieces-par-boite\/","og_site_name":"fluterm.eu","og_image":[{"width":432,"height":375,"url":"https:\/\/fluterm.eu\/wp-content\/uploads\/2023\/06\/30E97279-C233-4950-B3FF-BFCF725962F4.jpeg","type":"image\/jpeg"}],"twitter_card":"summary_large_image","schema":{"@context":"https:\/\/schema.org","@graph":[{"@type":"WebPage","@id":"https:\/\/fluterm.eu\/fr\/prod\/clips-clips-de-prise-pour-chauffage-au-sol-300-pieces-par-boite\/","url":"https:\/\/fluterm.eu\/fr\/prod\/clips-clips-de-prise-pour-chauffage-au-sol-300-pieces-par-boite\/","name":"Clips, Clips de prise pour chauffage au sol, 300 pi\u00e8ces par bo\u00eete","isPartOf":{"@id":"https:\/\/fluterm.eu\/#website"},"datePublished":"2023-06-10T11:50:40+00:00","dateModified":"2023-06-10T11:50:40+00:00","description":"Order Clips, Clips de prise pour chauffage au sol, 300 pi\u00e8ces par bo\u00eete at a best price.","breadcrumb":{"@id":"https:\/\/fluterm.eu\/fr\/prod\/clips-clips-de-prise-pour-chauffage-au-sol-300-pieces-par-boite\/#breadcrumb"},"inLanguage":"fr-FR","potentialAction":[{"@type":"ReadAction","target":["https:\/\/fluterm.eu\/fr\/prod\/clips-clips-de-prise-pour-chauffage-au-sol-300-pieces-par-boite\/"]}]},{"@type":"BreadcrumbList","@id":"https:\/\/fluterm.eu\/fr\/prod\/clips-clips-de-prise-pour-chauffage-au-sol-300-pieces-par-boite\/#breadcrumb","itemListElement":[{"@type":"ListItem","position":1,"name":"Home","item":"https:\/\/fluterm.eu\/fr\/boutique\/"},{"@type":"ListItem","position":2,"name":"Boutique","item":"https:\/\/fluterm.eu\/fr\/boutique\/"},{"@type":"ListItem","position":3,"name":"Clips, Clips de prise pour chauffage au sol, 300 pi\u00e8ces par bo\u00eete"}]},{"@type":"WebSite","@id":"https:\/\/fluterm.eu\/#website","url":"https:\/\/fluterm.eu\/","name":"fluterm.eu","description":"","potentialAction":[{"@type":"SearchAction","target":{"@type":"EntryPoint","urlTemplate":"https:\/\/fluterm.eu\/?s={search_term_string}"},"query-input":"required name=search_term_string"}],"inLanguage":"fr-FR"}]}},"_links":{"self":[{"href":"https:\/\/fluterm.eu\/fr\/wp-json\/wp\/v2\/product\/14183","targetHints":{"allow":["GET"]}}],"collection":[{"href":"https:\/\/fluterm.eu\/fr\/wp-json\/wp\/v2\/product"}],"about":[{"href":"https:\/\/fluterm.eu\/fr\/wp-json\/wp\/v2\/types\/product"}],"replies":[{"embeddable":true,"href":"https:\/\/fluterm.eu\/fr\/wp-json\/wp\/v2\/comments?post=14183"}],"version-history":[{"count":0,"href":"https:\/\/fluterm.eu\/fr\/wp-json\/wp\/v2\/product\/14183\/revisions"}],"wp:featuredmedia":[{"embeddable":true,"href":"https:\/\/fluterm.eu\/fr\/wp-json\/wp\/v2\/media\/2631"}],"wp:attachment":[{"href":"https:\/\/fluterm.eu\/fr\/wp-json\/wp\/v2\/media?parent=14183"}],"wp:term":[{"taxonomy":"product_cat","embeddable":true,"href":"https:\/\/fluterm.eu\/fr\/wp-json\/wp\/v2\/product_cat?post=14183"},{"taxonomy":"product_tag","embeddable":true,"href":"https:\/\/fluterm.eu\/fr\/wp-json\/wp\/v2\/product_tag?post=14183"}],"curies":[{"name":"wp","href":"https:\/\/api.w.org\/{rel}","templated":true}]}}