{"id":14432,"date":"2023-06-10T14:50:41","date_gmt":"2023-06-10T11:50:41","guid":{"rendered":"https:\/\/fluterm.eu\/prod\/plaque-de-montage-pour-chauffage-au-sol-2cm-isolation-eps-150\/"},"modified":"2023-06-10T14:50:41","modified_gmt":"2023-06-10T11:50:41","slug":"plaque-a-rainure-de-2-cm-avec-isolation-de-2-cm-et-rainure-de-tuyau-de-1-cm-pour-le-chauffage-par-le-sol","status":"publish","type":"product","link":"https:\/\/fluterm.eu\/fr\/prod\/plaque-a-rainure-de-2-cm-avec-isolation-de-2-cm-et-rainure-de-tuyau-de-1-cm-pour-le-chauffage-par-le-sol\/","title":{"rendered":"Plaque de Montage pour Chauffage au Sol 2cm Isolation Eps 150"},"content":{"rendered":"<p>Chauffage par le sol Tray Castellated 20 mm plus 20 mm de hauteur d&rsquo;isolation chaque section castellated \u00e9tant \u00e0 50 mm d&rsquo;intervalle, avec des centres de tuyaux pouvant \u00eatre \u00e0 50 mm, 100 mm &amp; 150 mm et ainsi de suite.<\/p>\n<p>Dimensions du panneau UFH : 1220 x 820 x 40 mm de hauteur.<br \/>\n1 Couvertures de panneaux Approx. 1m2<\/p>\n","protected":false},"excerpt":{"rendered":"<p>Chauffage par le sol Tray Castellated 20 mm plus 20 mm de hauteur d&rsquo;isolation chaque section castellated \u00e9tant \u00e0 50 mm d&rsquo;intervalle, avec des centres de tuyaux pouvant \u00eatre \u00e0 50 mm, 100 mm &amp; 150 mm et ainsi de suite. Dimensions du panneau UFH : 1220 x 820 x 40 mm de hauteur. 1&hellip;<\/p>\n","protected":false},"featured_media":2757,"comment_status":"open","ping_status":"closed","template":"","meta":[],"product_cat":[832],"product_tag":[],"class_list":{"0":"post-14432","1":"product","2":"type-product","3":"status-publish","4":"has-post-thumbnail","6":"product_cat-divers","8":"first","9":"instock","10":"sale","11":"taxable","12":"shipping-taxable","13":"purchasable","14":"product-type-simple","15":"col-xs-6 col-sm-4","16":"col-md-4 col-lg-4","17":"un-3-cols"},"acf":[],"yoast_head":"<!-- This site is optimized with the Yoast SEO plugin v21.2 - https:\/\/yoast.com\/wordpress\/plugins\/seo\/ -->\n<title>Plaque de Montage pour Chauffage au Sol 2cm Isolation Eps 150<\/title>\n<meta name=\"description\" content=\"Order Plaque de Montage pour Chauffage au Sol 2cm Isolation Eps 150 at a best price.\" \/>\n<meta name=\"robots\" content=\"index, follow, max-snippet:-1, max-image-preview:large, max-video-preview:-1\" \/>\n<link rel=\"canonical\" href=\"https:\/\/fluterm.eu\/fr\/prod\/plaque-de-montage-pour-chauffage-au-sol-2cm-isolation-eps-150\/\" \/>\n<meta property=\"og:locale\" content=\"fr_FR\" \/>\n<meta property=\"og:type\" content=\"article\" \/>\n<meta property=\"og:title\" content=\"Plaque de Montage pour Chauffage au Sol 2cm Isolation Eps 150\" \/>\n<meta property=\"og:description\" content=\"Order Plaque de Montage pour Chauffage au Sol 2cm Isolation Eps 150 at a best price.\" \/>\n<meta property=\"og:url\" content=\"https:\/\/fluterm.eu\/fr\/prod\/plaque-de-montage-pour-chauffage-au-sol-2cm-isolation-eps-150\/\" \/>\n<meta property=\"og:site_name\" content=\"fluterm.eu\" \/>\n<meta property=\"og:image\" content=\"https:\/\/fluterm.eu\/wp-content\/uploads\/2023\/06\/F122A45B-F764-4206-961B-D30CCFCEF3D4.jpeg\" \/>\n\t<meta property=\"og:image:width\" content=\"800\" \/>\n\t<meta property=\"og:image:height\" content=\"446\" \/>\n\t<meta property=\"og:image:type\" content=\"image\/jpeg\" \/>\n<meta name=\"twitter:card\" content=\"summary_large_image\" \/>\n<script type=\"application\/ld+json\" class=\"yoast-schema-graph\">{\"@context\":\"https:\/\/schema.org\",\"@graph\":[{\"@type\":\"WebPage\",\"@id\":\"https:\/\/fluterm.eu\/fr\/prod\/plaque-de-montage-pour-chauffage-au-sol-2cm-isolation-eps-150\/\",\"url\":\"https:\/\/fluterm.eu\/fr\/prod\/plaque-de-montage-pour-chauffage-au-sol-2cm-isolation-eps-150\/\",\"name\":\"Plaque de Montage pour Chauffage au Sol 2cm Isolation Eps 150\",\"isPartOf\":{\"@id\":\"https:\/\/fluterm.eu\/#website\"},\"datePublished\":\"2023-06-10T11:50:41+00:00\",\"dateModified\":\"2023-06-10T11:50:41+00:00\",\"description\":\"Order Plaque de Montage pour Chauffage au Sol 2cm Isolation Eps 150 at a best price.\",\"breadcrumb\":{\"@id\":\"https:\/\/fluterm.eu\/fr\/prod\/plaque-de-montage-pour-chauffage-au-sol-2cm-isolation-eps-150\/#breadcrumb\"},\"inLanguage\":\"fr-FR\",\"potentialAction\":[{\"@type\":\"ReadAction\",\"target\":[\"https:\/\/fluterm.eu\/fr\/prod\/plaque-de-montage-pour-chauffage-au-sol-2cm-isolation-eps-150\/\"]}]},{\"@type\":\"BreadcrumbList\",\"@id\":\"https:\/\/fluterm.eu\/fr\/prod\/plaque-de-montage-pour-chauffage-au-sol-2cm-isolation-eps-150\/#breadcrumb\",\"itemListElement\":[{\"@type\":\"ListItem\",\"position\":1,\"name\":\"Home\",\"item\":\"https:\/\/fluterm.eu\/fr\/boutique\/\"},{\"@type\":\"ListItem\",\"position\":2,\"name\":\"Boutique\",\"item\":\"https:\/\/fluterm.eu\/fr\/boutique\/\"},{\"@type\":\"ListItem\",\"position\":3,\"name\":\"Plaque de Montage pour Chauffage au Sol 2cm Isolation Eps 150\"}]},{\"@type\":\"WebSite\",\"@id\":\"https:\/\/fluterm.eu\/#website\",\"url\":\"https:\/\/fluterm.eu\/\",\"name\":\"fluterm.eu\",\"description\":\"\",\"potentialAction\":[{\"@type\":\"SearchAction\",\"target\":{\"@type\":\"EntryPoint\",\"urlTemplate\":\"https:\/\/fluterm.eu\/?s={search_term_string}\"},\"query-input\":\"required name=search_term_string\"}],\"inLanguage\":\"fr-FR\"}]}<\/script>\n<!-- \/ Yoast SEO plugin. -->","yoast_head_json":{"title":"Plaque de Montage pour Chauffage au Sol 2cm Isolation Eps 150","description":"Order Plaque de Montage pour Chauffage au Sol 2cm Isolation Eps 150 at a best price.","robots":{"index":"index","follow":"follow","max-snippet":"max-snippet:-1","max-image-preview":"max-image-preview:large","max-video-preview":"max-video-preview:-1"},"canonical":"https:\/\/fluterm.eu\/fr\/prod\/plaque-de-montage-pour-chauffage-au-sol-2cm-isolation-eps-150\/","og_locale":"fr_FR","og_type":"article","og_title":"Plaque de Montage pour Chauffage au Sol 2cm Isolation Eps 150","og_description":"Order Plaque de Montage pour Chauffage au Sol 2cm Isolation Eps 150 at a best price.","og_url":"https:\/\/fluterm.eu\/fr\/prod\/plaque-de-montage-pour-chauffage-au-sol-2cm-isolation-eps-150\/","og_site_name":"fluterm.eu","og_image":[{"width":800,"height":446,"url":"https:\/\/fluterm.eu\/wp-content\/uploads\/2023\/06\/F122A45B-F764-4206-961B-D30CCFCEF3D4.jpeg","type":"image\/jpeg"}],"twitter_card":"summary_large_image","schema":{"@context":"https:\/\/schema.org","@graph":[{"@type":"WebPage","@id":"https:\/\/fluterm.eu\/fr\/prod\/plaque-de-montage-pour-chauffage-au-sol-2cm-isolation-eps-150\/","url":"https:\/\/fluterm.eu\/fr\/prod\/plaque-de-montage-pour-chauffage-au-sol-2cm-isolation-eps-150\/","name":"Plaque de Montage pour Chauffage au Sol 2cm Isolation Eps 150","isPartOf":{"@id":"https:\/\/fluterm.eu\/#website"},"datePublished":"2023-06-10T11:50:41+00:00","dateModified":"2023-06-10T11:50:41+00:00","description":"Order Plaque de Montage pour Chauffage au Sol 2cm Isolation Eps 150 at a best price.","breadcrumb":{"@id":"https:\/\/fluterm.eu\/fr\/prod\/plaque-de-montage-pour-chauffage-au-sol-2cm-isolation-eps-150\/#breadcrumb"},"inLanguage":"fr-FR","potentialAction":[{"@type":"ReadAction","target":["https:\/\/fluterm.eu\/fr\/prod\/plaque-de-montage-pour-chauffage-au-sol-2cm-isolation-eps-150\/"]}]},{"@type":"BreadcrumbList","@id":"https:\/\/fluterm.eu\/fr\/prod\/plaque-de-montage-pour-chauffage-au-sol-2cm-isolation-eps-150\/#breadcrumb","itemListElement":[{"@type":"ListItem","position":1,"name":"Home","item":"https:\/\/fluterm.eu\/fr\/boutique\/"},{"@type":"ListItem","position":2,"name":"Boutique","item":"https:\/\/fluterm.eu\/fr\/boutique\/"},{"@type":"ListItem","position":3,"name":"Plaque de Montage pour Chauffage au Sol 2cm Isolation Eps 150"}]},{"@type":"WebSite","@id":"https:\/\/fluterm.eu\/#website","url":"https:\/\/fluterm.eu\/","name":"fluterm.eu","description":"","potentialAction":[{"@type":"SearchAction","target":{"@type":"EntryPoint","urlTemplate":"https:\/\/fluterm.eu\/?s={search_term_string}"},"query-input":"required name=search_term_string"}],"inLanguage":"fr-FR"}]}},"_links":{"self":[{"href":"https:\/\/fluterm.eu\/fr\/wp-json\/wp\/v2\/product\/14432","targetHints":{"allow":["GET"]}}],"collection":[{"href":"https:\/\/fluterm.eu\/fr\/wp-json\/wp\/v2\/product"}],"about":[{"href":"https:\/\/fluterm.eu\/fr\/wp-json\/wp\/v2\/types\/product"}],"replies":[{"embeddable":true,"href":"https:\/\/fluterm.eu\/fr\/wp-json\/wp\/v2\/comments?post=14432"}],"version-history":[{"count":0,"href":"https:\/\/fluterm.eu\/fr\/wp-json\/wp\/v2\/product\/14432\/revisions"}],"wp:featuredmedia":[{"embeddable":true,"href":"https:\/\/fluterm.eu\/fr\/wp-json\/wp\/v2\/media\/2757"}],"wp:attachment":[{"href":"https:\/\/fluterm.eu\/fr\/wp-json\/wp\/v2\/media?parent=14432"}],"wp:term":[{"taxonomy":"product_cat","embeddable":true,"href":"https:\/\/fluterm.eu\/fr\/wp-json\/wp\/v2\/product_cat?post=14432"},{"taxonomy":"product_tag","embeddable":true,"href":"https:\/\/fluterm.eu\/fr\/wp-json\/wp\/v2\/product_tag?post=14432"}],"curies":[{"name":"wp","href":"https:\/\/api.w.org\/{rel}","templated":true}]}}