{"id":14668,"date":"2023-06-10T14:51:05","date_gmt":"2023-06-10T11:51:05","guid":{"rendered":"https:\/\/fluterm.eu\/prod\/collecteur-de-chauffage-au-sol-avec-groupe-de-pompes-et-vannes-ibo-amg-12-circuits\/"},"modified":"2023-06-10T14:51:05","modified_gmt":"2023-06-10T11:51:05","slug":"plancher-chauffant-manifold-avec-pompes-pack-vannes-ibo-amg-12-ports","status":"publish","type":"product","link":"https:\/\/fluterm.eu\/fr\/prod\/plancher-chauffant-manifold-avec-pompes-pack-vannes-ibo-amg-12-ports\/","title":{"rendered":"Collecteur de chauffage au sol avec groupe de pompes et vannes \u2013 ibo amg \u2013 12 circuits"},"content":{"rendered":"<h1>Collecteur de chauffage par le sol avec pompe et vannes &#8211; Grundfos A Rated Pump -12 Ports<\/h1>\n<p><strong>Qu&rsquo;est-ce qui est inclus dans nos packs de pompes et de collecteurs ?<\/strong><\/p>\n<p>Les collecteurs de chauffage par le sol sont livr\u00e9s avec :<\/p>\n<p>\u00ab\u00a0A\u00a0\u00bb Pompe nominale ibo.<\/p>\n<p>Articles inclus :<\/p>\n<p>1 x collecteur pr\u00e9mont\u00e9 avec d\u00e9bitm\u00e8tres<\/p>\n<p>1 x \u00e9vent d&rsquo;extr\u00e9mit\u00e9<\/p>\n<p>1 x manom\u00e8tre<\/p>\n<p>2 x robinets \u00e0 boisseau sph\u00e9rique<\/p>\n<p>2 x jauges de temp\u00e9rature (mont\u00e9es sur les vannes \u00e0 bille)<\/p>\n<p>1 x bo\u00eete<\/p>\n<p>Eurocones 16\/17 24pcs<\/p>\n<p>Station de pompage (vanne de m\u00e9lange)<\/p>\n<p>Fourni sur un support pr\u00e9mont\u00e9.<\/p>\n<p>CMax pression de travail 3 bar pression d&rsquo;essai max 10 bar.<\/p>\n<p>Plage de temp\u00e9rature : 35C &#8211; 65CM Pression de travail maximale :<\/p>\n<p>Nos collecteurs sont destin\u00e9s aux syst\u00e8mes de chauffage par le sol \u00e0 eau.<\/p>\n<p>Il s&rsquo;agit de deux collecteurs, l&rsquo;un pour le d\u00e9part et l&rsquo;autre pour le retour, \u00e9quip\u00e9s de vannes \u00e0 bille, de vannes de vidange et de remplissage et d&rsquo;un purgeur d&rsquo;air. Sur la barre de d\u00e9bit, chaque port est \u00e9quip\u00e9 d&rsquo;un indicateur de d\u00e9bit haute performance, avec un isolateur comprenant un verre de jauge facile \u00e0 lire.<\/p>\n<p>Chaque orifice de la barre de retour est \u00e9quip\u00e9 d&rsquo;une vanne de contr\u00f4le int\u00e9gr\u00e9e et d&rsquo;un capuchon de protection qui permet \u00e0 l&rsquo;utilisateur de r\u00e9gler le volume d&rsquo;eau ou qui peut \u00eatre retir\u00e9 pour recevoir une t\u00eate thermo\u00e9lectrique Manifold.<\/p>\n<p>&nbsp;<\/p>\n<p><strong>Dimensions du collecteur :<\/strong><\/p>\n<p>Veuillez ajouter 150 mm \u00e0 la longueur lorsque la pompe et le m\u00e9langeur sont install\u00e9s.<\/p>\n<p>Voir l&rsquo;image 12 pour la cl\u00e9.<\/p>\n<p>A B C D E<\/p>\n<p>Kit de collecteur UFH 2 circuits 320mm 210mm 50mm 276mm 90mm<\/p>\n<p>Kit de collecteur UFH 3 circuits 320mm 210mm 50mm 326mm 90mm<\/p>\n<p>Kit de collecteur UFH 4 circuits 320mm 210mm 50mm 376mm 90mm<\/p>\n<p>Kit collecteur UFH 5 circuits 320mm 210mm 50mm 426mm 90mm<\/p>\n<p>Kit de collecteur UFH 6 circuits 320mm 210mm 50mm 476mm 90mm<\/p>\n<p>Kit collecteur UFH 7 circuits 320mm 210mm 50mm 526mm 90mm<\/p>\n<p>Kit collecteur UFH 8 circuits 320mm 210mm 50mm 576mm 90mm<\/p>\n<p>Kit collecteur UFH 9 circuits 320mm 210mm 50mm 626mm 90mm<\/p>\n<p>Kit de collecteur UFH 10 circuits 320mm 210mm 50mm 676mm 90mm<\/p>\n<p>Kit collecteur UFH 11 circuits 320mm 210mm 50mm 726mm 90mm<\/p>\n<p>Kit collecteur UFH 12 circuits 320mm 210mm 50mm 776mm 90mm<\/p>\n<p>&nbsp;<\/p>\n<p><strong>Chauffage au sol :<\/strong><\/p>\n<p>The Underfloor Heating Site est l&rsquo;un des principaux fournisseurs de chauffage par le sol du Royaume-Uni, soutenu par des fournisseurs de premier plan qui ont des ann\u00e9es d&rsquo;exp\u00e9rience dans l&rsquo;industrie du chauffage par le sol. Nous nous effor\u00e7ons de fournir des produits de chauffage par le sol de la meilleure qualit\u00e9 possible \u00e0 des prix abordables et nous nous appuyons sur un service et des conseils \u00e0 la client\u00e8le de premier ordre. Que vous souhaitiez simplement carreler une petite salle de bain ou que vous recherchiez un syst\u00e8me de chauffage domestique complet, nous sommes convaincus que nous avons le syst\u00e8me qu&rsquo;il vous faut.<\/p>\n<p>Notre gamme comprend des kits de chauffage par le sol \u00e0 eau ou simplement le collecteur de chauffage par le sol, le tuyau de chauffage par le sol, le tapis de sol chauffant, le c\u00e2ble libre, l&rsquo;isolation, les coussins de d\u00e9sembuage des miroirs, ainsi que de nombreux autres produits.<\/p>\n<p>&nbsp;<\/p>\n","protected":false},"excerpt":{"rendered":"<p>Collecteur de chauffage par le sol avec pompe et vannes &#8211; Grundfos A Rated Pump -12 Ports Qu&rsquo;est-ce qui est inclus dans nos packs de pompes et de collecteurs ? Les collecteurs de chauffage par le sol sont livr\u00e9s avec : \u00ab\u00a0A\u00a0\u00bb Pompe nominale ibo. Articles inclus : 1 x collecteur pr\u00e9mont\u00e9 avec d\u00e9bitm\u00e8tres 1&hellip;<\/p>\n","protected":false},"featured_media":3072,"comment_status":"open","ping_status":"closed","template":"","meta":[],"product_cat":[805],"product_tag":[],"class_list":{"0":"post-14668","1":"product","2":"type-product","3":"status-publish","4":"has-post-thumbnail","6":"product_cat-distributeurs-de-chauffage-par-le-sol","8":"first","9":"instock","10":"taxable","11":"shipping-taxable","12":"purchasable","13":"product-type-simple","14":"col-xs-6 col-sm-4","15":"col-md-4 col-lg-4","16":"un-3-cols"},"acf":[],"yoast_head":"<!-- This site is optimized with the Yoast SEO plugin v21.2 - https:\/\/yoast.com\/wordpress\/plugins\/seo\/ -->\n<title>Collecteur de chauffage au sol avec groupe de pompes et vannes \u2013 ibo amg \u2013 12 circuits<\/title>\n<meta name=\"description\" content=\"Order Collecteur de chauffage au sol avec groupe de pompes et vannes \u2013 ibo amg \u2013 12 circuits at a best price.\" \/>\n<meta name=\"robots\" content=\"index, follow, max-snippet:-1, max-image-preview:large, max-video-preview:-1\" \/>\n<link rel=\"canonical\" href=\"https:\/\/fluterm.eu\/fr\/prod\/collecteur-de-chauffage-au-sol-avec-groupe-de-pompes-et-vannes-ibo-amg-12-circuits\/\" \/>\n<meta property=\"og:locale\" content=\"fr_FR\" \/>\n<meta property=\"og:type\" content=\"article\" \/>\n<meta property=\"og:title\" content=\"Collecteur de chauffage au sol avec groupe de pompes et vannes \u2013 ibo amg \u2013 12 circuits\" \/>\n<meta property=\"og:description\" content=\"Order Collecteur de chauffage au sol avec groupe de pompes et vannes \u2013 ibo amg \u2013 12 circuits at a best price.\" \/>\n<meta property=\"og:url\" content=\"https:\/\/fluterm.eu\/fr\/prod\/collecteur-de-chauffage-au-sol-avec-groupe-de-pompes-et-vannes-ibo-amg-12-circuits\/\" \/>\n<meta property=\"og:site_name\" content=\"fluterm.eu\" \/>\n<meta property=\"og:image\" content=\"https:\/\/fluterm.eu\/wp-content\/uploads\/2023\/06\/PROD-85.jpeg\" \/>\n\t<meta property=\"og:image:width\" content=\"2000\" \/>\n\t<meta property=\"og:image:height\" content=\"2000\" \/>\n\t<meta property=\"og:image:type\" content=\"image\/jpeg\" \/>\n<meta name=\"twitter:card\" content=\"summary_large_image\" \/>\n<meta name=\"twitter:label1\" content=\"Dur\u00e9e de lecture estim\u00e9e\" \/>\n\t<meta name=\"twitter:data1\" content=\"3 minutes\" \/>\n<script type=\"application\/ld+json\" class=\"yoast-schema-graph\">{\"@context\":\"https:\/\/schema.org\",\"@graph\":[{\"@type\":\"WebPage\",\"@id\":\"https:\/\/fluterm.eu\/fr\/prod\/collecteur-de-chauffage-au-sol-avec-groupe-de-pompes-et-vannes-ibo-amg-12-circuits\/\",\"url\":\"https:\/\/fluterm.eu\/fr\/prod\/collecteur-de-chauffage-au-sol-avec-groupe-de-pompes-et-vannes-ibo-amg-12-circuits\/\",\"name\":\"Collecteur de chauffage au sol avec groupe de pompes et vannes \u2013 ibo amg \u2013 12 circuits\",\"isPartOf\":{\"@id\":\"https:\/\/fluterm.eu\/#website\"},\"datePublished\":\"2023-06-10T11:51:05+00:00\",\"dateModified\":\"2023-06-10T11:51:05+00:00\",\"description\":\"Order Collecteur de chauffage au sol avec groupe de pompes et vannes \u2013 ibo amg \u2013 12 circuits at a best price.\",\"breadcrumb\":{\"@id\":\"https:\/\/fluterm.eu\/fr\/prod\/collecteur-de-chauffage-au-sol-avec-groupe-de-pompes-et-vannes-ibo-amg-12-circuits\/#breadcrumb\"},\"inLanguage\":\"fr-FR\",\"potentialAction\":[{\"@type\":\"ReadAction\",\"target\":[\"https:\/\/fluterm.eu\/fr\/prod\/collecteur-de-chauffage-au-sol-avec-groupe-de-pompes-et-vannes-ibo-amg-12-circuits\/\"]}]},{\"@type\":\"BreadcrumbList\",\"@id\":\"https:\/\/fluterm.eu\/fr\/prod\/collecteur-de-chauffage-au-sol-avec-groupe-de-pompes-et-vannes-ibo-amg-12-circuits\/#breadcrumb\",\"itemListElement\":[{\"@type\":\"ListItem\",\"position\":1,\"name\":\"Home\",\"item\":\"https:\/\/fluterm.eu\/fr\/boutique\/\"},{\"@type\":\"ListItem\",\"position\":2,\"name\":\"Boutique\",\"item\":\"https:\/\/fluterm.eu\/fr\/boutique\/\"},{\"@type\":\"ListItem\",\"position\":3,\"name\":\"Collecteur de chauffage au sol avec groupe de pompes et vannes \u2013 ibo amg \u2013 12 circuits\"}]},{\"@type\":\"WebSite\",\"@id\":\"https:\/\/fluterm.eu\/#website\",\"url\":\"https:\/\/fluterm.eu\/\",\"name\":\"fluterm.eu\",\"description\":\"\",\"potentialAction\":[{\"@type\":\"SearchAction\",\"target\":{\"@type\":\"EntryPoint\",\"urlTemplate\":\"https:\/\/fluterm.eu\/?s={search_term_string}\"},\"query-input\":\"required name=search_term_string\"}],\"inLanguage\":\"fr-FR\"}]}<\/script>\n<!-- \/ Yoast SEO plugin. -->","yoast_head_json":{"title":"Collecteur de chauffage au sol avec groupe de pompes et vannes \u2013 ibo amg \u2013 12 circuits","description":"Order Collecteur de chauffage au sol avec groupe de pompes et vannes \u2013 ibo amg \u2013 12 circuits at a best price.","robots":{"index":"index","follow":"follow","max-snippet":"max-snippet:-1","max-image-preview":"max-image-preview:large","max-video-preview":"max-video-preview:-1"},"canonical":"https:\/\/fluterm.eu\/fr\/prod\/collecteur-de-chauffage-au-sol-avec-groupe-de-pompes-et-vannes-ibo-amg-12-circuits\/","og_locale":"fr_FR","og_type":"article","og_title":"Collecteur de chauffage au sol avec groupe de pompes et vannes \u2013 ibo amg \u2013 12 circuits","og_description":"Order Collecteur de chauffage au sol avec groupe de pompes et vannes \u2013 ibo amg \u2013 12 circuits at a best price.","og_url":"https:\/\/fluterm.eu\/fr\/prod\/collecteur-de-chauffage-au-sol-avec-groupe-de-pompes-et-vannes-ibo-amg-12-circuits\/","og_site_name":"fluterm.eu","og_image":[{"width":2000,"height":2000,"url":"https:\/\/fluterm.eu\/wp-content\/uploads\/2023\/06\/PROD-85.jpeg","type":"image\/jpeg"}],"twitter_card":"summary_large_image","twitter_misc":{"Dur\u00e9e de lecture estim\u00e9e":"3 minutes"},"schema":{"@context":"https:\/\/schema.org","@graph":[{"@type":"WebPage","@id":"https:\/\/fluterm.eu\/fr\/prod\/collecteur-de-chauffage-au-sol-avec-groupe-de-pompes-et-vannes-ibo-amg-12-circuits\/","url":"https:\/\/fluterm.eu\/fr\/prod\/collecteur-de-chauffage-au-sol-avec-groupe-de-pompes-et-vannes-ibo-amg-12-circuits\/","name":"Collecteur de chauffage au sol avec groupe de pompes et vannes \u2013 ibo amg \u2013 12 circuits","isPartOf":{"@id":"https:\/\/fluterm.eu\/#website"},"datePublished":"2023-06-10T11:51:05+00:00","dateModified":"2023-06-10T11:51:05+00:00","description":"Order Collecteur de chauffage au sol avec groupe de pompes et vannes \u2013 ibo amg \u2013 12 circuits at a best price.","breadcrumb":{"@id":"https:\/\/fluterm.eu\/fr\/prod\/collecteur-de-chauffage-au-sol-avec-groupe-de-pompes-et-vannes-ibo-amg-12-circuits\/#breadcrumb"},"inLanguage":"fr-FR","potentialAction":[{"@type":"ReadAction","target":["https:\/\/fluterm.eu\/fr\/prod\/collecteur-de-chauffage-au-sol-avec-groupe-de-pompes-et-vannes-ibo-amg-12-circuits\/"]}]},{"@type":"BreadcrumbList","@id":"https:\/\/fluterm.eu\/fr\/prod\/collecteur-de-chauffage-au-sol-avec-groupe-de-pompes-et-vannes-ibo-amg-12-circuits\/#breadcrumb","itemListElement":[{"@type":"ListItem","position":1,"name":"Home","item":"https:\/\/fluterm.eu\/fr\/boutique\/"},{"@type":"ListItem","position":2,"name":"Boutique","item":"https:\/\/fluterm.eu\/fr\/boutique\/"},{"@type":"ListItem","position":3,"name":"Collecteur de chauffage au sol avec groupe de pompes et vannes \u2013 ibo amg \u2013 12 circuits"}]},{"@type":"WebSite","@id":"https:\/\/fluterm.eu\/#website","url":"https:\/\/fluterm.eu\/","name":"fluterm.eu","description":"","potentialAction":[{"@type":"SearchAction","target":{"@type":"EntryPoint","urlTemplate":"https:\/\/fluterm.eu\/?s={search_term_string}"},"query-input":"required name=search_term_string"}],"inLanguage":"fr-FR"}]}},"_links":{"self":[{"href":"https:\/\/fluterm.eu\/fr\/wp-json\/wp\/v2\/product\/14668","targetHints":{"allow":["GET"]}}],"collection":[{"href":"https:\/\/fluterm.eu\/fr\/wp-json\/wp\/v2\/product"}],"about":[{"href":"https:\/\/fluterm.eu\/fr\/wp-json\/wp\/v2\/types\/product"}],"replies":[{"embeddable":true,"href":"https:\/\/fluterm.eu\/fr\/wp-json\/wp\/v2\/comments?post=14668"}],"version-history":[{"count":0,"href":"https:\/\/fluterm.eu\/fr\/wp-json\/wp\/v2\/product\/14668\/revisions"}],"wp:featuredmedia":[{"embeddable":true,"href":"https:\/\/fluterm.eu\/fr\/wp-json\/wp\/v2\/media\/3072"}],"wp:attachment":[{"href":"https:\/\/fluterm.eu\/fr\/wp-json\/wp\/v2\/media?parent=14668"}],"wp:term":[{"taxonomy":"product_cat","embeddable":true,"href":"https:\/\/fluterm.eu\/fr\/wp-json\/wp\/v2\/product_cat?post=14668"},{"taxonomy":"product_tag","embeddable":true,"href":"https:\/\/fluterm.eu\/fr\/wp-json\/wp\/v2\/product_tag?post=14668"}],"curies":[{"name":"wp","href":"https:\/\/api.w.org\/{rel}","templated":true}]}}