{"id":14831,"date":"2023-06-10T14:51:05","date_gmt":"2023-06-10T11:51:05","guid":{"rendered":"https:\/\/fluterm.eu\/prod\/rehau-forfait-chauffage-au-sol-100m2\/"},"modified":"2023-06-10T14:51:05","modified_gmt":"2023-06-10T11:51:05","slug":"rehau-pex-a-un-ensemble-complet-de-chauffage-par-sous-sol-100m2","status":"publish","type":"product","link":"https:\/\/fluterm.eu\/fr\/prod\/rehau-pex-a-un-ensemble-complet-de-chauffage-par-sous-sol-100m2\/","title":{"rendered":"REHAU Forfait Chauffage au Sol 100m2"},"content":{"rendered":"<div>La cr\u00e9ation d&rsquo;un syst\u00e8me de chauffage par le sol parfait pour votre maison ou vos locaux commerciaux n&rsquo;est qu&rsquo;une \u00e9tape avec notre syst\u00e8me complet de chauffage par le sol \u00e0 l&rsquo;eau chaude. Avec une longueur de tuyau suffisante pour couvrir 100m\u00b2, il dispose de tous les produits et pi\u00e8ces de haute qualit\u00e9 que vous \u00eates en droit d&rsquo;attendre.<\/div>\n<div><\/div>\n<p>Le syst\u00e8me de chauffage par le sol Pipe &amp; Clip est simple \u00e0 installer, le tuyau de la couche Pex est clips\u00e9 dans la couche d&rsquo;isolation avant que la chape ne soit appliqu\u00e9e \u00e0 la truelle ou que la chape liquide ne soit vers\u00e9e.<\/p>\n<div>Nous recommandons toujours de couper le tuyau avec pr\u00e9cision et de l&rsquo;al\u00e9ser afin d&rsquo;assurer une bonne connexion avec les raccords et d&rsquo;\u00e9viter les fuites.<\/div>\n<div><\/div>\n<div><b>Kit de chauffage &#8211; 100.0m\u00b2 :<\/b><\/div>\n<div><\/div>\n<div>\n<ul>\n<li>800 m\u00e8tres de tuyau 17mm rehau rautherm peu-a(le meilleur tuyau)<\/li>\n<li>Pompe ibo amg \u00e0 faible consommation d&rsquo;\u00e9nergie et vanne de m\u00e9lange automatique Thermomix<\/li>\n<li>Manifold 10 ports &#8211; Laiton nickel\u00e9 de haute qualit\u00e9 avec assemblage de manifold dualmix<\/li>\n<li>2 x vannes de vidange\/remplissage d&rsquo;eau<\/li>\n<li>2 x robinets \u00e0 boule thermom\u00e9triques<\/li>\n<li>2 x Vannes de purge automatique<\/li>\n<li>20 x 17mm Connecteurs de tuyaux (Eurocone)<\/li>\n<li>3000 pcs High Grip Pipe Clips<\/li>\n<li>Isolation des bords 70m<\/li>\n<li>Feuille d&rsquo;aluminium de 100m2<\/li>\n<\/ul>\n<p>Couverture du sol : 100.0m\u00b2 &#8211; 120.0m\u00b2<br \/>\n&#8211; 100,0m\u00b2 @ 150mm d&rsquo;espacement pour les zones \u00e0 forte d\u00e9perdition de chaleur (v\u00e9randas)<br \/>\n&#8211; 120,0m\u00b2 @ 200mm d&rsquo;espacement pour le chauffage principal (salon, salle de bain, chambres)<\/p>\n<\/div>\n","protected":false},"excerpt":{"rendered":"<p>La cr\u00e9ation d&rsquo;un syst\u00e8me de chauffage par le sol parfait pour votre maison ou vos locaux commerciaux n&rsquo;est qu&rsquo;une \u00e9tape avec notre syst\u00e8me complet de chauffage par le sol \u00e0 l&rsquo;eau chaude. Avec une longueur de tuyau suffisante pour couvrir 100m\u00b2, il dispose de tous les produits et pi\u00e8ces de haute qualit\u00e9 que vous \u00eates&hellip;<\/p>\n","protected":false},"featured_media":12478,"comment_status":"open","ping_status":"closed","template":"","meta":[],"product_cat":[882],"product_tag":[],"class_list":{"0":"post-14831","1":"product","2":"type-product","3":"status-publish","4":"has-post-thumbnail","6":"product_cat-packages-complets-de-chauffage-par-le-sol","8":"first","9":"instock","10":"sale","11":"taxable","12":"shipping-taxable","13":"purchasable","14":"product-type-simple","15":"col-xs-6 col-sm-4","16":"col-md-4 col-lg-4","17":"un-3-cols"},"acf":[],"yoast_head":"<!-- This site is optimized with the Yoast SEO plugin v21.2 - https:\/\/yoast.com\/wordpress\/plugins\/seo\/ -->\n<title>REHAU Forfait Chauffage au Sol 100m2<\/title>\n<meta name=\"description\" content=\"Order REHAU Forfait Chauffage au Sol 100m2 at a best price.\" \/>\n<meta name=\"robots\" content=\"index, follow, max-snippet:-1, max-image-preview:large, max-video-preview:-1\" \/>\n<link rel=\"canonical\" href=\"https:\/\/fluterm.eu\/fr\/prod\/rehau-forfait-chauffage-au-sol-100m2\/\" \/>\n<meta property=\"og:locale\" content=\"fr_FR\" \/>\n<meta property=\"og:type\" content=\"article\" \/>\n<meta property=\"og:title\" content=\"REHAU Forfait Chauffage au Sol 100m2\" \/>\n<meta property=\"og:description\" content=\"Order REHAU Forfait Chauffage au Sol 100m2 at a best price.\" \/>\n<meta property=\"og:url\" content=\"https:\/\/fluterm.eu\/fr\/prod\/rehau-forfait-chauffage-au-sol-100m2\/\" \/>\n<meta property=\"og:site_name\" content=\"fluterm.eu\" \/>\n<meta property=\"og:image\" content=\"https:\/\/fluterm.eu\/wp-content\/uploads\/2023\/08\/61C3F3E1-9C0D-4E2C-947E-EA55D85A60BC.jpeg\" \/>\n\t<meta property=\"og:image:width\" content=\"1150\" \/>\n\t<meta property=\"og:image:height\" content=\"2048\" \/>\n\t<meta property=\"og:image:type\" content=\"image\/jpeg\" \/>\n<meta name=\"twitter:card\" content=\"summary_large_image\" \/>\n<meta name=\"twitter:label1\" content=\"Dur\u00e9e de lecture estim\u00e9e\" \/>\n\t<meta name=\"twitter:data1\" content=\"1 minute\" \/>\n<script type=\"application\/ld+json\" class=\"yoast-schema-graph\">{\"@context\":\"https:\/\/schema.org\",\"@graph\":[{\"@type\":\"WebPage\",\"@id\":\"https:\/\/fluterm.eu\/fr\/prod\/rehau-forfait-chauffage-au-sol-100m2\/\",\"url\":\"https:\/\/fluterm.eu\/fr\/prod\/rehau-forfait-chauffage-au-sol-100m2\/\",\"name\":\"REHAU Forfait Chauffage au Sol 100m2\",\"isPartOf\":{\"@id\":\"https:\/\/fluterm.eu\/#website\"},\"datePublished\":\"2023-06-10T11:51:05+00:00\",\"dateModified\":\"2023-06-10T11:51:05+00:00\",\"description\":\"Order REHAU Forfait Chauffage au Sol 100m2 at a best price.\",\"breadcrumb\":{\"@id\":\"https:\/\/fluterm.eu\/fr\/prod\/rehau-forfait-chauffage-au-sol-100m2\/#breadcrumb\"},\"inLanguage\":\"fr-FR\",\"potentialAction\":[{\"@type\":\"ReadAction\",\"target\":[\"https:\/\/fluterm.eu\/fr\/prod\/rehau-forfait-chauffage-au-sol-100m2\/\"]}]},{\"@type\":\"BreadcrumbList\",\"@id\":\"https:\/\/fluterm.eu\/fr\/prod\/rehau-forfait-chauffage-au-sol-100m2\/#breadcrumb\",\"itemListElement\":[{\"@type\":\"ListItem\",\"position\":1,\"name\":\"Home\",\"item\":\"https:\/\/fluterm.eu\/fr\/boutique\/\"},{\"@type\":\"ListItem\",\"position\":2,\"name\":\"Boutique\",\"item\":\"https:\/\/fluterm.eu\/fr\/boutique\/\"},{\"@type\":\"ListItem\",\"position\":3,\"name\":\"REHAU Forfait Chauffage au Sol 100m2\"}]},{\"@type\":\"WebSite\",\"@id\":\"https:\/\/fluterm.eu\/#website\",\"url\":\"https:\/\/fluterm.eu\/\",\"name\":\"fluterm.eu\",\"description\":\"\",\"potentialAction\":[{\"@type\":\"SearchAction\",\"target\":{\"@type\":\"EntryPoint\",\"urlTemplate\":\"https:\/\/fluterm.eu\/?s={search_term_string}\"},\"query-input\":\"required name=search_term_string\"}],\"inLanguage\":\"fr-FR\"}]}<\/script>\n<!-- \/ Yoast SEO plugin. -->","yoast_head_json":{"title":"REHAU Forfait Chauffage au Sol 100m2","description":"Order REHAU Forfait Chauffage au Sol 100m2 at a best price.","robots":{"index":"index","follow":"follow","max-snippet":"max-snippet:-1","max-image-preview":"max-image-preview:large","max-video-preview":"max-video-preview:-1"},"canonical":"https:\/\/fluterm.eu\/fr\/prod\/rehau-forfait-chauffage-au-sol-100m2\/","og_locale":"fr_FR","og_type":"article","og_title":"REHAU Forfait Chauffage au Sol 100m2","og_description":"Order REHAU Forfait Chauffage au Sol 100m2 at a best price.","og_url":"https:\/\/fluterm.eu\/fr\/prod\/rehau-forfait-chauffage-au-sol-100m2\/","og_site_name":"fluterm.eu","og_image":[{"width":1150,"height":2048,"url":"https:\/\/fluterm.eu\/wp-content\/uploads\/2023\/08\/61C3F3E1-9C0D-4E2C-947E-EA55D85A60BC.jpeg","type":"image\/jpeg"}],"twitter_card":"summary_large_image","twitter_misc":{"Dur\u00e9e de lecture estim\u00e9e":"1 minute"},"schema":{"@context":"https:\/\/schema.org","@graph":[{"@type":"WebPage","@id":"https:\/\/fluterm.eu\/fr\/prod\/rehau-forfait-chauffage-au-sol-100m2\/","url":"https:\/\/fluterm.eu\/fr\/prod\/rehau-forfait-chauffage-au-sol-100m2\/","name":"REHAU Forfait Chauffage au Sol 100m2","isPartOf":{"@id":"https:\/\/fluterm.eu\/#website"},"datePublished":"2023-06-10T11:51:05+00:00","dateModified":"2023-06-10T11:51:05+00:00","description":"Order REHAU Forfait Chauffage au Sol 100m2 at a best price.","breadcrumb":{"@id":"https:\/\/fluterm.eu\/fr\/prod\/rehau-forfait-chauffage-au-sol-100m2\/#breadcrumb"},"inLanguage":"fr-FR","potentialAction":[{"@type":"ReadAction","target":["https:\/\/fluterm.eu\/fr\/prod\/rehau-forfait-chauffage-au-sol-100m2\/"]}]},{"@type":"BreadcrumbList","@id":"https:\/\/fluterm.eu\/fr\/prod\/rehau-forfait-chauffage-au-sol-100m2\/#breadcrumb","itemListElement":[{"@type":"ListItem","position":1,"name":"Home","item":"https:\/\/fluterm.eu\/fr\/boutique\/"},{"@type":"ListItem","position":2,"name":"Boutique","item":"https:\/\/fluterm.eu\/fr\/boutique\/"},{"@type":"ListItem","position":3,"name":"REHAU Forfait Chauffage au Sol 100m2"}]},{"@type":"WebSite","@id":"https:\/\/fluterm.eu\/#website","url":"https:\/\/fluterm.eu\/","name":"fluterm.eu","description":"","potentialAction":[{"@type":"SearchAction","target":{"@type":"EntryPoint","urlTemplate":"https:\/\/fluterm.eu\/?s={search_term_string}"},"query-input":"required name=search_term_string"}],"inLanguage":"fr-FR"}]}},"_links":{"self":[{"href":"https:\/\/fluterm.eu\/fr\/wp-json\/wp\/v2\/product\/14831","targetHints":{"allow":["GET"]}}],"collection":[{"href":"https:\/\/fluterm.eu\/fr\/wp-json\/wp\/v2\/product"}],"about":[{"href":"https:\/\/fluterm.eu\/fr\/wp-json\/wp\/v2\/types\/product"}],"replies":[{"embeddable":true,"href":"https:\/\/fluterm.eu\/fr\/wp-json\/wp\/v2\/comments?post=14831"}],"version-history":[{"count":0,"href":"https:\/\/fluterm.eu\/fr\/wp-json\/wp\/v2\/product\/14831\/revisions"}],"wp:featuredmedia":[{"embeddable":true,"href":"https:\/\/fluterm.eu\/fr\/wp-json\/wp\/v2\/media\/12478"}],"wp:attachment":[{"href":"https:\/\/fluterm.eu\/fr\/wp-json\/wp\/v2\/media?parent=14831"}],"wp:term":[{"taxonomy":"product_cat","embeddable":true,"href":"https:\/\/fluterm.eu\/fr\/wp-json\/wp\/v2\/product_cat?post=14831"},{"taxonomy":"product_tag","embeddable":true,"href":"https:\/\/fluterm.eu\/fr\/wp-json\/wp\/v2\/product_tag?post=14831"}],"curies":[{"name":"wp","href":"https:\/\/api.w.org\/{rel}","templated":true}]}}