{"id":15218,"date":"2023-07-12T21:24:42","date_gmt":"2023-07-12T18:24:42","guid":{"rendered":"https:\/\/fluterm.eu\/prod\/pompe-a-chaleur-hidrotank-air-eau-mitsubishi-electric-zubadan-ecodan-erst20c-vm2dpuhz-shw80vaa-8-kw-modele-compact\/"},"modified":"2023-07-12T21:24:42","modified_gmt":"2023-07-12T18:24:42","slug":"pompe-a-chaleur-hidrotank-air-eau-mitsubishi-electric-zubadan-ecodan-erst20c-vm2dpuhz-shw80vaa-8-kw-compact-model","status":"publish","type":"product","link":"https:\/\/fluterm.eu\/fr\/prod\/pompe-a-chaleur-hidrotank-air-eau-mitsubishi-electric-zubadan-ecodan-erst20c-vm2dpuhz-shw80vaa-8-kw-compact-model\/","title":{"rendered":"Pompe \u00e0 chaleur Hidrotank air-eau Mitsubishi Electric Zubadan Ecodan ERST20C-VM2D+PUHZ-SHW80VAA 8 kW &#8211; mod\u00e8le compact"},"content":{"rendered":"<p><strong>Pompe \u00e0 chaleur Hidrotank air-eau Mitsubishi Electric Zubadan Ecodan ERST20C-VM2D+PUHZ-SHW80VAA 8 kW &#8211; mod\u00e8le compact<\/strong><br \/>\n<strong>Alimentation \u00e9lectrique monophas\u00e9e<\/strong><br \/>\n<strong>Faible niveau sonore (-10dB par rapport au mod\u00e8le pr\u00e9c\u00e9dent)<\/strong><br \/>\n<strong>Nouveau design compact<\/strong><br \/>\n<strong>Haute performance gr\u00e2ce au nouveau compresseur<\/strong><br \/>\n<strong>Am\u00e9lioration du drainage<\/strong><br \/>\n<strong>Fonctionnement garanti \u00e0 -28 degr\u00e9s Celsius<\/strong><br \/>\n<strong>100% de la capacit\u00e9 de chauffage \u00e0 -15 degr\u00e9s Celsius<\/strong><br \/>\nCaract\u00e9ristiques principales :<\/p>\n<p>Mitsubishi Zubadan peut assurer 3 fonctions : le chauffage, le refroidissement et la pr\u00e9paration d&rsquo;eau chaude pour la consommation.<br \/>\nMod\u00e8le de type split ne pr\u00e9sentant pas de risque de gel (n\u00e9cessite unit\u00e9 externe + unit\u00e9 interne)<br \/>\nFonctionnement en mode chauffage jusqu&rsquo;\u00e0 -25\u00b0C<br \/>\nLa temp\u00e9rature maximale de l&rsquo;agent thermique est de 60\u00b0C.<br \/>\nCapacit\u00e9 de chauffage constante jusqu&rsquo;\u00e0 -15\u00b0C<br \/>\nCompresseur Mitsubishi Scroll inverter (R410A) avec fonction Flash Injection pour des distances jusqu&rsquo;\u00e0 30m<br \/>\nFacilit\u00e9 d&rsquo;installation, faible encombrement, construction compacte<br \/>\nEfficacit\u00e9 \u00e9lev\u00e9e gr\u00e2ce \u00e0 des composants performants, classe \u00e9nerg\u00e9tique A++.<\/p>\n<p>Les pompes \u00e0 chaleur, sources thermiques renouvelables, ont un rendement \u00e9nerg\u00e9tique sup\u00e9rieur de 60 % \u00e0 celui des syst\u00e8mes de combustion traditionnels ; elles n&rsquo;\u00e9mettent pas de CO2 sur le site d&rsquo;installation ; elles utilisent l&rsquo;\u00e9nergie renouvelable de l&rsquo;air.<br \/>\nLa pompe \u00e0 chaleur est une machine \u00e9lectrique bas\u00e9e sur le cycle thermodynamique du fluide frigorig\u00e8ne, qui transf\u00e8re la chaleur d&rsquo;un environnement \u00e0 basse temp\u00e9rature vers un environnement \u00e0 temp\u00e9rature plus \u00e9lev\u00e9e.<br \/>\nLes syst\u00e8mes de pompes \u00e0 chaleur Ecodan\u00ae garantissent des performances \u00e9nerg\u00e9tiques \u00e9lev\u00e9es, m\u00eame \u00e0 basse temp\u00e9rature. Tous les dispositifs externes sont capables d&rsquo;augmenter la temp\u00e9rature par cycle jusqu&rsquo;\u00e0 60\u00b0C, afin de permettre une accumulation rapide et efficace d&rsquo;eau chaude domestique.<br \/>\nLa haute efficacit\u00e9 \u00e9nerg\u00e9tique des pompes \u00e0 chaleur Ecodan\u00ae est possible gr\u00e2ce \u00e0 la technologie de pointe pr\u00e9sente dans chaque composant de la pompe \u00e0 chaleur. Par exemple, gr\u00e2ce au dispositif exclusif \u00ab\u00a0Flash Injection\u00a0\u00bb, les unit\u00e9s ext\u00e9rieures de la s\u00e9rie Zubadan maintiennent une capacit\u00e9 de d\u00e9bit d&rsquo;air constante jusqu&rsquo;\u00e0 -15\u00b0C.<\/p>\n<p><strong>Des syst\u00e8mes de chauffage de pointe \u00e9conomiques et \u00e9cologiques<\/strong><br \/>\nA la fois \u00e9conomiques et respectueuses de l&rsquo;environnement, les pompes \u00e0 chaleur ecodan de Mitsubishi Electric int\u00e8grent un syst\u00e8me de pompe \u00e0 chaleur tr\u00e8s efficace qui r\u00e9cup\u00e8re la \u00ab\u00a0chaleur de l&rsquo;air\u00a0\u00bb, une source d&rsquo;\u00e9nergie renouvelable. Ils sont \u00e9quip\u00e9s de syst\u00e8mes de contr\u00f4le avanc\u00e9s qui assurent un ajustement m\u00e9ticuleux de la temp\u00e9rature, garantissant ainsi un chauffage confortable, tout en \u00e9conomisant de l&rsquo;espace gr\u00e2ce \u00e0 l&rsquo;utilisation d&rsquo;unit\u00e9s int\u00e9rieures \u00ab\u00a0tout-en-un\u00a0\u00bb faciles \u00e0 installer. Les \u00e9conomies d&rsquo;\u00e9nergie, le confort \u00e9lev\u00e9 et la simplicit\u00e9 d&rsquo;installation ont amen\u00e9 les syst\u00e8mes de chauffage ecodan au centre de la sc\u00e8ne des pompes \u00e0 chaleur.<\/p>\n<p>La fonctionnalit\u00e9 fournie par ecodan couvre les besoins de chauffage, de pr\u00e9paration d&rsquo;eau chaude sanitaire, ainsi que de refroidissement. Le refroidissement peut \u00eatre assur\u00e9 par des ventilo-convecteurs, des murs et plafonds rayonnants dans le cas des unit\u00e9s split et monobloc, ou par des unit\u00e9s de climatisation int\u00e9rieure dans le cas des syst\u00e8mes hybrides.<\/p>\n<p><strong>S\u00e9rie Zubadan<\/strong><br \/>\nIl est \u00e9quip\u00e9 du circuit d&rsquo;injection Flash d\u00e9velopp\u00e9 par Mitsubishi Electric, compos\u00e9 d&rsquo;un circuit de d\u00e9rivation et d&rsquo;un \u00e9changeur de chaleur (HIC). L&rsquo;\u00e9changeur de chaleur transforme le r\u00e9frig\u00e9rant liquide, d\u00e9tourn\u00e9 par le circuit de d\u00e9rivation, en un \u00e9tat gaz-liquide afin de r\u00e9duire la charge du compresseur. Ce processus garantit d&rsquo;excellentes performances de chauffage, m\u00eame lorsque la temp\u00e9rature ext\u00e9rieure est tr\u00e8s basse. Dans les unit\u00e9s traditionnelles, lorsque la temp\u00e9rature ext\u00e9rieure baisse, le volume de r\u00e9frig\u00e9rant circulant dans le compresseur diminue en raison de la baisse de la pression du r\u00e9frig\u00e9rant et de la protection contre la surchauffe caus\u00e9e par une compression \u00e9lev\u00e9e, ce qui entra\u00eene une diminution de la capacit\u00e9 de chauffage. Le circuit d&rsquo;injection Flash injecte du r\u00e9frig\u00e9rant pour maintenir le volume de r\u00e9frig\u00e9rant en circulation ainsi que la charge du compresseur, ce qui permet de maintenir la capacit\u00e9 de chauffage.<\/p>\n","protected":false},"excerpt":{"rendered":"<p>Pompe \u00e0 chaleur Hidrotank air-eau Mitsubishi Electric Zubadan Ecodan ERST20C-VM2D+PUHZ-SHW80VAA 8 kW &#8211; mod\u00e8le compact Alimentation \u00e9lectrique monophas\u00e9e Faible niveau sonore (-10dB par rapport au mod\u00e8le pr\u00e9c\u00e9dent) Nouveau design compact Haute performance gr\u00e2ce au nouveau compresseur Am\u00e9lioration du drainage Fonctionnement garanti \u00e0 -28 degr\u00e9s Celsius 100% de la capacit\u00e9 de chauffage \u00e0 -15 degr\u00e9s Celsius&hellip;<\/p>\n","protected":false},"featured_media":12820,"comment_status":"open","ping_status":"closed","template":"","meta":[],"product_cat":[1006],"product_tag":[],"class_list":{"0":"post-15218","1":"product","2":"type-product","3":"status-publish","4":"has-post-thumbnail","6":"product_cat-pompes-a-chaleur","8":"first","9":"instock","10":"taxable","11":"shipping-taxable","12":"purchasable","13":"product-type-simple","14":"col-xs-6 col-sm-4","15":"col-md-4 col-lg-4","16":"un-3-cols"},"acf":[],"yoast_head":"<!-- This site is optimized with the Yoast SEO plugin v21.2 - https:\/\/yoast.com\/wordpress\/plugins\/seo\/ -->\n<title>Pompe \u00e0 chaleur Hidrotank air-eau Mitsubishi Electric Zubadan Ecodan ERST20C-VM2D+PUHZ-SHW80VAA 8 kW - mod\u00e8le compact<\/title>\n<meta name=\"description\" content=\"Order Pompe \u00e0 chaleur Hidrotank air-eau Mitsubishi Electric Zubadan Ecodan ERST20C-VM2D+PUHZ-SHW80VAA 8 kW - mod\u00e8le compact at a best price.\" \/>\n<meta name=\"robots\" content=\"index, follow, max-snippet:-1, max-image-preview:large, max-video-preview:-1\" \/>\n<link rel=\"canonical\" href=\"https:\/\/fluterm.eu\/fr\/prod\/pompe-a-chaleur-hidrotank-air-eau-mitsubishi-electric-zubadan-ecodan-erst20c-vm2dpuhz-shw80vaa-8-kw-modele-compact\/\" \/>\n<meta property=\"og:locale\" content=\"fr_FR\" \/>\n<meta property=\"og:type\" content=\"article\" \/>\n<meta property=\"og:title\" content=\"Pompe \u00e0 chaleur Hidrotank air-eau Mitsubishi Electric Zubadan Ecodan ERST20C-VM2D+PUHZ-SHW80VAA 8 kW - mod\u00e8le compact\" \/>\n<meta property=\"og:description\" content=\"Order Pompe \u00e0 chaleur Hidrotank air-eau Mitsubishi Electric Zubadan Ecodan ERST20C-VM2D+PUHZ-SHW80VAA 8 kW - mod\u00e8le compact at a best price.\" \/>\n<meta property=\"og:url\" content=\"https:\/\/fluterm.eu\/fr\/prod\/pompe-a-chaleur-hidrotank-air-eau-mitsubishi-electric-zubadan-ecodan-erst20c-vm2dpuhz-shw80vaa-8-kw-modele-compact\/\" \/>\n<meta property=\"og:site_name\" content=\"fluterm.eu\" \/>\n<meta name=\"twitter:card\" content=\"summary_large_image\" \/>\n<meta name=\"twitter:label1\" content=\"Dur\u00e9e de lecture estim\u00e9e\" \/>\n\t<meta name=\"twitter:data1\" content=\"3 minutes\" \/>\n<script type=\"application\/ld+json\" class=\"yoast-schema-graph\">{\"@context\":\"https:\/\/schema.org\",\"@graph\":[{\"@type\":\"WebPage\",\"@id\":\"https:\/\/fluterm.eu\/fr\/prod\/pompe-a-chaleur-hidrotank-air-eau-mitsubishi-electric-zubadan-ecodan-erst20c-vm2dpuhz-shw80vaa-8-kw-modele-compact\/\",\"url\":\"https:\/\/fluterm.eu\/fr\/prod\/pompe-a-chaleur-hidrotank-air-eau-mitsubishi-electric-zubadan-ecodan-erst20c-vm2dpuhz-shw80vaa-8-kw-modele-compact\/\",\"name\":\"Pompe \u00e0 chaleur Hidrotank air-eau Mitsubishi Electric Zubadan Ecodan ERST20C-VM2D+PUHZ-SHW80VAA 8 kW - mod\u00e8le compact\",\"isPartOf\":{\"@id\":\"https:\/\/fluterm.eu\/#website\"},\"datePublished\":\"2023-07-12T18:24:42+00:00\",\"dateModified\":\"2023-07-12T18:24:42+00:00\",\"description\":\"Order Pompe \u00e0 chaleur Hidrotank air-eau Mitsubishi Electric Zubadan Ecodan ERST20C-VM2D+PUHZ-SHW80VAA 8 kW - mod\u00e8le compact at a best price.\",\"breadcrumb\":{\"@id\":\"https:\/\/fluterm.eu\/fr\/prod\/pompe-a-chaleur-hidrotank-air-eau-mitsubishi-electric-zubadan-ecodan-erst20c-vm2dpuhz-shw80vaa-8-kw-modele-compact\/#breadcrumb\"},\"inLanguage\":\"fr-FR\",\"potentialAction\":[{\"@type\":\"ReadAction\",\"target\":[\"https:\/\/fluterm.eu\/fr\/prod\/pompe-a-chaleur-hidrotank-air-eau-mitsubishi-electric-zubadan-ecodan-erst20c-vm2dpuhz-shw80vaa-8-kw-modele-compact\/\"]}]},{\"@type\":\"BreadcrumbList\",\"@id\":\"https:\/\/fluterm.eu\/fr\/prod\/pompe-a-chaleur-hidrotank-air-eau-mitsubishi-electric-zubadan-ecodan-erst20c-vm2dpuhz-shw80vaa-8-kw-modele-compact\/#breadcrumb\",\"itemListElement\":[{\"@type\":\"ListItem\",\"position\":1,\"name\":\"Home\",\"item\":\"https:\/\/fluterm.eu\/fr\/boutique\/\"},{\"@type\":\"ListItem\",\"position\":2,\"name\":\"Boutique\",\"item\":\"https:\/\/fluterm.eu\/fr\/boutique\/\"},{\"@type\":\"ListItem\",\"position\":3,\"name\":\"Pompe \u00e0 chaleur Hidrotank air-eau Mitsubishi Electric Zubadan Ecodan ERST20C-VM2D+PUHZ-SHW80VAA 8 kW &#8211; mod\u00e8le compact\"}]},{\"@type\":\"WebSite\",\"@id\":\"https:\/\/fluterm.eu\/#website\",\"url\":\"https:\/\/fluterm.eu\/\",\"name\":\"fluterm.eu\",\"description\":\"\",\"potentialAction\":[{\"@type\":\"SearchAction\",\"target\":{\"@type\":\"EntryPoint\",\"urlTemplate\":\"https:\/\/fluterm.eu\/?s={search_term_string}\"},\"query-input\":\"required name=search_term_string\"}],\"inLanguage\":\"fr-FR\"}]}<\/script>\n<!-- \/ Yoast SEO plugin. -->","yoast_head_json":{"title":"Pompe \u00e0 chaleur Hidrotank air-eau Mitsubishi Electric Zubadan Ecodan ERST20C-VM2D+PUHZ-SHW80VAA 8 kW - mod\u00e8le compact","description":"Order Pompe \u00e0 chaleur Hidrotank air-eau Mitsubishi Electric Zubadan Ecodan ERST20C-VM2D+PUHZ-SHW80VAA 8 kW - mod\u00e8le compact at a best price.","robots":{"index":"index","follow":"follow","max-snippet":"max-snippet:-1","max-image-preview":"max-image-preview:large","max-video-preview":"max-video-preview:-1"},"canonical":"https:\/\/fluterm.eu\/fr\/prod\/pompe-a-chaleur-hidrotank-air-eau-mitsubishi-electric-zubadan-ecodan-erst20c-vm2dpuhz-shw80vaa-8-kw-modele-compact\/","og_locale":"fr_FR","og_type":"article","og_title":"Pompe \u00e0 chaleur Hidrotank air-eau Mitsubishi Electric Zubadan Ecodan ERST20C-VM2D+PUHZ-SHW80VAA 8 kW - mod\u00e8le compact","og_description":"Order Pompe \u00e0 chaleur Hidrotank air-eau Mitsubishi Electric Zubadan Ecodan ERST20C-VM2D+PUHZ-SHW80VAA 8 kW - mod\u00e8le compact at a best price.","og_url":"https:\/\/fluterm.eu\/fr\/prod\/pompe-a-chaleur-hidrotank-air-eau-mitsubishi-electric-zubadan-ecodan-erst20c-vm2dpuhz-shw80vaa-8-kw-modele-compact\/","og_site_name":"fluterm.eu","twitter_card":"summary_large_image","twitter_misc":{"Dur\u00e9e de lecture estim\u00e9e":"3 minutes"},"schema":{"@context":"https:\/\/schema.org","@graph":[{"@type":"WebPage","@id":"https:\/\/fluterm.eu\/fr\/prod\/pompe-a-chaleur-hidrotank-air-eau-mitsubishi-electric-zubadan-ecodan-erst20c-vm2dpuhz-shw80vaa-8-kw-modele-compact\/","url":"https:\/\/fluterm.eu\/fr\/prod\/pompe-a-chaleur-hidrotank-air-eau-mitsubishi-electric-zubadan-ecodan-erst20c-vm2dpuhz-shw80vaa-8-kw-modele-compact\/","name":"Pompe \u00e0 chaleur Hidrotank air-eau Mitsubishi Electric Zubadan Ecodan ERST20C-VM2D+PUHZ-SHW80VAA 8 kW - mod\u00e8le compact","isPartOf":{"@id":"https:\/\/fluterm.eu\/#website"},"datePublished":"2023-07-12T18:24:42+00:00","dateModified":"2023-07-12T18:24:42+00:00","description":"Order Pompe \u00e0 chaleur Hidrotank air-eau Mitsubishi Electric Zubadan Ecodan ERST20C-VM2D+PUHZ-SHW80VAA 8 kW - mod\u00e8le compact at a best price.","breadcrumb":{"@id":"https:\/\/fluterm.eu\/fr\/prod\/pompe-a-chaleur-hidrotank-air-eau-mitsubishi-electric-zubadan-ecodan-erst20c-vm2dpuhz-shw80vaa-8-kw-modele-compact\/#breadcrumb"},"inLanguage":"fr-FR","potentialAction":[{"@type":"ReadAction","target":["https:\/\/fluterm.eu\/fr\/prod\/pompe-a-chaleur-hidrotank-air-eau-mitsubishi-electric-zubadan-ecodan-erst20c-vm2dpuhz-shw80vaa-8-kw-modele-compact\/"]}]},{"@type":"BreadcrumbList","@id":"https:\/\/fluterm.eu\/fr\/prod\/pompe-a-chaleur-hidrotank-air-eau-mitsubishi-electric-zubadan-ecodan-erst20c-vm2dpuhz-shw80vaa-8-kw-modele-compact\/#breadcrumb","itemListElement":[{"@type":"ListItem","position":1,"name":"Home","item":"https:\/\/fluterm.eu\/fr\/boutique\/"},{"@type":"ListItem","position":2,"name":"Boutique","item":"https:\/\/fluterm.eu\/fr\/boutique\/"},{"@type":"ListItem","position":3,"name":"Pompe \u00e0 chaleur Hidrotank air-eau Mitsubishi Electric Zubadan Ecodan ERST20C-VM2D+PUHZ-SHW80VAA 8 kW &#8211; mod\u00e8le compact"}]},{"@type":"WebSite","@id":"https:\/\/fluterm.eu\/#website","url":"https:\/\/fluterm.eu\/","name":"fluterm.eu","description":"","potentialAction":[{"@type":"SearchAction","target":{"@type":"EntryPoint","urlTemplate":"https:\/\/fluterm.eu\/?s={search_term_string}"},"query-input":"required name=search_term_string"}],"inLanguage":"fr-FR"}]}},"_links":{"self":[{"href":"https:\/\/fluterm.eu\/fr\/wp-json\/wp\/v2\/product\/15218","targetHints":{"allow":["GET"]}}],"collection":[{"href":"https:\/\/fluterm.eu\/fr\/wp-json\/wp\/v2\/product"}],"about":[{"href":"https:\/\/fluterm.eu\/fr\/wp-json\/wp\/v2\/types\/product"}],"replies":[{"embeddable":true,"href":"https:\/\/fluterm.eu\/fr\/wp-json\/wp\/v2\/comments?post=15218"}],"version-history":[{"count":0,"href":"https:\/\/fluterm.eu\/fr\/wp-json\/wp\/v2\/product\/15218\/revisions"}],"wp:featuredmedia":[{"embeddable":true,"href":"https:\/\/fluterm.eu\/fr\/wp-json\/wp\/v2\/media\/12820"}],"wp:attachment":[{"href":"https:\/\/fluterm.eu\/fr\/wp-json\/wp\/v2\/media?parent=15218"}],"wp:term":[{"taxonomy":"product_cat","embeddable":true,"href":"https:\/\/fluterm.eu\/fr\/wp-json\/wp\/v2\/product_cat?post=15218"},{"taxonomy":"product_tag","embeddable":true,"href":"https:\/\/fluterm.eu\/fr\/wp-json\/wp\/v2\/product_tag?post=15218"}],"curies":[{"name":"wp","href":"https:\/\/api.w.org\/{rel}","templated":true}]}}