{"id":15428,"date":"2023-07-14T22:05:09","date_gmt":"2023-07-14T19:05:09","guid":{"rendered":"https:\/\/fluterm.eu\/prod\/manifold-laiton-9-circuits-pexal-pipe-16x2-pour-radiateurs-entierement-equipe\/"},"modified":"2023-07-14T22:05:09","modified_gmt":"2023-07-14T19:05:09","slug":"brass-manifold-set-9-circuits-pexal-pipe-16x2-pour-radiateurs-entierement-equipe","status":"publish","type":"product","link":"https:\/\/fluterm.eu\/fr\/prod\/brass-manifold-set-9-circuits-pexal-pipe-16x2-pour-radiateurs-entierement-equipe\/","title":{"rendered":"Manifold laiton 9 Circuits pexal pipe 16\u00d72 pour radiateurs enti\u00e8rement \u00e9quip\u00e9"},"content":{"rendered":"<ol>\n<li>collecteur<\/li>\n<li>supports muraux<\/li>\n<li>kit terminal avec purgeur d&rsquo;air automatique<\/li>\n<li>ballvalves<\/li>\n<li>eurocone 16&#215;2<\/li>\n<li>armoire m\u00e9tallique<\/li>\n<\/ol>\n","protected":false},"excerpt":{"rendered":"<p>collecteur supports muraux kit terminal avec purgeur d&rsquo;air automatique ballvalves eurocone 16&#215;2 armoire m\u00e9tallique<\/p>\n","protected":false},"featured_media":3534,"comment_status":"open","ping_status":"closed","template":"","meta":[],"product_cat":[1024],"product_tag":[],"class_list":{"0":"post-15428","1":"product","2":"type-product","3":"status-publish","4":"has-post-thumbnail","6":"product_cat-radiateurs-collecteurs","8":"first","9":"instock","10":"taxable","11":"shipping-taxable","12":"purchasable","13":"product-type-simple","14":"col-xs-6 col-sm-4","15":"col-md-4 col-lg-4","16":"un-3-cols"},"acf":[],"yoast_head":"<!-- This site is optimized with the Yoast SEO plugin v21.2 - https:\/\/yoast.com\/wordpress\/plugins\/seo\/ -->\n<title>Manifold laiton 9 Circuits pexal pipe 16\u00d72 pour radiateurs enti\u00e8rement \u00e9quip\u00e9<\/title>\n<meta name=\"description\" content=\"Order Manifold laiton 9 Circuits pexal pipe 16\u00d72 pour radiateurs enti\u00e8rement \u00e9quip\u00e9 at a best price.\" \/>\n<meta name=\"robots\" content=\"index, follow, max-snippet:-1, max-image-preview:large, max-video-preview:-1\" \/>\n<link rel=\"canonical\" href=\"https:\/\/fluterm.eu\/fr\/prod\/manifold-laiton-9-circuits-pexal-pipe-16x2-pour-radiateurs-entierement-equipe\/\" \/>\n<meta property=\"og:locale\" content=\"fr_FR\" \/>\n<meta property=\"og:type\" content=\"article\" \/>\n<meta property=\"og:title\" content=\"Manifold laiton 9 Circuits pexal pipe 16\u00d72 pour radiateurs enti\u00e8rement \u00e9quip\u00e9\" \/>\n<meta property=\"og:description\" content=\"Order Manifold laiton 9 Circuits pexal pipe 16\u00d72 pour radiateurs enti\u00e8rement \u00e9quip\u00e9 at a best price.\" \/>\n<meta property=\"og:url\" content=\"https:\/\/fluterm.eu\/fr\/prod\/manifold-laiton-9-circuits-pexal-pipe-16x2-pour-radiateurs-entierement-equipe\/\" \/>\n<meta property=\"og:site_name\" content=\"fluterm.eu\" \/>\n<meta property=\"og:image\" content=\"https:\/\/fluterm.eu\/wp-content\/uploads\/2023\/07\/C9763827-8AE0-487F-89F4-83AE4BA702F4.jpeg\" \/>\n\t<meta property=\"og:image:width\" content=\"2000\" \/>\n\t<meta property=\"og:image:height\" content=\"2000\" \/>\n\t<meta property=\"og:image:type\" content=\"image\/jpeg\" \/>\n<meta name=\"twitter:card\" content=\"summary_large_image\" \/>\n<script type=\"application\/ld+json\" class=\"yoast-schema-graph\">{\"@context\":\"https:\/\/schema.org\",\"@graph\":[{\"@type\":\"WebPage\",\"@id\":\"https:\/\/fluterm.eu\/fr\/prod\/manifold-laiton-9-circuits-pexal-pipe-16x2-pour-radiateurs-entierement-equipe\/\",\"url\":\"https:\/\/fluterm.eu\/fr\/prod\/manifold-laiton-9-circuits-pexal-pipe-16x2-pour-radiateurs-entierement-equipe\/\",\"name\":\"Manifold laiton 9 Circuits pexal pipe 16\u00d72 pour radiateurs enti\u00e8rement \u00e9quip\u00e9\",\"isPartOf\":{\"@id\":\"https:\/\/fluterm.eu\/#website\"},\"datePublished\":\"2023-07-14T19:05:09+00:00\",\"dateModified\":\"2023-07-14T19:05:09+00:00\",\"description\":\"Order Manifold laiton 9 Circuits pexal pipe 16\u00d72 pour radiateurs enti\u00e8rement \u00e9quip\u00e9 at a best price.\",\"breadcrumb\":{\"@id\":\"https:\/\/fluterm.eu\/fr\/prod\/manifold-laiton-9-circuits-pexal-pipe-16x2-pour-radiateurs-entierement-equipe\/#breadcrumb\"},\"inLanguage\":\"fr-FR\",\"potentialAction\":[{\"@type\":\"ReadAction\",\"target\":[\"https:\/\/fluterm.eu\/fr\/prod\/manifold-laiton-9-circuits-pexal-pipe-16x2-pour-radiateurs-entierement-equipe\/\"]}]},{\"@type\":\"BreadcrumbList\",\"@id\":\"https:\/\/fluterm.eu\/fr\/prod\/manifold-laiton-9-circuits-pexal-pipe-16x2-pour-radiateurs-entierement-equipe\/#breadcrumb\",\"itemListElement\":[{\"@type\":\"ListItem\",\"position\":1,\"name\":\"Home\",\"item\":\"https:\/\/fluterm.eu\/fr\/boutique\/\"},{\"@type\":\"ListItem\",\"position\":2,\"name\":\"Boutique\",\"item\":\"https:\/\/fluterm.eu\/fr\/boutique\/\"},{\"@type\":\"ListItem\",\"position\":3,\"name\":\"Manifold laiton 9 Circuits pexal pipe 16\u00d72 pour radiateurs enti\u00e8rement \u00e9quip\u00e9\"}]},{\"@type\":\"WebSite\",\"@id\":\"https:\/\/fluterm.eu\/#website\",\"url\":\"https:\/\/fluterm.eu\/\",\"name\":\"fluterm.eu\",\"description\":\"\",\"potentialAction\":[{\"@type\":\"SearchAction\",\"target\":{\"@type\":\"EntryPoint\",\"urlTemplate\":\"https:\/\/fluterm.eu\/?s={search_term_string}\"},\"query-input\":\"required name=search_term_string\"}],\"inLanguage\":\"fr-FR\"}]}<\/script>\n<!-- \/ Yoast SEO plugin. -->","yoast_head_json":{"title":"Manifold laiton 9 Circuits pexal pipe 16\u00d72 pour radiateurs enti\u00e8rement \u00e9quip\u00e9","description":"Order Manifold laiton 9 Circuits pexal pipe 16\u00d72 pour radiateurs enti\u00e8rement \u00e9quip\u00e9 at a best price.","robots":{"index":"index","follow":"follow","max-snippet":"max-snippet:-1","max-image-preview":"max-image-preview:large","max-video-preview":"max-video-preview:-1"},"canonical":"https:\/\/fluterm.eu\/fr\/prod\/manifold-laiton-9-circuits-pexal-pipe-16x2-pour-radiateurs-entierement-equipe\/","og_locale":"fr_FR","og_type":"article","og_title":"Manifold laiton 9 Circuits pexal pipe 16\u00d72 pour radiateurs enti\u00e8rement \u00e9quip\u00e9","og_description":"Order Manifold laiton 9 Circuits pexal pipe 16\u00d72 pour radiateurs enti\u00e8rement \u00e9quip\u00e9 at a best price.","og_url":"https:\/\/fluterm.eu\/fr\/prod\/manifold-laiton-9-circuits-pexal-pipe-16x2-pour-radiateurs-entierement-equipe\/","og_site_name":"fluterm.eu","og_image":[{"width":2000,"height":2000,"url":"https:\/\/fluterm.eu\/wp-content\/uploads\/2023\/07\/C9763827-8AE0-487F-89F4-83AE4BA702F4.jpeg","type":"image\/jpeg"}],"twitter_card":"summary_large_image","schema":{"@context":"https:\/\/schema.org","@graph":[{"@type":"WebPage","@id":"https:\/\/fluterm.eu\/fr\/prod\/manifold-laiton-9-circuits-pexal-pipe-16x2-pour-radiateurs-entierement-equipe\/","url":"https:\/\/fluterm.eu\/fr\/prod\/manifold-laiton-9-circuits-pexal-pipe-16x2-pour-radiateurs-entierement-equipe\/","name":"Manifold laiton 9 Circuits pexal pipe 16\u00d72 pour radiateurs enti\u00e8rement \u00e9quip\u00e9","isPartOf":{"@id":"https:\/\/fluterm.eu\/#website"},"datePublished":"2023-07-14T19:05:09+00:00","dateModified":"2023-07-14T19:05:09+00:00","description":"Order Manifold laiton 9 Circuits pexal pipe 16\u00d72 pour radiateurs enti\u00e8rement \u00e9quip\u00e9 at a best price.","breadcrumb":{"@id":"https:\/\/fluterm.eu\/fr\/prod\/manifold-laiton-9-circuits-pexal-pipe-16x2-pour-radiateurs-entierement-equipe\/#breadcrumb"},"inLanguage":"fr-FR","potentialAction":[{"@type":"ReadAction","target":["https:\/\/fluterm.eu\/fr\/prod\/manifold-laiton-9-circuits-pexal-pipe-16x2-pour-radiateurs-entierement-equipe\/"]}]},{"@type":"BreadcrumbList","@id":"https:\/\/fluterm.eu\/fr\/prod\/manifold-laiton-9-circuits-pexal-pipe-16x2-pour-radiateurs-entierement-equipe\/#breadcrumb","itemListElement":[{"@type":"ListItem","position":1,"name":"Home","item":"https:\/\/fluterm.eu\/fr\/boutique\/"},{"@type":"ListItem","position":2,"name":"Boutique","item":"https:\/\/fluterm.eu\/fr\/boutique\/"},{"@type":"ListItem","position":3,"name":"Manifold laiton 9 Circuits pexal pipe 16\u00d72 pour radiateurs enti\u00e8rement \u00e9quip\u00e9"}]},{"@type":"WebSite","@id":"https:\/\/fluterm.eu\/#website","url":"https:\/\/fluterm.eu\/","name":"fluterm.eu","description":"","potentialAction":[{"@type":"SearchAction","target":{"@type":"EntryPoint","urlTemplate":"https:\/\/fluterm.eu\/?s={search_term_string}"},"query-input":"required name=search_term_string"}],"inLanguage":"fr-FR"}]}},"_links":{"self":[{"href":"https:\/\/fluterm.eu\/fr\/wp-json\/wp\/v2\/product\/15428","targetHints":{"allow":["GET"]}}],"collection":[{"href":"https:\/\/fluterm.eu\/fr\/wp-json\/wp\/v2\/product"}],"about":[{"href":"https:\/\/fluterm.eu\/fr\/wp-json\/wp\/v2\/types\/product"}],"replies":[{"embeddable":true,"href":"https:\/\/fluterm.eu\/fr\/wp-json\/wp\/v2\/comments?post=15428"}],"version-history":[{"count":0,"href":"https:\/\/fluterm.eu\/fr\/wp-json\/wp\/v2\/product\/15428\/revisions"}],"wp:featuredmedia":[{"embeddable":true,"href":"https:\/\/fluterm.eu\/fr\/wp-json\/wp\/v2\/media\/3534"}],"wp:attachment":[{"href":"https:\/\/fluterm.eu\/fr\/wp-json\/wp\/v2\/media?parent=15428"}],"wp:term":[{"taxonomy":"product_cat","embeddable":true,"href":"https:\/\/fluterm.eu\/fr\/wp-json\/wp\/v2\/product_cat?post=15428"},{"taxonomy":"product_tag","embeddable":true,"href":"https:\/\/fluterm.eu\/fr\/wp-json\/wp\/v2\/product_tag?post=15428"}],"curies":[{"name":"wp","href":"https:\/\/api.w.org\/{rel}","templated":true}]}}