{"id":15490,"date":"2023-06-10T14:51:29","date_gmt":"2023-06-10T11:51:29","guid":{"rendered":"https:\/\/fluterm.eu\/prod\/kit-de-melange-pour-chauffage-par-le-sol-avec-pompe\/"},"modified":"2024-12-18T10:05:06","modified_gmt":"2024-12-18T08:05:06","slug":"kit-de-melange-pour-chauffage-par-le-sol-avec-pompe","status":"publish","type":"product","link":"https:\/\/fluterm.eu\/fr\/prod\/kit-de-melange-pour-chauffage-par-le-sol-avec-pompe\/","title":{"rendered":"Kit de m\u00e9lange pour chauffage par le sol avec pompe"},"content":{"rendered":"<p>Notre contr\u00f4leur thermostatique compact et l\u00e9ger pour plancher chauffant permet une connexion directe \u00e0 notre gamme de collecteurs pour plancher chauffant. Il est fourni enti\u00e8rement assembl\u00e9 en format gauche avec des raccords \u00e0 joint plat pivotant m\u00e2le G1 en standard.<\/p>\n<p>Sa conception polyvalente et ses raccords union facilitent l&rsquo;installation sur le collecteur et, comme il ne n\u00e9cessite pas de supports suppl\u00e9mentaires, il n&rsquo;est pas n\u00e9cessaire de percer et de fixer le collecteur, ce qui prend du temps.<\/p>\n<p>La vanne de m\u00e9lange vous permet de r\u00e9gler la temp\u00e9rature de d\u00e9part entre 35 et 65\u00b0C pour un contr\u00f4le pr\u00e9cis de la temp\u00e9rature globale du chauffage par le sol. Elle peut \u00eatre aliment\u00e9e par n&rsquo;importe quel type de source de chaleur, y compris les chaudi\u00e8res au fioul et au gaz, les po\u00eales \u00e0 bois et les sources d&rsquo;\u00e9nergie verte telles que les pompes \u00e0 chaleur solaires, g\u00e9othermiques et a\u00e9rothermiques.<\/p>\n<p>Chaque kit de r\u00e9gulation est compos\u00e9 d&rsquo;un mitigeur thermostatique, d&rsquo;une pompe de circulation \u00e0 haut rendement \u00e9nerg\u00e9tique Wilo A, d&rsquo;un adaptateur de collecteur et de tous les joints n\u00e9cessaires.<\/p>\n<p><strong>R\u00e9glage de la commande de m\u00e9lange  <\/strong><\/p>\n<p>La vanne thermostatique de m\u00e9lange est r\u00e9gl\u00e9e en usine pour fournir de l&rsquo;eau m\u00e9lang\u00e9e \u00e0 45\u00b0C au collecteur de chauffage par le sol. La temp\u00e9rature de l&rsquo;eau m\u00e9lang\u00e9e peut \u00eatre r\u00e9gl\u00e9e entre 35\u00b0c et 65\u00b0c en tournant le bouton de commande de la vanne de m\u00e9lange, dans le sens des aiguilles d&rsquo;une montre pour augmenter la temp\u00e9rature et dans le sens inverse des aiguilles d&rsquo;une montre pour la r\u00e9duire.<\/p>\n<p>Pompe ibo amg classe A avec 3 ans de garantie<\/p>\n","protected":false},"excerpt":{"rendered":"<p>Notre contr\u00f4leur thermostatique compact et l\u00e9ger pour plancher chauffant permet une connexion directe \u00e0 notre gamme de collecteurs pour plancher chauffant. Il est fourni enti\u00e8rement assembl\u00e9 en format gauche avec des raccords \u00e0 joint plat pivotant m\u00e2le G1 en standard. Sa conception polyvalente et ses raccords union facilitent l&rsquo;installation sur le collecteur et, comme il&hellip;<\/p>\n","protected":false},"featured_media":3219,"comment_status":"open","ping_status":"closed","template":"","meta":[],"product_cat":[839],"product_tag":[],"class_list":{"0":"post-15490","1":"product","2":"type-product","3":"status-publish","4":"has-post-thumbnail","6":"product_cat-groupes-de-melange-pour-chauffage-par-le-sol","8":"first","9":"instock","10":"sale","11":"taxable","12":"shipping-taxable","13":"purchasable","14":"product-type-simple","15":"col-xs-6 col-sm-4","16":"col-md-4 col-lg-4","17":"un-3-cols"},"acf":[],"yoast_head":"<!-- This site is optimized with the Yoast SEO plugin v21.2 - https:\/\/yoast.com\/wordpress\/plugins\/seo\/ -->\n<title>Kit de m\u00e9lange pour chauffage par le sol avec pompe<\/title>\n<meta name=\"description\" content=\"Order Kit de m\u00e9lange pour chauffage par le sol avec pompe at a best price.\" \/>\n<meta name=\"robots\" content=\"index, follow, max-snippet:-1, max-image-preview:large, max-video-preview:-1\" \/>\n<link rel=\"canonical\" href=\"https:\/\/fluterm.eu\/fr\/prod\/kit-de-melange-pour-chauffage-par-le-sol-avec-pompe\/\" \/>\n<meta property=\"og:locale\" content=\"fr_FR\" \/>\n<meta property=\"og:type\" content=\"article\" \/>\n<meta property=\"og:title\" content=\"Kit de m\u00e9lange pour chauffage par le sol avec pompe\" \/>\n<meta property=\"og:description\" content=\"Order Kit de m\u00e9lange pour chauffage par le sol avec pompe at a best price.\" \/>\n<meta property=\"og:url\" content=\"https:\/\/fluterm.eu\/fr\/prod\/kit-de-melange-pour-chauffage-par-le-sol-avec-pompe\/\" \/>\n<meta property=\"og:site_name\" content=\"fluterm.eu\" \/>\n<meta property=\"article:modified_time\" content=\"2024-12-18T08:05:06+00:00\" \/>\n<meta property=\"og:image\" content=\"https:\/\/fluterm.eu\/wp-content\/uploads\/2023\/06\/2928A4CC-4987-46F4-B58E-9B651F4546DE.jpeg\" \/>\n\t<meta property=\"og:image:width\" content=\"2000\" \/>\n\t<meta property=\"og:image:height\" content=\"2000\" \/>\n\t<meta property=\"og:image:type\" content=\"image\/jpeg\" \/>\n<meta name=\"twitter:card\" content=\"summary_large_image\" \/>\n<meta name=\"twitter:label1\" content=\"Dur\u00e9e de lecture estim\u00e9e\" \/>\n\t<meta name=\"twitter:data1\" content=\"1 minute\" \/>\n<script type=\"application\/ld+json\" class=\"yoast-schema-graph\">{\"@context\":\"https:\/\/schema.org\",\"@graph\":[{\"@type\":\"WebPage\",\"@id\":\"https:\/\/fluterm.eu\/fr\/prod\/kit-de-melange-pour-chauffage-par-le-sol-avec-pompe\/\",\"url\":\"https:\/\/fluterm.eu\/fr\/prod\/kit-de-melange-pour-chauffage-par-le-sol-avec-pompe\/\",\"name\":\"Kit de m\u00e9lange pour chauffage par le sol avec pompe\",\"isPartOf\":{\"@id\":\"https:\/\/fluterm.eu\/#website\"},\"datePublished\":\"2023-06-10T11:51:29+00:00\",\"dateModified\":\"2024-12-18T08:05:06+00:00\",\"description\":\"Order Kit de m\u00e9lange pour chauffage par le sol avec pompe at a best price.\",\"breadcrumb\":{\"@id\":\"https:\/\/fluterm.eu\/fr\/prod\/kit-de-melange-pour-chauffage-par-le-sol-avec-pompe\/#breadcrumb\"},\"inLanguage\":\"fr-FR\",\"potentialAction\":[{\"@type\":\"ReadAction\",\"target\":[\"https:\/\/fluterm.eu\/fr\/prod\/kit-de-melange-pour-chauffage-par-le-sol-avec-pompe\/\"]}]},{\"@type\":\"BreadcrumbList\",\"@id\":\"https:\/\/fluterm.eu\/fr\/prod\/kit-de-melange-pour-chauffage-par-le-sol-avec-pompe\/#breadcrumb\",\"itemListElement\":[{\"@type\":\"ListItem\",\"position\":1,\"name\":\"Home\",\"item\":\"https:\/\/fluterm.eu\/fr\/boutique\/\"},{\"@type\":\"ListItem\",\"position\":2,\"name\":\"Boutique\",\"item\":\"https:\/\/fluterm.eu\/fr\/boutique\/\"},{\"@type\":\"ListItem\",\"position\":3,\"name\":\"Kit de m\u00e9lange pour chauffage par le sol avec pompe\"}]},{\"@type\":\"WebSite\",\"@id\":\"https:\/\/fluterm.eu\/#website\",\"url\":\"https:\/\/fluterm.eu\/\",\"name\":\"fluterm.eu\",\"description\":\"\",\"potentialAction\":[{\"@type\":\"SearchAction\",\"target\":{\"@type\":\"EntryPoint\",\"urlTemplate\":\"https:\/\/fluterm.eu\/?s={search_term_string}\"},\"query-input\":\"required name=search_term_string\"}],\"inLanguage\":\"fr-FR\"}]}<\/script>\n<!-- \/ Yoast SEO plugin. -->","yoast_head_json":{"title":"Kit de m\u00e9lange pour chauffage par le sol avec pompe","description":"Order Kit de m\u00e9lange pour chauffage par le sol avec pompe at a best price.","robots":{"index":"index","follow":"follow","max-snippet":"max-snippet:-1","max-image-preview":"max-image-preview:large","max-video-preview":"max-video-preview:-1"},"canonical":"https:\/\/fluterm.eu\/fr\/prod\/kit-de-melange-pour-chauffage-par-le-sol-avec-pompe\/","og_locale":"fr_FR","og_type":"article","og_title":"Kit de m\u00e9lange pour chauffage par le sol avec pompe","og_description":"Order Kit de m\u00e9lange pour chauffage par le sol avec pompe at a best price.","og_url":"https:\/\/fluterm.eu\/fr\/prod\/kit-de-melange-pour-chauffage-par-le-sol-avec-pompe\/","og_site_name":"fluterm.eu","article_modified_time":"2024-12-18T08:05:06+00:00","og_image":[{"width":2000,"height":2000,"url":"https:\/\/fluterm.eu\/wp-content\/uploads\/2023\/06\/2928A4CC-4987-46F4-B58E-9B651F4546DE.jpeg","type":"image\/jpeg"}],"twitter_card":"summary_large_image","twitter_misc":{"Dur\u00e9e de lecture estim\u00e9e":"1 minute"},"schema":{"@context":"https:\/\/schema.org","@graph":[{"@type":"WebPage","@id":"https:\/\/fluterm.eu\/fr\/prod\/kit-de-melange-pour-chauffage-par-le-sol-avec-pompe\/","url":"https:\/\/fluterm.eu\/fr\/prod\/kit-de-melange-pour-chauffage-par-le-sol-avec-pompe\/","name":"Kit de m\u00e9lange pour chauffage par le sol avec pompe","isPartOf":{"@id":"https:\/\/fluterm.eu\/#website"},"datePublished":"2023-06-10T11:51:29+00:00","dateModified":"2024-12-18T08:05:06+00:00","description":"Order Kit de m\u00e9lange pour chauffage par le sol avec pompe at a best price.","breadcrumb":{"@id":"https:\/\/fluterm.eu\/fr\/prod\/kit-de-melange-pour-chauffage-par-le-sol-avec-pompe\/#breadcrumb"},"inLanguage":"fr-FR","potentialAction":[{"@type":"ReadAction","target":["https:\/\/fluterm.eu\/fr\/prod\/kit-de-melange-pour-chauffage-par-le-sol-avec-pompe\/"]}]},{"@type":"BreadcrumbList","@id":"https:\/\/fluterm.eu\/fr\/prod\/kit-de-melange-pour-chauffage-par-le-sol-avec-pompe\/#breadcrumb","itemListElement":[{"@type":"ListItem","position":1,"name":"Home","item":"https:\/\/fluterm.eu\/fr\/boutique\/"},{"@type":"ListItem","position":2,"name":"Boutique","item":"https:\/\/fluterm.eu\/fr\/boutique\/"},{"@type":"ListItem","position":3,"name":"Kit de m\u00e9lange pour chauffage par le sol avec pompe"}]},{"@type":"WebSite","@id":"https:\/\/fluterm.eu\/#website","url":"https:\/\/fluterm.eu\/","name":"fluterm.eu","description":"","potentialAction":[{"@type":"SearchAction","target":{"@type":"EntryPoint","urlTemplate":"https:\/\/fluterm.eu\/?s={search_term_string}"},"query-input":"required name=search_term_string"}],"inLanguage":"fr-FR"}]}},"_links":{"self":[{"href":"https:\/\/fluterm.eu\/fr\/wp-json\/wp\/v2\/product\/15490","targetHints":{"allow":["GET"]}}],"collection":[{"href":"https:\/\/fluterm.eu\/fr\/wp-json\/wp\/v2\/product"}],"about":[{"href":"https:\/\/fluterm.eu\/fr\/wp-json\/wp\/v2\/types\/product"}],"replies":[{"embeddable":true,"href":"https:\/\/fluterm.eu\/fr\/wp-json\/wp\/v2\/comments?post=15490"}],"version-history":[{"count":0,"href":"https:\/\/fluterm.eu\/fr\/wp-json\/wp\/v2\/product\/15490\/revisions"}],"wp:featuredmedia":[{"embeddable":true,"href":"https:\/\/fluterm.eu\/fr\/wp-json\/wp\/v2\/media\/3219"}],"wp:attachment":[{"href":"https:\/\/fluterm.eu\/fr\/wp-json\/wp\/v2\/media?parent=15490"}],"wp:term":[{"taxonomy":"product_cat","embeddable":true,"href":"https:\/\/fluterm.eu\/fr\/wp-json\/wp\/v2\/product_cat?post=15490"},{"taxonomy":"product_tag","embeddable":true,"href":"https:\/\/fluterm.eu\/fr\/wp-json\/wp\/v2\/product_tag?post=15490"}],"curies":[{"name":"wp","href":"https:\/\/api.w.org\/{rel}","templated":true}]}}