{"id":15540,"date":"2023-07-02T18:50:13","date_gmt":"2023-07-02T15:50:13","guid":{"rendered":"https:\/\/fluterm.eu\/prod\/rehau-rautherm-s-tube-chauffage-au-sol-17mm\/"},"modified":"2023-07-02T18:50:13","modified_gmt":"2023-07-02T15:50:13","slug":"rehau-rautherm-s-pipe-17mm","status":"publish","type":"product","link":"https:\/\/fluterm.eu\/fr\/prod\/rehau-rautherm-s-pipe-17mm\/","title":{"rendered":"Rehau Rautherm-S tube chauffage au sol 17mm"},"content":{"rendered":"<h2>Tube Rehau Rautherm-S 17 mm<\/h2>\n<p>Le tube chauffant RAUTHERM S et la technique du joint coulissant sont les \u00e9l\u00e9ments centraux des syst\u00e8mes de montage pour presque toutes les variantes d&rsquo;utilisation.<\/p>\n<ul>\n<li>Excellente r\u00e9sistance aux temp\u00e9ratures \u00e9lev\u00e9es, jusqu&rsquo;\u00e0 110 degr\u00e9s Celsius<\/li>\n<li>Il ne se fissure pas sous l&rsquo;effet de la charge<\/li>\n<li>Il a une forme stable<\/li>\n<li>Rapport optimal entre la flexibilit\u00e9 et la demande de pression<\/li>\n<li>Excellente r\u00e9sistance au vieillissement thermique<\/li>\n<li>Tr\u00e8s bonne r\u00e9sistance \u00e0 des temp\u00e9ratures inf\u00e9rieures \u00e0 -50\u00b0C<\/li>\n<li>Tr\u00e8s bonne r\u00e9sistance \u00e0 l&rsquo;usure par frottement et aux chocs m\u00e9caniques<\/li>\n<li>Pas de dommages dus au pliage du mat\u00e9riau<\/li>\n<li>L&rsquo;effet m\u00e9moire (le tuyau a tendance \u00e0 reprendre la forme de la section initiale)<\/li>\n<li>Tr\u00e8s bonne r\u00e9sistance aux agents chimiques<\/li>\n<li>Etanche \u00e0 la diffusion de l&rsquo;oxyg\u00e8ne gr\u00e2ce \u00e0 la couche protectrice de l&rsquo;ovale.<\/li>\n<li>Faible bruit de drainage<\/li>\n<li>R\u00e9duction des pertes de grossesse<\/li>\n<li>Il ne contient pas d&rsquo;ions de m\u00e9taux lourds<\/li>\n<li>R\u00e9sistance \u00e0 la corrosion<\/li>\n<li>Les incrustations ne se d\u00e9posent pas m\u00eame apr\u00e8s des ann\u00e9es d&rsquo;exploitation<\/li>\n<\/ul>\n<p>* Le prix affich\u00e9 est celui d&rsquo;un m\u00e8tre lin\u00e9aire.<\/p>\n<p>Mat\u00e9riau : poly\u00e9thyl\u00e8ne r\u00e9ticul\u00e9 de type \u00ab\u00a0a\u00a0\u00bb \u00e0 m\u00e9moire de forme.<\/p>\n<p>Pression de travail (max.) 6 bar<\/p>\n<p>Temp\u00e9rature de travail (max) : 90 gr.C. Temp\u00e9rature maximale autoris\u00e9e \u00e0 court terme : 115 grd.C<\/p>\n<p>Protection contre la diffusion d&rsquo;oxyg\u00e8ne<\/p>\n<p>Densit\u00e9 (cf. DIN 53497) : 0,93 g\/cmc<\/p>\n<p>Module d&rsquo;\u00e9lasticit\u00e9 (cf. DIN 53497) : env. 600 N\/m\u00b2<\/p>\n<p>R\u00e9sistance \u00e0 +20 grd.C sans rupture. R\u00e9sistance \u00e0 -20 degr\u00e9s C sans rupture<\/p>\n<p>Coefficient de dilatation longitudinale \u00e0 20 grd.C : 1,4 x 10-4K-1, Coefficient de dilatation longitudinale \u00e0 100 grd.C : 2,0 x 10-4K-1<\/p>\n<p>Coefficient de conductivit\u00e9 thermique : 0,35 W\/mK<\/p>\n<p>Perm\u00e9abilit\u00e9 \u00e0 l&rsquo;O2 \u00e0 40 C : &lt;\/= 0,1 mg\/lxd<\/p>\n<p>Rugosit\u00e9 du tube k : 0,007 mm<\/p>\n","protected":false},"excerpt":{"rendered":"<p>Tube Rehau Rautherm-S 17 mm Le tube chauffant RAUTHERM S et la technique du joint coulissant sont les \u00e9l\u00e9ments centraux des syst\u00e8mes de montage pour presque toutes les variantes d&rsquo;utilisation. Excellente r\u00e9sistance aux temp\u00e9ratures \u00e9lev\u00e9es, jusqu&rsquo;\u00e0 110 degr\u00e9s Celsius Il ne se fissure pas sous l&rsquo;effet de la charge Il a une forme stable Rapport&hellip;<\/p>\n","protected":false},"featured_media":3324,"comment_status":"open","ping_status":"closed","template":"","meta":[],"product_cat":[859],"product_tag":[],"class_list":{"0":"post-15540","1":"product","2":"type-product","3":"status-publish","4":"has-post-thumbnail","6":"product_cat-tuyaux-de-chauffage-par-le-sol","8":"first","9":"instock","10":"sale","11":"taxable","12":"shipping-taxable","13":"purchasable","14":"product-type-simple","15":"col-xs-6 col-sm-4","16":"col-md-4 col-lg-4","17":"un-3-cols"},"acf":[],"yoast_head":"<!-- This site is optimized with the Yoast SEO plugin v21.2 - https:\/\/yoast.com\/wordpress\/plugins\/seo\/ -->\n<title>Rehau Rautherm-S tube chauffage au sol 17mm<\/title>\n<meta name=\"description\" content=\"Order Rehau Rautherm-S tube chauffage au sol 17mm at a best price.\" \/>\n<meta name=\"robots\" content=\"index, follow, max-snippet:-1, max-image-preview:large, max-video-preview:-1\" \/>\n<link rel=\"canonical\" href=\"https:\/\/fluterm.eu\/fr\/prod\/rehau-rautherm-s-tube-chauffage-au-sol-17mm\/\" \/>\n<meta property=\"og:locale\" content=\"fr_FR\" \/>\n<meta property=\"og:type\" content=\"article\" \/>\n<meta property=\"og:title\" content=\"Rehau Rautherm-S tube chauffage au sol 17mm\" \/>\n<meta property=\"og:description\" content=\"Order Rehau Rautherm-S tube chauffage au sol 17mm at a best price.\" \/>\n<meta property=\"og:url\" content=\"https:\/\/fluterm.eu\/fr\/prod\/rehau-rautherm-s-tube-chauffage-au-sol-17mm\/\" \/>\n<meta property=\"og:site_name\" content=\"fluterm.eu\" \/>\n<meta property=\"og:image\" content=\"https:\/\/fluterm.eu\/wp-content\/uploads\/2023\/07\/12A5F521-8C25-422C-B15B-8035068EDE3C_4_5005_c.jpeg\" \/>\n\t<meta property=\"og:image:width\" content=\"224\" \/>\n\t<meta property=\"og:image:height\" content=\"224\" \/>\n\t<meta property=\"og:image:type\" content=\"image\/jpeg\" \/>\n<meta name=\"twitter:card\" content=\"summary_large_image\" \/>\n<meta name=\"twitter:label1\" content=\"Dur\u00e9e de lecture estim\u00e9e\" \/>\n\t<meta name=\"twitter:data1\" content=\"1 minute\" \/>\n<script type=\"application\/ld+json\" class=\"yoast-schema-graph\">{\"@context\":\"https:\/\/schema.org\",\"@graph\":[{\"@type\":\"WebPage\",\"@id\":\"https:\/\/fluterm.eu\/fr\/prod\/rehau-rautherm-s-tube-chauffage-au-sol-17mm\/\",\"url\":\"https:\/\/fluterm.eu\/fr\/prod\/rehau-rautherm-s-tube-chauffage-au-sol-17mm\/\",\"name\":\"Rehau Rautherm-S tube chauffage au sol 17mm\",\"isPartOf\":{\"@id\":\"https:\/\/fluterm.eu\/#website\"},\"datePublished\":\"2023-07-02T15:50:13+00:00\",\"dateModified\":\"2023-07-02T15:50:13+00:00\",\"description\":\"Order Rehau Rautherm-S tube chauffage au sol 17mm at a best price.\",\"breadcrumb\":{\"@id\":\"https:\/\/fluterm.eu\/fr\/prod\/rehau-rautherm-s-tube-chauffage-au-sol-17mm\/#breadcrumb\"},\"inLanguage\":\"fr-FR\",\"potentialAction\":[{\"@type\":\"ReadAction\",\"target\":[\"https:\/\/fluterm.eu\/fr\/prod\/rehau-rautherm-s-tube-chauffage-au-sol-17mm\/\"]}]},{\"@type\":\"BreadcrumbList\",\"@id\":\"https:\/\/fluterm.eu\/fr\/prod\/rehau-rautherm-s-tube-chauffage-au-sol-17mm\/#breadcrumb\",\"itemListElement\":[{\"@type\":\"ListItem\",\"position\":1,\"name\":\"Home\",\"item\":\"https:\/\/fluterm.eu\/fr\/boutique\/\"},{\"@type\":\"ListItem\",\"position\":2,\"name\":\"Boutique\",\"item\":\"https:\/\/fluterm.eu\/fr\/boutique\/\"},{\"@type\":\"ListItem\",\"position\":3,\"name\":\"Rehau Rautherm-S tube chauffage au sol 17mm\"}]},{\"@type\":\"WebSite\",\"@id\":\"https:\/\/fluterm.eu\/#website\",\"url\":\"https:\/\/fluterm.eu\/\",\"name\":\"fluterm.eu\",\"description\":\"\",\"potentialAction\":[{\"@type\":\"SearchAction\",\"target\":{\"@type\":\"EntryPoint\",\"urlTemplate\":\"https:\/\/fluterm.eu\/?s={search_term_string}\"},\"query-input\":\"required name=search_term_string\"}],\"inLanguage\":\"fr-FR\"}]}<\/script>\n<!-- \/ Yoast SEO plugin. -->","yoast_head_json":{"title":"Rehau Rautherm-S tube chauffage au sol 17mm","description":"Order Rehau Rautherm-S tube chauffage au sol 17mm at a best price.","robots":{"index":"index","follow":"follow","max-snippet":"max-snippet:-1","max-image-preview":"max-image-preview:large","max-video-preview":"max-video-preview:-1"},"canonical":"https:\/\/fluterm.eu\/fr\/prod\/rehau-rautherm-s-tube-chauffage-au-sol-17mm\/","og_locale":"fr_FR","og_type":"article","og_title":"Rehau Rautherm-S tube chauffage au sol 17mm","og_description":"Order Rehau Rautherm-S tube chauffage au sol 17mm at a best price.","og_url":"https:\/\/fluterm.eu\/fr\/prod\/rehau-rautherm-s-tube-chauffage-au-sol-17mm\/","og_site_name":"fluterm.eu","og_image":[{"width":224,"height":224,"url":"https:\/\/fluterm.eu\/wp-content\/uploads\/2023\/07\/12A5F521-8C25-422C-B15B-8035068EDE3C_4_5005_c.jpeg","type":"image\/jpeg"}],"twitter_card":"summary_large_image","twitter_misc":{"Dur\u00e9e de lecture estim\u00e9e":"1 minute"},"schema":{"@context":"https:\/\/schema.org","@graph":[{"@type":"WebPage","@id":"https:\/\/fluterm.eu\/fr\/prod\/rehau-rautherm-s-tube-chauffage-au-sol-17mm\/","url":"https:\/\/fluterm.eu\/fr\/prod\/rehau-rautherm-s-tube-chauffage-au-sol-17mm\/","name":"Rehau Rautherm-S tube chauffage au sol 17mm","isPartOf":{"@id":"https:\/\/fluterm.eu\/#website"},"datePublished":"2023-07-02T15:50:13+00:00","dateModified":"2023-07-02T15:50:13+00:00","description":"Order Rehau Rautherm-S tube chauffage au sol 17mm at a best price.","breadcrumb":{"@id":"https:\/\/fluterm.eu\/fr\/prod\/rehau-rautherm-s-tube-chauffage-au-sol-17mm\/#breadcrumb"},"inLanguage":"fr-FR","potentialAction":[{"@type":"ReadAction","target":["https:\/\/fluterm.eu\/fr\/prod\/rehau-rautherm-s-tube-chauffage-au-sol-17mm\/"]}]},{"@type":"BreadcrumbList","@id":"https:\/\/fluterm.eu\/fr\/prod\/rehau-rautherm-s-tube-chauffage-au-sol-17mm\/#breadcrumb","itemListElement":[{"@type":"ListItem","position":1,"name":"Home","item":"https:\/\/fluterm.eu\/fr\/boutique\/"},{"@type":"ListItem","position":2,"name":"Boutique","item":"https:\/\/fluterm.eu\/fr\/boutique\/"},{"@type":"ListItem","position":3,"name":"Rehau Rautherm-S tube chauffage au sol 17mm"}]},{"@type":"WebSite","@id":"https:\/\/fluterm.eu\/#website","url":"https:\/\/fluterm.eu\/","name":"fluterm.eu","description":"","potentialAction":[{"@type":"SearchAction","target":{"@type":"EntryPoint","urlTemplate":"https:\/\/fluterm.eu\/?s={search_term_string}"},"query-input":"required name=search_term_string"}],"inLanguage":"fr-FR"}]}},"_links":{"self":[{"href":"https:\/\/fluterm.eu\/fr\/wp-json\/wp\/v2\/product\/15540","targetHints":{"allow":["GET"]}}],"collection":[{"href":"https:\/\/fluterm.eu\/fr\/wp-json\/wp\/v2\/product"}],"about":[{"href":"https:\/\/fluterm.eu\/fr\/wp-json\/wp\/v2\/types\/product"}],"replies":[{"embeddable":true,"href":"https:\/\/fluterm.eu\/fr\/wp-json\/wp\/v2\/comments?post=15540"}],"version-history":[{"count":0,"href":"https:\/\/fluterm.eu\/fr\/wp-json\/wp\/v2\/product\/15540\/revisions"}],"wp:featuredmedia":[{"embeddable":true,"href":"https:\/\/fluterm.eu\/fr\/wp-json\/wp\/v2\/media\/3324"}],"wp:attachment":[{"href":"https:\/\/fluterm.eu\/fr\/wp-json\/wp\/v2\/media?parent=15540"}],"wp:term":[{"taxonomy":"product_cat","embeddable":true,"href":"https:\/\/fluterm.eu\/fr\/wp-json\/wp\/v2\/product_cat?post=15540"},{"taxonomy":"product_tag","embeddable":true,"href":"https:\/\/fluterm.eu\/fr\/wp-json\/wp\/v2\/product_tag?post=15540"}],"curies":[{"name":"wp","href":"https:\/\/api.w.org\/{rel}","templated":true}]}}