{"id":9886,"date":"2023-08-27T13:52:21","date_gmt":"2023-08-27T10:52:21","guid":{"rendered":"https:\/\/fluterm.eu\/prod\/connecteur-manifold-uponor-17x3-4-eurocone\/"},"modified":"2023-09-06T13:32:44","modified_gmt":"2023-09-06T10:32:44","slug":"connecteur-manifold-uponor-17x3-4-eurocone","status":"publish","type":"product","link":"https:\/\/fluterm.eu\/fr\/prod\/connecteur-manifold-uponor-17x3-4-eurocone\/","title":{"rendered":"CONNECTEUR MANIFOLD UPONOR 17&#215;3\/4 EUROCONE"},"content":{"rendered":"<div class=\"columns__section\">\n<h3>Sp\u00e9cifications techniques<\/h3>\n<div class=\"technical-specifications\">\n<div class=\"technical-specifications-row\"><span class=\"technical-specifications-row__label\">Mat\u00e9riau anneau de compression<\/span><span class=\"technical-specifications-row__value\">Laiton<\/span><\/div>\n<div class=\"technical-specifications-row\"><span class=\"technical-specifications-row__label\">Mat\u00e9riau de l&rsquo;\u00e9crou-union<\/span><span class=\"technical-specifications-row__value\">Laiton<\/span><\/div>\n<div class=\"technical-specifications-row\"><span class=\"technical-specifications-row__label\">Diam\u00e8tre ext\u00e9rieur du tube-<\/span><span class=\"technical-specifications-row__value\">17 mm<\/span><\/div>\n<div class=\"technical-specifications-row\"><span class=\"technical-specifications-row__label\">Convient pour les tubes en aluminium<\/span><span class=\"technical-specifications-row__value\">faux<\/span><\/div>\n<div class=\"technical-specifications-row\"><span class=\"technical-specifications-row__label\">Convient pour les tubes en cuivre<\/span><span class=\"technical-specifications-row__value\">faux<\/span><\/div>\n<div class=\"technical-specifications-row\"><span class=\"technical-specifications-row__label\">Convient aux tuyaux multicouches en plastique<\/span><span class=\"technical-specifications-row__value\">faux<\/span><\/div>\n<div class=\"technical-specifications-row\"><span class=\"technical-specifications-row__label\">Convient pour les tuyaux en plastique<\/span><span class=\"technical-specifications-row__value\">vrai<\/span><\/div>\n<div class=\"technical-specifications-row\"><span class=\"technical-specifications-row__label\">Convient pour les tubes en plastique<\/span><span class=\"technical-specifications-row__value\">vrai<\/span><\/div>\n<div class=\"technical-specifications-row\"><span class=\"technical-specifications-row__label\">Convient pour les tubes en acier inoxydable<\/span><span class=\"technical-specifications-row__value\">faux<\/span><\/div>\n<div class=\"technical-specifications-row\"><span class=\"technical-specifications-row__label\">Convient aux tuyaux en acier et en cuivre-<\/span><span class=\"technical-specifications-row__value\">faux<\/span><\/div>\n<div class=\"technical-specifications-row\"><span class=\"technical-specifications-row__label\">Convient pour les tubes d&rsquo;acier<\/span><span class=\"technical-specifications-row__value\">faux<\/span><\/div>\n<div class=\"technical-specifications-row\"><span class=\"technical-specifications-row__label\">Adapt\u00e9 \u00e0 l&rsquo;\u00e9paisseur du mur<\/span><span class=\"technical-specifications-row__value\">2 mm<\/span><\/div>\n<div class=\"technical-specifications-row\"><span class=\"technical-specifications-row__label\">Raccordement des filets<\/span><span class=\"technical-specifications-row__value\">Euroconus<\/span><\/div>\n<div class=\"technical-specifications-row\"><span class=\"technical-specifications-row__label\">Diam\u00e8tre du filetage-<\/span><span class=\"technical-specifications-row__value\">G 3\/4 pouce<\/span><\/div>\n<div class=\"technical-specifications-row\"><span class=\"technical-specifications-row__label\">Taille du filetage de l&rsquo;\u00e9crou-<\/span><span class=\"technical-specifications-row__value\">3\/4 de pouce<\/span><\/div>\n<\/div>\n<\/div>\n<div class=\"columns__section\">\n<h3>Codes des produits<\/h3>\n<div class=\"product-codes\">\n<div class=\"product-codes-row\"><span class=\"product-codes-row__label\">SAP<\/span><span class=\"product-codes-row__value\">AFA167<\/span><\/div>\n<div class=\"product-codes-row\"><span class=\"product-codes-row__label\">HPAC<\/span><span class=\"product-codes-row__value\">2025028<\/span><\/div>\n<div class=\"product-codes-row\"><span class=\"product-codes-row__label\">PLC<\/span><span class=\"product-codes-row__value\">2025028<\/span><\/div>\n<div class=\"product-codes-row\"><span class=\"product-codes-row__label\">GTIN\/EAN<\/span><span class=\"product-codes-row__value\">4021598127951<\/span><\/div>\n<div class=\"product-codes-row\"><span class=\"product-codes-row__label\">Num\u00e9ro de pi\u00e8ce du fabricant<\/span><span class=\"product-codes-row__value\">1065286<\/span><\/div>\n<div class=\"product-codes-row\"><span class=\"product-codes-row__label\">Num\u00e9ro d&rsquo;article du fournisseur<\/span><span class=\"product-codes-row__value\">2025028<\/span><\/div>\n<\/div>\n<\/div>\n","protected":false},"excerpt":{"rendered":"<p>Sp\u00e9cifications techniques Mat\u00e9riau anneau de compressionLaiton Mat\u00e9riau de l&rsquo;\u00e9crou-unionLaiton Diam\u00e8tre ext\u00e9rieur du tube-17 mm Convient pour les tubes en aluminiumfaux Convient pour les tubes en cuivrefaux Convient aux tuyaux multicouches en plastiquefaux Convient pour les tuyaux en plastiquevrai Convient pour les tubes en plastiquevrai Convient pour les tubes en acier inoxydablefaux Convient aux tuyaux en&hellip;<\/p>\n","protected":false},"featured_media":9860,"comment_status":"open","ping_status":"closed","template":"","meta":[],"product_cat":[832],"product_tag":[],"class_list":{"0":"post-9886","1":"product","2":"type-product","3":"status-publish","4":"has-post-thumbnail","6":"product_cat-divers","8":"first","9":"instock","10":"taxable","11":"shipping-taxable","12":"purchasable","13":"product-type-simple","14":"col-xs-6 col-sm-4","15":"col-md-4 col-lg-4","16":"un-3-cols"},"acf":[],"yoast_head":"<!-- This site is optimized with the Yoast SEO plugin v21.2 - https:\/\/yoast.com\/wordpress\/plugins\/seo\/ -->\n<title>CONNECTEUR MANIFOLD UPONOR 17x3\/4 EUROCONE<\/title>\n<meta name=\"description\" content=\"Order CONNECTEUR MANIFOLD UPONOR 17x3\/4 EUROCONE at a best price.\" \/>\n<meta name=\"robots\" content=\"index, follow, max-snippet:-1, max-image-preview:large, max-video-preview:-1\" \/>\n<link rel=\"canonical\" href=\"https:\/\/fluterm.eu\/fr\/prod\/connecteur-manifold-uponor-17x3-4-eurocone\/\" \/>\n<meta property=\"og:locale\" content=\"fr_FR\" \/>\n<meta property=\"og:type\" content=\"article\" \/>\n<meta property=\"og:title\" content=\"CONNECTEUR MANIFOLD UPONOR 17x3\/4 EUROCONE\" \/>\n<meta property=\"og:description\" content=\"Order CONNECTEUR MANIFOLD UPONOR 17x3\/4 EUROCONE at a best price.\" \/>\n<meta property=\"og:url\" content=\"https:\/\/fluterm.eu\/fr\/prod\/connecteur-manifold-uponor-17x3-4-eurocone\/\" \/>\n<meta property=\"og:site_name\" content=\"fluterm.eu\" \/>\n<meta property=\"article:modified_time\" content=\"2023-09-06T10:32:44+00:00\" \/>\n<meta property=\"og:image\" content=\"https:\/\/fluterm.eu\/wp-content\/uploads\/2023\/08\/eurocon-uponor-vario-pex-3-4-fi8269.webp\" \/>\n\t<meta property=\"og:image:width\" content=\"700\" \/>\n\t<meta property=\"og:image:height\" content=\"440\" \/>\n\t<meta property=\"og:image:type\" content=\"image\/webp\" \/>\n<meta name=\"twitter:card\" content=\"summary_large_image\" \/>\n<meta name=\"twitter:label1\" content=\"Dur\u00e9e de lecture estim\u00e9e\" \/>\n\t<meta name=\"twitter:data1\" content=\"1 minute\" \/>\n<script type=\"application\/ld+json\" class=\"yoast-schema-graph\">{\"@context\":\"https:\/\/schema.org\",\"@graph\":[{\"@type\":\"WebPage\",\"@id\":\"https:\/\/fluterm.eu\/fr\/prod\/connecteur-manifold-uponor-17x3-4-eurocone\/\",\"url\":\"https:\/\/fluterm.eu\/fr\/prod\/connecteur-manifold-uponor-17x3-4-eurocone\/\",\"name\":\"CONNECTEUR MANIFOLD UPONOR 17x3\/4 EUROCONE\",\"isPartOf\":{\"@id\":\"https:\/\/fluterm.eu\/#website\"},\"datePublished\":\"2023-08-27T10:52:21+00:00\",\"dateModified\":\"2023-09-06T10:32:44+00:00\",\"description\":\"Order CONNECTEUR MANIFOLD UPONOR 17x3\/4 EUROCONE at a best price.\",\"breadcrumb\":{\"@id\":\"https:\/\/fluterm.eu\/fr\/prod\/connecteur-manifold-uponor-17x3-4-eurocone\/#breadcrumb\"},\"inLanguage\":\"fr-FR\",\"potentialAction\":[{\"@type\":\"ReadAction\",\"target\":[\"https:\/\/fluterm.eu\/fr\/prod\/connecteur-manifold-uponor-17x3-4-eurocone\/\"]}]},{\"@type\":\"BreadcrumbList\",\"@id\":\"https:\/\/fluterm.eu\/fr\/prod\/connecteur-manifold-uponor-17x3-4-eurocone\/#breadcrumb\",\"itemListElement\":[{\"@type\":\"ListItem\",\"position\":1,\"name\":\"Home\",\"item\":\"https:\/\/fluterm.eu\/fr\/boutique\/\"},{\"@type\":\"ListItem\",\"position\":2,\"name\":\"Boutique\",\"item\":\"https:\/\/fluterm.eu\/fr\/boutique\/\"},{\"@type\":\"ListItem\",\"position\":3,\"name\":\"CONNECTEUR MANIFOLD UPONOR 17&#215;3\/4 EUROCONE\"}]},{\"@type\":\"WebSite\",\"@id\":\"https:\/\/fluterm.eu\/#website\",\"url\":\"https:\/\/fluterm.eu\/\",\"name\":\"fluterm.eu\",\"description\":\"\",\"potentialAction\":[{\"@type\":\"SearchAction\",\"target\":{\"@type\":\"EntryPoint\",\"urlTemplate\":\"https:\/\/fluterm.eu\/?s={search_term_string}\"},\"query-input\":\"required name=search_term_string\"}],\"inLanguage\":\"fr-FR\"}]}<\/script>\n<!-- \/ Yoast SEO plugin. -->","yoast_head_json":{"title":"CONNECTEUR MANIFOLD UPONOR 17x3\/4 EUROCONE","description":"Order CONNECTEUR MANIFOLD UPONOR 17x3\/4 EUROCONE at a best price.","robots":{"index":"index","follow":"follow","max-snippet":"max-snippet:-1","max-image-preview":"max-image-preview:large","max-video-preview":"max-video-preview:-1"},"canonical":"https:\/\/fluterm.eu\/fr\/prod\/connecteur-manifold-uponor-17x3-4-eurocone\/","og_locale":"fr_FR","og_type":"article","og_title":"CONNECTEUR MANIFOLD UPONOR 17x3\/4 EUROCONE","og_description":"Order CONNECTEUR MANIFOLD UPONOR 17x3\/4 EUROCONE at a best price.","og_url":"https:\/\/fluterm.eu\/fr\/prod\/connecteur-manifold-uponor-17x3-4-eurocone\/","og_site_name":"fluterm.eu","article_modified_time":"2023-09-06T10:32:44+00:00","og_image":[{"width":700,"height":440,"url":"https:\/\/fluterm.eu\/wp-content\/uploads\/2023\/08\/eurocon-uponor-vario-pex-3-4-fi8269.webp","type":"image\/webp"}],"twitter_card":"summary_large_image","twitter_misc":{"Dur\u00e9e de lecture estim\u00e9e":"1 minute"},"schema":{"@context":"https:\/\/schema.org","@graph":[{"@type":"WebPage","@id":"https:\/\/fluterm.eu\/fr\/prod\/connecteur-manifold-uponor-17x3-4-eurocone\/","url":"https:\/\/fluterm.eu\/fr\/prod\/connecteur-manifold-uponor-17x3-4-eurocone\/","name":"CONNECTEUR MANIFOLD UPONOR 17x3\/4 EUROCONE","isPartOf":{"@id":"https:\/\/fluterm.eu\/#website"},"datePublished":"2023-08-27T10:52:21+00:00","dateModified":"2023-09-06T10:32:44+00:00","description":"Order CONNECTEUR MANIFOLD UPONOR 17x3\/4 EUROCONE at a best price.","breadcrumb":{"@id":"https:\/\/fluterm.eu\/fr\/prod\/connecteur-manifold-uponor-17x3-4-eurocone\/#breadcrumb"},"inLanguage":"fr-FR","potentialAction":[{"@type":"ReadAction","target":["https:\/\/fluterm.eu\/fr\/prod\/connecteur-manifold-uponor-17x3-4-eurocone\/"]}]},{"@type":"BreadcrumbList","@id":"https:\/\/fluterm.eu\/fr\/prod\/connecteur-manifold-uponor-17x3-4-eurocone\/#breadcrumb","itemListElement":[{"@type":"ListItem","position":1,"name":"Home","item":"https:\/\/fluterm.eu\/fr\/boutique\/"},{"@type":"ListItem","position":2,"name":"Boutique","item":"https:\/\/fluterm.eu\/fr\/boutique\/"},{"@type":"ListItem","position":3,"name":"CONNECTEUR MANIFOLD UPONOR 17&#215;3\/4 EUROCONE"}]},{"@type":"WebSite","@id":"https:\/\/fluterm.eu\/#website","url":"https:\/\/fluterm.eu\/","name":"fluterm.eu","description":"","potentialAction":[{"@type":"SearchAction","target":{"@type":"EntryPoint","urlTemplate":"https:\/\/fluterm.eu\/?s={search_term_string}"},"query-input":"required name=search_term_string"}],"inLanguage":"fr-FR"}]}},"_links":{"self":[{"href":"https:\/\/fluterm.eu\/fr\/wp-json\/wp\/v2\/product\/9886","targetHints":{"allow":["GET"]}}],"collection":[{"href":"https:\/\/fluterm.eu\/fr\/wp-json\/wp\/v2\/product"}],"about":[{"href":"https:\/\/fluterm.eu\/fr\/wp-json\/wp\/v2\/types\/product"}],"replies":[{"embeddable":true,"href":"https:\/\/fluterm.eu\/fr\/wp-json\/wp\/v2\/comments?post=9886"}],"version-history":[{"count":1,"href":"https:\/\/fluterm.eu\/fr\/wp-json\/wp\/v2\/product\/9886\/revisions"}],"predecessor-version":[{"id":13235,"href":"https:\/\/fluterm.eu\/fr\/wp-json\/wp\/v2\/product\/9886\/revisions\/13235"}],"wp:featuredmedia":[{"embeddable":true,"href":"https:\/\/fluterm.eu\/fr\/wp-json\/wp\/v2\/media\/9860"}],"wp:attachment":[{"href":"https:\/\/fluterm.eu\/fr\/wp-json\/wp\/v2\/media?parent=9886"}],"wp:term":[{"taxonomy":"product_cat","embeddable":true,"href":"https:\/\/fluterm.eu\/fr\/wp-json\/wp\/v2\/product_cat?post=9886"},{"taxonomy":"product_tag","embeddable":true,"href":"https:\/\/fluterm.eu\/fr\/wp-json\/wp\/v2\/product_tag?post=9886"}],"curies":[{"name":"wp","href":"https:\/\/api.w.org\/{rel}","templated":true}]}}