{"id":9977,"date":"2023-08-26T11:59:02","date_gmt":"2023-08-26T08:59:02","guid":{"rendered":"https:\/\/fluterm.eu\/prod\/compteur-intelligent-triphase-huawei\/"},"modified":"2023-09-06T13:32:50","modified_gmt":"2023-09-06T10:32:50","slug":"compteur-intelligent-triphase-huawei","status":"publish","type":"product","link":"https:\/\/fluterm.eu\/fr\/prod\/compteur-intelligent-triphase-huawei\/","title":{"rendered":"Compteur intelligent triphas\u00e9 Huawei"},"content":{"rendered":"<table class=\"c-product-table\">\n<tbody class=\"c-product-table__tbody\">\n<tr class=\"row c-product-table__row is-product-table_row\">\n<td class=\"c-product-table__cell\" data-id-feature=\"7\"><span>Tension d&rsquo;alimentation :<\/span><\/td>\n<td class=\"c-product-table__cell c-product-table__cell--value\" data-id-feature=\"7\" data-id-feature-value=\"Array\"><span>220-240V AC,400V AC<\/span><\/td>\n<\/tr>\n<tr class=\"row c-product-table__row is-product-table_row\">\n<td class=\"c-product-table__cell\" data-id-feature=\"46\"><span>Multivoltage :<\/span><\/td>\n<td class=\"c-product-table__cell c-product-table__cell--value\" data-id-feature=\"46\" data-id-feature-value=\"5940115\"><span>230-400V AC<\/span><\/td>\n<\/tr>\n<tr class=\"row c-product-table__row is-product-table_row\">\n<td class=\"c-product-table__cell\" data-id-feature=\"37\"><span>Fr\u00e9q. de l&rsquo;op\u00e9ration :<\/span><\/td>\n<td class=\"c-product-table__cell c-product-table__cell--value\" data-id-feature=\"37\" data-id-feature-value=\"105255\"><span>50-60Hz<\/span><\/td>\n<\/tr>\n<tr class=\"row c-product-table__row is-product-table_row\">\n<td class=\"c-product-table__cell\" data-id-feature=\"2166\"><span>Courant de court-circuit maximal :<\/span><\/td>\n<td class=\"c-product-table__cell c-product-table__cell--value\" data-id-feature=\"2166\" data-id-feature-value=\"5747271\"><span>80A<\/span><\/td>\n<\/tr>\n<tr class=\"row c-product-table__row is-product-table_row\">\n<td class=\"c-product-table__cell\" data-id-feature=\"158\"><span>Classe d&rsquo;isolation \u00e9lectrique :<\/span><\/td>\n<td class=\"c-product-table__cell c-product-table__cell--value\" data-id-feature=\"158\" data-id-feature-value=\"290098\"><span>II<\/span><\/td>\n<\/tr>\n<tr class=\"row c-product-table__row is-product-table_row\">\n<td class=\"c-product-table__cell\" data-id-feature=\"25\"><span>Utiliser :<\/span><\/td>\n<td class=\"c-product-table__cell c-product-table__cell--value\" data-id-feature=\"25\" data-id-feature-value=\"Array\"><span>Interne, externe<\/span><\/td>\n<\/tr>\n<tr class=\"row c-product-table__row is-product-table_row\">\n<td class=\"c-product-table__cell\" data-id-feature=\"15\"><span>Protection IP :<\/span><\/td>\n<td class=\"c-product-table__cell c-product-table__cell--value\" data-id-feature=\"15\" data-id-feature-value=\"18209\"><span>IP54<\/span><\/td>\n<\/tr>\n<tr class=\"row c-product-table__row is-product-table_row\">\n<td class=\"c-product-table__cell\" data-id-feature=\"18\"><span>Mat\u00e9riau du corps :<\/span><\/td>\n<td class=\"c-product-table__cell c-product-table__cell--value\" data-id-feature=\"18\" data-id-feature-value=\"Array\"><span>pc<\/span><\/td>\n<\/tr>\n<tr class=\"row c-product-table__row is-product-table_row\">\n<td class=\"c-product-table__cell\" data-id-feature=\"16\"><span>Dimensions :<\/span><\/td>\n<td class=\"c-product-table__cell c-product-table__cell--value\" data-id-feature=\"16\" data-id-feature-value=\"5747276\"><span>98x36x65mm \/\/ 98x72x65mm<\/span><\/td>\n<\/tr>\n<tr class=\"row c-product-table__row is-product-table_row\">\n<td class=\"c-product-table__cell\" data-id-feature=\"4\"><span>Poids :<\/span><\/td>\n<td class=\"c-product-table__cell c-product-table__cell--value\" data-id-feature=\"4\" data-id-feature-value=\"5747281\"><span>0,2kg \/\/ 0,4kg<\/span><\/td>\n<\/tr>\n<tr class=\"row c-product-table__row is-product-table_row\">\n<td class=\"c-product-table__cell\" data-id-feature=\"12\"><span>Temp\u00e9rature de fonctionnement<\/span><\/td>\n<td class=\"c-product-table__cell c-product-table__cell--value\" data-id-feature=\"12\" data-id-feature-value=\"5533077\"><span>-10\u00baC ~ +75\u00baC<\/span><\/td>\n<\/tr>\n<tr class=\"row c-product-table__row is-product-table_row\">\n<td class=\"c-product-table__cell\" data-id-feature=\"29\"><span>T\u00aa Amb. Fonctionnement :<\/span><\/td>\n<td class=\"c-product-table__cell c-product-table__cell--value\" data-id-feature=\"29\" data-id-feature-value=\"5108150\"><span>-40\u00baC ~ +85\u00baC<\/span><\/td>\n<\/tr>\n<tr class=\"row c-product-table__row is-product-table_row\">\n<td class=\"c-product-table__cell\" data-id-feature=\"30\"><span>Garantie :<\/span><\/td>\n<td class=\"c-product-table__cell c-product-table__cell--value\" data-id-feature=\"30\" data-id-feature-value=\"76671\"><span>3 ans<\/span><\/td>\n<\/tr>\n<tr class=\"row c-product-table__row is-product-table_row\">\n<td class=\"c-product-table__cell\" data-id-feature=\"20\"><span>Certificats :<\/span><\/td>\n<td class=\"c-product-table__cell c-product-table__cell--value\" data-id-feature=\"20\" data-id-feature-value=\"Array\"><span>CE &amp; RoHS,UKCA<\/span><\/td>\n<\/tr>\n<\/tbody>\n<\/table>\n","protected":false},"excerpt":{"rendered":"<p>Tension d&rsquo;alimentation : 220-240V AC,400V AC Multivoltage : 230-400V AC Fr\u00e9q. de l&rsquo;op\u00e9ration : 50-60Hz Courant de court-circuit maximal : 80A Classe d&rsquo;isolation \u00e9lectrique : II Utiliser : Interne, externe Protection IP : IP54 Mat\u00e9riau du corps : pc Dimensions : 98x36x65mm \/\/ 98x72x65mm Poids : 0,2kg \/\/ 0,4kg Temp\u00e9rature de fonctionnement -10\u00baC ~ +75\u00baC&hellip;<\/p>\n","protected":false},"featured_media":9980,"comment_status":"open","ping_status":"closed","template":"","meta":[],"product_cat":[770],"product_tag":[],"class_list":{"0":"post-9977","1":"product","2":"type-product","3":"status-publish","4":"has-post-thumbnail","6":"product_cat-kits-photovoltaiques","8":"first","9":"instock","10":"taxable","11":"shipping-taxable","12":"purchasable","13":"product-type-simple","14":"col-xs-6 col-sm-4","15":"col-md-4 col-lg-4","16":"un-3-cols"},"acf":[],"yoast_head":"<!-- This site is optimized with the Yoast SEO plugin v21.2 - https:\/\/yoast.com\/wordpress\/plugins\/seo\/ -->\n<title>Compteur intelligent triphas\u00e9 Huawei<\/title>\n<meta name=\"description\" content=\"Order Compteur intelligent triphas\u00e9 Huawei at a best price.\" \/>\n<meta name=\"robots\" content=\"index, follow, max-snippet:-1, max-image-preview:large, max-video-preview:-1\" \/>\n<link rel=\"canonical\" href=\"https:\/\/fluterm.eu\/fr\/prod\/compteur-intelligent-triphase-huawei\/\" \/>\n<meta property=\"og:locale\" content=\"fr_FR\" \/>\n<meta property=\"og:type\" content=\"article\" \/>\n<meta property=\"og:title\" content=\"Compteur intelligent triphas\u00e9 Huawei\" \/>\n<meta property=\"og:description\" content=\"Order Compteur intelligent triphas\u00e9 Huawei at a best price.\" \/>\n<meta property=\"og:url\" content=\"https:\/\/fluterm.eu\/fr\/prod\/compteur-intelligent-triphase-huawei\/\" \/>\n<meta property=\"og:site_name\" content=\"fluterm.eu\" \/>\n<meta property=\"article:modified_time\" content=\"2023-09-06T10:32:50+00:00\" \/>\n<meta property=\"og:image\" content=\"https:\/\/fluterm.eu\/wp-content\/uploads\/2023\/08\/84C33E68-9FFE-42DA-9F50-D7F82884D6A4.png\" \/>\n\t<meta property=\"og:image:width\" content=\"1206\" \/>\n\t<meta property=\"og:image:height\" content=\"1206\" \/>\n\t<meta property=\"og:image:type\" content=\"image\/png\" \/>\n<meta name=\"twitter:card\" content=\"summary_large_image\" \/>\n<script type=\"application\/ld+json\" class=\"yoast-schema-graph\">{\"@context\":\"https:\/\/schema.org\",\"@graph\":[{\"@type\":\"WebPage\",\"@id\":\"https:\/\/fluterm.eu\/fr\/prod\/compteur-intelligent-triphase-huawei\/\",\"url\":\"https:\/\/fluterm.eu\/fr\/prod\/compteur-intelligent-triphase-huawei\/\",\"name\":\"Compteur intelligent triphas\u00e9 Huawei\",\"isPartOf\":{\"@id\":\"https:\/\/fluterm.eu\/#website\"},\"datePublished\":\"2023-08-26T08:59:02+00:00\",\"dateModified\":\"2023-09-06T10:32:50+00:00\",\"description\":\"Order Compteur intelligent triphas\u00e9 Huawei at a best price.\",\"breadcrumb\":{\"@id\":\"https:\/\/fluterm.eu\/fr\/prod\/compteur-intelligent-triphase-huawei\/#breadcrumb\"},\"inLanguage\":\"fr-FR\",\"potentialAction\":[{\"@type\":\"ReadAction\",\"target\":[\"https:\/\/fluterm.eu\/fr\/prod\/compteur-intelligent-triphase-huawei\/\"]}]},{\"@type\":\"BreadcrumbList\",\"@id\":\"https:\/\/fluterm.eu\/fr\/prod\/compteur-intelligent-triphase-huawei\/#breadcrumb\",\"itemListElement\":[{\"@type\":\"ListItem\",\"position\":1,\"name\":\"Home\",\"item\":\"https:\/\/fluterm.eu\/fr\/boutique\/\"},{\"@type\":\"ListItem\",\"position\":2,\"name\":\"Boutique\",\"item\":\"https:\/\/fluterm.eu\/fr\/boutique\/\"},{\"@type\":\"ListItem\",\"position\":3,\"name\":\"Compteur intelligent triphas\u00e9 Huawei\"}]},{\"@type\":\"WebSite\",\"@id\":\"https:\/\/fluterm.eu\/#website\",\"url\":\"https:\/\/fluterm.eu\/\",\"name\":\"fluterm.eu\",\"description\":\"\",\"potentialAction\":[{\"@type\":\"SearchAction\",\"target\":{\"@type\":\"EntryPoint\",\"urlTemplate\":\"https:\/\/fluterm.eu\/?s={search_term_string}\"},\"query-input\":\"required name=search_term_string\"}],\"inLanguage\":\"fr-FR\"}]}<\/script>\n<!-- \/ Yoast SEO plugin. -->","yoast_head_json":{"title":"Compteur intelligent triphas\u00e9 Huawei","description":"Order Compteur intelligent triphas\u00e9 Huawei at a best price.","robots":{"index":"index","follow":"follow","max-snippet":"max-snippet:-1","max-image-preview":"max-image-preview:large","max-video-preview":"max-video-preview:-1"},"canonical":"https:\/\/fluterm.eu\/fr\/prod\/compteur-intelligent-triphase-huawei\/","og_locale":"fr_FR","og_type":"article","og_title":"Compteur intelligent triphas\u00e9 Huawei","og_description":"Order Compteur intelligent triphas\u00e9 Huawei at a best price.","og_url":"https:\/\/fluterm.eu\/fr\/prod\/compteur-intelligent-triphase-huawei\/","og_site_name":"fluterm.eu","article_modified_time":"2023-09-06T10:32:50+00:00","og_image":[{"width":1206,"height":1206,"url":"https:\/\/fluterm.eu\/wp-content\/uploads\/2023\/08\/84C33E68-9FFE-42DA-9F50-D7F82884D6A4.png","type":"image\/png"}],"twitter_card":"summary_large_image","schema":{"@context":"https:\/\/schema.org","@graph":[{"@type":"WebPage","@id":"https:\/\/fluterm.eu\/fr\/prod\/compteur-intelligent-triphase-huawei\/","url":"https:\/\/fluterm.eu\/fr\/prod\/compteur-intelligent-triphase-huawei\/","name":"Compteur intelligent triphas\u00e9 Huawei","isPartOf":{"@id":"https:\/\/fluterm.eu\/#website"},"datePublished":"2023-08-26T08:59:02+00:00","dateModified":"2023-09-06T10:32:50+00:00","description":"Order Compteur intelligent triphas\u00e9 Huawei at a best price.","breadcrumb":{"@id":"https:\/\/fluterm.eu\/fr\/prod\/compteur-intelligent-triphase-huawei\/#breadcrumb"},"inLanguage":"fr-FR","potentialAction":[{"@type":"ReadAction","target":["https:\/\/fluterm.eu\/fr\/prod\/compteur-intelligent-triphase-huawei\/"]}]},{"@type":"BreadcrumbList","@id":"https:\/\/fluterm.eu\/fr\/prod\/compteur-intelligent-triphase-huawei\/#breadcrumb","itemListElement":[{"@type":"ListItem","position":1,"name":"Home","item":"https:\/\/fluterm.eu\/fr\/boutique\/"},{"@type":"ListItem","position":2,"name":"Boutique","item":"https:\/\/fluterm.eu\/fr\/boutique\/"},{"@type":"ListItem","position":3,"name":"Compteur intelligent triphas\u00e9 Huawei"}]},{"@type":"WebSite","@id":"https:\/\/fluterm.eu\/#website","url":"https:\/\/fluterm.eu\/","name":"fluterm.eu","description":"","potentialAction":[{"@type":"SearchAction","target":{"@type":"EntryPoint","urlTemplate":"https:\/\/fluterm.eu\/?s={search_term_string}"},"query-input":"required name=search_term_string"}],"inLanguage":"fr-FR"}]}},"_links":{"self":[{"href":"https:\/\/fluterm.eu\/fr\/wp-json\/wp\/v2\/product\/9977","targetHints":{"allow":["GET"]}}],"collection":[{"href":"https:\/\/fluterm.eu\/fr\/wp-json\/wp\/v2\/product"}],"about":[{"href":"https:\/\/fluterm.eu\/fr\/wp-json\/wp\/v2\/types\/product"}],"replies":[{"embeddable":true,"href":"https:\/\/fluterm.eu\/fr\/wp-json\/wp\/v2\/comments?post=9977"}],"version-history":[{"count":1,"href":"https:\/\/fluterm.eu\/fr\/wp-json\/wp\/v2\/product\/9977\/revisions"}],"predecessor-version":[{"id":13254,"href":"https:\/\/fluterm.eu\/fr\/wp-json\/wp\/v2\/product\/9977\/revisions\/13254"}],"wp:featuredmedia":[{"embeddable":true,"href":"https:\/\/fluterm.eu\/fr\/wp-json\/wp\/v2\/media\/9980"}],"wp:attachment":[{"href":"https:\/\/fluterm.eu\/fr\/wp-json\/wp\/v2\/media?parent=9977"}],"wp:term":[{"taxonomy":"product_cat","embeddable":true,"href":"https:\/\/fluterm.eu\/fr\/wp-json\/wp\/v2\/product_cat?post=9977"},{"taxonomy":"product_tag","embeddable":true,"href":"https:\/\/fluterm.eu\/fr\/wp-json\/wp\/v2\/product_tag?post=9977"}],"curies":[{"name":"wp","href":"https:\/\/api.w.org\/{rel}","templated":true}]}}