{"id":4467,"date":"2022-10-01T08:14:55","date_gmt":"2022-10-01T05:14:55","guid":{"rendered":"https:\/\/fluterm.eu\/visszateritesi-es-visszateritesi-politika\/"},"modified":"2023-09-04T19:12:04","modified_gmt":"2023-09-04T16:12:04","slug":"visszateritesi-es-visszateritesi-politika","status":"publish","type":"page","link":"https:\/\/fluterm.eu\/hu\/visszateritesi-es-visszateritesi-politika\/","title":{"rendered":"Visszat\u00e9r\u00edt\u00e9si \u00e9s visszat\u00e9r\u00edt\u00e9si politika"},"content":{"rendered":"&#13;\n<p>\u00a0<\/p>&#13;\n<h1><strong>Refund and returns policy<\/strong><\/h1>&#13;\n<p><br\/>A biztos\u00edt\u00e1si k\u00f6tv\u00e9ny\u00fcnk a v\u00e1s\u00e1rl\u00e1st\u00f3l sz\u00e1m\u00edtott 14 napt\u00e1ri napig \u00e9rv\u00e9nyes. Ha ezen id\u0151szak alatt szeretn\u00e9 visszak\u00fcldeni a term\u00e9ket visszat\u00e9r\u00edt\u00e9s ellen\u00e9ben, akkor ezt az al\u00e1bbi felt\u00e9telek teljes\u00fcl\u00e9se eset\u00e9n teheti meg. Felh\u00edvjuk figyelm\u00e9t, hogy ha a 14 napos id\u0151szak lej\u00e1rt, sajnos nem \u00e1ll m\u00f3dunkban visszat\u00e9r\u00edt\u00e9st ny\u00fajtani.<\/p>&#13;\n<p>Visszat\u00e9r\u00edt\u00e9si k\u00f6vetelm\u00e9nyek<\/p>&#13;\n<p>A visszat\u00e9r\u00edt\u00e9sre val\u00f3 jogosults\u00e1ghoz a k\u00f6vetkez\u0151 felt\u00e9teleknek kell teljes\u00fclni\u00fck:<\/p>&#13;\n<p>&#8211; A term\u00e9k hib\u00e1s<br\/>&#8211; A term\u00e9k nem a le\u00edrtaknak megfelel\u0151<br\/>&#8211; A term\u00e9knek bontatlannak kell lennie<br\/>&#8211; A term\u00e9knek eredeti csomagol\u00e1sban kell lennie<br\/>&#8211; A term\u00e9knek nem haszn\u00e1ltnak kell lennie<br\/>&#8211; A term\u00e9k nem lehet s\u00e9r\u00fclt<\/p>&#13;\n<p>A fenti krit\u00e9riumok teljes\u00fcl\u00e9s\u00e9nek biztos\u00edt\u00e1sa \u00e9rdek\u00e9ben minden visszak\u00fcld\u00f6tt term\u00e9ket megvizsg\u00e1lnak. Ha a term\u00e9k nem felel meg a felsorolt krit\u00e9riumoknak, fenntartjuk a jogot, hogy ne adjunk ki visszat\u00e9r\u00edt\u00e9st.<\/p>&#13;\n<p>A v\u00e1s\u00e1rl\u00e1s igazol\u00e1sa<\/p>&#13;\n<p>A visszat\u00e9r\u00edt\u00e9s teljes\u00edt\u00e9s\u00e9hez sz\u00fcks\u00e9g\u00fcnk van a v\u00e1s\u00e1rl\u00e1st igazol\u00f3 nyugt\u00e1ra, v\u00e1s\u00e1rl\u00e1si utalv\u00e1nyra vagy egy\u00e9b bizonylatra. Felh\u00edvjuk figyelm\u00e9t, hogy a fent eml\u00edtett v\u00e1s\u00e1rl\u00e1si igazol\u00e1s n\u00e9lk\u00fcl nem \u00e1ll m\u00f3dunkban visszat\u00e9r\u00edt\u00e9st adni.<\/p>&#13;\n<p>Kapcsolatfelv\u00e9tel<\/p>&#13;\n<p>Ha b\u00e1rmilyen k\u00e9rd\u00e9se, agg\u00e1lya vagy panasza van ezzel a visszat\u00e9r\u00edt\u00e9si politik\u00e1val kapcsolatban, k\u00e9rj\u00fck, hogy vegye fel vel\u00fcnk a kapcsolatot az al\u00e1bbi el\u00e9rhet\u0151s\u00e9geken:<\/p>&#13;\n<p>Office@fluterm.ro<\/p>&#13;\n<p>Ezt a dokumentumot legut\u00f3bb 2023. j\u00fanius 26-\u00e1n friss\u00edtett\u00e9k.<\/p>&#13;\n","protected":false},"excerpt":{"rendered":"<p>&#13; \u00a0 &#13; Refund and returns policy &#13; A biztos\u00edt\u00e1si k\u00f6tv\u00e9ny\u00fcnk a v\u00e1s\u00e1rl\u00e1st\u00f3l sz\u00e1m\u00edtott 14 napt\u00e1ri napig \u00e9rv\u00e9nyes. Ha ezen id\u0151szak alatt szeretn\u00e9 visszak\u00fcldeni a term\u00e9ket visszat\u00e9r\u00edt\u00e9s ellen\u00e9ben, akkor ezt az al\u00e1bbi felt\u00e9telek teljes\u00fcl\u00e9se eset\u00e9n teheti meg. Felh\u00edvjuk figyelm\u00e9t, hogy ha a 14 napos id\u0151szak lej\u00e1rt, sajnos nem \u00e1ll m\u00f3dunkban visszat\u00e9r\u00edt\u00e9st ny\u00fajtani. &#13; Visszat\u00e9r\u00edt\u00e9si k\u00f6vetelm\u00e9nyek&hellip;<\/p>\n","protected":false},"author":3,"featured_media":0,"parent":0,"menu_order":0,"comment_status":"closed","ping_status":"closed","template":"","meta":{"footnotes":""},"class_list":["post-4467","page","type-page","status-publish","hentry"],"acf":[],"yoast_head":"<!-- This site is optimized with the Yoast SEO plugin v21.2 - https:\/\/yoast.com\/wordpress\/plugins\/seo\/ -->\n<title>Visszat\u00e9r\u00edt\u00e9si \u00e9s visszat\u00e9r\u00edt\u00e9si politika<\/title>\n<meta name=\"robots\" content=\"index, follow, max-snippet:-1, max-image-preview:large, max-video-preview:-1\" \/>\n<link rel=\"canonical\" href=\"https:\/\/fluterm.eu\/hu\/visszateritesi-es-visszateritesi-politika\/\" \/>\n<meta property=\"og:locale\" content=\"hu_HU\" \/>\n<meta property=\"og:type\" content=\"article\" \/>\n<meta property=\"og:title\" content=\"Visszat\u00e9r\u00edt\u00e9si \u00e9s visszat\u00e9r\u00edt\u00e9si politika\" \/>\n<meta property=\"og:description\" content=\"&#013; \u00a0 &#013; Refund and returns policy &#013; A biztos\u00edt\u00e1si k\u00f6tv\u00e9ny\u00fcnk a v\u00e1s\u00e1rl\u00e1st\u00f3l sz\u00e1m\u00edtott 14 napt\u00e1ri napig \u00e9rv\u00e9nyes. Ha ezen id\u0151szak alatt szeretn\u00e9 visszak\u00fcldeni a term\u00e9ket visszat\u00e9r\u00edt\u00e9s ellen\u00e9ben, akkor ezt az al\u00e1bbi felt\u00e9telek teljes\u00fcl\u00e9se eset\u00e9n teheti meg. Felh\u00edvjuk figyelm\u00e9t, hogy ha a 14 napos id\u0151szak lej\u00e1rt, sajnos nem \u00e1ll m\u00f3dunkban visszat\u00e9r\u00edt\u00e9st ny\u00fajtani. &#013; Visszat\u00e9r\u00edt\u00e9si k\u00f6vetelm\u00e9nyek&hellip;\" \/>\n<meta property=\"og:url\" content=\"https:\/\/fluterm.eu\/hu\/visszateritesi-es-visszateritesi-politika\/\" \/>\n<meta property=\"og:site_name\" content=\"fluterm.eu\" \/>\n<meta property=\"article:modified_time\" content=\"2023-09-04T16:12:04+00:00\" \/>\n<meta name=\"twitter:card\" content=\"summary_large_image\" \/>\n<meta name=\"twitter:label1\" content=\"Becs\u00fclt olvas\u00e1si id\u0151\" \/>\n\t<meta name=\"twitter:data1\" content=\"2 perc\" \/>\n<script type=\"application\/ld+json\" class=\"yoast-schema-graph\">{\"@context\":\"https:\/\/schema.org\",\"@graph\":[{\"@type\":\"WebPage\",\"@id\":\"https:\/\/fluterm.eu\/hu\/visszateritesi-es-visszateritesi-politika\/\",\"url\":\"https:\/\/fluterm.eu\/hu\/visszateritesi-es-visszateritesi-politika\/\",\"name\":\"Visszat\u00e9r\u00edt\u00e9si \u00e9s visszat\u00e9r\u00edt\u00e9si politika\",\"isPartOf\":{\"@id\":\"https:\/\/fluterm.eu\/#website\"},\"datePublished\":\"2022-10-01T05:14:55+00:00\",\"dateModified\":\"2023-09-04T16:12:04+00:00\",\"breadcrumb\":{\"@id\":\"https:\/\/fluterm.eu\/hu\/visszateritesi-es-visszateritesi-politika\/#breadcrumb\"},\"inLanguage\":\"hu\",\"potentialAction\":[{\"@type\":\"ReadAction\",\"target\":[\"https:\/\/fluterm.eu\/hu\/visszateritesi-es-visszateritesi-politika\/\"]}]},{\"@type\":\"BreadcrumbList\",\"@id\":\"https:\/\/fluterm.eu\/hu\/visszateritesi-es-visszateritesi-politika\/#breadcrumb\",\"itemListElement\":[{\"@type\":\"ListItem\",\"position\":1,\"name\":\"Home\",\"item\":\"https:\/\/fluterm.eu\/hu\/bolt\/\"},{\"@type\":\"ListItem\",\"position\":2,\"name\":\"Visszat\u00e9r\u00edt\u00e9si \u00e9s visszat\u00e9r\u00edt\u00e9si politika\"}]},{\"@type\":\"WebSite\",\"@id\":\"https:\/\/fluterm.eu\/#website\",\"url\":\"https:\/\/fluterm.eu\/\",\"name\":\"fluterm.eu\",\"description\":\"\",\"potentialAction\":[{\"@type\":\"SearchAction\",\"target\":{\"@type\":\"EntryPoint\",\"urlTemplate\":\"https:\/\/fluterm.eu\/?s={search_term_string}\"},\"query-input\":\"required name=search_term_string\"}],\"inLanguage\":\"hu\"}]}<\/script>\n<!-- \/ Yoast SEO plugin. -->","yoast_head_json":{"title":"Visszat\u00e9r\u00edt\u00e9si \u00e9s visszat\u00e9r\u00edt\u00e9si politika","robots":{"index":"index","follow":"follow","max-snippet":"max-snippet:-1","max-image-preview":"max-image-preview:large","max-video-preview":"max-video-preview:-1"},"canonical":"https:\/\/fluterm.eu\/hu\/visszateritesi-es-visszateritesi-politika\/","og_locale":"hu_HU","og_type":"article","og_title":"Visszat\u00e9r\u00edt\u00e9si \u00e9s visszat\u00e9r\u00edt\u00e9si politika","og_description":"&#13; \u00a0 &#13; Refund and returns policy &#13; A biztos\u00edt\u00e1si k\u00f6tv\u00e9ny\u00fcnk a v\u00e1s\u00e1rl\u00e1st\u00f3l sz\u00e1m\u00edtott 14 napt\u00e1ri napig \u00e9rv\u00e9nyes. Ha ezen id\u0151szak alatt szeretn\u00e9 visszak\u00fcldeni a term\u00e9ket visszat\u00e9r\u00edt\u00e9s ellen\u00e9ben, akkor ezt az al\u00e1bbi felt\u00e9telek teljes\u00fcl\u00e9se eset\u00e9n teheti meg. Felh\u00edvjuk figyelm\u00e9t, hogy ha a 14 napos id\u0151szak lej\u00e1rt, sajnos nem \u00e1ll m\u00f3dunkban visszat\u00e9r\u00edt\u00e9st ny\u00fajtani. &#13; Visszat\u00e9r\u00edt\u00e9si k\u00f6vetelm\u00e9nyek&hellip;","og_url":"https:\/\/fluterm.eu\/hu\/visszateritesi-es-visszateritesi-politika\/","og_site_name":"fluterm.eu","article_modified_time":"2023-09-04T16:12:04+00:00","twitter_card":"summary_large_image","twitter_misc":{"Becs\u00fclt olvas\u00e1si id\u0151":"2 perc"},"schema":{"@context":"https:\/\/schema.org","@graph":[{"@type":"WebPage","@id":"https:\/\/fluterm.eu\/hu\/visszateritesi-es-visszateritesi-politika\/","url":"https:\/\/fluterm.eu\/hu\/visszateritesi-es-visszateritesi-politika\/","name":"Visszat\u00e9r\u00edt\u00e9si \u00e9s visszat\u00e9r\u00edt\u00e9si politika","isPartOf":{"@id":"https:\/\/fluterm.eu\/#website"},"datePublished":"2022-10-01T05:14:55+00:00","dateModified":"2023-09-04T16:12:04+00:00","breadcrumb":{"@id":"https:\/\/fluterm.eu\/hu\/visszateritesi-es-visszateritesi-politika\/#breadcrumb"},"inLanguage":"hu","potentialAction":[{"@type":"ReadAction","target":["https:\/\/fluterm.eu\/hu\/visszateritesi-es-visszateritesi-politika\/"]}]},{"@type":"BreadcrumbList","@id":"https:\/\/fluterm.eu\/hu\/visszateritesi-es-visszateritesi-politika\/#breadcrumb","itemListElement":[{"@type":"ListItem","position":1,"name":"Home","item":"https:\/\/fluterm.eu\/hu\/bolt\/"},{"@type":"ListItem","position":2,"name":"Visszat\u00e9r\u00edt\u00e9si \u00e9s visszat\u00e9r\u00edt\u00e9si politika"}]},{"@type":"WebSite","@id":"https:\/\/fluterm.eu\/#website","url":"https:\/\/fluterm.eu\/","name":"fluterm.eu","description":"","potentialAction":[{"@type":"SearchAction","target":{"@type":"EntryPoint","urlTemplate":"https:\/\/fluterm.eu\/?s={search_term_string}"},"query-input":"required name=search_term_string"}],"inLanguage":"hu"}]}},"_links":{"self":[{"href":"https:\/\/fluterm.eu\/hu\/wp-json\/wp\/v2\/pages\/4467","targetHints":{"allow":["GET"]}}],"collection":[{"href":"https:\/\/fluterm.eu\/hu\/wp-json\/wp\/v2\/pages"}],"about":[{"href":"https:\/\/fluterm.eu\/hu\/wp-json\/wp\/v2\/types\/page"}],"author":[{"embeddable":true,"href":"https:\/\/fluterm.eu\/hu\/wp-json\/wp\/v2\/users\/3"}],"replies":[{"embeddable":true,"href":"https:\/\/fluterm.eu\/hu\/wp-json\/wp\/v2\/comments?post=4467"}],"version-history":[{"count":2,"href":"https:\/\/fluterm.eu\/hu\/wp-json\/wp\/v2\/pages\/4467\/revisions"}],"predecessor-version":[{"id":4473,"href":"https:\/\/fluterm.eu\/hu\/wp-json\/wp\/v2\/pages\/4467\/revisions\/4473"}],"wp:attachment":[{"href":"https:\/\/fluterm.eu\/hu\/wp-json\/wp\/v2\/media?parent=4467"}],"curies":[{"name":"wp","href":"https:\/\/api.w.org\/{rel}","templated":true}]}}