{"id":10264,"date":"2023-08-20T23:10:15","date_gmt":"2023-08-20T20:10:15","guid":{"rendered":"https:\/\/fluterm.eu\/prod\/pe-rt-mono-retegu-cso-padlofuteshez-16x2-elettartam-garancia\/"},"modified":"2023-09-06T15:08:49","modified_gmt":"2023-09-06T12:08:49","slug":"pe-rt-mono-retegu-cso-padlofuteshez-16x2-elettartam-garancia","status":"publish","type":"product","link":"https:\/\/fluterm.eu\/hu\/prod\/pe-rt-mono-retegu-cso-padlofuteshez-16x2-elettartam-garancia\/","title":{"rendered":"Pe-Rt Mono r\u00e9teg\u0171 cs\u0151 padl\u00f3f\u0171t\u00e9shez 16\u00d72 \u00e9lettartam garancia"},"content":{"rendered":"<p><span style=\"color: #ff0000;\"><strong>  B\u00e1rmilyen hossz\u00fas\u00e1got meg tudunk v\u00e1gni, csak adja meg a felv\u00e9teleket.<\/strong><\/span><\/p>\n<table class=\"table table-light table-bordered\" width=\"586\">\n<tbody>\n<tr>\n<td>Gy\u00e1rt\u00f3:<\/td>\n<td>Mplast<\/td>\n<\/tr>\n<tr>\n<td>\u00c1tm\u00e9r\u0151:<\/td>\n<td>16 mm<\/td>\n<\/tr>\n<tr>\n<td>Anyag:<\/td>\n<td>pe-rt<\/td>\n<\/tr>\n<tr>\n<td>Max. munkah\u0151m\u00e9rs\u00e9klet:<\/p>\n<p>Oxig\u00e9n g\u00e1t<\/td>\n<td>70 \u00b0C<\/p>\n<p>&nbsp;<\/td>\n<\/tr>\n<\/tbody>\n<\/table>\n","protected":false},"excerpt":{"rendered":"<p>B\u00e1rmilyen hossz\u00fas\u00e1got meg tudunk v\u00e1gni, csak adja meg a felv\u00e9teleket. Gy\u00e1rt\u00f3: Mplast \u00c1tm\u00e9r\u0151: 16 mm Anyag: pe-rt Max. munkah\u0151m\u00e9rs\u00e9klet: Oxig\u00e9n g\u00e1t 70 \u00b0C &nbsp;<\/p>\n","protected":false},"featured_media":10271,"comment_status":"open","ping_status":"closed","template":"","meta":[],"product_cat":[869],"product_tag":[],"class_list":{"0":"post-10264","1":"product","2":"type-product","3":"status-publish","4":"has-post-thumbnail","6":"product_cat-padlofutes-cso","8":"first","9":"instock","10":"taxable","11":"shipping-taxable","12":"purchasable","13":"product-type-simple","14":"col-xs-6 col-sm-4","15":"col-md-4 col-lg-4","16":"un-3-cols"},"acf":[],"yoast_head":"<!-- This site is optimized with the Yoast SEO plugin v21.2 - https:\/\/yoast.com\/wordpress\/plugins\/seo\/ -->\n<title>Pe-Rt Mono r\u00e9teg\u0171 cs\u0151 padl\u00f3f\u0171t\u00e9shez 16\u00d72 \u00e9lettartam garancia<\/title>\n<meta name=\"description\" content=\"Order Pe-Rt Mono r\u00e9teg\u0171 cs\u0151 padl\u00f3f\u0171t\u00e9shez 16\u00d72 \u00e9lettartam garancia at a best price.\" \/>\n<meta name=\"robots\" content=\"index, follow, max-snippet:-1, max-image-preview:large, max-video-preview:-1\" \/>\n<link rel=\"canonical\" href=\"https:\/\/fluterm.eu\/hu\/prod\/pe-rt-mono-retegu-cso-padlofuteshez-16x2-elettartam-garancia\/\" \/>\n<meta property=\"og:locale\" content=\"hu_HU\" \/>\n<meta property=\"og:type\" content=\"article\" \/>\n<meta property=\"og:title\" content=\"Pe-Rt Mono r\u00e9teg\u0171 cs\u0151 padl\u00f3f\u0171t\u00e9shez 16\u00d72 \u00e9lettartam garancia\" \/>\n<meta property=\"og:description\" content=\"Order Pe-Rt Mono r\u00e9teg\u0171 cs\u0151 padl\u00f3f\u0171t\u00e9shez 16\u00d72 \u00e9lettartam garancia at a best price.\" \/>\n<meta property=\"og:url\" content=\"https:\/\/fluterm.eu\/hu\/prod\/pe-rt-mono-retegu-cso-padlofuteshez-16x2-elettartam-garancia\/\" \/>\n<meta property=\"og:site_name\" content=\"fluterm.eu\" \/>\n<meta property=\"article:modified_time\" content=\"2023-09-06T12:08:49+00:00\" \/>\n<meta property=\"og:image\" content=\"https:\/\/fluterm.eu\/wp-content\/uploads\/2023\/08\/8289343C-1679-4F74-B25A-ABC4AB29F6F3_4_5005_c.jpeg\" \/>\n\t<meta property=\"og:image:width\" content=\"224\" \/>\n\t<meta property=\"og:image:height\" content=\"224\" \/>\n\t<meta property=\"og:image:type\" content=\"image\/jpeg\" \/>\n<meta name=\"twitter:card\" content=\"summary_large_image\" \/>\n<script type=\"application\/ld+json\" class=\"yoast-schema-graph\">{\"@context\":\"https:\/\/schema.org\",\"@graph\":[{\"@type\":\"WebPage\",\"@id\":\"https:\/\/fluterm.eu\/hu\/prod\/pe-rt-mono-retegu-cso-padlofuteshez-16x2-elettartam-garancia\/\",\"url\":\"https:\/\/fluterm.eu\/hu\/prod\/pe-rt-mono-retegu-cso-padlofuteshez-16x2-elettartam-garancia\/\",\"name\":\"Pe-Rt Mono r\u00e9teg\u0171 cs\u0151 padl\u00f3f\u0171t\u00e9shez 16\u00d72 \u00e9lettartam garancia\",\"isPartOf\":{\"@id\":\"https:\/\/fluterm.eu\/#website\"},\"datePublished\":\"2023-08-20T20:10:15+00:00\",\"dateModified\":\"2023-09-06T12:08:49+00:00\",\"description\":\"Order Pe-Rt Mono r\u00e9teg\u0171 cs\u0151 padl\u00f3f\u0171t\u00e9shez 16\u00d72 \u00e9lettartam garancia at a best price.\",\"breadcrumb\":{\"@id\":\"https:\/\/fluterm.eu\/hu\/prod\/pe-rt-mono-retegu-cso-padlofuteshez-16x2-elettartam-garancia\/#breadcrumb\"},\"inLanguage\":\"hu\",\"potentialAction\":[{\"@type\":\"ReadAction\",\"target\":[\"https:\/\/fluterm.eu\/hu\/prod\/pe-rt-mono-retegu-cso-padlofuteshez-16x2-elettartam-garancia\/\"]}]},{\"@type\":\"BreadcrumbList\",\"@id\":\"https:\/\/fluterm.eu\/hu\/prod\/pe-rt-mono-retegu-cso-padlofuteshez-16x2-elettartam-garancia\/#breadcrumb\",\"itemListElement\":[{\"@type\":\"ListItem\",\"position\":1,\"name\":\"Home\",\"item\":\"https:\/\/fluterm.eu\/hu\/bolt\/\"},{\"@type\":\"ListItem\",\"position\":2,\"name\":\"Bolt\",\"item\":\"https:\/\/fluterm.eu\/hu\/bolt\/\"},{\"@type\":\"ListItem\",\"position\":3,\"name\":\"Pe-Rt Mono r\u00e9teg\u0171 cs\u0151 padl\u00f3f\u0171t\u00e9shez 16\u00d72 \u00e9lettartam garancia\"}]},{\"@type\":\"WebSite\",\"@id\":\"https:\/\/fluterm.eu\/#website\",\"url\":\"https:\/\/fluterm.eu\/\",\"name\":\"fluterm.eu\",\"description\":\"\",\"potentialAction\":[{\"@type\":\"SearchAction\",\"target\":{\"@type\":\"EntryPoint\",\"urlTemplate\":\"https:\/\/fluterm.eu\/?s={search_term_string}\"},\"query-input\":\"required name=search_term_string\"}],\"inLanguage\":\"hu\"}]}<\/script>\n<!-- \/ Yoast SEO plugin. -->","yoast_head_json":{"title":"Pe-Rt Mono r\u00e9teg\u0171 cs\u0151 padl\u00f3f\u0171t\u00e9shez 16\u00d72 \u00e9lettartam garancia","description":"Order Pe-Rt Mono r\u00e9teg\u0171 cs\u0151 padl\u00f3f\u0171t\u00e9shez 16\u00d72 \u00e9lettartam garancia at a best price.","robots":{"index":"index","follow":"follow","max-snippet":"max-snippet:-1","max-image-preview":"max-image-preview:large","max-video-preview":"max-video-preview:-1"},"canonical":"https:\/\/fluterm.eu\/hu\/prod\/pe-rt-mono-retegu-cso-padlofuteshez-16x2-elettartam-garancia\/","og_locale":"hu_HU","og_type":"article","og_title":"Pe-Rt Mono r\u00e9teg\u0171 cs\u0151 padl\u00f3f\u0171t\u00e9shez 16\u00d72 \u00e9lettartam garancia","og_description":"Order Pe-Rt Mono r\u00e9teg\u0171 cs\u0151 padl\u00f3f\u0171t\u00e9shez 16\u00d72 \u00e9lettartam garancia at a best price.","og_url":"https:\/\/fluterm.eu\/hu\/prod\/pe-rt-mono-retegu-cso-padlofuteshez-16x2-elettartam-garancia\/","og_site_name":"fluterm.eu","article_modified_time":"2023-09-06T12:08:49+00:00","og_image":[{"width":224,"height":224,"url":"https:\/\/fluterm.eu\/wp-content\/uploads\/2023\/08\/8289343C-1679-4F74-B25A-ABC4AB29F6F3_4_5005_c.jpeg","type":"image\/jpeg"}],"twitter_card":"summary_large_image","schema":{"@context":"https:\/\/schema.org","@graph":[{"@type":"WebPage","@id":"https:\/\/fluterm.eu\/hu\/prod\/pe-rt-mono-retegu-cso-padlofuteshez-16x2-elettartam-garancia\/","url":"https:\/\/fluterm.eu\/hu\/prod\/pe-rt-mono-retegu-cso-padlofuteshez-16x2-elettartam-garancia\/","name":"Pe-Rt Mono r\u00e9teg\u0171 cs\u0151 padl\u00f3f\u0171t\u00e9shez 16\u00d72 \u00e9lettartam garancia","isPartOf":{"@id":"https:\/\/fluterm.eu\/#website"},"datePublished":"2023-08-20T20:10:15+00:00","dateModified":"2023-09-06T12:08:49+00:00","description":"Order Pe-Rt Mono r\u00e9teg\u0171 cs\u0151 padl\u00f3f\u0171t\u00e9shez 16\u00d72 \u00e9lettartam garancia at a best price.","breadcrumb":{"@id":"https:\/\/fluterm.eu\/hu\/prod\/pe-rt-mono-retegu-cso-padlofuteshez-16x2-elettartam-garancia\/#breadcrumb"},"inLanguage":"hu","potentialAction":[{"@type":"ReadAction","target":["https:\/\/fluterm.eu\/hu\/prod\/pe-rt-mono-retegu-cso-padlofuteshez-16x2-elettartam-garancia\/"]}]},{"@type":"BreadcrumbList","@id":"https:\/\/fluterm.eu\/hu\/prod\/pe-rt-mono-retegu-cso-padlofuteshez-16x2-elettartam-garancia\/#breadcrumb","itemListElement":[{"@type":"ListItem","position":1,"name":"Home","item":"https:\/\/fluterm.eu\/hu\/bolt\/"},{"@type":"ListItem","position":2,"name":"Bolt","item":"https:\/\/fluterm.eu\/hu\/bolt\/"},{"@type":"ListItem","position":3,"name":"Pe-Rt Mono r\u00e9teg\u0171 cs\u0151 padl\u00f3f\u0171t\u00e9shez 16\u00d72 \u00e9lettartam garancia"}]},{"@type":"WebSite","@id":"https:\/\/fluterm.eu\/#website","url":"https:\/\/fluterm.eu\/","name":"fluterm.eu","description":"","potentialAction":[{"@type":"SearchAction","target":{"@type":"EntryPoint","urlTemplate":"https:\/\/fluterm.eu\/?s={search_term_string}"},"query-input":"required name=search_term_string"}],"inLanguage":"hu"}]}},"_links":{"self":[{"href":"https:\/\/fluterm.eu\/hu\/wp-json\/wp\/v2\/product\/10264","targetHints":{"allow":["GET"]}}],"collection":[{"href":"https:\/\/fluterm.eu\/hu\/wp-json\/wp\/v2\/product"}],"about":[{"href":"https:\/\/fluterm.eu\/hu\/wp-json\/wp\/v2\/types\/product"}],"replies":[{"embeddable":true,"href":"https:\/\/fluterm.eu\/hu\/wp-json\/wp\/v2\/comments?post=10264"}],"version-history":[{"count":1,"href":"https:\/\/fluterm.eu\/hu\/wp-json\/wp\/v2\/product\/10264\/revisions"}],"predecessor-version":[{"id":13432,"href":"https:\/\/fluterm.eu\/hu\/wp-json\/wp\/v2\/product\/10264\/revisions\/13432"}],"wp:featuredmedia":[{"embeddable":true,"href":"https:\/\/fluterm.eu\/hu\/wp-json\/wp\/v2\/media\/10271"}],"wp:attachment":[{"href":"https:\/\/fluterm.eu\/hu\/wp-json\/wp\/v2\/media?parent=10264"}],"wp:term":[{"taxonomy":"product_cat","embeddable":true,"href":"https:\/\/fluterm.eu\/hu\/wp-json\/wp\/v2\/product_cat?post=10264"},{"taxonomy":"product_tag","embeddable":true,"href":"https:\/\/fluterm.eu\/hu\/wp-json\/wp\/v2\/product_tag?post=10264"}],"curies":[{"name":"wp","href":"https:\/\/api.w.org\/{rel}","templated":true}]}}