{"id":10513,"date":"2023-08-19T22:16:50","date_gmt":"2023-08-19T19:16:50","guid":{"rendered":"https:\/\/fluterm.eu\/prod\/komplett-csomag-rehau-padlofutes-110-mp\/"},"modified":"2023-09-06T15:08:54","modified_gmt":"2023-09-06T12:08:54","slug":"komplett-csomag-rehau-padlofutes-110-mp","status":"publish","type":"product","link":"https:\/\/fluterm.eu\/hu\/prod\/komplett-csomag-rehau-padlofutes-110-mp\/","title":{"rendered":"KOMPLETT CSOMAG REHAU PADL\u00d3F\u0170T\u00c9S &#8211; 110 MP"},"content":{"rendered":"<p>REHAU padl\u00f3f\u0171t\u00e9si csomag &#8211; 110 MP &#8211; PREMIUM AUTOMATIZ\u00c1CI\u00d3VAL!<\/p>\n<p>Ha megv\u00e1s\u00e1rolja a teljes REHAU csomagot az Automatiz\u00e1l\u00e1ssal egy\u00fctt, <strong>20% KEDVEZM\u00c9NYt kap<\/strong>, kiv\u00e9ve, ha minden term\u00e9ket k\u00fcl\u00f6n-k\u00fcl\u00f6n v\u00e1s\u00e1rol.<\/p>\n<p>K\u00e9r\u00e9sre az alum\u00edniumf\u00f3lia helyettes\u00edthet\u0151 Nuturi Plate vagy Tacker Plate lemezzel.<\/p>\n<h4>TERVEZ\u00c9SI T\u00c1MOGAT\u00c1ST IS NY\u00daJTUNK A SUG\u00c1RZ\u00d3 RENDSZER TELEP\u00cdT\u00c9S\u00c9NEK MEGTERVEZ\u00c9S\u00c9HEZ.<\/h4>\n<p><strong>Tartalom REHAU csomag 110 nm:<\/strong><\/p>\n<ul>\n<li>Rehau Rautherm S 17&#215;2,0 Pe-Xa cs\u0151 &#8211; (1100 ml)<\/li>\n<li>Nyomtatott alum\u00ednium f\u00f3lia &#8211; (150 n\u00e9gyzetm\u00e9ter)<\/li>\n<li>Rehau Perimeter tape &#8211; (125 ml)<\/li>\n<li>Rehau HKV-D eloszt\u00f3\/gy\u0171jt\u0151 komplett 11 \u00e1ramk\u00f6r &#8211; (1 db)<\/li>\n<li>Eloszt\u00f3i szerel\u0151doboz 900&#215;705 &#8211; (1 db)<\/li>\n<li>Rob 1 tolm\u00e1cs hollanddal &#8211; (2 db)<\/li>\n<li>Cs\u0151vezet\u0151 g\u00f6rbe 90gr-n\u00e1l &#8211; (22 db)<\/li>\n<li>Eurocon csatlakoz\u00f3 17&#215;2.0 &#8211; (22 db)<\/li>\n<li>T\u0171z\u0151kapocs r\u00f6gz\u00edt\u0151 cs\u0151t\u0171z\u0151 300db &#8211; (18 doboz)<\/li>\n<li>Termoszt\u00e1t vez\u00e9rl\u0151panel Rehau NEA HC szivatty\u00fa vez\u00e9rl\u00e9s 230v &#8211; (1 db)<\/li>\n<li>Rehau NEA H 230v szobatermoszt\u00e1tok &#8211; (5 db)<\/li>\n<li>Rehau UNI 230v szervomotorok\/m\u0171k\u00f6dtet\u0151k &#8211; (11 db)<\/li>\n<\/ul>\n<h4>MAGAS H\u0150KOMFORT<br \/>\nREHAU FEL\u00dcLETF\u0170T\u00c9SI RENDSZEREK F\u0170T\u00c9S ALAPJ\u00c1N<br \/>\nSUG\u00c1RZ\u00d3 ENERGI\u00c1K, PUHA \u00c9S K\u00c9NYELMES, AZ ALACSONY H\u0150M\u00c9RS\u00c9KLETNEK K\u00d6SZ\u00d6NHET\u0150EN<br \/>\nA FEL\u00dcLETEN \u00c9S AZ EGYENLETES H\u0150M\u00c9RS\u00c9KLET-ELOSZL\u00c1SR\u00d3L. ELLENT\u00c9TBEN A<br \/>\nSTATIKUS F\u0170T\u00c9SI RENDSZEREKKEL A SUG\u00c1RZ\u00c1SI EGYENS\u00daLYT A K\u00d6VETKEZ\u0150K K\u00d6Z\u00d6TT HOZZ\u00c1K L\u00c9TRE<br \/>\nAZ EMBEREKET \u00c9S A K\u00d6R\u00dcL\u00d6TT\u00dcK L\u00c9V\u0150 TERET, \u00c9S OPTIM\u00c1LIS \u00c9RZ\u00c9ST KAPUNK A<br \/>\nCOMFORT<\/h4>\n<p>Gazdas\u00e1gi csomag REHAU 110 nm<br \/>\nA rendszerek sug\u00e1rz\u00f3 energi\u00e1j\u00e1nak nagy sz\u00e1zal\u00e9kos ar\u00e1nya miatt<br \/>\na REHAU fel\u00fcletekkel val\u00f3 f\u0171t\u00e9s, a komfort\u00e9rzet m\u00e9g a o<br \/>\njelent\u0151sen alacsonyabb l\u00e9gh\u0151m\u00e9rs\u00e9klet a helyis\u00e9gben. Ez itt<br \/>\n1 \u00b0C \u00e9s 2 \u00b0C k\u00f6z\u00f6tt cs\u00f6kkenthet\u0151. Ez a szempont lehet\u0151v\u00e9 teszi a megtakar\u00edt\u00e1sokat<br \/>\n\u00e9ves energi\u00e1t.<\/p>\n<p>\u00d6kol\u00f3giai REHAU csomag 110 nm<br \/>\nA magas h\u0151m\u00e9rs\u00e9kleten is magas f\u0171t\u00e9si hat\u00e9konys\u00e1gnak k\u00f6sz\u00f6nhet\u0151en<br \/>\nalacsony k\u00f6r\u00f6nk\u00e9nt, a REHAU fel\u00fcletf\u0171t\u00e9si rendszerek lehetnek<br \/>\nide\u00e1lisan kombin\u00e1lhat\u00f3 kaz\u00e1nokkal, h\u0151szivatty\u00fakkal vagy napelemekkel.<\/p>\n<p>Anti-allergi\u00e1s csomag REHAU 110 nm<br \/>\nA f\u0171t\u00e9si rendszerek konvekt\u00edv energi\u00e1j\u00e1nak alacsony ar\u00e1nya az al\u00e1bbiak r\u00e9v\u00e9n<br \/>\nA REHAU fel\u00fcletek minim\u00e1lis bels\u0151 l\u00e9g\u00e1raml\u00e1s megjelen\u00e9s\u00e9t eredm\u00e9nyezik.<br \/>\nA porcirkul\u00e1ci\u00f3 a m\u00falt\u00e9. Ez v\u00e9di<br \/>\nl\u00e9gutak &#8211; nem csak az allergi\u00e1sok sz\u00e1m\u00e1ra.<\/p>\n<p>H\u0151komfort REHAU padl\u00f3f\u0171t\u00e9si csomag &#8211; 110 MP<br \/>\nA termikus komfort egy szem\u00e9ly sz\u00e1m\u00e1ra egy helyis\u00e9gben a k\u00f6vetkez\u0151k szerint alakul<br \/>\nhat\u00e1rozta meg:<br \/>\n&#8211; A szem\u00e9ly tev\u00e9kenys\u00e9ge<br \/>\n&#8211; A szem\u00e9ly ruh\u00e1zata<br \/>\n&#8211; A leveg\u0151 h\u0151m\u00e9rs\u00e9klete<br \/>\n&#8211; L\u00e9gsebess\u00e9g<br \/>\n&#8211; P\u00e1ratartalom<br \/>\n&#8211; Felsz\u00edni h\u0151m\u00e9rs\u00e9kletek<br \/>\nAz emberi test h\u00e1rom mechanizmuson kereszt\u00fcl ad le h\u0151t:<br \/>\n&#8211; Sug\u00e1rz\u00e1s<br \/>\n&#8211; P\u00e1rolg\u00e1s<br \/>\n&#8211; Konvekci\u00f3<br \/>\nAz emberi test akkor \u00e9rzi mag\u00e1t a legjobban, ha a legkevesebbet tudja szab\u00e1lyozni.<br \/>\na h\u0151vesztes\u00e9g 50%-a sug\u00e1rz\u00e1s \u00fatj\u00e1n t\u00e1vozik.<\/p>\n<p>H\u0171t\u00e9si kapacit\u00e1s REHAU csomag 110 m2<\/p>\n<p>Val\u00f3s \u00fczemi k\u00f6r\u00fclm\u00e9nyek k\u00f6z\u00f6tt, a<\/p>\n<p>&#8211; 19-20 \u00b0C-os fel\u00fcleti h\u0151m\u00e9rs\u00e9klet<\/p>\n<p>&#8211; 26 \u00b0C-os szobah\u0151m\u00e9rs\u00e9klet<\/p>\n<p>60-70 W\/m\u00b2 \u00e9rt\u00e9kek \u00e9rhet\u0151k el<\/p>\n","protected":false},"excerpt":{"rendered":"<p>REHAU padl\u00f3f\u0171t\u00e9si csomag &#8211; 110 MP &#8211; PREMIUM AUTOMATIZ\u00c1CI\u00d3VAL! Ha megv\u00e1s\u00e1rolja a teljes REHAU csomagot az Automatiz\u00e1l\u00e1ssal egy\u00fctt, 20% KEDVEZM\u00c9NYt kap, kiv\u00e9ve, ha minden term\u00e9ket k\u00fcl\u00f6n-k\u00fcl\u00f6n v\u00e1s\u00e1rol. K\u00e9r\u00e9sre az alum\u00edniumf\u00f3lia helyettes\u00edthet\u0151 Nuturi Plate vagy Tacker Plate lemezzel. TERVEZ\u00c9SI T\u00c1MOGAT\u00c1ST IS NY\u00daJTUNK A SUG\u00c1RZ\u00d3 RENDSZER TELEP\u00cdT\u00c9S\u00c9NEK MEGTERVEZ\u00c9S\u00c9HEZ. Tartalom REHAU csomag 110 nm: Rehau Rautherm S 17&#215;2,0&hellip;<\/p>\n","protected":false},"featured_media":10520,"comment_status":"open","ping_status":"closed","template":"","meta":[],"product_cat":[874],"product_tag":[],"class_list":{"0":"post-10513","1":"product","2":"type-product","3":"status-publish","4":"has-post-thumbnail","6":"product_cat-komplett-padlofutes-csomagok","8":"first","9":"instock","10":"sale","11":"taxable","12":"shipping-taxable","13":"purchasable","14":"product-type-simple","15":"col-xs-6 col-sm-4","16":"col-md-4 col-lg-4","17":"un-3-cols"},"acf":[],"yoast_head":"<!-- This site is optimized with the Yoast SEO plugin v21.2 - https:\/\/yoast.com\/wordpress\/plugins\/seo\/ -->\n<title>KOMPLETT CSOMAG REHAU PADL\u00d3F\u0170T\u00c9S - 110 MP<\/title>\n<meta name=\"description\" content=\"Order KOMPLETT CSOMAG REHAU PADL\u00d3F\u0170T\u00c9S - 110 MP at a best price.\" \/>\n<meta name=\"robots\" content=\"index, follow, max-snippet:-1, max-image-preview:large, max-video-preview:-1\" \/>\n<link rel=\"canonical\" href=\"https:\/\/fluterm.eu\/hu\/prod\/komplett-csomag-rehau-padlofutes-110-mp\/\" \/>\n<meta property=\"og:locale\" content=\"hu_HU\" \/>\n<meta property=\"og:type\" content=\"article\" \/>\n<meta property=\"og:title\" content=\"KOMPLETT CSOMAG REHAU PADL\u00d3F\u0170T\u00c9S - 110 MP\" \/>\n<meta property=\"og:description\" content=\"Order KOMPLETT CSOMAG REHAU PADL\u00d3F\u0170T\u00c9S - 110 MP at a best price.\" \/>\n<meta property=\"og:url\" content=\"https:\/\/fluterm.eu\/hu\/prod\/komplett-csomag-rehau-padlofutes-110-mp\/\" \/>\n<meta property=\"og:site_name\" content=\"fluterm.eu\" \/>\n<meta property=\"article:modified_time\" content=\"2023-09-06T12:08:54+00:00\" \/>\n<meta property=\"og:image\" content=\"https:\/\/fluterm.eu\/wp-content\/uploads\/2023\/08\/A28B2B9C-05A3-496B-8E25-2E0C9BC235F6.jpeg\" \/>\n\t<meta property=\"og:image:width\" content=\"2048\" \/>\n\t<meta property=\"og:image:height\" content=\"2048\" \/>\n\t<meta property=\"og:image:type\" content=\"image\/jpeg\" \/>\n<meta name=\"twitter:card\" content=\"summary_large_image\" \/>\n<meta name=\"twitter:label1\" content=\"Becs\u00fclt olvas\u00e1si id\u0151\" \/>\n\t<meta name=\"twitter:data1\" content=\"3 perc\" \/>\n<script type=\"application\/ld+json\" class=\"yoast-schema-graph\">{\"@context\":\"https:\/\/schema.org\",\"@graph\":[{\"@type\":\"WebPage\",\"@id\":\"https:\/\/fluterm.eu\/hu\/prod\/komplett-csomag-rehau-padlofutes-110-mp\/\",\"url\":\"https:\/\/fluterm.eu\/hu\/prod\/komplett-csomag-rehau-padlofutes-110-mp\/\",\"name\":\"KOMPLETT CSOMAG REHAU PADL\u00d3F\u0170T\u00c9S - 110 MP\",\"isPartOf\":{\"@id\":\"https:\/\/fluterm.eu\/#website\"},\"datePublished\":\"2023-08-19T19:16:50+00:00\",\"dateModified\":\"2023-09-06T12:08:54+00:00\",\"description\":\"Order KOMPLETT CSOMAG REHAU PADL\u00d3F\u0170T\u00c9S - 110 MP at a best price.\",\"breadcrumb\":{\"@id\":\"https:\/\/fluterm.eu\/hu\/prod\/komplett-csomag-rehau-padlofutes-110-mp\/#breadcrumb\"},\"inLanguage\":\"hu\",\"potentialAction\":[{\"@type\":\"ReadAction\",\"target\":[\"https:\/\/fluterm.eu\/hu\/prod\/komplett-csomag-rehau-padlofutes-110-mp\/\"]}]},{\"@type\":\"BreadcrumbList\",\"@id\":\"https:\/\/fluterm.eu\/hu\/prod\/komplett-csomag-rehau-padlofutes-110-mp\/#breadcrumb\",\"itemListElement\":[{\"@type\":\"ListItem\",\"position\":1,\"name\":\"Home\",\"item\":\"https:\/\/fluterm.eu\/hu\/bolt\/\"},{\"@type\":\"ListItem\",\"position\":2,\"name\":\"Bolt\",\"item\":\"https:\/\/fluterm.eu\/hu\/bolt\/\"},{\"@type\":\"ListItem\",\"position\":3,\"name\":\"KOMPLETT CSOMAG REHAU PADL\u00d3F\u0170T\u00c9S &#8211; 110 MP\"}]},{\"@type\":\"WebSite\",\"@id\":\"https:\/\/fluterm.eu\/#website\",\"url\":\"https:\/\/fluterm.eu\/\",\"name\":\"fluterm.eu\",\"description\":\"\",\"potentialAction\":[{\"@type\":\"SearchAction\",\"target\":{\"@type\":\"EntryPoint\",\"urlTemplate\":\"https:\/\/fluterm.eu\/?s={search_term_string}\"},\"query-input\":\"required name=search_term_string\"}],\"inLanguage\":\"hu\"}]}<\/script>\n<!-- \/ Yoast SEO plugin. -->","yoast_head_json":{"title":"KOMPLETT CSOMAG REHAU PADL\u00d3F\u0170T\u00c9S - 110 MP","description":"Order KOMPLETT CSOMAG REHAU PADL\u00d3F\u0170T\u00c9S - 110 MP at a best price.","robots":{"index":"index","follow":"follow","max-snippet":"max-snippet:-1","max-image-preview":"max-image-preview:large","max-video-preview":"max-video-preview:-1"},"canonical":"https:\/\/fluterm.eu\/hu\/prod\/komplett-csomag-rehau-padlofutes-110-mp\/","og_locale":"hu_HU","og_type":"article","og_title":"KOMPLETT CSOMAG REHAU PADL\u00d3F\u0170T\u00c9S - 110 MP","og_description":"Order KOMPLETT CSOMAG REHAU PADL\u00d3F\u0170T\u00c9S - 110 MP at a best price.","og_url":"https:\/\/fluterm.eu\/hu\/prod\/komplett-csomag-rehau-padlofutes-110-mp\/","og_site_name":"fluterm.eu","article_modified_time":"2023-09-06T12:08:54+00:00","og_image":[{"width":2048,"height":2048,"url":"https:\/\/fluterm.eu\/wp-content\/uploads\/2023\/08\/A28B2B9C-05A3-496B-8E25-2E0C9BC235F6.jpeg","type":"image\/jpeg"}],"twitter_card":"summary_large_image","twitter_misc":{"Becs\u00fclt olvas\u00e1si id\u0151":"3 perc"},"schema":{"@context":"https:\/\/schema.org","@graph":[{"@type":"WebPage","@id":"https:\/\/fluterm.eu\/hu\/prod\/komplett-csomag-rehau-padlofutes-110-mp\/","url":"https:\/\/fluterm.eu\/hu\/prod\/komplett-csomag-rehau-padlofutes-110-mp\/","name":"KOMPLETT CSOMAG REHAU PADL\u00d3F\u0170T\u00c9S - 110 MP","isPartOf":{"@id":"https:\/\/fluterm.eu\/#website"},"datePublished":"2023-08-19T19:16:50+00:00","dateModified":"2023-09-06T12:08:54+00:00","description":"Order KOMPLETT CSOMAG REHAU PADL\u00d3F\u0170T\u00c9S - 110 MP at a best price.","breadcrumb":{"@id":"https:\/\/fluterm.eu\/hu\/prod\/komplett-csomag-rehau-padlofutes-110-mp\/#breadcrumb"},"inLanguage":"hu","potentialAction":[{"@type":"ReadAction","target":["https:\/\/fluterm.eu\/hu\/prod\/komplett-csomag-rehau-padlofutes-110-mp\/"]}]},{"@type":"BreadcrumbList","@id":"https:\/\/fluterm.eu\/hu\/prod\/komplett-csomag-rehau-padlofutes-110-mp\/#breadcrumb","itemListElement":[{"@type":"ListItem","position":1,"name":"Home","item":"https:\/\/fluterm.eu\/hu\/bolt\/"},{"@type":"ListItem","position":2,"name":"Bolt","item":"https:\/\/fluterm.eu\/hu\/bolt\/"},{"@type":"ListItem","position":3,"name":"KOMPLETT CSOMAG REHAU PADL\u00d3F\u0170T\u00c9S &#8211; 110 MP"}]},{"@type":"WebSite","@id":"https:\/\/fluterm.eu\/#website","url":"https:\/\/fluterm.eu\/","name":"fluterm.eu","description":"","potentialAction":[{"@type":"SearchAction","target":{"@type":"EntryPoint","urlTemplate":"https:\/\/fluterm.eu\/?s={search_term_string}"},"query-input":"required name=search_term_string"}],"inLanguage":"hu"}]}},"_links":{"self":[{"href":"https:\/\/fluterm.eu\/hu\/wp-json\/wp\/v2\/product\/10513","targetHints":{"allow":["GET"]}}],"collection":[{"href":"https:\/\/fluterm.eu\/hu\/wp-json\/wp\/v2\/product"}],"about":[{"href":"https:\/\/fluterm.eu\/hu\/wp-json\/wp\/v2\/types\/product"}],"replies":[{"embeddable":true,"href":"https:\/\/fluterm.eu\/hu\/wp-json\/wp\/v2\/comments?post=10513"}],"version-history":[{"count":1,"href":"https:\/\/fluterm.eu\/hu\/wp-json\/wp\/v2\/product\/10513\/revisions"}],"predecessor-version":[{"id":13440,"href":"https:\/\/fluterm.eu\/hu\/wp-json\/wp\/v2\/product\/10513\/revisions\/13440"}],"wp:featuredmedia":[{"embeddable":true,"href":"https:\/\/fluterm.eu\/hu\/wp-json\/wp\/v2\/media\/10520"}],"wp:attachment":[{"href":"https:\/\/fluterm.eu\/hu\/wp-json\/wp\/v2\/media?parent=10513"}],"wp:term":[{"taxonomy":"product_cat","embeddable":true,"href":"https:\/\/fluterm.eu\/hu\/wp-json\/wp\/v2\/product_cat?post=10513"},{"taxonomy":"product_tag","embeddable":true,"href":"https:\/\/fluterm.eu\/hu\/wp-json\/wp\/v2\/product_tag?post=10513"}],"curies":[{"name":"wp","href":"https:\/\/api.w.org\/{rel}","templated":true}]}}