{"id":10865,"date":"2023-08-10T18:30:06","date_gmt":"2023-08-10T15:30:06","guid":{"rendered":"https:\/\/fluterm.eu\/prod\/tobbretegu-krimpcsatlakozo-f-26x3-4\/"},"modified":"2023-09-06T15:08:58","modified_gmt":"2023-09-06T12:08:58","slug":"tobbretegu-krimpcsatlakozo-f-26x3-4","status":"publish","type":"product","link":"https:\/\/fluterm.eu\/hu\/prod\/tobbretegu-krimpcsatlakozo-f-26x3-4\/","title":{"rendered":"T\u00f6bbr\u00e9teg\u0171 krimpcsatlakoz\u00f3 F 26X3\/4&#8243;"},"content":{"rendered":"<p>M\u00e9retek \u00f8 26 x 3\/4\u2033 (20 x 27 mm)<\/p>\n<p>A Pexal\u00ae Brass egy s\u00e1rgar\u00e9z\u00f6tv\u00f6zetb\u0151l k\u00e9sz\u00fclt testtel \u00e9s rozsdamentes ac\u00e9l gy\u0171r\u0171vel k\u00e9sz\u00fclt sajtol\u00f3szerelv\u00e9ny-rendszer, amely t\u00f6bbf\u00e9le alkalmaz\u00e1shoz igazodik: hideg \u00e9s meleg iv\u00f3v\u00edz eloszt\u00f3 berendez\u00e9sek, f\u0171t\u00e9si berendez\u00e9sek, ipari berendez\u00e9sek.<\/p>\n","protected":false},"excerpt":{"rendered":"<p>M\u00e9retek \u00f8 26 x 3\/4\u2033 (20 x 27 mm) A Pexal\u00ae Brass egy s\u00e1rgar\u00e9z\u00f6tv\u00f6zetb\u0151l k\u00e9sz\u00fclt testtel \u00e9s rozsdamentes ac\u00e9l gy\u0171r\u0171vel k\u00e9sz\u00fclt sajtol\u00f3szerelv\u00e9ny-rendszer, amely t\u00f6bbf\u00e9le alkalmaz\u00e1shoz igazodik: hideg \u00e9s meleg iv\u00f3v\u00edz eloszt\u00f3 berendez\u00e9sek, f\u0171t\u00e9si berendez\u00e9sek, ipari berendez\u00e9sek.<\/p>\n","protected":false},"featured_media":10883,"comment_status":"open","ping_status":"closed","template":"","meta":[],"product_cat":[908],"product_tag":[],"class_list":{"0":"post-10865","1":"product","2":"type-product","3":"status-publish","4":"has-post-thumbnail","6":"product_cat-press-crimps-illesztesek","8":"first","9":"instock","10":"taxable","11":"shipping-taxable","12":"purchasable","13":"product-type-simple","14":"col-xs-6 col-sm-4","15":"col-md-4 col-lg-4","16":"un-3-cols"},"acf":[],"yoast_head":"<!-- This site is optimized with the Yoast SEO plugin v21.2 - https:\/\/yoast.com\/wordpress\/plugins\/seo\/ -->\n<title>T\u00f6bbr\u00e9teg\u0171 krimpcsatlakoz\u00f3 F 26X3\/4&quot;<\/title>\n<meta name=\"description\" content=\"Order T\u00f6bbr\u00e9teg\u0171 krimpcsatlakoz\u00f3 F 26X3\/4&quot; at a best price.\" \/>\n<meta name=\"robots\" content=\"index, follow, max-snippet:-1, max-image-preview:large, max-video-preview:-1\" \/>\n<link rel=\"canonical\" href=\"https:\/\/fluterm.eu\/hu\/prod\/tobbretegu-krimpcsatlakozo-f-26x3-4\/\" \/>\n<meta property=\"og:locale\" content=\"hu_HU\" \/>\n<meta property=\"og:type\" content=\"article\" \/>\n<meta property=\"og:title\" content=\"T\u00f6bbr\u00e9teg\u0171 krimpcsatlakoz\u00f3 F 26X3\/4&quot;\" \/>\n<meta property=\"og:description\" content=\"Order T\u00f6bbr\u00e9teg\u0171 krimpcsatlakoz\u00f3 F 26X3\/4&quot; at a best price.\" \/>\n<meta property=\"og:url\" content=\"https:\/\/fluterm.eu\/hu\/prod\/tobbretegu-krimpcsatlakozo-f-26x3-4\/\" \/>\n<meta property=\"og:site_name\" content=\"fluterm.eu\" \/>\n<meta property=\"article:modified_time\" content=\"2023-09-06T12:08:58+00:00\" \/>\n<meta property=\"og:image\" content=\"https:\/\/fluterm.eu\/wp-content\/uploads\/2023\/08\/9E1E3C79-8D9B-4155-8A83-F17AF6717D34_4_5005_c.jpeg\" \/>\n\t<meta property=\"og:image:width\" content=\"224\" \/>\n\t<meta property=\"og:image:height\" content=\"224\" \/>\n\t<meta property=\"og:image:type\" content=\"image\/jpeg\" \/>\n<meta name=\"twitter:card\" content=\"summary_large_image\" \/>\n<script type=\"application\/ld+json\" class=\"yoast-schema-graph\">{\"@context\":\"https:\/\/schema.org\",\"@graph\":[{\"@type\":\"WebPage\",\"@id\":\"https:\/\/fluterm.eu\/hu\/prod\/tobbretegu-krimpcsatlakozo-f-26x3-4\/\",\"url\":\"https:\/\/fluterm.eu\/hu\/prod\/tobbretegu-krimpcsatlakozo-f-26x3-4\/\",\"name\":\"T\u00f6bbr\u00e9teg\u0171 krimpcsatlakoz\u00f3 F 26X3\/4\\\"\",\"isPartOf\":{\"@id\":\"https:\/\/fluterm.eu\/#website\"},\"datePublished\":\"2023-08-10T15:30:06+00:00\",\"dateModified\":\"2023-09-06T12:08:58+00:00\",\"description\":\"Order T\u00f6bbr\u00e9teg\u0171 krimpcsatlakoz\u00f3 F 26X3\/4\\\" at a best price.\",\"breadcrumb\":{\"@id\":\"https:\/\/fluterm.eu\/hu\/prod\/tobbretegu-krimpcsatlakozo-f-26x3-4\/#breadcrumb\"},\"inLanguage\":\"hu\",\"potentialAction\":[{\"@type\":\"ReadAction\",\"target\":[\"https:\/\/fluterm.eu\/hu\/prod\/tobbretegu-krimpcsatlakozo-f-26x3-4\/\"]}]},{\"@type\":\"BreadcrumbList\",\"@id\":\"https:\/\/fluterm.eu\/hu\/prod\/tobbretegu-krimpcsatlakozo-f-26x3-4\/#breadcrumb\",\"itemListElement\":[{\"@type\":\"ListItem\",\"position\":1,\"name\":\"Home\",\"item\":\"https:\/\/fluterm.eu\/hu\/bolt\/\"},{\"@type\":\"ListItem\",\"position\":2,\"name\":\"Bolt\",\"item\":\"https:\/\/fluterm.eu\/hu\/bolt\/\"},{\"@type\":\"ListItem\",\"position\":3,\"name\":\"T\u00f6bbr\u00e9teg\u0171 krimpcsatlakoz\u00f3 F 26X3\/4&#8243;\"}]},{\"@type\":\"WebSite\",\"@id\":\"https:\/\/fluterm.eu\/#website\",\"url\":\"https:\/\/fluterm.eu\/\",\"name\":\"fluterm.eu\",\"description\":\"\",\"potentialAction\":[{\"@type\":\"SearchAction\",\"target\":{\"@type\":\"EntryPoint\",\"urlTemplate\":\"https:\/\/fluterm.eu\/?s={search_term_string}\"},\"query-input\":\"required name=search_term_string\"}],\"inLanguage\":\"hu\"}]}<\/script>\n<!-- \/ Yoast SEO plugin. -->","yoast_head_json":{"title":"T\u00f6bbr\u00e9teg\u0171 krimpcsatlakoz\u00f3 F 26X3\/4\"","description":"Order T\u00f6bbr\u00e9teg\u0171 krimpcsatlakoz\u00f3 F 26X3\/4\" at a best price.","robots":{"index":"index","follow":"follow","max-snippet":"max-snippet:-1","max-image-preview":"max-image-preview:large","max-video-preview":"max-video-preview:-1"},"canonical":"https:\/\/fluterm.eu\/hu\/prod\/tobbretegu-krimpcsatlakozo-f-26x3-4\/","og_locale":"hu_HU","og_type":"article","og_title":"T\u00f6bbr\u00e9teg\u0171 krimpcsatlakoz\u00f3 F 26X3\/4\"","og_description":"Order T\u00f6bbr\u00e9teg\u0171 krimpcsatlakoz\u00f3 F 26X3\/4\" at a best price.","og_url":"https:\/\/fluterm.eu\/hu\/prod\/tobbretegu-krimpcsatlakozo-f-26x3-4\/","og_site_name":"fluterm.eu","article_modified_time":"2023-09-06T12:08:58+00:00","og_image":[{"width":224,"height":224,"url":"https:\/\/fluterm.eu\/wp-content\/uploads\/2023\/08\/9E1E3C79-8D9B-4155-8A83-F17AF6717D34_4_5005_c.jpeg","type":"image\/jpeg"}],"twitter_card":"summary_large_image","schema":{"@context":"https:\/\/schema.org","@graph":[{"@type":"WebPage","@id":"https:\/\/fluterm.eu\/hu\/prod\/tobbretegu-krimpcsatlakozo-f-26x3-4\/","url":"https:\/\/fluterm.eu\/hu\/prod\/tobbretegu-krimpcsatlakozo-f-26x3-4\/","name":"T\u00f6bbr\u00e9teg\u0171 krimpcsatlakoz\u00f3 F 26X3\/4\"","isPartOf":{"@id":"https:\/\/fluterm.eu\/#website"},"datePublished":"2023-08-10T15:30:06+00:00","dateModified":"2023-09-06T12:08:58+00:00","description":"Order T\u00f6bbr\u00e9teg\u0171 krimpcsatlakoz\u00f3 F 26X3\/4\" at a best price.","breadcrumb":{"@id":"https:\/\/fluterm.eu\/hu\/prod\/tobbretegu-krimpcsatlakozo-f-26x3-4\/#breadcrumb"},"inLanguage":"hu","potentialAction":[{"@type":"ReadAction","target":["https:\/\/fluterm.eu\/hu\/prod\/tobbretegu-krimpcsatlakozo-f-26x3-4\/"]}]},{"@type":"BreadcrumbList","@id":"https:\/\/fluterm.eu\/hu\/prod\/tobbretegu-krimpcsatlakozo-f-26x3-4\/#breadcrumb","itemListElement":[{"@type":"ListItem","position":1,"name":"Home","item":"https:\/\/fluterm.eu\/hu\/bolt\/"},{"@type":"ListItem","position":2,"name":"Bolt","item":"https:\/\/fluterm.eu\/hu\/bolt\/"},{"@type":"ListItem","position":3,"name":"T\u00f6bbr\u00e9teg\u0171 krimpcsatlakoz\u00f3 F 26X3\/4&#8243;"}]},{"@type":"WebSite","@id":"https:\/\/fluterm.eu\/#website","url":"https:\/\/fluterm.eu\/","name":"fluterm.eu","description":"","potentialAction":[{"@type":"SearchAction","target":{"@type":"EntryPoint","urlTemplate":"https:\/\/fluterm.eu\/?s={search_term_string}"},"query-input":"required name=search_term_string"}],"inLanguage":"hu"}]}},"_links":{"self":[{"href":"https:\/\/fluterm.eu\/hu\/wp-json\/wp\/v2\/product\/10865","targetHints":{"allow":["GET"]}}],"collection":[{"href":"https:\/\/fluterm.eu\/hu\/wp-json\/wp\/v2\/product"}],"about":[{"href":"https:\/\/fluterm.eu\/hu\/wp-json\/wp\/v2\/types\/product"}],"replies":[{"embeddable":true,"href":"https:\/\/fluterm.eu\/hu\/wp-json\/wp\/v2\/comments?post=10865"}],"version-history":[{"count":1,"href":"https:\/\/fluterm.eu\/hu\/wp-json\/wp\/v2\/product\/10865\/revisions"}],"predecessor-version":[{"id":13448,"href":"https:\/\/fluterm.eu\/hu\/wp-json\/wp\/v2\/product\/10865\/revisions\/13448"}],"wp:featuredmedia":[{"embeddable":true,"href":"https:\/\/fluterm.eu\/hu\/wp-json\/wp\/v2\/media\/10883"}],"wp:attachment":[{"href":"https:\/\/fluterm.eu\/hu\/wp-json\/wp\/v2\/media?parent=10865"}],"wp:term":[{"taxonomy":"product_cat","embeddable":true,"href":"https:\/\/fluterm.eu\/hu\/wp-json\/wp\/v2\/product_cat?post=10865"},{"taxonomy":"product_tag","embeddable":true,"href":"https:\/\/fluterm.eu\/hu\/wp-json\/wp\/v2\/product_tag?post=10865"}],"curies":[{"name":"wp","href":"https:\/\/api.w.org\/{rel}","templated":true}]}}