{"id":14693,"date":"2023-06-10T14:51:05","date_gmt":"2023-06-10T11:51:05","guid":{"rendered":"https:\/\/fluterm.eu\/prod\/padlofutes-kevero-keszlet-wilo-szivattyuval\/"},"modified":"2023-06-10T14:51:05","modified_gmt":"2023-06-10T11:51:05","slug":"padlofutes-keverokeszlet-wilo-szivattyuval","status":"publish","type":"product","link":"https:\/\/fluterm.eu\/hu\/prod\/padlofutes-keverokeszlet-wilo-szivattyuval\/","title":{"rendered":"Padl\u00f3f\u0171t\u00e9s kever\u0151 k\u00e9szlet Wilo szivatty\u00faval"},"content":{"rendered":"<p>Kompakt \u00e9s k\u00f6nny\u0171 padl\u00f3f\u0171t\u00e9ses termosztatikus kever\u0151szab\u00e1lyoz\u00f3nk lehet\u0151v\u00e9 teszi a k\u00f6zvetlen csatlakoz\u00e1st a f\u0171t\u00e9s alatti eloszt\u00f3inkhoz, \u00e9s teljesen \u00f6sszeszerelve, bal oldali form\u00e1tumban, G1 h\u00edmivar\u00fa, forgathat\u00f3, lapos t\u00f6m\u00edt\u00e9s\u0171 csatlakoz\u00f3kkal sz\u00e1ll\u00edtj\u00e1k.<\/p>\n<p>Sokoldal\u00fa kialak\u00edt\u00e1sa \u00e9s csatlakoz\u00f3csukl\u00f3s csatlakoz\u00f3i egyszer\u0171v\u00e9 teszik a gy\u0171jt\u0151cs\u0151re val\u00f3 felszerel\u00e9st, \u00e9s mivel nem ig\u00e9nyel tov\u00e1bbi tart\u00f3konzolokat, nincs sz\u00fcks\u00e9g id\u0151ig\u00e9nyes f\u00far\u00e1sra \u00e9s r\u00f6gz\u00edt\u00e9sre.<\/p>\n<p>A kever\u0151szelep lehet\u0151v\u00e9 teszi az \u00e1raml\u00e1si h\u0151m\u00e9rs\u00e9klet be\u00e1ll\u00edt\u00e1s\u00e1t 35 \u00e9s 65\u00b0C k\u00f6z\u00f6tt, \u00edgy pontosan szab\u00e1lyozhat\u00f3 a padl\u00f3f\u0171t\u00e9s teljes h\u0151m\u00e9rs\u00e9klete, \u00e9s b\u00e1rmilyen t\u00edpus\u00fa h\u0151forr\u00e1ssal t\u00e1pl\u00e1lhat\u00f3, bele\u00e9rtve az olaj- \u00e9s g\u00e1zkaz\u00e1nokat, fat\u00fczel\u00e9s\u0171 k\u00e1lyh\u00e1kat \u00e9s a k\u00f6rnyezetbar\u00e1t energiaforr\u00e1sokat, p\u00e9ld\u00e1ul a napenergi\u00e1t, a talaj- \u00e9s l\u00e9gh\u0151szivatty\u00fakat.<\/p>\n<p>Minden vez\u00e9rl\u0151csomag a termosztatikus kever\u0151szelepet, a Wilo A min\u0151s\u00edt\u00e9s\u0171 energiatakar\u00e9kos keringet\u0151 szivatty\u00fat, az eloszt\u00f3adaptert \u00e9s az \u00f6sszes sz\u00fcks\u00e9ges t\u00f6m\u00edt\u00e9st tartalmazza.<\/p>\n<p><strong>Kever\u00e9svez\u00e9rl\u0151 be\u00e1ll\u00edt\u00e1sa  <\/strong><\/p>\n<p>A termosztatikus kever\u0151szelep gy\u00e1rilag \u00fagy van be\u00e1ll\u00edtva, hogy 45 \u00b0C-os v\u00edzzel kevert vizet juttasson a padl\u00f3f\u0171t\u00e9si eloszt\u00f3ba. A kevert v\u00edz h\u0151m\u00e9rs\u00e9klete 35 \u00b0C \u00e9s 65 \u00b0C k\u00f6z\u00f6tt \u00e1ll\u00edthat\u00f3 a kever\u0151szelep vez\u00e9rl\u0151gombj\u00e1nak elforgat\u00e1s\u00e1val, az \u00f3ramutat\u00f3 j\u00e1r\u00e1s\u00e1val megegyez\u0151 ir\u00e1nyban a h\u0151m\u00e9rs\u00e9klet n\u00f6vel\u00e9s\u00e9hez, az \u00f3ramutat\u00f3 j\u00e1r\u00e1s\u00e1val ellent\u00e9tesen pedig a h\u0151m\u00e9rs\u00e9klet cs\u00f6kkent\u00e9s\u00e9hez.<\/p>\n<p>wilo Sonos para 15x6x130<\/p>\n","protected":false},"excerpt":{"rendered":"<p>Kompakt \u00e9s k\u00f6nny\u0171 padl\u00f3f\u0171t\u00e9ses termosztatikus kever\u0151szab\u00e1lyoz\u00f3nk lehet\u0151v\u00e9 teszi a k\u00f6zvetlen csatlakoz\u00e1st a f\u0171t\u00e9s alatti eloszt\u00f3inkhoz, \u00e9s teljesen \u00f6sszeszerelve, bal oldali form\u00e1tumban, G1 h\u00edmivar\u00fa, forgathat\u00f3, lapos t\u00f6m\u00edt\u00e9s\u0171 csatlakoz\u00f3kkal sz\u00e1ll\u00edtj\u00e1k. Sokoldal\u00fa kialak\u00edt\u00e1sa \u00e9s csatlakoz\u00f3csukl\u00f3s csatlakoz\u00f3i egyszer\u0171v\u00e9 teszik a gy\u0171jt\u0151cs\u0151re val\u00f3 felszerel\u00e9st, \u00e9s mivel nem ig\u00e9nyel tov\u00e1bbi tart\u00f3konzolokat, nincs sz\u00fcks\u00e9g id\u0151ig\u00e9nyes f\u00far\u00e1sra \u00e9s r\u00f6gz\u00edt\u00e9sre. A kever\u0151szelep lehet\u0151v\u00e9 teszi&hellip;<\/p>\n","protected":false},"featured_media":3117,"comment_status":"closed","ping_status":"closed","template":"","meta":[],"product_cat":[853],"product_tag":[],"class_list":{"0":"post-14693","1":"product","2":"type-product","3":"status-publish","4":"has-post-thumbnail","6":"product_cat-padlofutes-keverocsoportok","8":"first","9":"instock","10":"taxable","11":"shipping-taxable","12":"purchasable","13":"product-type-simple","14":"col-xs-6 col-sm-4","15":"col-md-4 col-lg-4","16":"un-3-cols"},"acf":[],"yoast_head":"<!-- This site is optimized with the Yoast SEO plugin v21.2 - https:\/\/yoast.com\/wordpress\/plugins\/seo\/ -->\n<title>Padl\u00f3f\u0171t\u00e9s kever\u0151 k\u00e9szlet Wilo szivatty\u00faval<\/title>\n<meta name=\"description\" content=\"Order Padl\u00f3f\u0171t\u00e9s kever\u0151 k\u00e9szlet Wilo szivatty\u00faval at a best price.\" \/>\n<meta name=\"robots\" content=\"index, follow, max-snippet:-1, max-image-preview:large, max-video-preview:-1\" \/>\n<link rel=\"canonical\" href=\"https:\/\/fluterm.eu\/hu\/prod\/padlofutes-kevero-keszlet-wilo-szivattyuval\/\" \/>\n<meta property=\"og:locale\" content=\"hu_HU\" \/>\n<meta property=\"og:type\" content=\"article\" \/>\n<meta property=\"og:title\" content=\"Padl\u00f3f\u0171t\u00e9s kever\u0151 k\u00e9szlet Wilo szivatty\u00faval\" \/>\n<meta property=\"og:description\" content=\"Order Padl\u00f3f\u0171t\u00e9s kever\u0151 k\u00e9szlet Wilo szivatty\u00faval at a best price.\" \/>\n<meta property=\"og:url\" content=\"https:\/\/fluterm.eu\/hu\/prod\/padlofutes-kevero-keszlet-wilo-szivattyuval\/\" \/>\n<meta property=\"og:site_name\" content=\"fluterm.eu\" \/>\n<meta property=\"og:image\" content=\"https:\/\/fluterm.eu\/wp-content\/uploads\/2023\/06\/10BE33BF-D06D-41CB-AE24-1597A1282835_4_5005_c.jpeg\" \/>\n\t<meta property=\"og:image:width\" content=\"298\" \/>\n\t<meta property=\"og:image:height\" content=\"263\" \/>\n\t<meta property=\"og:image:type\" content=\"image\/jpeg\" \/>\n<meta name=\"twitter:card\" content=\"summary_large_image\" \/>\n<meta name=\"twitter:label1\" content=\"Becs\u00fclt olvas\u00e1si id\u0151\" \/>\n\t<meta name=\"twitter:data1\" content=\"2 perc\" \/>\n<script type=\"application\/ld+json\" class=\"yoast-schema-graph\">{\"@context\":\"https:\/\/schema.org\",\"@graph\":[{\"@type\":\"WebPage\",\"@id\":\"https:\/\/fluterm.eu\/hu\/prod\/padlofutes-kevero-keszlet-wilo-szivattyuval\/\",\"url\":\"https:\/\/fluterm.eu\/hu\/prod\/padlofutes-kevero-keszlet-wilo-szivattyuval\/\",\"name\":\"Padl\u00f3f\u0171t\u00e9s kever\u0151 k\u00e9szlet Wilo szivatty\u00faval\",\"isPartOf\":{\"@id\":\"https:\/\/fluterm.eu\/#website\"},\"datePublished\":\"2023-06-10T11:51:05+00:00\",\"dateModified\":\"2023-06-10T11:51:05+00:00\",\"description\":\"Order Padl\u00f3f\u0171t\u00e9s kever\u0151 k\u00e9szlet Wilo szivatty\u00faval at a best price.\",\"breadcrumb\":{\"@id\":\"https:\/\/fluterm.eu\/hu\/prod\/padlofutes-kevero-keszlet-wilo-szivattyuval\/#breadcrumb\"},\"inLanguage\":\"hu\",\"potentialAction\":[{\"@type\":\"ReadAction\",\"target\":[\"https:\/\/fluterm.eu\/hu\/prod\/padlofutes-kevero-keszlet-wilo-szivattyuval\/\"]}]},{\"@type\":\"BreadcrumbList\",\"@id\":\"https:\/\/fluterm.eu\/hu\/prod\/padlofutes-kevero-keszlet-wilo-szivattyuval\/#breadcrumb\",\"itemListElement\":[{\"@type\":\"ListItem\",\"position\":1,\"name\":\"Home\",\"item\":\"https:\/\/fluterm.eu\/hu\/bolt\/\"},{\"@type\":\"ListItem\",\"position\":2,\"name\":\"Bolt\",\"item\":\"https:\/\/fluterm.eu\/hu\/bolt\/\"},{\"@type\":\"ListItem\",\"position\":3,\"name\":\"Padl\u00f3f\u0171t\u00e9s kever\u0151 k\u00e9szlet Wilo szivatty\u00faval\"}]},{\"@type\":\"WebSite\",\"@id\":\"https:\/\/fluterm.eu\/#website\",\"url\":\"https:\/\/fluterm.eu\/\",\"name\":\"fluterm.eu\",\"description\":\"\",\"potentialAction\":[{\"@type\":\"SearchAction\",\"target\":{\"@type\":\"EntryPoint\",\"urlTemplate\":\"https:\/\/fluterm.eu\/?s={search_term_string}\"},\"query-input\":\"required name=search_term_string\"}],\"inLanguage\":\"hu\"}]}<\/script>\n<!-- \/ Yoast SEO plugin. -->","yoast_head_json":{"title":"Padl\u00f3f\u0171t\u00e9s kever\u0151 k\u00e9szlet Wilo szivatty\u00faval","description":"Order Padl\u00f3f\u0171t\u00e9s kever\u0151 k\u00e9szlet Wilo szivatty\u00faval at a best price.","robots":{"index":"index","follow":"follow","max-snippet":"max-snippet:-1","max-image-preview":"max-image-preview:large","max-video-preview":"max-video-preview:-1"},"canonical":"https:\/\/fluterm.eu\/hu\/prod\/padlofutes-kevero-keszlet-wilo-szivattyuval\/","og_locale":"hu_HU","og_type":"article","og_title":"Padl\u00f3f\u0171t\u00e9s kever\u0151 k\u00e9szlet Wilo szivatty\u00faval","og_description":"Order Padl\u00f3f\u0171t\u00e9s kever\u0151 k\u00e9szlet Wilo szivatty\u00faval at a best price.","og_url":"https:\/\/fluterm.eu\/hu\/prod\/padlofutes-kevero-keszlet-wilo-szivattyuval\/","og_site_name":"fluterm.eu","og_image":[{"width":298,"height":263,"url":"https:\/\/fluterm.eu\/wp-content\/uploads\/2023\/06\/10BE33BF-D06D-41CB-AE24-1597A1282835_4_5005_c.jpeg","type":"image\/jpeg"}],"twitter_card":"summary_large_image","twitter_misc":{"Becs\u00fclt olvas\u00e1si id\u0151":"2 perc"},"schema":{"@context":"https:\/\/schema.org","@graph":[{"@type":"WebPage","@id":"https:\/\/fluterm.eu\/hu\/prod\/padlofutes-kevero-keszlet-wilo-szivattyuval\/","url":"https:\/\/fluterm.eu\/hu\/prod\/padlofutes-kevero-keszlet-wilo-szivattyuval\/","name":"Padl\u00f3f\u0171t\u00e9s kever\u0151 k\u00e9szlet Wilo szivatty\u00faval","isPartOf":{"@id":"https:\/\/fluterm.eu\/#website"},"datePublished":"2023-06-10T11:51:05+00:00","dateModified":"2023-06-10T11:51:05+00:00","description":"Order Padl\u00f3f\u0171t\u00e9s kever\u0151 k\u00e9szlet Wilo szivatty\u00faval at a best price.","breadcrumb":{"@id":"https:\/\/fluterm.eu\/hu\/prod\/padlofutes-kevero-keszlet-wilo-szivattyuval\/#breadcrumb"},"inLanguage":"hu","potentialAction":[{"@type":"ReadAction","target":["https:\/\/fluterm.eu\/hu\/prod\/padlofutes-kevero-keszlet-wilo-szivattyuval\/"]}]},{"@type":"BreadcrumbList","@id":"https:\/\/fluterm.eu\/hu\/prod\/padlofutes-kevero-keszlet-wilo-szivattyuval\/#breadcrumb","itemListElement":[{"@type":"ListItem","position":1,"name":"Home","item":"https:\/\/fluterm.eu\/hu\/bolt\/"},{"@type":"ListItem","position":2,"name":"Bolt","item":"https:\/\/fluterm.eu\/hu\/bolt\/"},{"@type":"ListItem","position":3,"name":"Padl\u00f3f\u0171t\u00e9s kever\u0151 k\u00e9szlet Wilo szivatty\u00faval"}]},{"@type":"WebSite","@id":"https:\/\/fluterm.eu\/#website","url":"https:\/\/fluterm.eu\/","name":"fluterm.eu","description":"","potentialAction":[{"@type":"SearchAction","target":{"@type":"EntryPoint","urlTemplate":"https:\/\/fluterm.eu\/?s={search_term_string}"},"query-input":"required name=search_term_string"}],"inLanguage":"hu"}]}},"_links":{"self":[{"href":"https:\/\/fluterm.eu\/hu\/wp-json\/wp\/v2\/product\/14693","targetHints":{"allow":["GET"]}}],"collection":[{"href":"https:\/\/fluterm.eu\/hu\/wp-json\/wp\/v2\/product"}],"about":[{"href":"https:\/\/fluterm.eu\/hu\/wp-json\/wp\/v2\/types\/product"}],"replies":[{"embeddable":true,"href":"https:\/\/fluterm.eu\/hu\/wp-json\/wp\/v2\/comments?post=14693"}],"version-history":[{"count":0,"href":"https:\/\/fluterm.eu\/hu\/wp-json\/wp\/v2\/product\/14693\/revisions"}],"wp:featuredmedia":[{"embeddable":true,"href":"https:\/\/fluterm.eu\/hu\/wp-json\/wp\/v2\/media\/3117"}],"wp:attachment":[{"href":"https:\/\/fluterm.eu\/hu\/wp-json\/wp\/v2\/media?parent=14693"}],"wp:term":[{"taxonomy":"product_cat","embeddable":true,"href":"https:\/\/fluterm.eu\/hu\/wp-json\/wp\/v2\/product_cat?post=14693"},{"taxonomy":"product_tag","embeddable":true,"href":"https:\/\/fluterm.eu\/hu\/wp-json\/wp\/v2\/product_tag?post=14693"}],"curies":[{"name":"wp","href":"https:\/\/api.w.org\/{rel}","templated":true}]}}