{"id":14719,"date":"2023-06-10T14:51:05","date_gmt":"2023-06-10T11:51:05","guid":{"rendered":"https:\/\/fluterm.eu\/prod\/padlofutes-eloszto-szivattyuval-es-szelepekkel-ibo-amg-a-nevleges-szivattyu-7-aramkor\/"},"modified":"2023-06-10T14:51:05","modified_gmt":"2023-06-10T11:51:05","slug":"padlofutes-manifold-szivattyu-csapokkal-ibo-amg-a-osztalyozott-7-portos-szivattyuval","status":"publish","type":"product","link":"https:\/\/fluterm.eu\/hu\/prod\/padlofutes-manifold-szivattyu-csapokkal-ibo-amg-a-osztalyozott-7-portos-szivattyuval\/","title":{"rendered":"Padl\u00f3f\u0171t\u00e9s eloszt\u00f3 szivatty\u00faval \u00e9s szelepekkel \u2013 ibo amg A n\u00e9vleges szivatty\u00fa \u2013 7 \u00e1ramk\u00f6r"},"content":{"rendered":"<h1>Padl\u00f3f\u0171t\u00e9si eloszt\u00f3 szivatty\u00facsomaggal \u00e9s szelepekkel &#8211; bio amg A min\u0151s\u00edt\u00e9s\u0171 szivatty\u00fa -7 portok<\/h1>\n<p><strong>Mit tartalmaznak a szivatty\u00fa- \u00e9s eloszt\u00f3csomagok?<\/strong><\/p>\n<p>Padl\u00f3f\u0171t\u00e9s eloszt\u00f3k j\u00f6n:<\/p>\n<p>&#8222;A&#8221; \u00c9rt\u00e9kelt ibo szivatty\u00facsomag.<\/p>\n<p>Tartalmazott t\u00e9telek:<\/p>\n<p>1 x el\u0151szerelt eloszt\u00f3cs\u0151 \u00e1raml\u00e1sm\u00e9r\u0151kkel<\/p>\n<p>1 x szell\u0151z\u0151ny\u00edl\u00e1s<\/p>\n<p>1 x nyom\u00e1sm\u00e9r\u0151<\/p>\n<p>2 x goly\u00f3scsap<\/p>\n<p>2 x h\u0151m\u00e9rs\u00e9kletm\u00e9r\u0151 (goly\u00f3scsapokra szerelve)<\/p>\n<p>1 x f\u00e9mdoboz<\/p>\n<p>Eurocones szerelv\u00e9ny 16\/17 14 db<\/p>\n<p>Szivatty\u00fa\u00e1llom\u00e1s (kever\u0151szelep)<\/p>\n<p>El\u0151re szerelt konzolon sz\u00e1ll\u00edtva.<\/p>\n<p>CMax \u00fczemi nyom\u00e1s 3 bar max. vizsg\u00e1lati nyom\u00e1s 10 bar.<\/p>\n<p>H\u0151m\u00e9rs\u00e9klet-tartom\u00e1ny: Maxim\u00e1lis \u00fczemi nyom\u00e1s: 35C &#8211; 65CMax:<\/p>\n<p>Az eloszt\u00f3ink a vizes padl\u00f3f\u0171t\u00e9ses rendszerekhez k\u00e9sz\u00fcltek.<\/p>\n<p>Ezek k\u00e9t eloszt\u00f3cs\u0151b\u0151l \u00e1llnak, egy az el\u0151remen\u0151 \u00e9s egy a visszat\u00e9r\u0151 \u00e1raml\u00e1shoz, goly\u00f3scsapokkal, leereszt\u0151\/t\u00f6lt\u0151szelepekkel \u00e9s l\u00e9gtelen\u00edt\u0151vel kieg\u00e9sz\u00edtve. Az \u00e1raml\u00e1si s\u00e1von minden egyes porton egy-egy nagy teljes\u00edtm\u00e9ny\u0171 \u00e1raml\u00e1sjelz\u0151 tal\u00e1lhat\u00f3, a szigetel\u0151vel egy\u00fctt egy k\u00f6nnyen leolvashat\u00f3 m\u00e9r\u0151\u00fcveget tartalmaz.<\/p>\n<p>A visszat\u00e9r\u0151 r\u00fad minden egyes ny\u00edl\u00e1sa be\u00e9p\u00edtett szab\u00e1lyoz\u00f3szeleppel \u00e9s v\u00e9d\u0151sapk\u00e1val van ell\u00e1tva, amely lehet\u0151v\u00e9 teszi a felhaszn\u00e1l\u00f3 sz\u00e1m\u00e1ra a v\u00edzmennyis\u00e9g be\u00e1ll\u00edt\u00e1s\u00e1t, vagy elt\u00e1vol\u00edthat\u00f3 a Manifold termoelektromos fej befogad\u00e1s\u00e1ra.<\/p>\n<p>&nbsp;<\/p>\n<p><strong>A gy\u0171jt\u0151cs\u0151 m\u00e9retei:<\/strong><\/p>\n<p>K\u00e9rj\u00fck, adjon hozz\u00e1 150 mm-t a hosszhoz, ha a szivatty\u00fa \u00e9s a kever\u0151 fel van szerelve.<\/p>\n<p>A kulcsot l\u00e1sd a 12. k\u00e9pen.<\/p>\n<p>A B C D E<\/p>\n<p>2 k\u00f6r\u00f6s UFH gy\u0171jt\u0151k\u00e9szlet 320mm 210mm 50mm 276mm 90mm 50mm 276mm 90mm<\/p>\n<p>3 k\u00f6r\u00f6s UFH gy\u0171jt\u0151k\u00e9szlet 320mm 210mm 50mm 326mm 90mm<\/p>\n<p>4 k\u00f6r\u00f6s UFH gy\u0171jt\u0151k\u00e9szlet 320mm 210mm 50mm 376mm 90mm<\/p>\n<p>5 k\u00f6r\u00f6s UFH gy\u0171jt\u0151k\u00e9szlet 320 mm 210 mm 50 mm 426 mm 90 mm<\/p>\n<p>6 k\u00f6r\u00f6s UFH eloszt\u00f3k\u00e9szlet 320mm 210mm 50mm 476mm 90mm<\/p>\n<p>7 \u00e1ramk\u00f6r\u00f6s UFH eloszt\u00f3 k\u00e9szlet 320mm 210mm 50mm 526mm 90mm<\/p>\n<p>8 k\u00f6r\u00f6s UFH eloszt\u00f3k\u00e9szlet 320mm 210mm 50mm 576mm 90mm<\/p>\n<p>9 k\u00f6r\u00f6s UFH eloszt\u00f3k\u00e9szlet 320mm 210mm 50mm 626mm 90mm<\/p>\n<p>10 k\u00f6r\u00f6s UFH eloszt\u00f3k\u00e9szlet 320mm 210mm 50mm 676mm 90mm 50mm<\/p>\n<p>11 \u00e1ramk\u00f6r\u00f6s UFH gy\u0171jt\u0151k\u00e9szlet 320mm 210mm 50mm 726mm 90mm<\/p>\n<p>12 k\u00f6r\u00f6s UFH eloszt\u00f3 k\u00e9szlet 320mm 210mm 50mm 776mm 90mm 50mm<\/p>\n<p>&nbsp;<\/p>\n<p><strong>Padl\u00f3f\u0171t\u00e9s:<\/strong><\/p>\n<p>A padl\u00f3f\u0171t\u00e9si oldal az Egyes\u00fclt Kir\u00e1lys\u00e1g egyik vezet\u0151 padl\u00f3f\u0171t\u00e9si besz\u00e1ll\u00edt\u00f3ja, amely m\u00f6g\u00f6tt a padl\u00f3f\u0171t\u00e9si iparban t\u00f6bb \u00e9ves tapasztalattal rendelkez\u0151, vezet\u0151 besz\u00e1ll\u00edt\u00f3k \u00e1llnak. Elk\u00f6telezettek vagyunk a legjobb min\u0151s\u00e9g\u0171 padl\u00f3f\u0171t\u00e9si term\u00e9kek megfizethet\u0151 \u00e1ron t\u00f6rt\u00e9n\u0151 sz\u00e1ll\u00edt\u00e1sa ir\u00e1nt, \u00e9s ezt els\u0151 oszt\u00e1ly\u00fa \u00fcgyf\u00e9lszolg\u00e1lat \u00e9s tan\u00e1csad\u00e1s t\u00e1mogatja. Ak\u00e1r csak egy kis f\u00fcrd\u0151szob\u00e1t csemp\u00e9zne, ak\u00e1r egy teljes otthoni f\u0171t\u00e9si rendszert keres, biztosak vagyunk benne, hogy n\u00e1lunk megtal\u00e1lja a megfelel\u0151 rendszert.<\/p>\n<p>K\u00edn\u00e1latunkban megtal\u00e1lhat\u00f3ak a vizes padl\u00f3f\u0171t\u00e9s-k\u00e9szletek vagy csak a padl\u00f3f\u0171t\u00e9si eloszt\u00f3, padl\u00f3f\u0171t\u00e9s cs\u0151, f\u0171t\u00f6tt padl\u00f3sz\u0151nyeg, ingyenes k\u00e1bel, szigetel\u00e9s, t\u00fck\u00f6r demister p\u00e1rn\u00e1k, valamint sz\u00e1mos term\u00e9k.<\/p>\n","protected":false},"excerpt":{"rendered":"<p>Padl\u00f3f\u0171t\u00e9si eloszt\u00f3 szivatty\u00facsomaggal \u00e9s szelepekkel &#8211; bio amg A min\u0151s\u00edt\u00e9s\u0171 szivatty\u00fa -7 portok Mit tartalmaznak a szivatty\u00fa- \u00e9s eloszt\u00f3csomagok? Padl\u00f3f\u0171t\u00e9s eloszt\u00f3k j\u00f6n: &#8222;A&#8221; \u00c9rt\u00e9kelt ibo szivatty\u00facsomag. Tartalmazott t\u00e9telek: 1 x el\u0151szerelt eloszt\u00f3cs\u0151 \u00e1raml\u00e1sm\u00e9r\u0151kkel 1 x szell\u0151z\u0151ny\u00edl\u00e1s 1 x nyom\u00e1sm\u00e9r\u0151 2 x goly\u00f3scsap 2 x h\u0151m\u00e9rs\u00e9kletm\u00e9r\u0151 (goly\u00f3scsapokra szerelve) 1 x f\u00e9mdoboz Eurocones szerelv\u00e9ny 16\/17 14 db&hellip;<\/p>\n","protected":false},"featured_media":3138,"comment_status":"open","ping_status":"closed","template":"","meta":[],"product_cat":[804],"product_tag":[],"class_list":{"0":"post-14719","1":"product","2":"type-product","3":"status-publish","4":"has-post-thumbnail","6":"product_cat-padlofutes-forgalmazok","8":"first","9":"instock","10":"taxable","11":"shipping-taxable","12":"purchasable","13":"product-type-simple","14":"col-xs-6 col-sm-4","15":"col-md-4 col-lg-4","16":"un-3-cols"},"acf":[],"yoast_head":"<!-- This site is optimized with the Yoast SEO plugin v21.2 - https:\/\/yoast.com\/wordpress\/plugins\/seo\/ -->\n<title>Padl\u00f3f\u0171t\u00e9s eloszt\u00f3 szivatty\u00faval \u00e9s szelepekkel \u2013 ibo amg A n\u00e9vleges szivatty\u00fa \u2013 7 \u00e1ramk\u00f6r<\/title>\n<meta name=\"description\" content=\"Order Padl\u00f3f\u0171t\u00e9s eloszt\u00f3 szivatty\u00faval \u00e9s szelepekkel \u2013 ibo amg A n\u00e9vleges szivatty\u00fa \u2013 7 \u00e1ramk\u00f6r at a best price.\" \/>\n<meta name=\"robots\" content=\"index, follow, max-snippet:-1, max-image-preview:large, max-video-preview:-1\" \/>\n<link rel=\"canonical\" href=\"https:\/\/fluterm.eu\/hu\/prod\/padlofutes-eloszto-szivattyuval-es-szelepekkel-ibo-amg-a-nevleges-szivattyu-7-aramkor\/\" \/>\n<meta property=\"og:locale\" content=\"hu_HU\" \/>\n<meta property=\"og:type\" content=\"article\" \/>\n<meta property=\"og:title\" content=\"Padl\u00f3f\u0171t\u00e9s eloszt\u00f3 szivatty\u00faval \u00e9s szelepekkel \u2013 ibo amg A n\u00e9vleges szivatty\u00fa \u2013 7 \u00e1ramk\u00f6r\" \/>\n<meta property=\"og:description\" content=\"Order Padl\u00f3f\u0171t\u00e9s eloszt\u00f3 szivatty\u00faval \u00e9s szelepekkel \u2013 ibo amg A n\u00e9vleges szivatty\u00fa \u2013 7 \u00e1ramk\u00f6r at a best price.\" \/>\n<meta property=\"og:url\" content=\"https:\/\/fluterm.eu\/hu\/prod\/padlofutes-eloszto-szivattyuval-es-szelepekkel-ibo-amg-a-nevleges-szivattyu-7-aramkor\/\" \/>\n<meta property=\"og:site_name\" content=\"fluterm.eu\" \/>\n<meta property=\"og:image\" content=\"https:\/\/fluterm.eu\/wp-content\/uploads\/2023\/06\/PROD-89.jpeg\" \/>\n\t<meta property=\"og:image:width\" content=\"2000\" \/>\n\t<meta property=\"og:image:height\" content=\"2000\" \/>\n\t<meta property=\"og:image:type\" content=\"image\/jpeg\" \/>\n<meta name=\"twitter:card\" content=\"summary_large_image\" \/>\n<meta name=\"twitter:label1\" content=\"Becs\u00fclt olvas\u00e1si id\u0151\" \/>\n\t<meta name=\"twitter:data1\" content=\"3 perc\" \/>\n<script type=\"application\/ld+json\" class=\"yoast-schema-graph\">{\"@context\":\"https:\/\/schema.org\",\"@graph\":[{\"@type\":\"WebPage\",\"@id\":\"https:\/\/fluterm.eu\/hu\/prod\/padlofutes-eloszto-szivattyuval-es-szelepekkel-ibo-amg-a-nevleges-szivattyu-7-aramkor\/\",\"url\":\"https:\/\/fluterm.eu\/hu\/prod\/padlofutes-eloszto-szivattyuval-es-szelepekkel-ibo-amg-a-nevleges-szivattyu-7-aramkor\/\",\"name\":\"Padl\u00f3f\u0171t\u00e9s eloszt\u00f3 szivatty\u00faval \u00e9s szelepekkel \u2013 ibo amg A n\u00e9vleges szivatty\u00fa \u2013 7 \u00e1ramk\u00f6r\",\"isPartOf\":{\"@id\":\"https:\/\/fluterm.eu\/#website\"},\"datePublished\":\"2023-06-10T11:51:05+00:00\",\"dateModified\":\"2023-06-10T11:51:05+00:00\",\"description\":\"Order Padl\u00f3f\u0171t\u00e9s eloszt\u00f3 szivatty\u00faval \u00e9s szelepekkel \u2013 ibo amg A n\u00e9vleges szivatty\u00fa \u2013 7 \u00e1ramk\u00f6r at a best price.\",\"breadcrumb\":{\"@id\":\"https:\/\/fluterm.eu\/hu\/prod\/padlofutes-eloszto-szivattyuval-es-szelepekkel-ibo-amg-a-nevleges-szivattyu-7-aramkor\/#breadcrumb\"},\"inLanguage\":\"hu\",\"potentialAction\":[{\"@type\":\"ReadAction\",\"target\":[\"https:\/\/fluterm.eu\/hu\/prod\/padlofutes-eloszto-szivattyuval-es-szelepekkel-ibo-amg-a-nevleges-szivattyu-7-aramkor\/\"]}]},{\"@type\":\"BreadcrumbList\",\"@id\":\"https:\/\/fluterm.eu\/hu\/prod\/padlofutes-eloszto-szivattyuval-es-szelepekkel-ibo-amg-a-nevleges-szivattyu-7-aramkor\/#breadcrumb\",\"itemListElement\":[{\"@type\":\"ListItem\",\"position\":1,\"name\":\"Home\",\"item\":\"https:\/\/fluterm.eu\/hu\/bolt\/\"},{\"@type\":\"ListItem\",\"position\":2,\"name\":\"Bolt\",\"item\":\"https:\/\/fluterm.eu\/hu\/bolt\/\"},{\"@type\":\"ListItem\",\"position\":3,\"name\":\"Padl\u00f3f\u0171t\u00e9s eloszt\u00f3 szivatty\u00faval \u00e9s szelepekkel \u2013 ibo amg A n\u00e9vleges szivatty\u00fa \u2013 7 \u00e1ramk\u00f6r\"}]},{\"@type\":\"WebSite\",\"@id\":\"https:\/\/fluterm.eu\/#website\",\"url\":\"https:\/\/fluterm.eu\/\",\"name\":\"fluterm.eu\",\"description\":\"\",\"potentialAction\":[{\"@type\":\"SearchAction\",\"target\":{\"@type\":\"EntryPoint\",\"urlTemplate\":\"https:\/\/fluterm.eu\/?s={search_term_string}\"},\"query-input\":\"required name=search_term_string\"}],\"inLanguage\":\"hu\"}]}<\/script>\n<!-- \/ Yoast SEO plugin. -->","yoast_head_json":{"title":"Padl\u00f3f\u0171t\u00e9s eloszt\u00f3 szivatty\u00faval \u00e9s szelepekkel \u2013 ibo amg A n\u00e9vleges szivatty\u00fa \u2013 7 \u00e1ramk\u00f6r","description":"Order Padl\u00f3f\u0171t\u00e9s eloszt\u00f3 szivatty\u00faval \u00e9s szelepekkel \u2013 ibo amg A n\u00e9vleges szivatty\u00fa \u2013 7 \u00e1ramk\u00f6r at a best price.","robots":{"index":"index","follow":"follow","max-snippet":"max-snippet:-1","max-image-preview":"max-image-preview:large","max-video-preview":"max-video-preview:-1"},"canonical":"https:\/\/fluterm.eu\/hu\/prod\/padlofutes-eloszto-szivattyuval-es-szelepekkel-ibo-amg-a-nevleges-szivattyu-7-aramkor\/","og_locale":"hu_HU","og_type":"article","og_title":"Padl\u00f3f\u0171t\u00e9s eloszt\u00f3 szivatty\u00faval \u00e9s szelepekkel \u2013 ibo amg A n\u00e9vleges szivatty\u00fa \u2013 7 \u00e1ramk\u00f6r","og_description":"Order Padl\u00f3f\u0171t\u00e9s eloszt\u00f3 szivatty\u00faval \u00e9s szelepekkel \u2013 ibo amg A n\u00e9vleges szivatty\u00fa \u2013 7 \u00e1ramk\u00f6r at a best price.","og_url":"https:\/\/fluterm.eu\/hu\/prod\/padlofutes-eloszto-szivattyuval-es-szelepekkel-ibo-amg-a-nevleges-szivattyu-7-aramkor\/","og_site_name":"fluterm.eu","og_image":[{"width":2000,"height":2000,"url":"https:\/\/fluterm.eu\/wp-content\/uploads\/2023\/06\/PROD-89.jpeg","type":"image\/jpeg"}],"twitter_card":"summary_large_image","twitter_misc":{"Becs\u00fclt olvas\u00e1si id\u0151":"3 perc"},"schema":{"@context":"https:\/\/schema.org","@graph":[{"@type":"WebPage","@id":"https:\/\/fluterm.eu\/hu\/prod\/padlofutes-eloszto-szivattyuval-es-szelepekkel-ibo-amg-a-nevleges-szivattyu-7-aramkor\/","url":"https:\/\/fluterm.eu\/hu\/prod\/padlofutes-eloszto-szivattyuval-es-szelepekkel-ibo-amg-a-nevleges-szivattyu-7-aramkor\/","name":"Padl\u00f3f\u0171t\u00e9s eloszt\u00f3 szivatty\u00faval \u00e9s szelepekkel \u2013 ibo amg A n\u00e9vleges szivatty\u00fa \u2013 7 \u00e1ramk\u00f6r","isPartOf":{"@id":"https:\/\/fluterm.eu\/#website"},"datePublished":"2023-06-10T11:51:05+00:00","dateModified":"2023-06-10T11:51:05+00:00","description":"Order Padl\u00f3f\u0171t\u00e9s eloszt\u00f3 szivatty\u00faval \u00e9s szelepekkel \u2013 ibo amg A n\u00e9vleges szivatty\u00fa \u2013 7 \u00e1ramk\u00f6r at a best price.","breadcrumb":{"@id":"https:\/\/fluterm.eu\/hu\/prod\/padlofutes-eloszto-szivattyuval-es-szelepekkel-ibo-amg-a-nevleges-szivattyu-7-aramkor\/#breadcrumb"},"inLanguage":"hu","potentialAction":[{"@type":"ReadAction","target":["https:\/\/fluterm.eu\/hu\/prod\/padlofutes-eloszto-szivattyuval-es-szelepekkel-ibo-amg-a-nevleges-szivattyu-7-aramkor\/"]}]},{"@type":"BreadcrumbList","@id":"https:\/\/fluterm.eu\/hu\/prod\/padlofutes-eloszto-szivattyuval-es-szelepekkel-ibo-amg-a-nevleges-szivattyu-7-aramkor\/#breadcrumb","itemListElement":[{"@type":"ListItem","position":1,"name":"Home","item":"https:\/\/fluterm.eu\/hu\/bolt\/"},{"@type":"ListItem","position":2,"name":"Bolt","item":"https:\/\/fluterm.eu\/hu\/bolt\/"},{"@type":"ListItem","position":3,"name":"Padl\u00f3f\u0171t\u00e9s eloszt\u00f3 szivatty\u00faval \u00e9s szelepekkel \u2013 ibo amg A n\u00e9vleges szivatty\u00fa \u2013 7 \u00e1ramk\u00f6r"}]},{"@type":"WebSite","@id":"https:\/\/fluterm.eu\/#website","url":"https:\/\/fluterm.eu\/","name":"fluterm.eu","description":"","potentialAction":[{"@type":"SearchAction","target":{"@type":"EntryPoint","urlTemplate":"https:\/\/fluterm.eu\/?s={search_term_string}"},"query-input":"required name=search_term_string"}],"inLanguage":"hu"}]}},"_links":{"self":[{"href":"https:\/\/fluterm.eu\/hu\/wp-json\/wp\/v2\/product\/14719","targetHints":{"allow":["GET"]}}],"collection":[{"href":"https:\/\/fluterm.eu\/hu\/wp-json\/wp\/v2\/product"}],"about":[{"href":"https:\/\/fluterm.eu\/hu\/wp-json\/wp\/v2\/types\/product"}],"replies":[{"embeddable":true,"href":"https:\/\/fluterm.eu\/hu\/wp-json\/wp\/v2\/comments?post=14719"}],"version-history":[{"count":0,"href":"https:\/\/fluterm.eu\/hu\/wp-json\/wp\/v2\/product\/14719\/revisions"}],"wp:featuredmedia":[{"embeddable":true,"href":"https:\/\/fluterm.eu\/hu\/wp-json\/wp\/v2\/media\/3138"}],"wp:attachment":[{"href":"https:\/\/fluterm.eu\/hu\/wp-json\/wp\/v2\/media?parent=14719"}],"wp:term":[{"taxonomy":"product_cat","embeddable":true,"href":"https:\/\/fluterm.eu\/hu\/wp-json\/wp\/v2\/product_cat?post=14719"},{"taxonomy":"product_tag","embeddable":true,"href":"https:\/\/fluterm.eu\/hu\/wp-json\/wp\/v2\/product_tag?post=14719"}],"curies":[{"name":"wp","href":"https:\/\/api.w.org\/{rel}","templated":true}]}}