{"id":15051,"date":"2023-07-17T20:26:30","date_gmt":"2023-07-17T17:26:30","guid":{"rendered":"https:\/\/fluterm.eu\/prod\/uponor-smatrix-wave-pulse-l-l-tipusu-indulo-keszlet-1093287\/"},"modified":"2023-07-17T20:26:30","modified_gmt":"2023-07-17T17:26:30","slug":"uponor-smatrix-wave-pulse-l-starter-kit-type-l-1093287","status":"publish","type":"product","link":"https:\/\/fluterm.eu\/hu\/prod\/uponor-smatrix-wave-pulse-l-starter-kit-type-l-1093287\/","title":{"rendered":"UPONOR SMATRIX WAVE PULSE L &#8211; L t\u00edpus\u00fa indul\u00f3 k\u00e9szlet &#8211; 1093287"},"content":{"rendered":"<pre id=\"tw-target-text\" class=\"tw-data-text tw-text-large tw-ta\" dir=\"ltr\" data-placeholder=\"Translation\"><span class=\"Y2IQFc\" lang=\"en\">Uponor Smatrix is \u200b\u200ba fully integrated control system for radiant heating and cooling. Being intelligent and \nable to adapt, Uponor Smatrix is \u200b\u200bequipped with self-balancing technology, which constantly anticipates and \nadjusts the exact amount of energy needed to ensure optimal comfort at all times.<\/span><\/pre>\n<p><img loading=\"lazy\" decoding=\"async\" class=\" lazyloaded\" src=\"https:\/\/s.cdnmpro.com\/499367508\/content\/smatrix%20pulse.png\" alt=\"\" width=\"750\" height=\"473\" data-src=\"https:\/\/s.cdnmpro.com\/499367508\/content\/smatrix%20pulse.png\"><\/p>\n<p>Intelligens automatiz\u00e1l\u00e1si rendszer sug\u00e1rz\u00f3 rendszerekhez<\/p>\n<p>&#8211; Egy rendszerbe ak\u00e1r 4 vez\u00e9rl\u0151egys\u00e9g is csatlakoztathat\u00f3<br \/>\n&#8211; T\u00e1pfesz\u00fclts\u00e9g: 230V<br \/>\n&#8211; Az \u00f6negyens\u00falyoz\u00e1s jav\u00edtja az energiafogyaszt\u00e1st \u00e9s a k\u00e9nyelmet<br \/>\n&#8211; Elektromos vez\u00e9rl\u00e9s<br \/>\n&#8211; Egy vez\u00e9rl\u0151egys\u00e9ghez legfeljebb 6 termoszt\u00e1t \u00e9s 8 (24 V-os) m\u0171k\u00f6dtet\u0151 csatlakoztathat\u00f3.<br \/>\n&#8211; Szivatty\u00fa \u00e9s kaz\u00e1n rel\u00e9k<br \/>\n&#8211; Szivatty\u00fa \u00e9s a m\u0171k\u00f6dtet\u0151szerkezet t\u00f6m\u00edt\u00e9sg\u00e1tl\u00f3 funkci\u00f3ja<br \/>\n&#8211; Relat\u00edv p\u00e1ratartalom-szab\u00e1lyoz\u00e1s<br \/>\n&#8211; T\u00f6bbf\u00e9le csatlakoz\u00e1si lehet\u0151s\u00e9g (sorozat \/ csillag)<br \/>\n&#8211; Ell\u00e1t\u00e1s 4 huzalos, kett\u0151s \u00e1rny\u00e9kol\u00e1s\u00fa BUS k\u00e1bellel<br \/>\n&#8211; Kommunik\u00e1ci\u00f3s protokoll: RS485 soros BUS<br \/>\n&#8211; Maxim\u00e1lis bemeneti teljes\u00edtm\u00e9ny: 24VAC \/ 0,2A (0,4A cs\u00facsid\u0151ben)<\/p>\n<p>&#8211; Helyi hozz\u00e1f\u00e9r\u00e9s (Wi-Fi) vagy t\u00e1voli hozz\u00e1f\u00e9r\u00e9s (internetkapcsolat sz\u00fcks\u00e9ges) az Uponor Smatrix Pulse alkalmaz\u00e1ssal (az R-208-as k\u00e9sz\u00fcl\u00e9kkel).<br \/>\n&#8211; Ideiglenes wi-fi hozz\u00e1f\u00e9r\u00e9si pont a k\u00f6zvetlen hozz\u00e1f\u00e9r\u00e9shez (ha nem \u00e1ll rendelkez\u00e9sre wi-fi kapcsolat (R-208-assal))<br \/>\n&#8211; Integr\u00e1ci\u00f3 egy intelligens otthoni rendszerbe (Amazon Alexa, Google Home, IFTTT) (az R-208 seg\u00edts\u00e9g\u00e9vel)<br \/>\n&#8211; T\u00f6bb otthon ellen\u0151rz\u00e9se<br \/>\n&#8211; Harmadik f\u00e9l hozz\u00e1f\u00e9r\u00e9se t\u00e1voli t\u00e1mogat\u00e1shoz (az \u00fcgyf\u00e9l beleegyez\u00e9se sz\u00fcks\u00e9ges) (R-208-cal)<br \/>\n&#8211; T\u00f6rt\u00e9nelmi trendelemz\u00e9s az Uponor Smatrix Pulse alkalmaz\u00e1ssal (R-208-cal)<br \/>\n&#8211; \u00d3r\u00e1nk\u00e9nti programoz\u00e1s (R-208-cal)<br \/>\n&#8211; Komfortbe\u00e1ll\u00edt\u00e1sok (R-208-assal)<br \/>\n&#8211; Az \u00fcgyn\u00f6k h\u0151m\u00e9rs\u00e9klet\u00e9nek ellen\u0151rz\u00e9se (R-208-assal)<\/p>\n","protected":false},"excerpt":{"rendered":"<p>Uponor Smatrix is \u200b\u200ba fully integrated control system for radiant heating and cooling. Being intelligent and able to adapt, Uponor Smatrix is \u200b\u200bequipped with self-balancing technology, which constantly anticipates and adjusts the exact amount of energy needed to ensure optimal comfort at all times. Intelligens automatiz\u00e1l\u00e1si rendszer sug\u00e1rz\u00f3 rendszerekhez &#8211; Egy rendszerbe ak\u00e1r 4 vez\u00e9rl\u0151egys\u00e9g&hellip;<\/p>\n","protected":false},"featured_media":4251,"comment_status":"open","ping_status":"closed","template":"","meta":[],"product_cat":[978],"product_tag":[],"class_list":{"0":"post-15051","1":"product","2":"type-product","3":"status-publish","4":"has-post-thumbnail","6":"product_cat-padlofutes-automatizalasa","8":"first","9":"instock","10":"taxable","11":"shipping-taxable","12":"purchasable","13":"product-type-simple","14":"col-xs-6 col-sm-4","15":"col-md-4 col-lg-4","16":"un-3-cols"},"acf":[],"yoast_head":"<!-- This site is optimized with the Yoast SEO plugin v21.2 - https:\/\/yoast.com\/wordpress\/plugins\/seo\/ -->\n<title>UPONOR SMATRIX WAVE PULSE L - L t\u00edpus\u00fa indul\u00f3 k\u00e9szlet - 1093287<\/title>\n<meta name=\"description\" content=\"Order UPONOR SMATRIX WAVE PULSE L - L t\u00edpus\u00fa indul\u00f3 k\u00e9szlet - 1093287 at a best price.\" \/>\n<meta name=\"robots\" content=\"index, follow, max-snippet:-1, max-image-preview:large, max-video-preview:-1\" \/>\n<link rel=\"canonical\" href=\"https:\/\/fluterm.eu\/hu\/prod\/uponor-smatrix-wave-pulse-l-l-tipusu-indulo-keszlet-1093287\/\" \/>\n<meta property=\"og:locale\" content=\"hu_HU\" \/>\n<meta property=\"og:type\" content=\"article\" \/>\n<meta property=\"og:title\" content=\"UPONOR SMATRIX WAVE PULSE L - L t\u00edpus\u00fa indul\u00f3 k\u00e9szlet - 1093287\" \/>\n<meta property=\"og:description\" content=\"Order UPONOR SMATRIX WAVE PULSE L - L t\u00edpus\u00fa indul\u00f3 k\u00e9szlet - 1093287 at a best price.\" \/>\n<meta property=\"og:url\" content=\"https:\/\/fluterm.eu\/hu\/prod\/uponor-smatrix-wave-pulse-l-l-tipusu-indulo-keszlet-1093287\/\" \/>\n<meta property=\"og:site_name\" content=\"fluterm.eu\" \/>\n<meta property=\"og:image\" content=\"https:\/\/fluterm.eu\/wp-content\/uploads\/2023\/07\/16FABFBB-5D15-4216-9483-0400BFD6BCF9.jpeg\" \/>\n\t<meta property=\"og:image:width\" content=\"600\" \/>\n\t<meta property=\"og:image:height\" content=\"600\" \/>\n\t<meta property=\"og:image:type\" content=\"image\/jpeg\" \/>\n<meta name=\"twitter:card\" content=\"summary_large_image\" \/>\n<meta name=\"twitter:label1\" content=\"Becs\u00fclt olvas\u00e1si id\u0151\" \/>\n\t<meta name=\"twitter:data1\" content=\"2 perc\" \/>\n<script type=\"application\/ld+json\" class=\"yoast-schema-graph\">{\"@context\":\"https:\/\/schema.org\",\"@graph\":[{\"@type\":\"WebPage\",\"@id\":\"https:\/\/fluterm.eu\/hu\/prod\/uponor-smatrix-wave-pulse-l-l-tipusu-indulo-keszlet-1093287\/\",\"url\":\"https:\/\/fluterm.eu\/hu\/prod\/uponor-smatrix-wave-pulse-l-l-tipusu-indulo-keszlet-1093287\/\",\"name\":\"UPONOR SMATRIX WAVE PULSE L - L t\u00edpus\u00fa indul\u00f3 k\u00e9szlet - 1093287\",\"isPartOf\":{\"@id\":\"https:\/\/fluterm.eu\/#website\"},\"datePublished\":\"2023-07-17T17:26:30+00:00\",\"dateModified\":\"2023-07-17T17:26:30+00:00\",\"description\":\"Order UPONOR SMATRIX WAVE PULSE L - L t\u00edpus\u00fa indul\u00f3 k\u00e9szlet - 1093287 at a best price.\",\"breadcrumb\":{\"@id\":\"https:\/\/fluterm.eu\/hu\/prod\/uponor-smatrix-wave-pulse-l-l-tipusu-indulo-keszlet-1093287\/#breadcrumb\"},\"inLanguage\":\"hu\",\"potentialAction\":[{\"@type\":\"ReadAction\",\"target\":[\"https:\/\/fluterm.eu\/hu\/prod\/uponor-smatrix-wave-pulse-l-l-tipusu-indulo-keszlet-1093287\/\"]}]},{\"@type\":\"BreadcrumbList\",\"@id\":\"https:\/\/fluterm.eu\/hu\/prod\/uponor-smatrix-wave-pulse-l-l-tipusu-indulo-keszlet-1093287\/#breadcrumb\",\"itemListElement\":[{\"@type\":\"ListItem\",\"position\":1,\"name\":\"Home\",\"item\":\"https:\/\/fluterm.eu\/hu\/bolt\/\"},{\"@type\":\"ListItem\",\"position\":2,\"name\":\"Bolt\",\"item\":\"https:\/\/fluterm.eu\/hu\/bolt\/\"},{\"@type\":\"ListItem\",\"position\":3,\"name\":\"UPONOR SMATRIX WAVE PULSE L &#8211; L t\u00edpus\u00fa indul\u00f3 k\u00e9szlet &#8211; 1093287\"}]},{\"@type\":\"WebSite\",\"@id\":\"https:\/\/fluterm.eu\/#website\",\"url\":\"https:\/\/fluterm.eu\/\",\"name\":\"fluterm.eu\",\"description\":\"\",\"potentialAction\":[{\"@type\":\"SearchAction\",\"target\":{\"@type\":\"EntryPoint\",\"urlTemplate\":\"https:\/\/fluterm.eu\/?s={search_term_string}\"},\"query-input\":\"required name=search_term_string\"}],\"inLanguage\":\"hu\"}]}<\/script>\n<!-- \/ Yoast SEO plugin. -->","yoast_head_json":{"title":"UPONOR SMATRIX WAVE PULSE L - L t\u00edpus\u00fa indul\u00f3 k\u00e9szlet - 1093287","description":"Order UPONOR SMATRIX WAVE PULSE L - L t\u00edpus\u00fa indul\u00f3 k\u00e9szlet - 1093287 at a best price.","robots":{"index":"index","follow":"follow","max-snippet":"max-snippet:-1","max-image-preview":"max-image-preview:large","max-video-preview":"max-video-preview:-1"},"canonical":"https:\/\/fluterm.eu\/hu\/prod\/uponor-smatrix-wave-pulse-l-l-tipusu-indulo-keszlet-1093287\/","og_locale":"hu_HU","og_type":"article","og_title":"UPONOR SMATRIX WAVE PULSE L - L t\u00edpus\u00fa indul\u00f3 k\u00e9szlet - 1093287","og_description":"Order UPONOR SMATRIX WAVE PULSE L - L t\u00edpus\u00fa indul\u00f3 k\u00e9szlet - 1093287 at a best price.","og_url":"https:\/\/fluterm.eu\/hu\/prod\/uponor-smatrix-wave-pulse-l-l-tipusu-indulo-keszlet-1093287\/","og_site_name":"fluterm.eu","og_image":[{"width":600,"height":600,"url":"https:\/\/fluterm.eu\/wp-content\/uploads\/2023\/07\/16FABFBB-5D15-4216-9483-0400BFD6BCF9.jpeg","type":"image\/jpeg"}],"twitter_card":"summary_large_image","twitter_misc":{"Becs\u00fclt olvas\u00e1si id\u0151":"2 perc"},"schema":{"@context":"https:\/\/schema.org","@graph":[{"@type":"WebPage","@id":"https:\/\/fluterm.eu\/hu\/prod\/uponor-smatrix-wave-pulse-l-l-tipusu-indulo-keszlet-1093287\/","url":"https:\/\/fluterm.eu\/hu\/prod\/uponor-smatrix-wave-pulse-l-l-tipusu-indulo-keszlet-1093287\/","name":"UPONOR SMATRIX WAVE PULSE L - L t\u00edpus\u00fa indul\u00f3 k\u00e9szlet - 1093287","isPartOf":{"@id":"https:\/\/fluterm.eu\/#website"},"datePublished":"2023-07-17T17:26:30+00:00","dateModified":"2023-07-17T17:26:30+00:00","description":"Order UPONOR SMATRIX WAVE PULSE L - L t\u00edpus\u00fa indul\u00f3 k\u00e9szlet - 1093287 at a best price.","breadcrumb":{"@id":"https:\/\/fluterm.eu\/hu\/prod\/uponor-smatrix-wave-pulse-l-l-tipusu-indulo-keszlet-1093287\/#breadcrumb"},"inLanguage":"hu","potentialAction":[{"@type":"ReadAction","target":["https:\/\/fluterm.eu\/hu\/prod\/uponor-smatrix-wave-pulse-l-l-tipusu-indulo-keszlet-1093287\/"]}]},{"@type":"BreadcrumbList","@id":"https:\/\/fluterm.eu\/hu\/prod\/uponor-smatrix-wave-pulse-l-l-tipusu-indulo-keszlet-1093287\/#breadcrumb","itemListElement":[{"@type":"ListItem","position":1,"name":"Home","item":"https:\/\/fluterm.eu\/hu\/bolt\/"},{"@type":"ListItem","position":2,"name":"Bolt","item":"https:\/\/fluterm.eu\/hu\/bolt\/"},{"@type":"ListItem","position":3,"name":"UPONOR SMATRIX WAVE PULSE L &#8211; L t\u00edpus\u00fa indul\u00f3 k\u00e9szlet &#8211; 1093287"}]},{"@type":"WebSite","@id":"https:\/\/fluterm.eu\/#website","url":"https:\/\/fluterm.eu\/","name":"fluterm.eu","description":"","potentialAction":[{"@type":"SearchAction","target":{"@type":"EntryPoint","urlTemplate":"https:\/\/fluterm.eu\/?s={search_term_string}"},"query-input":"required name=search_term_string"}],"inLanguage":"hu"}]}},"_links":{"self":[{"href":"https:\/\/fluterm.eu\/hu\/wp-json\/wp\/v2\/product\/15051","targetHints":{"allow":["GET"]}}],"collection":[{"href":"https:\/\/fluterm.eu\/hu\/wp-json\/wp\/v2\/product"}],"about":[{"href":"https:\/\/fluterm.eu\/hu\/wp-json\/wp\/v2\/types\/product"}],"replies":[{"embeddable":true,"href":"https:\/\/fluterm.eu\/hu\/wp-json\/wp\/v2\/comments?post=15051"}],"version-history":[{"count":0,"href":"https:\/\/fluterm.eu\/hu\/wp-json\/wp\/v2\/product\/15051\/revisions"}],"wp:featuredmedia":[{"embeddable":true,"href":"https:\/\/fluterm.eu\/hu\/wp-json\/wp\/v2\/media\/4251"}],"wp:attachment":[{"href":"https:\/\/fluterm.eu\/hu\/wp-json\/wp\/v2\/media?parent=15051"}],"wp:term":[{"taxonomy":"product_cat","embeddable":true,"href":"https:\/\/fluterm.eu\/hu\/wp-json\/wp\/v2\/product_cat?post=15051"},{"taxonomy":"product_tag","embeddable":true,"href":"https:\/\/fluterm.eu\/hu\/wp-json\/wp\/v2\/product_tag?post=15051"}],"curies":[{"name":"wp","href":"https:\/\/api.w.org\/{rel}","templated":true}]}}