{"id":15112,"date":"2023-07-17T20:54:27","date_gmt":"2023-07-17T17:54:27","guid":{"rendered":"https:\/\/fluterm.eu\/prod\/uponor-csomag-90m2-teljes-padlofutes\/"},"modified":"2023-07-17T20:54:27","modified_gmt":"2023-07-17T17:54:27","slug":"uponor-package-90m2-komplett-padlofutes","status":"publish","type":"product","link":"https:\/\/fluterm.eu\/hu\/prod\/uponor-package-90m2-komplett-padlofutes\/","title":{"rendered":"UPONOR csomag 90m2 teljes padl\u00f3f\u0171t\u00e9s"},"content":{"rendered":"<p>Ez a padl\u00f3f\u0171t\u00e9si csomag ide\u00e1lis megold\u00e1s b\u00e1rmely 90 m2 alapter\u00fclet\u0171 h\u00e1z f\u0171t\u00e9s\u00e9re. A csomag teljes, minden sz\u00fcks\u00e9ges elemet tartalmaz, hogy b\u00e1rmely telep\u00edt\u0151 k\u00f6nnyen telep\u00edthesse.<\/p>\n<p>A csomag a k\u00f6vetkez\u0151 term\u00e9kekb\u0151l \u00e1ll:<\/p>\n<p>640m \u00d7 oxig\u00e9ng\u00e1tl\u00f3 cs\u0151 per-xA DN 16\u00d72 uponor<\/p>\n<p>100m2 \u00d7 f\u00f3lia<\/p>\n<p>1 \u00d7 1&#8243; x 3\/4&#8243; EK 9-utas UPONOR visszat\u00e9r\u0151\/visszat\u00e9r\u0151 eloszt\u00f3k\u00e9szlet \u00e1raml\u00e1sm\u00e9r\u0151kkel<\/p>\n<p>1 \u00d7 eloszt\u00f3tart\u00f3-k\u00e9szlet 1<\/p>\n<p>3 x k\u00f6rnyezeti termoszt\u00e1t uponor smatrix<\/p>\n<p>1 x vez\u00e9rl\u00e9s uponor<\/p>\n<p>9 x szervomotor uponor<\/p>\n<p>18 \u00d7 Csatlakoz\u00f3 pex 16\u00d73\/4 EK<\/p>\n<p>2 \u00d7 eloszt\u00f3v\u00e9gelem \u00fcr\u00edt\u0151szeleppel \u00e9s automatikus l\u00e9gtelen\u00edt\u0151vel<\/p>\n<p>1 \u00d7 \u00e1ll\u00edthat\u00f3 eloszt\u00f3 doboz<\/p>\n<p>2\u00d7 PERIMETER STRIP 25m<\/p>\n<p>16\u00d7 Vezet\u00e9si g\u00f6rb\u00e9k 16-18<\/p>\n<p>2000 darab Taker bilincs<\/p>\n","protected":false},"excerpt":{"rendered":"<p>Ez a padl\u00f3f\u0171t\u00e9si csomag ide\u00e1lis megold\u00e1s b\u00e1rmely 90 m2 alapter\u00fclet\u0171 h\u00e1z f\u0171t\u00e9s\u00e9re. A csomag teljes, minden sz\u00fcks\u00e9ges elemet tartalmaz, hogy b\u00e1rmely telep\u00edt\u0151 k\u00f6nnyen telep\u00edthesse. A csomag a k\u00f6vetkez\u0151 term\u00e9kekb\u0151l \u00e1ll: 640m \u00d7 oxig\u00e9ng\u00e1tl\u00f3 cs\u0151 per-xA DN 16\u00d72 uponor 100m2 \u00d7 f\u00f3lia 1 \u00d7 1&#8243; x 3\/4&#8243; EK 9-utas UPONOR visszat\u00e9r\u0151\/visszat\u00e9r\u0151 eloszt\u00f3k\u00e9szlet \u00e1raml\u00e1sm\u00e9r\u0151kkel 1 \u00d7 eloszt\u00f3tart\u00f3-k\u00e9szlet&hellip;<\/p>\n","protected":false},"featured_media":4125,"comment_status":"open","ping_status":"closed","template":"","meta":[],"product_cat":[874],"product_tag":[],"class_list":{"0":"post-15112","1":"product","2":"type-product","3":"status-publish","4":"has-post-thumbnail","6":"product_cat-komplett-padlofutes-csomagok","8":"first","9":"instock","10":"taxable","11":"shipping-taxable","12":"purchasable","13":"product-type-simple","14":"col-xs-6 col-sm-4","15":"col-md-4 col-lg-4","16":"un-3-cols"},"acf":[],"yoast_head":"<!-- This site is optimized with the Yoast SEO plugin v21.2 - https:\/\/yoast.com\/wordpress\/plugins\/seo\/ -->\n<title>UPONOR csomag 90m2 teljes padl\u00f3f\u0171t\u00e9s<\/title>\n<meta name=\"description\" content=\"Order UPONOR csomag 90m2 teljes padl\u00f3f\u0171t\u00e9s at a best price.\" \/>\n<meta name=\"robots\" content=\"index, follow, max-snippet:-1, max-image-preview:large, max-video-preview:-1\" \/>\n<link rel=\"canonical\" href=\"https:\/\/fluterm.eu\/hu\/prod\/uponor-csomag-90m2-teljes-padlofutes\/\" \/>\n<meta property=\"og:locale\" content=\"hu_HU\" \/>\n<meta property=\"og:type\" content=\"article\" \/>\n<meta property=\"og:title\" content=\"UPONOR csomag 90m2 teljes padl\u00f3f\u0171t\u00e9s\" \/>\n<meta property=\"og:description\" content=\"Order UPONOR csomag 90m2 teljes padl\u00f3f\u0171t\u00e9s at a best price.\" \/>\n<meta property=\"og:url\" content=\"https:\/\/fluterm.eu\/hu\/prod\/uponor-csomag-90m2-teljes-padlofutes\/\" \/>\n<meta property=\"og:site_name\" content=\"fluterm.eu\" \/>\n<meta property=\"og:image\" content=\"https:\/\/fluterm.eu\/wp-content\/uploads\/2023\/07\/5901D08D-73C0-47DD-904D-0D339658FBA6.jpeg\" \/>\n\t<meta property=\"og:image:width\" content=\"2048\" \/>\n\t<meta property=\"og:image:height\" content=\"2048\" \/>\n\t<meta property=\"og:image:type\" content=\"image\/jpeg\" \/>\n<meta name=\"twitter:card\" content=\"summary_large_image\" \/>\n<meta name=\"twitter:label1\" content=\"Becs\u00fclt olvas\u00e1si id\u0151\" \/>\n\t<meta name=\"twitter:data1\" content=\"1 perc\" \/>\n<script type=\"application\/ld+json\" class=\"yoast-schema-graph\">{\"@context\":\"https:\/\/schema.org\",\"@graph\":[{\"@type\":\"WebPage\",\"@id\":\"https:\/\/fluterm.eu\/hu\/prod\/uponor-csomag-90m2-teljes-padlofutes\/\",\"url\":\"https:\/\/fluterm.eu\/hu\/prod\/uponor-csomag-90m2-teljes-padlofutes\/\",\"name\":\"UPONOR csomag 90m2 teljes padl\u00f3f\u0171t\u00e9s\",\"isPartOf\":{\"@id\":\"https:\/\/fluterm.eu\/#website\"},\"datePublished\":\"2023-07-17T17:54:27+00:00\",\"dateModified\":\"2023-07-17T17:54:27+00:00\",\"description\":\"Order UPONOR csomag 90m2 teljes padl\u00f3f\u0171t\u00e9s at a best price.\",\"breadcrumb\":{\"@id\":\"https:\/\/fluterm.eu\/hu\/prod\/uponor-csomag-90m2-teljes-padlofutes\/#breadcrumb\"},\"inLanguage\":\"hu\",\"potentialAction\":[{\"@type\":\"ReadAction\",\"target\":[\"https:\/\/fluterm.eu\/hu\/prod\/uponor-csomag-90m2-teljes-padlofutes\/\"]}]},{\"@type\":\"BreadcrumbList\",\"@id\":\"https:\/\/fluterm.eu\/hu\/prod\/uponor-csomag-90m2-teljes-padlofutes\/#breadcrumb\",\"itemListElement\":[{\"@type\":\"ListItem\",\"position\":1,\"name\":\"Home\",\"item\":\"https:\/\/fluterm.eu\/hu\/bolt\/\"},{\"@type\":\"ListItem\",\"position\":2,\"name\":\"Bolt\",\"item\":\"https:\/\/fluterm.eu\/hu\/bolt\/\"},{\"@type\":\"ListItem\",\"position\":3,\"name\":\"UPONOR csomag 90m2 teljes padl\u00f3f\u0171t\u00e9s\"}]},{\"@type\":\"WebSite\",\"@id\":\"https:\/\/fluterm.eu\/#website\",\"url\":\"https:\/\/fluterm.eu\/\",\"name\":\"fluterm.eu\",\"description\":\"\",\"potentialAction\":[{\"@type\":\"SearchAction\",\"target\":{\"@type\":\"EntryPoint\",\"urlTemplate\":\"https:\/\/fluterm.eu\/?s={search_term_string}\"},\"query-input\":\"required name=search_term_string\"}],\"inLanguage\":\"hu\"}]}<\/script>\n<!-- \/ Yoast SEO plugin. -->","yoast_head_json":{"title":"UPONOR csomag 90m2 teljes padl\u00f3f\u0171t\u00e9s","description":"Order UPONOR csomag 90m2 teljes padl\u00f3f\u0171t\u00e9s at a best price.","robots":{"index":"index","follow":"follow","max-snippet":"max-snippet:-1","max-image-preview":"max-image-preview:large","max-video-preview":"max-video-preview:-1"},"canonical":"https:\/\/fluterm.eu\/hu\/prod\/uponor-csomag-90m2-teljes-padlofutes\/","og_locale":"hu_HU","og_type":"article","og_title":"UPONOR csomag 90m2 teljes padl\u00f3f\u0171t\u00e9s","og_description":"Order UPONOR csomag 90m2 teljes padl\u00f3f\u0171t\u00e9s at a best price.","og_url":"https:\/\/fluterm.eu\/hu\/prod\/uponor-csomag-90m2-teljes-padlofutes\/","og_site_name":"fluterm.eu","og_image":[{"width":2048,"height":2048,"url":"https:\/\/fluterm.eu\/wp-content\/uploads\/2023\/07\/5901D08D-73C0-47DD-904D-0D339658FBA6.jpeg","type":"image\/jpeg"}],"twitter_card":"summary_large_image","twitter_misc":{"Becs\u00fclt olvas\u00e1si id\u0151":"1 perc"},"schema":{"@context":"https:\/\/schema.org","@graph":[{"@type":"WebPage","@id":"https:\/\/fluterm.eu\/hu\/prod\/uponor-csomag-90m2-teljes-padlofutes\/","url":"https:\/\/fluterm.eu\/hu\/prod\/uponor-csomag-90m2-teljes-padlofutes\/","name":"UPONOR csomag 90m2 teljes padl\u00f3f\u0171t\u00e9s","isPartOf":{"@id":"https:\/\/fluterm.eu\/#website"},"datePublished":"2023-07-17T17:54:27+00:00","dateModified":"2023-07-17T17:54:27+00:00","description":"Order UPONOR csomag 90m2 teljes padl\u00f3f\u0171t\u00e9s at a best price.","breadcrumb":{"@id":"https:\/\/fluterm.eu\/hu\/prod\/uponor-csomag-90m2-teljes-padlofutes\/#breadcrumb"},"inLanguage":"hu","potentialAction":[{"@type":"ReadAction","target":["https:\/\/fluterm.eu\/hu\/prod\/uponor-csomag-90m2-teljes-padlofutes\/"]}]},{"@type":"BreadcrumbList","@id":"https:\/\/fluterm.eu\/hu\/prod\/uponor-csomag-90m2-teljes-padlofutes\/#breadcrumb","itemListElement":[{"@type":"ListItem","position":1,"name":"Home","item":"https:\/\/fluterm.eu\/hu\/bolt\/"},{"@type":"ListItem","position":2,"name":"Bolt","item":"https:\/\/fluterm.eu\/hu\/bolt\/"},{"@type":"ListItem","position":3,"name":"UPONOR csomag 90m2 teljes padl\u00f3f\u0171t\u00e9s"}]},{"@type":"WebSite","@id":"https:\/\/fluterm.eu\/#website","url":"https:\/\/fluterm.eu\/","name":"fluterm.eu","description":"","potentialAction":[{"@type":"SearchAction","target":{"@type":"EntryPoint","urlTemplate":"https:\/\/fluterm.eu\/?s={search_term_string}"},"query-input":"required name=search_term_string"}],"inLanguage":"hu"}]}},"_links":{"self":[{"href":"https:\/\/fluterm.eu\/hu\/wp-json\/wp\/v2\/product\/15112","targetHints":{"allow":["GET"]}}],"collection":[{"href":"https:\/\/fluterm.eu\/hu\/wp-json\/wp\/v2\/product"}],"about":[{"href":"https:\/\/fluterm.eu\/hu\/wp-json\/wp\/v2\/types\/product"}],"replies":[{"embeddable":true,"href":"https:\/\/fluterm.eu\/hu\/wp-json\/wp\/v2\/comments?post=15112"}],"version-history":[{"count":0,"href":"https:\/\/fluterm.eu\/hu\/wp-json\/wp\/v2\/product\/15112\/revisions"}],"wp:featuredmedia":[{"embeddable":true,"href":"https:\/\/fluterm.eu\/hu\/wp-json\/wp\/v2\/media\/4125"}],"wp:attachment":[{"href":"https:\/\/fluterm.eu\/hu\/wp-json\/wp\/v2\/media?parent=15112"}],"wp:term":[{"taxonomy":"product_cat","embeddable":true,"href":"https:\/\/fluterm.eu\/hu\/wp-json\/wp\/v2\/product_cat?post=15112"},{"taxonomy":"product_tag","embeddable":true,"href":"https:\/\/fluterm.eu\/hu\/wp-json\/wp\/v2\/product_tag?post=15112"}],"curies":[{"name":"wp","href":"https:\/\/api.w.org\/{rel}","templated":true}]}}